{"id":9142,"date":"2024-04-02T15:21:54","date_gmt":"2024-04-02T15:21:54","guid":{"rendered":"https:\/\/www.betonmoulds.com\/concrete-blocks-applications\/"},"modified":"2025-02-26T10:22:54","modified_gmt":"2025-02-26T10:22:54","slug":"aplicaciones-de-los-bloques-de-hormigon","status":"publish","type":"page","link":"https:\/\/www.betonmoulds.com\/es\/aplicaciones-de-los-bloques-de-hormigon\/","title":{"rendered":"Aplicaciones de los bloques de hormig\u00f3n"},"content":{"rendered":"<div class=\"wpb-content-wrapper\"><p>[vc_row full_width=\u00bbstretch_row\u00bb css=\u00bb.vc_custom_1709241206784{margin-top: 30px !important;}\u00bb conditional_render=\u00bb%5B%7B%22value_role%22%3A%22administrator%22%7D%5D\u00bb][vc_column][vc_column_text css=\u00bb\u00bb]<\/p>\n<p style=\"text-align: center;\"><span style=\"color: #000000;\"><strong><span style=\"font-size: 25px;\">APLICACIONES DE LOS BLOQUES DE HORMIG\u00d3N ENSAMBLABLES<\/span><\/strong><\/span><\/p>\n<p>[\/vc_column_text][\/vc_column][\/vc_row][vc_row full_width=\u00bbstretch_row\u00bb css=\u00bb.vc_custom_1712070005972{padding-top: 30px !important;background-color: #f2f2f2 !important;}\u00bb conditional_render=\u00bb%5B%7B%22value_role%22%3A%22administrator%22%7D%5D\u00bb][vc_column][vc_column_text css=\u00bb\u00bb css_params=\u00bb\u00bb]<\/p>\n<p style=\"text-align: center;\"><span style=\"font-size: 20px;\"><span style=\"color: #000000;\"><strong>\u00bfQu\u00e9 es un sistema de construcci\u00f3n de bloques de hormig\u00f3n apilables?<\/strong><\/span><\/span><\/p>\n<p>[\/vc_column_text][vc_column_text css=\u00bb.vc_custom_1740565353162{margin-top: -15px !important;}\u00bb css_params=\u00bb\u00bb]<\/p>\n<p style=\"text-align: center;\">En BETONMOULDS estamos especializados en la fabricaci\u00f3n de moldes para un innovador sistema de construcci\u00f3n de hormig\u00f3n con un dise\u00f1o de ensamblado seguro. Al igual que el sistema de construcci\u00f3n de piezas para ni\u00f1os, los bloques de hormig\u00f3n producidos con nuestros moldes tienen salientes (macho) y entrantes (hembra), lo que garantiza un ensamblado estable de los bloques para una amplia gama de aplicaciones.<\/p>\n<p style=\"text-align: center;\">Los moldes est\u00e1n hechos de acero al carbono de primera calidad y cuentan con un acabado de pintura en polvo para una alta durabilidad. Las piezas de esquina m\u00e1s utilizadas, donde se encuentra el mecanismo de bloqueo del molde, est\u00e1n galvanizadas en caliente para una \u00f3ptima resistencia a la corrosi\u00f3n y una <a href=\"https:\/\/www.betonmoulds.com\/es\/categoria-producto\/bloques-de-hormigon\/piezas-de-repuesto-bloques\/\"><strong>f\u00e1cil sustituci\u00f3n<\/strong><\/a>. Con nuestros <a href=\"https:\/\/www.betonmoulds.com\/es\/categoria-producto\/bloques-de-hormigon\/moldes-basicos-bloques\/\"><strong>moldes profesionales<\/strong><\/a> e <a href=\"https:\/\/www.betonmoulds.com\/es\/categoria-producto\/bloques-de-hormigon\/inserciones-divisores-bloques\/\"><strong>insertos opcionales<\/strong><\/a>, los usuarios pueden producir sin esfuerzo bloques de construcci\u00f3n modulares con formas perfectas, utilizando hormig\u00f3n premezclado residual para crear un sistema de construcci\u00f3n vers\u00e1til.<\/p>\n<p style=\"text-align: center;\">La naturaleza modular y dimensionalmente estable de nuestros moldes permite la producci\u00f3n de bloques con diferentes formas y tama\u00f1os, proporcionando infinitas posibilidades para proyectos de construcci\u00f3n. Ya sea que se use individualmente o se unan para formar estructuras completas, este sistema de construcci\u00f3n modular estandarizado permite un f\u00e1cil montaje, modificaci\u00f3n y desmontaje, lo que en \u00faltima instancia promueve pr\u00e1cticas de construcci\u00f3n eficientes y sostenibles.<\/p>\n<p>[\/vc_column_text][\/vc_column][\/vc_row][vc_row full_width=\u00bbstretch_row\u00bb content_placement=\u00bbmiddle\u00bb css=\u00bb.vc_custom_1709241296348{padding-top: 40px !important;background-color: #1c1c1c !important;}\u00bb conditional_render=\u00bb%5B%7B%22value_role%22%3A%22administrator%22%7D%5D\u00bb][vc_column width=\u00bb1\/2&#8243;][vc_single_image image=\u00bb4150&#8243; img_size=\u00bb800&#215;400&#8243;][\/vc_column][vc_column width=\u00bb1\/2&#8243;][vc_single_image image=\u00bb6976&#8243; img_size=\u00bb800&#215;400&#8243;][\/vc_column][\/vc_row][vc_row full_width=\u00bbstretch_row\u00bb content_placement=\u00bbmiddle\u00bb css=\u00bb.vc_custom_1709241199480{padding-top: 10px !important;background-color: #f2f2f2 !important;}\u00bb conditional_render=\u00bb%5B%7B%22value_role%22%3A%22administrator%22%7D%5D\u00bb][vc_column][vc_column_text css=\u00bb\u00bb]<\/p>\n<p style=\"text-align: center;\"><span style=\"font-size: 20px;\"><span style=\"color: #000000;\"><strong>\u00bfPara qu\u00e9 se utilizan los bloques de hormig\u00f3n ensamblables?<\/strong><\/span><\/span><\/p>\n<p>[\/vc_column_text][vc_column_text css=\u00bb.vc_custom_1717403406505{margin-top: -15px !important;}\u00bb]<\/p>\n<p style=\"text-align: center;\">Fabricados con precisi\u00f3n por robots de corte y soldadura por l\u00e1ser, nuestros moldes garantizan la producci\u00f3n sin fisuras de bloques ensamblables de hormig\u00f3n. Cumplen con los est\u00e1ndares internacionales de dimensi\u00f3n y, por lo tanto, son compatibles con los bloques existentes en el mercado. Desde muros de contenci\u00f3n hasta zonas de almacenamiento de materiales, los bloques fabricados con nuestros moldes se adaptan a innumerables aplicaciones, ofreciendo facilidad de construcci\u00f3n, adaptabilidad y durabilidad. Con nuestros insertos de molde, las posibilidades se ampl\u00edan a\u00fan m\u00e1s, lo que facilita la construcci\u00f3n, modificaci\u00f3n y creaci\u00f3n de estructuras que se adapten a sus necesidades.<\/p>\n<p>[\/vc_column_text][\/vc_column][\/vc_row][vc_row full_width=\u00bbstretch_row\u00bb conditional_render=\u00bb%5B%7B%22value_role%22%3A%22administrator%22%7D%5D\u00bb][vc_column][vc_column_text css=\u00bb\u00bb]<\/p>\n<p style=\"text-align: center;\"><span style=\"font-size: 20px;\"><span style=\"color: #000000;\"><strong>Muros de contenci\u00f3n<\/strong><\/span><\/span><\/p>\n<p>[\/vc_column_text][vc_column_text css=\u00bb.vc_custom_1717403754466{margin-top: -15px !important;}\u00bb]<\/p>\n<p style=\"text-align: center;\">Los moldes de bloques de hormig\u00f3n se utilizan com\u00fanmente en la construcci\u00f3n de muros de contenci\u00f3n, proporcionando un soporte resistente para diferentes terrenos. Estos muros ayudan a prevenir la erosi\u00f3n del suelo y a mantener la integridad de los paisajes. Los muros de contenci\u00f3n se pueden construir utilizando nuestros moldes de bloques ensamblables. Para los<a href=\"https:\/\/www.betonmoulds.com\/es\/categoria-producto\/muro-de-contencion\/\"><strong> muros de contenci\u00f3n en forma de L<\/strong><\/a>, tenemos disponible un inserto \u00fanico que encaja en nuestros moldes.<\/p>\n<p>[\/vc_column_text][vc_row_inner][vc_column_inner width=\u00bb1\/2&#8243;][vc_single_image image=\u00bb8600&#8243; img_size=\u00bb600&#215;300&#8243;][\/vc_column_inner][vc_column_inner width=\u00bb1\/2&#8243;][vc_single_image image=\u00bb8594&#8243; img_size=\u00bb600&#215;300&#8243;][\/vc_column_inner][\/vc_row_inner][\/vc_column][\/vc_row][vc_row full_width=\u00bbstretch_row\u00bb conditional_render=\u00bb%5B%7B%22value_role%22%3A%22administrator%22%7D%5D\u00bb css=\u00bb.vc_custom_1712070481262{padding-top: 30px !important;background-color: #1c1c1c !important;}\u00bb][vc_column][vc_column_text css=\u00bb\u00bb]<\/p>\n<p style=\"text-align: center;\"><span style=\"font-size: 20px; color: #ffffff;\"><strong>Soluciones de almacenamiento<\/strong><\/span><\/p>\n<p>[\/vc_column_text][vc_column_text css=\u00bb.vc_custom_1717403478351{margin-top: -15px !important;}\u00bb]<\/p>\n<p style=\"text-align: center;\"><span style=\"color: #f5f5f5;\">Nuestros moldes facilitan la creaci\u00f3n de naves de almacenamiento de materiales, para organizar y gestionar eficazmente los recursos en las instalaciones industriales y agr\u00edcolas. Estas naves ofrecen un almacenamiento seguro para diversos materiales y permiten al usuario modificar f\u00e1cilmente las estructuras cuando sea necesario.  <\/span><\/p>\n<p>[\/vc_column_text][vc_row_inner][vc_column_inner width=\u00bb1\/2&#8243;][vc_single_image image=\u00bb8612&#8243; img_size=\u00bb600&#215;300&#8243;][\/vc_column_inner][vc_column_inner width=\u00bb1\/2&#8243;][vc_single_image image=\u00bb8546&#8243; img_size=\u00bb600&#215;300&#8243;][\/vc_column_inner][\/vc_row_inner][\/vc_column][\/vc_row][vc_row full_width=\u00bbstretch_row\u00bb conditional_render=\u00bb%5B%7B%22value_role%22%3A%22administrator%22%7D%5D\u00bb css=\u00bb.vc_custom_1712070581852{background-color: #f2f2f2 !important;}\u00bb][vc_column][vc_column_text css=\u00bb\u00bb]<\/p>\n<p style=\"text-align: center;\"><span style=\"font-size: 20px;\"><span style=\"color: #000000;\"><strong>Aplicaciones agr\u00edcolas<\/strong><\/span><\/span><\/p>\n<p>[\/vc_column_text][vc_column_text css=\u00bb.vc_custom_1717403503080{margin-top: -15px !important;}\u00bb]<\/p>\n<p style=\"text-align: center;\">En entornos agr\u00edcolas, los bloques de hormig\u00f3n entrelazados se pueden utilizar para construir recintos para animales, almacenamiento de alimentos, almacenamiento de esti\u00e9rcol y diversas estructuras agr\u00edcolas. Su dise\u00f1o robusto garantiza la durabilidad, proporcionando una contenci\u00f3n fiable para el ganado y salvaguardando los piensos almacenados.<\/p>\n<p>[\/vc_column_text][vc_row_inner][vc_column_inner width=\u00bb1\/2&#8243;][vc_single_image image=\u00bb8606&#8243; img_size=\u00bb600&#215;300&#8243;][\/vc_column_inner][vc_column_inner width=\u00bb1\/2&#8243;][vc_single_image image=\u00bb8588&#8243; img_size=\u00bb600&#215;300&#8243;][\/vc_column_inner][\/vc_row_inner][\/vc_column][\/vc_row][vc_row full_width=\u00bbstretch_row\u00bb conditional_render=\u00bb%5B%7B%22value_role%22%3A%22administrator%22%7D%5D\u00bb][vc_column][vc_column_text css=\u00bb\u00bb]<\/p>\n<p style=\"text-align: center;\"><span style=\"font-size: 20px;\"><span style=\"color: #000000;\"><strong>Muros perimetrales y vallados<\/strong><\/span><\/span><\/p>\n<p>[\/vc_column_text][vc_column_text css=\u00bb\u00bb]<\/p>\n<p style=\"text-align: center;\">Con nuestros moldes modulares, los usuarios pueden construir f\u00e1cilmente muros perimetrales y cercas con bloques de hormig\u00f3n, ofreciendo seguridad y delineaci\u00f3n de l\u00edmites. Estas paredes brindan protecci\u00f3n y privacidad al tiempo que mejoran el atractivo est\u00e9tico de las propiedades. Los revestimientos de encofrado se pueden utilizar para crear patrones arquitect\u00f3nicos en los bloques de hormig\u00f3n.<\/p>\n<p>[\/vc_column_text][vc_row_inner][vc_column_inner width=\u00bb1\/2&#8243;][vc_single_image image=\u00bb8343&#8243; img_size=\u00bb600&#215;300&#8243;][\/vc_column_inner][vc_column_inner width=\u00bb1\/2&#8243;][vc_single_image image=\u00bb8570&#8243; img_size=\u00bb600&#215;300&#8243;][\/vc_column_inner][\/vc_row_inner][\/vc_column][\/vc_row][vc_row full_width=\u00bbstretch_row\u00bb conditional_render=\u00bb%5B%7B%22value_role%22%3A%22administrator%22%7D%5D\u00bb css=\u00bb.vc_custom_1712070481262{padding-top: 30px !important;background-color: #1c1c1c !important;}\u00bb][vc_column][vc_column_text css=\u00bb\u00bb]<\/p>\n<p style=\"text-align: center;\"><span style=\"font-size: 20px; color: #ffffff;\"><strong>Barreras de seguridad<\/strong><\/span><\/p>\n<p>[\/vc_column_text][vc_column_text css=\u00bb.vc_custom_1717403575656{margin-top: -15px !important;}\u00bb]<\/p>\n<p style=\"text-align: center;\"><span style=\"color: #f5f5f5;\">Los moldes de bloques de hormig\u00f3n se utilizan para construir barreras de seguridad, protegiendo las \u00e1reas contra colisiones. Estas barreras ofrecen una protecci\u00f3n esencial en carreteras, autopistas, eventos p\u00fablicos, festivales y otras rutas de transporte, garantizando la seguridad de veh\u00edculos y peatones.<\/span><\/p>\n<p>[\/vc_column_text][vc_row_inner][vc_column_inner width=\u00bb1\/2&#8243;][vc_single_image image=\u00bb8564&#8243; img_size=\u00bb600&#215;300&#8243;][\/vc_column_inner][vc_column_inner width=\u00bb1\/2&#8243;][vc_single_image image=\u00bb8558&#8243; img_size=\u00bb600&#215;300&#8243;][\/vc_column_inner][\/vc_row_inner][\/vc_column][\/vc_row][vc_row full_width=\u00bbstretch_row\u00bb conditional_render=\u00bb%5B%7B%22value_role%22%3A%22administrator%22%7D%5D\u00bb css=\u00bb.vc_custom_1712070581852{background-color: #f2f2f2 !important;}\u00bb][vc_column][vc_column_text css=\u00bb\u00bb]<\/p>\n<p style=\"text-align: center;\"><span style=\"font-size: 20px;\"><span style=\"color: #000000;\"><strong>Muros de defensa contra inundaciones<\/strong><\/span><\/span><\/p>\n<p>[\/vc_column_text][vc_column_text css=\u00bb.vc_custom_1717403599852{margin-top: -15px !important;}\u00bb]<\/p>\n<p style=\"text-align: center;\">Los bloques de construcci\u00f3n entrelazados de hormig\u00f3n se pueden utilizar como barreras modulares contra inundaciones, ofreciendo una protecci\u00f3n eficaz contra el aumento del nivel del agua. Ampliamente utilizados en la construcci\u00f3n de diques, defensas de llanuras aluviales y orillas de r\u00edos, estos bloques proporcionan una soluci\u00f3n robusta y rentable que es f\u00e1cil de instalar y ajustar seg\u00fan sea necesario.<\/p>\n<p>[\/vc_column_text][vc_row_inner][vc_column_inner width=\u00bb1\/2&#8243;][vc_single_image image=\u00bb8582&#8243; img_size=\u00bb600&#215;300&#8243;][\/vc_column_inner][vc_column_inner width=\u00bb1\/2&#8243;][vc_single_image image=\u00bb8576&#8243; img_size=\u00bb600&#215;300&#8243;][\/vc_column_inner][\/vc_row_inner][\/vc_column][\/vc_row][vc_row full_width=\u00bbstretch_row\u00bb conditional_render=\u00bb%5B%7B%22value_role%22%3A%22administrator%22%7D%5D\u00bb][vc_column][vc_column_text css=\u00bb\u00bb]<\/p>\n<p style=\"text-align: center;\"><span style=\"font-size: 20px;\"><span style=\"color: #000000;\"><strong>Estructuras de hormig\u00f3n<\/strong><\/span><\/span><\/p>\n<p>[\/vc_column_text][vc_column_text css=\u00bb.vc_custom_1717403627911{margin-top: -15px !important;}\u00bb]<\/p>\n<p style=\"text-align: center;\">En grandes cantidades, los bloques de hormig\u00f3n apilables producidos con nuestros moldes se pueden unir entre s\u00ed para crear estructuras completas. Este sistema modular de bloques de construcci\u00f3n estandarizados, ampliamente aceptado en diversas industrias, ofrece versatilidad y eficiencia en la construcci\u00f3n de edificios, paredes, cimientos y otras estructuras. Los productos prefabricados de hormig\u00f3n se utilizan en diversos sectores: agricultura, eventos y festivales, construcci\u00f3n e infraestructura e industria.<\/p>\n<p>[\/vc_column_text][vc_row_inner][vc_column_inner width=\u00bb1\/2&#8243;][vc_single_image image=\u00bb8552&#8243; img_size=\u00bb600&#215;300&#8243;][\/vc_column_inner][vc_column_inner width=\u00bb1\/2&#8243;][vc_single_image image=\u00bb8540&#8243; img_size=\u00bb600&#215;300&#8243;][\/vc_column_inner][\/vc_row_inner][\/vc_column][\/vc_row][vc_row full_width=\u00bbstretch_row\u00bb css=\u00bb.vc_custom_1712567886058{margin-bottom: -40px !important;padding-top: 30px !important;padding-bottom: 20px !important;background-color: #d90000 !important;}\u00bb conditional_render=\u00bb%5B%7B%22value_role%22%3A%22administrator%22%7D%5D\u00bb][vc_column][vc_column_text css=\u00bb\u00bb css_params=\u00bb\u00bb]<\/p>\n<p style=\"text-align: center;\"><span style=\"color: #ffffff; font-size: 16px;\">Descubra nuestra gama completa de moldes de acero para bloques prefabricados de hormig\u00f3n y solicite un presupuesto a trav\u00e9s de nuestro sistema online. <\/span><\/p>\n<p>[\/vc_column_text][vc_btn title=\u00bbSOLICITAR PRESUPUESTO\u00bb style=\u00bboutline\u00bb shape=\u00bbrounded\u00bb color=\u00bbwhite\u00bb align=\u00bbcenter\u00bb link=\u00bburl:https%3A%2F%2Fwww.betonmoulds.com%2Fes%2Ftienda%2F\u00bb][\/vc_column][\/vc_row]<\/p>\n<\/div>","protected":false},"excerpt":{"rendered":"<p>[vc_row full_width=\u00bbstretch_row\u00bb css=\u00bb.vc_custom_1709241206784{margin-top: 30px !important;}\u00bb conditional_render=\u00bb%5B%7B%22value_role%22%3A%22administrator%22%7D%5D\u00bb][vc_column][vc_column_text css=\u00bb\u00bb] APLICACIONES DE LOS BLOQUES DE HORMIG\u00d3N ENSAMBLABLES [\/vc_column_text][\/vc_column][\/vc_row][vc_row full_width=\u00bbstretch_row\u00bb css=\u00bb.vc_custom_1712070005972{padding-top: 30px !important;background-color: #f2f2f2 !important;}\u00bb conditional_render=\u00bb%5B%7B%22value_role%22%3A%22administrator%22%7D%5D\u00bb][vc_column][vc_column_text css=\u00bb\u00bb css_params=\u00bb\u00bb] \u00bfQu\u00e9 es un sistema de construcci\u00f3n de bloques de hormig\u00f3n apilables? [\/vc_column_text][vc_column_text css=\u00bb.vc_custom_1740565353162{margin-top: -15px !important;}\u00bb css_params=\u00bb\u00bb] En BETONMOULDS estamos especializados en la fabricaci\u00f3n de moldes para un innovador sistema de construcci\u00f3n [&hellip;]<\/p>\n","protected":false},"author":3,"featured_media":0,"parent":0,"menu_order":0,"comment_status":"closed","ping_status":"closed","template":"","meta":{"footnotes":""},"class_list":["post-9142","page","type-page","status-publish","hentry"],"yoast_head":"<!-- This site is optimized with the Yoast SEO plugin v27.4 - https:\/\/yoast.com\/product\/yoast-seo-wordpress\/ -->\n<title>Aplicaciones de bloques de hormig\u00f3n ensamblables - BETONMOULDS<\/title>\n<meta name=\"robots\" content=\"index, follow, max-snippet:-1, max-image-preview:large, max-video-preview:-1\" \/>\n<link rel=\"canonical\" href=\"https:\/\/www.betonmoulds.com\/es\/aplicaciones-de-los-bloques-de-hormigon\/\" \/>\n<meta property=\"og:locale\" content=\"es_ES\" \/>\n<meta property=\"og:type\" content=\"article\" \/>\n<meta property=\"og:title\" content=\"Aplicaciones de bloques de hormig\u00f3n ensamblables - BETONMOULDS\" \/>\n<meta property=\"og:description\" content=\"[vc_row full_width=\u00bbstretch_row\u00bb css=\u00bb.vc_custom_1709241206784{margin-top: 30px !important;}\u00bb conditional_render=\u00bb%5B%7B%22value_role%22%3A%22administrator%22%7D%5D\u00bb][vc_column][vc_column_text css=\u00bb\u00bb] APLICACIONES DE LOS BLOQUES DE HORMIG\u00d3N ENSAMBLABLES [\/vc_column_text][\/vc_column][\/vc_row][vc_row full_width=\u00bbstretch_row\u00bb css=\u00bb.vc_custom_1712070005972{padding-top: 30px !important;background-color: #f2f2f2 !important;}\u00bb conditional_render=\u00bb%5B%7B%22value_role%22%3A%22administrator%22%7D%5D\u00bb][vc_column][vc_column_text css=\u00bb\u00bb css_params=\u00bb\u00bb] \u00bfQu\u00e9 es un sistema de construcci\u00f3n de bloques de hormig\u00f3n apilables? [\/vc_column_text][vc_column_text css=\u00bb.vc_custom_1740565353162{margin-top: -15px !important;}\u00bb css_params=\u00bb\u00bb] En BETONMOULDS estamos especializados en la fabricaci\u00f3n de moldes para un innovador sistema de construcci\u00f3n [&hellip;]\" \/>\n<meta property=\"og:url\" content=\"https:\/\/www.betonmoulds.com\/es\/aplicaciones-de-los-bloques-de-hormigon\/\" \/>\n<meta property=\"og:site_name\" content=\"BETONMOULDS\" \/>\n<meta property=\"article:modified_time\" content=\"2025-02-26T10:22:54+00:00\" \/>\n<meta name=\"twitter:card\" content=\"summary_large_image\" \/>\n<meta name=\"twitter:label1\" content=\"Tiempo de lectura\" \/>\n\t<meta name=\"twitter:data1\" content=\"8 minutos\" \/>\n<script type=\"application\/ld+json\" class=\"yoast-schema-graph\">{\"@context\":\"https:\\\/\\\/schema.org\",\"@graph\":[{\"@type\":\"WebPage\",\"@id\":\"https:\\\/\\\/www.betonmoulds.com\\\/es\\\/aplicaciones-de-los-bloques-de-hormigon\\\/\",\"url\":\"https:\\\/\\\/www.betonmoulds.com\\\/es\\\/aplicaciones-de-los-bloques-de-hormigon\\\/\",\"name\":\"Aplicaciones de bloques de hormig\u00f3n ensamblables - BETONMOULDS\",\"isPartOf\":{\"@id\":\"https:\\\/\\\/www.betonmoulds.com\\\/es\\\/#website\"},\"datePublished\":\"2024-04-02T15:21:54+00:00\",\"dateModified\":\"2025-02-26T10:22:54+00:00\",\"breadcrumb\":{\"@id\":\"https:\\\/\\\/www.betonmoulds.com\\\/es\\\/aplicaciones-de-los-bloques-de-hormigon\\\/#breadcrumb\"},\"inLanguage\":\"es\",\"potentialAction\":[{\"@type\":\"ReadAction\",\"target\":[\"https:\\\/\\\/www.betonmoulds.com\\\/es\\\/aplicaciones-de-los-bloques-de-hormigon\\\/\"]}]},{\"@type\":\"BreadcrumbList\",\"@id\":\"https:\\\/\\\/www.betonmoulds.com\\\/es\\\/aplicaciones-de-los-bloques-de-hormigon\\\/#breadcrumb\",\"itemListElement\":[{\"@type\":\"ListItem\",\"position\":1,\"name\":\"Home\",\"item\":\"https:\\\/\\\/www.betonmoulds.com\\\/es\\\/\"},{\"@type\":\"ListItem\",\"position\":2,\"name\":\"Aplicaciones de los bloques de hormig\u00f3n\"}]},{\"@type\":\"WebSite\",\"@id\":\"https:\\\/\\\/www.betonmoulds.com\\\/es\\\/#website\",\"url\":\"https:\\\/\\\/www.betonmoulds.com\\\/es\\\/\",\"name\":\"BETONMOULDS\",\"description\":\"Upcycle leftover concrete\",\"potentialAction\":[{\"@type\":\"SearchAction\",\"target\":{\"@type\":\"EntryPoint\",\"urlTemplate\":\"https:\\\/\\\/www.betonmoulds.com\\\/es\\\/?s={search_term_string}\"},\"query-input\":{\"@type\":\"PropertyValueSpecification\",\"valueRequired\":true,\"valueName\":\"search_term_string\"}}],\"inLanguage\":\"es\"}]}<\/script>\n<!-- \/ Yoast SEO plugin. -->","yoast_head_json":{"title":"Aplicaciones de bloques de hormig\u00f3n ensamblables - BETONMOULDS","robots":{"index":"index","follow":"follow","max-snippet":"max-snippet:-1","max-image-preview":"max-image-preview:large","max-video-preview":"max-video-preview:-1"},"canonical":"https:\/\/www.betonmoulds.com\/es\/aplicaciones-de-los-bloques-de-hormigon\/","og_locale":"es_ES","og_type":"article","og_title":"Aplicaciones de bloques de hormig\u00f3n ensamblables - BETONMOULDS","og_description":"[vc_row full_width=\u00bbstretch_row\u00bb css=\u00bb.vc_custom_1709241206784{margin-top: 30px !important;}\u00bb conditional_render=\u00bb%5B%7B%22value_role%22%3A%22administrator%22%7D%5D\u00bb][vc_column][vc_column_text css=\u00bb\u00bb] APLICACIONES DE LOS BLOQUES DE HORMIG\u00d3N ENSAMBLABLES [\/vc_column_text][\/vc_column][\/vc_row][vc_row full_width=\u00bbstretch_row\u00bb css=\u00bb.vc_custom_1712070005972{padding-top: 30px !important;background-color: #f2f2f2 !important;}\u00bb conditional_render=\u00bb%5B%7B%22value_role%22%3A%22administrator%22%7D%5D\u00bb][vc_column][vc_column_text css=\u00bb\u00bb css_params=\u00bb\u00bb] \u00bfQu\u00e9 es un sistema de construcci\u00f3n de bloques de hormig\u00f3n apilables? [\/vc_column_text][vc_column_text css=\u00bb.vc_custom_1740565353162{margin-top: -15px !important;}\u00bb css_params=\u00bb\u00bb] En BETONMOULDS estamos especializados en la fabricaci\u00f3n de moldes para un innovador sistema de construcci\u00f3n [&hellip;]","og_url":"https:\/\/www.betonmoulds.com\/es\/aplicaciones-de-los-bloques-de-hormigon\/","og_site_name":"BETONMOULDS","article_modified_time":"2025-02-26T10:22:54+00:00","twitter_card":"summary_large_image","twitter_misc":{"Tiempo de lectura":"8 minutos"},"schema":{"@context":"https:\/\/schema.org","@graph":[{"@type":"WebPage","@id":"https:\/\/www.betonmoulds.com\/es\/aplicaciones-de-los-bloques-de-hormigon\/","url":"https:\/\/www.betonmoulds.com\/es\/aplicaciones-de-los-bloques-de-hormigon\/","name":"Aplicaciones de bloques de hormig\u00f3n ensamblables - BETONMOULDS","isPartOf":{"@id":"https:\/\/www.betonmoulds.com\/es\/#website"},"datePublished":"2024-04-02T15:21:54+00:00","dateModified":"2025-02-26T10:22:54+00:00","breadcrumb":{"@id":"https:\/\/www.betonmoulds.com\/es\/aplicaciones-de-los-bloques-de-hormigon\/#breadcrumb"},"inLanguage":"es","potentialAction":[{"@type":"ReadAction","target":["https:\/\/www.betonmoulds.com\/es\/aplicaciones-de-los-bloques-de-hormigon\/"]}]},{"@type":"BreadcrumbList","@id":"https:\/\/www.betonmoulds.com\/es\/aplicaciones-de-los-bloques-de-hormigon\/#breadcrumb","itemListElement":[{"@type":"ListItem","position":1,"name":"Home","item":"https:\/\/www.betonmoulds.com\/es\/"},{"@type":"ListItem","position":2,"name":"Aplicaciones de los bloques de hormig\u00f3n"}]},{"@type":"WebSite","@id":"https:\/\/www.betonmoulds.com\/es\/#website","url":"https:\/\/www.betonmoulds.com\/es\/","name":"BETONMOULDS","description":"Upcycle leftover concrete","potentialAction":[{"@type":"SearchAction","target":{"@type":"EntryPoint","urlTemplate":"https:\/\/www.betonmoulds.com\/es\/?s={search_term_string}"},"query-input":{"@type":"PropertyValueSpecification","valueRequired":true,"valueName":"search_term_string"}}],"inLanguage":"es"}]}},"_links":{"self":[{"href":"https:\/\/www.betonmoulds.com\/es\/wp-json\/wp\/v2\/pages\/9142","targetHints":{"allow":["GET"]}}],"collection":[{"href":"https:\/\/www.betonmoulds.com\/es\/wp-json\/wp\/v2\/pages"}],"about":[{"href":"https:\/\/www.betonmoulds.com\/es\/wp-json\/wp\/v2\/types\/page"}],"author":[{"embeddable":true,"href":"https:\/\/www.betonmoulds.com\/es\/wp-json\/wp\/v2\/users\/3"}],"replies":[{"embeddable":true,"href":"https:\/\/www.betonmoulds.com\/es\/wp-json\/wp\/v2\/comments?post=9142"}],"version-history":[{"count":6,"href":"https:\/\/www.betonmoulds.com\/es\/wp-json\/wp\/v2\/pages\/9142\/revisions"}],"predecessor-version":[{"id":10528,"href":"https:\/\/www.betonmoulds.com\/es\/wp-json\/wp\/v2\/pages\/9142\/revisions\/10528"}],"wp:attachment":[{"href":"https:\/\/www.betonmoulds.com\/es\/wp-json\/wp\/v2\/media?parent=9142"}],"curies":[{"name":"wp","href":"https:\/\/api.w.org\/{rel}","templated":true}]}}