{"id":5952,"date":"2022-03-04T14:58:50","date_gmt":"2022-03-04T14:58:50","guid":{"rendered":"https:\/\/www.betonmoulds.com\/area-of-use\/construction-sites\/"},"modified":"2023-10-23T12:05:42","modified_gmt":"2023-10-23T12:05:42","slug":"obra","status":"publish","type":"page","link":"https:\/\/www.betonmoulds.com\/es\/areas-de-uso\/obra\/","title":{"rendered":"Obra"},"content":{"rendered":"<div class=\"wpb-content-wrapper\"><p>[vc_row css=\u00bb.vc_custom_1677604438329{margin-top: 30px !important;}\u00bb conditional_render=\u00bb%5B%7B%22value_role%22%3A%22administrator%22%7D%5D\u00bb][vc_column][vc_column_text]<\/p>\n<p style=\"text-align: center\"><span style=\"font-size: 25px;color: #000000\"><strong>OBRA<\/strong><\/span><\/p>\n<p style=\"text-align: center\">El hormig\u00f3n es el material de construcci\u00f3n m\u00e1s utilizado en la industria. Encontramos hormig\u00f3n en casi todas las obras. Es un material artificial que tiene muchas de las propiedades externas de la piedra. Cuando se quiere dar al hormig\u00f3n una resistencia extra, se puede optar por reforzarlo.<\/p>\n<p style=\"text-align: center\">El hormig\u00f3n es un material de construcci\u00f3n muy duradero y duro, y adem\u00e1s tiene un precio ventajoso.<br \/>\nEn lugar de consistir en un \u00fanico material, es una mezcla de agua, con cemento como aglutinante, y \u00e1ridos como arena, grava, piedra triturada o gr\u00e1nulos.<\/p>\n<p style=\"text-align: center\">Adem\u00e1s de los productos prefabricados de hormig\u00f3n, en las obras se utilizan grandes cantidades de hormig\u00f3n in situ o preamasado. El hormig\u00f3n en obra es un producto fabricado en<span style=\"color: #5c5c5c\"> <strong><a style=\"color: #5c5c5c\" href=\"https:\/\/www.betonmoulds.com\/es\/areas-de-uso\/plantas-de-hormigon-preamasado\/\">plantas de hormig\u00f3n<\/a><\/strong>.<\/span> El hormig\u00f3n puede producirse y suministrarse preamasado en grandes cantidades para terminar r\u00e1pidamente incluso los proyectos m\u00e1s grandes.<\/p>\n<p>[\/vc_column_text][\/vc_column][\/vc_row][vc_row css=\u00bb.vc_custom_1674668329807{padding-right: 10px !important;padding-left: 10px !important;}\u00bb conditional_render=\u00bb%5B%7B%22value_role%22%3A%22administrator%22%7D%5D\u00bb][vc_column width=\u00bb1\/2&#8243;][vc_single_image image=\u00bb4383&#8243; img_size=\u00bb800&#215;500&#8243;][\/vc_column][vc_column width=\u00bb1\/2&#8243;][vc_single_image image=\u00bb4388&#8243; img_size=\u00bb800&#215;500&#8243;][\/vc_column][\/vc_row][vc_row full_width=\u00bbstretch_row\u00bb css=\u00bb.vc_custom_1677002343585{margin-top: 20px !important;padding-top: 50px !important;background-color: #1c1c1c !important;}\u00bb conditional_render=\u00bb%5B%7B%22value_role%22%3A%22administrator%22%7D%5D\u00bb][vc_column][vc_column_text]<\/p>\n<p style=\"text-align: center\"><span style=\"font-size: 16px;color: #f2f2f2\">El hormig\u00f3n in situ o preamasado se utiliza en estructuras de hormig\u00f3n para:<\/span><\/p>\n<p>[\/vc_column_text][\/vc_column][\/vc_row][vc_row full_width=\u00bbstretch_row\u00bb gap=\u00bb35&#8243; css=\u00bb.vc_custom_1677073396457{margin-top: -30px !important;padding-bottom: 40px !important;background-color: #1c1c1c !important;}\u00bb conditional_render=\u00bb%5B%7B%22value_role%22%3A%22administrator%22%7D%5D\u00bb][vc_column width=\u00bb1\/3&#8243;][vc_column_text]<\/p>\n<ul>\n<li><span style=\"color: #f2f2f2\">Autopistas<br \/>\n<\/span><\/li>\n<li><span style=\"color: #f2f2f2\">V\u00edas f\u00e9rreas<br \/>\n<\/span><\/li>\n<li><span style=\"color: #f2f2f2\">Pasarelas<br \/>\n<\/span><\/li>\n<li><span style=\"color: #f2f2f2\">Aparcamientos (cubiertas y s\u00f3tanos)<br \/>\n<\/span><\/li>\n<li><span style=\"color: #f2f2f2\">Canales<br \/>\n<\/span><\/li>\n<li><span style=\"color: #f2f2f2\">Puentes<br \/>\n<\/span><\/li>\n<\/ul>\n<p>[\/vc_column_text][\/vc_column][vc_column width=\u00bb1\/3&#8243;][vc_column_text]<\/p>\n<ul>\n<li><span style=\"color: #f2f2f2\">T\u00faneles<br \/>\n<\/span><\/li>\n<li><span style=\"color: #f2f2f2\">Defensas contra inundaciones y presas<br \/>\n<\/span><\/li>\n<li><span style=\"color: #f2f2f2\">Protecci\u00f3n de riberas<br \/>\n<\/span><\/li>\n<li><span style=\"color: #f2f2f2\">Obras de arte<br \/>\n<\/span><\/li>\n<li><span style=\"color: #f2f2f2\">Cimentaciones de molinos de viento<br \/>\n<\/span><\/li>\n<li><span style=\"color: #f2f2f2\">Cimentaciones de maquinaria pesada<\/span><\/li>\n<\/ul>\n<p>[\/vc_column_text][\/vc_column][vc_column width=\u00bb1\/3&#8243;][vc_column_text]<\/p>\n<ul>\n<li><span style=\"color: #f2f2f2\">Cimientos<br \/>\n<\/span><\/li>\n<li><span style=\"color: #f2f2f2\">Muros de contenci\u00f3n<br \/>\n<\/span><\/li>\n<li><span style=\"color: #f2f2f2\">Casas<br \/>\n<\/span><\/li>\n<li><span style=\"color: #f2f2f2\">Edificios de oficinas<br \/>\n<\/span><\/li>\n<li><span style=\"color: #f2f2f2\">Edificios comerciales<br \/>\n<\/span><\/li>\n<\/ul>\n<p>[\/vc_column_text][\/vc_column][\/vc_row][vc_row full_width=\u00bbstretch_row\u00bb css=\u00bb.vc_custom_1677004351325{padding-top: 20px !important;padding-bottom: 20px !important;background-color: #efefef !important;}\u00bb conditional_render=\u00bb%5B%7B%22value_role%22%3A%22administrator%22%7D%5D\u00bb][vc_column][vc_single_image image=\u00bb4205&#8243; img_size=\u00bb70&#215;70&#8243; alignment=\u00bbcenter\u00bb][vc_column_text]<\/p>\n<p style=\"text-align: center\">El hormig\u00f3n in situ o hormig\u00f3n preamasado se transporta a la obra mediante hormigoneras sobre cami\u00f3n o hormigoneras de bomba. Es importante que el cliente informe a la planta de hormig\u00f3n sobre los requisitos que debe cumplir el hormig\u00f3n suministrado. Esto incluye los requisitos para el hormig\u00f3n endurecido, incluidos en las especificaciones del proyecto, pero tambi\u00e9n los requisitos para la trabajabilidad del hormig\u00f3n.<\/p>\n<p style=\"text-align: center\">En la obra, el hormig\u00f3n se utiliza para hacer:<\/p>\n<p style=\"text-align: center\"><span style=\"color: #000000;font-size: 20px\"><strong>VERTIDO DE CIMIENTOS<\/strong><\/span><\/p>\n<p style=\"text-align: center\">Los cimientos garantizan que el peso de una estructura o maquinaria pesada se transfiera al terreno subyacente. En terrenos d\u00e9biles, los cimientos necesarios se apoyan en pilotes, que se clavan en el terreno para llegar a capas de terreno firme. Normalmente, el siguiente paso es cavar zanjas de cimentaci\u00f3n. En esas zanjas se coloca el encofrado. Despu\u00e9s se puede verter el hormig\u00f3n.<\/p>\n<p style=\"text-align: center\">El encofrado se utiliza para mantener el hormig\u00f3n de los cimientos en su sitio. Funciona como un molde para que el hormig\u00f3n adopte su forma adecuada. Una vez fraguado el hormig\u00f3n, se retira el encofrado.<\/p>\n<p style=\"text-align: center\"><span style=\"font-size: 20px;color: #000000\"><strong>VERTIDO DE MUROS, FORJADOS, PILARES Y VIGAS<\/strong><\/span><\/p>\n<p style=\"text-align: center\">Las estructuras de hormig\u00f3n se vierten \u00abin situ\u00bb y se moldean utilizando encofrados. En la construcci\u00f3n en serie o en proyectos espec\u00edficos, el hormig\u00f3n en obra se utiliza para fabricar muros, pilares, forjados portantes y vigas de hormig\u00f3n.<\/p>\n<p style=\"text-align: center\">Los forjados de hormig\u00f3n in situ constan de capas est\u00e1ndar, cada una con su propia funci\u00f3n. Por ejemplo, un subsuelo, una capa intermedia o un suelo portante. Para los forjados intermedios, las empresas constructoras utilizan forjados de losa ancha. Estos suelos constan de un armaz\u00f3n de hormig\u00f3n armado con armadura superior. Tras instalar las tuber\u00edas y conductos de ventilaci\u00f3n, el forjado se cubre con una capa de hormig\u00f3n preamasado. El resultado es un forjado bien acabado que incorpora conductos de drenaje, agua, electricidad y control del aire. El forjado tambi\u00e9n tiene buenas propiedades ac\u00fasticas y una alta resistencia al fuego.<\/p>\n<p style=\"text-align: center\">Los suelos de hormig\u00f3n in situ constan de capas est\u00e1ndar, un subsuelo, una capa intermedia o un suelo portante, por ejemplo. Para los forjados intermedios, las empresas constructoras utilizan forjados de losa ancha. Estos suelos constan de un armaz\u00f3n de hormig\u00f3n armado con armadura superior. Tras instalar las tuber\u00edas y conductos de ventilaci\u00f3n, el suelo se cubre con una capa de hormig\u00f3n preparado.<\/p>\n<p style=\"text-align: center\">Los muros macizos se vierten para garantizar una gran rigidez de la estructura de las casas y edificios. En la mayor\u00eda de los casos, el refuerzo no es necesario o es limitado porque la resistencia de los muros no reforzados es suficientemente grande para la estabilidad requerida.<\/p>\n<p>[\/vc_column_text][\/vc_column][\/vc_row][vc_row full_width=\u00bbstretch_row\u00bb gap=\u00bb30&#8243; content_placement=\u00bbtop\u00bb conditional_render=\u00bb%5B%7B%22value_role%22%3A%22administrator%22%7D%5D\u00bb css=\u00bb.vc_custom_1677006690021{margin-top: 15px !important;margin-bottom: -17px !important;}\u00bb][vc_column][vc_column_text]<\/p>\n<p style=\"text-align: center\"><span style=\"font-size: 22px;color: #000000\"><strong>HORMIG\u00d3N RESIDUAL EN LAS OBRAS<\/strong><\/span><\/p>\n<p>[\/vc_column_text][\/vc_column][\/vc_row][vc_row full_width=\u00bbstretch_row\u00bb conditional_render=\u00bb%5B%7B%22value_role%22%3A%22administrator%22%7D%5D\u00bb][vc_column][vc_single_image image=\u00bb4393&#8243; img_size=\u00bb1800&#215;700&#8243; alignment=\u00bbcenter\u00bb][\/vc_column][\/vc_row][vc_row gap=\u00bb30&#8243; content_placement=\u00bbtop\u00bb conditional_render=\u00bb%5B%7B%22value_role%22%3A%22administrator%22%7D%5D\u00bb][vc_column width=\u00bb1\/2&#8243;][vc_column_text]Los estudios de varias asociaciones internacionales de la industria estiman que entre el 3 y el 5% de las entregas de hormig\u00f3n preamasado son rechazadas en las obras. El rechazo se produce por varias razones, como que el hormig\u00f3n no cumple las especificaciones o simplemente porque en un proyecto sobra hormig\u00f3n preamasado. La industria del hormig\u00f3n produce un alto porcentaje de material de desecho. Esto cuesta mucho dinero y es perjudicial para el medio ambiente.<\/p>\n<p>Causas del hormig\u00f3n residual en las obras:[\/vc_column_text][\/vc_column][vc_column width=\u00bb1\/2&#8243;][vc_column_text]<strong><span style=\"font-size: 18px\">1. Problemas de encofrado <\/span><\/strong><\/p>\n<p style=\"text-align: left\">SEl material de encofrado se somete a duras pruebas cuando se vierte el hormig\u00f3n, y su colocaci\u00f3n se hace manualmente. Si el encofrado es defectuoso, pueden producirse fugas o incluso el encofrado puede derrumbarse. En situaciones en las que la hormigonera ya ha empezado a verter el hormig\u00f3n, habr\u00e1 que interrumpir las operaciones. La cantidad restante en la hormigonera del cami\u00f3n deber\u00e1 utilizarse lo antes posible, ya que est\u00e1 sujeta a un tiempo limitado de descarga y trabajabilidad. Si el material de encofrado est\u00e1 muy da\u00f1ado, el hormig\u00f3n se vierte en un contenedor de residuos o se elimina en<span style=\"color: #5c5c5c\"> <strong><a style=\"color: #5c5c5c\" href=\"https:\/\/www.betonmoulds.com\/es\/areas-de-uso\/recogida-y-reciclaje-de-residuos\/\">plantas de tratamiento de residuos<\/a>.<\/strong><\/span><\/p>\n<p>[\/vc_column_text][\/vc_column][\/vc_row][vc_row gap=\u00bb30&#8243; content_placement=\u00bbtop\u00bb conditional_render=\u00bb%5B%7B%22value_role%22%3A%22administrator%22%7D%5D\u00bb css=\u00bb.vc_custom_1677006737182{margin-top: -25px !important;}\u00bb][vc_column width=\u00bb1\/2&#8243;][vc_column_text]<strong><span style=\"font-size: 18px\">2. Cantidades sobrantes de hormig\u00f3n en obra <\/span><\/strong><\/p>\n<p>Cuando se utiliza hormig\u00f3n preamasado en las obras, hay que calcular previamente la cantidad necesaria. Si el c\u00e1lculo es incorrecto o no refleja la situaci\u00f3n real, pueden quedar restos en la hormigonera despu\u00e9s de verter el hormig\u00f3n.<\/p>\n<p>En los grandes proyectos de construcci\u00f3n, se mantiene un margen para garantizar que se entrega suficiente hormig\u00f3n preamasado en la obra. Esto puede suponer f\u00e1cilmente entre un 5 y un 10% m\u00e1s de hormig\u00f3n preamasado. Despu\u00e9s de procesar el hormig\u00f3n preamasado de la hormigonera, puede quedar hormig\u00f3n residual que no se puede utilizar en la estructura. Esto crea residuos que se vierten en la obra.[\/vc_column_text][\/vc_column][vc_column width=\u00bb1\/2&#8243;][vc_column_text]<span style=\"font-size: 18px\"><strong>3. Problemas de calidad del hormig\u00f3n en obra <\/strong><\/span><\/p>\n<p>Cuando el hormig\u00f3n preamasado se entrega en la obra, es posible que la trabajabilidad del hormig\u00f3n no est\u00e9 a la altura o que el hormig\u00f3n no cumpla los requisitos de rendimiento. Esto puede deducirse de la viscosidad del hormig\u00f3n o de una inspecci\u00f3n visual de la composici\u00f3n in situ, o basarse en que la documentaci\u00f3n del pedido se desv\u00eda de la entrega real.<\/p>\n<p>Si se rechaza el hormig\u00f3n, \u00e9ste se entrega a una empresa de eliminaci\u00f3n de residuos si no se puede encontrar un uso alternativo inmediato para \u00e9l.[\/vc_column_text][\/vc_column][\/vc_row][vc_row full_width=\u00bbstretch_row\u00bb css=\u00bb.vc_custom_1677005271631{padding-top: 30px !important;padding-bottom: 30px !important;background-color: #1c1c1c !important;}\u00bb conditional_render=\u00bb%5B%7B%22value_role%22%3A%22administrator%22%7D%5D\u00bb][vc_column][vc_single_image image=\u00bb4211&#8243; img_size=\u00bb70&#215;70&#8243; alignment=\u00bbcenter\u00bb][vc_column_text]<\/p>\n<p style=\"text-align: center\"><span style=\"color: #f2f2f2\"><strong><span style=\"font-size: 20px\">LA SOLUCI\u00d3N PARA UNA GESTI\u00d3N INTELIGENTE DEL HORMIG\u00d3N RESIDUAL EN LA OBRA<\/span><\/strong><\/span><\/p>\n<p style=\"text-align: center\"><span style=\"color: #f2f2f2\">El hormig\u00f3n residual aumenta los costes del proyecto y puede tener un efecto negativo en el avance de la construcci\u00f3n. Y lo que es m\u00e1s importante, tiene un impacto negativo en el medio ambiente.<br \/>\n<\/span><\/p>\n<p style=\"text-align: center\"><span style=\"color: #f2f2f2\">La industria del hormig\u00f3n emite una gran cantidad de CO2 y consume mucha agua. El impacto del hormig\u00f3n residual en el medio ambiente afecta negativamente a la opini\u00f3n p\u00fablica de la industria del hormig\u00f3n.<br \/>\n<\/span><\/p>\n<p style=\"text-align: center\"><span style=\"color: #f2f2f2\">Una soluci\u00f3n a esta situaci\u00f3n es convertir el hormig\u00f3n residual en un producto valioso directamente en la obra. Con moldes profesionales se pueden fabricar productos de construcci\u00f3n valiosos, como bloques de hormig\u00f3n apilables o <strong><span style=\"color: #999999\"><a style=\"color: #999999\" href=\"https:\/\/www.betonmoulds.com\/es\/categoria-producto\/losas-de-hormigon-moldes\/\">losas de hormig\u00f3n.<\/a><\/span><\/strong>. Estos productos de construcci\u00f3n se utilizan mucho para pavimentar obras y construir muros. Para mover y transportar los bloques de hormig\u00f3n, existen <a href=\"https:\/\/www.betonmoulds.com\/es\/categoria-producto\/transporte-y-elevacion\/transporte-bloques\/\"><span style=\"color: #ff0000\"><strong><span style=\"color: #999999\">accesorios adecuados.<\/span><\/strong><\/span><\/a><\/span><\/p>\n<p>[\/vc_column_text][\/vc_column][\/vc_row][vc_row full_width=\u00bbstretch_row\u00bb gap=\u00bb30&#8243; css=\u00bb.vc_custom_1677005424219{margin-bottom: -38px !important;padding-top: 30px !important;padding-bottom: 10px !important;background-color: #efefef !important;}\u00bb conditional_render=\u00bb%5B%7B%22value_role%22%3A%22administrator%22%7D%5D\u00bb][vc_column width=\u00bb1\/2&#8243;][vc_column_text]En algunos pa\u00edses existe un mercado de compraventa de bloques de hormig\u00f3n apilables. Los distribuidores recogen los bloques de hormig\u00f3n pasando por delante de las obras. La empresa constructora que ha fabricado los bloques recibe una compensaci\u00f3n por ellos. De este modo, la empresa constructora contribuye a la circularidad sin tener que pagar tasas de eliminaci\u00f3n y se beneficia de unos ingresos extra. A continuaci\u00f3n, los comerciantes venden los bloques y losas de hormig\u00f3n en lotes m\u00e1s grandes a compradores que pueden utilizar los materiales de construcci\u00f3n.[\/vc_column_text][\/vc_column][vc_column width=\u00bb1\/2&#8243;][vc_column_text]Por ejemplo, la construcci\u00f3n de muros de contenci\u00f3n o cajas de almacenamiento para productos secos a granel, silos para zanjas y pavimentaci\u00f3n de obras en los sectores industrial y agr\u00edcola.<\/p>\n<p>Un juego de moldes se coloca f\u00e1cilmente en un pal\u00e9 en el almac\u00e9n y puede transportarse a la obra cuando empiecen los trabajos. Proporcionar a las obras moldes de hormig\u00f3n para bloques apilables y losas de hormig\u00f3n es un m\u00e9todo sencillo de tratar el hormig\u00f3n residual de forma circular y hacer que los costes de eliminaci\u00f3n sean cosa del pasado.[\/vc_column_text][\/vc_column][\/vc_row]<\/p>\n<\/div>","protected":false},"excerpt":{"rendered":"<p>[vc_row css=\u00bb.vc_custom_1677604438329{margin-top: 30px !important;}\u00bb conditional_render=\u00bb%5B%7B%22value_role%22%3A%22administrator%22%7D%5D\u00bb][vc_column][vc_column_text] OBRA El hormig\u00f3n es el material de construcci\u00f3n m\u00e1s utilizado en la industria. Encontramos hormig\u00f3n en casi todas las obras. Es un material artificial que tiene muchas de las propiedades externas de la piedra. Cuando se quiere dar al hormig\u00f3n una resistencia extra, se puede optar por reforzarlo. El hormig\u00f3n [&hellip;]<\/p>\n","protected":false},"author":1,"featured_media":0,"parent":5932,"menu_order":0,"comment_status":"closed","ping_status":"closed","template":"","meta":{"footnotes":""},"class_list":["post-5952","page","type-page","status-publish","hentry"],"yoast_head":"<!-- This site is optimized with the Yoast SEO plugin v27.4 - https:\/\/yoast.com\/product\/yoast-seo-wordpress\/ -->\n<title>Manipulaci\u00f3n circular del hormig\u00f3n residual a pie de obra - BETONMOULDS<\/title>\n<meta name=\"description\" content=\"La soluci\u00f3n inteligente para un uso responsable y sostenible del hormig\u00f3n residual a pie de obra con un sistema de construcci\u00f3n modular.\" \/>\n<meta name=\"robots\" content=\"index, follow, max-snippet:-1, max-image-preview:large, max-video-preview:-1\" \/>\n<link rel=\"canonical\" href=\"https:\/\/www.betonmoulds.com\/es\/areas-de-uso\/obra\/\" \/>\n<meta property=\"og:locale\" content=\"es_ES\" \/>\n<meta property=\"og:type\" content=\"article\" \/>\n<meta property=\"og:title\" content=\"Manipulaci\u00f3n circular del hormig\u00f3n residual a pie de obra - BETONMOULDS\" \/>\n<meta property=\"og:description\" content=\"La soluci\u00f3n inteligente para un uso responsable y sostenible del hormig\u00f3n residual a pie de obra con un sistema de construcci\u00f3n modular.\" \/>\n<meta property=\"og:url\" content=\"https:\/\/www.betonmoulds.com\/es\/areas-de-uso\/obra\/\" \/>\n<meta property=\"og:site_name\" content=\"BETONMOULDS\" \/>\n<meta property=\"article:modified_time\" content=\"2023-10-23T12:05:42+00:00\" \/>\n<meta name=\"twitter:card\" content=\"summary_large_image\" \/>\n<meta name=\"twitter:label1\" content=\"Tiempo de lectura\" \/>\n\t<meta name=\"twitter:data1\" content=\"7 minutos\" \/>\n<script type=\"application\/ld+json\" class=\"yoast-schema-graph\">{\"@context\":\"https:\\\/\\\/schema.org\",\"@graph\":[{\"@type\":\"WebPage\",\"@id\":\"https:\\\/\\\/www.betonmoulds.com\\\/es\\\/areas-de-uso\\\/obra\\\/\",\"url\":\"https:\\\/\\\/www.betonmoulds.com\\\/es\\\/areas-de-uso\\\/obra\\\/\",\"name\":\"Manipulaci\u00f3n circular del hormig\u00f3n residual a pie de obra - BETONMOULDS\",\"isPartOf\":{\"@id\":\"https:\\\/\\\/www.betonmoulds.com\\\/es\\\/#website\"},\"datePublished\":\"2022-03-04T14:58:50+00:00\",\"dateModified\":\"2023-10-23T12:05:42+00:00\",\"description\":\"La soluci\u00f3n inteligente para un uso responsable y sostenible del hormig\u00f3n residual a pie de obra con un sistema de construcci\u00f3n modular.\",\"breadcrumb\":{\"@id\":\"https:\\\/\\\/www.betonmoulds.com\\\/es\\\/areas-de-uso\\\/obra\\\/#breadcrumb\"},\"inLanguage\":\"es\",\"potentialAction\":[{\"@type\":\"ReadAction\",\"target\":[\"https:\\\/\\\/www.betonmoulds.com\\\/es\\\/areas-de-uso\\\/obra\\\/\"]}]},{\"@type\":\"BreadcrumbList\",\"@id\":\"https:\\\/\\\/www.betonmoulds.com\\\/es\\\/areas-de-uso\\\/obra\\\/#breadcrumb\",\"itemListElement\":[{\"@type\":\"ListItem\",\"position\":1,\"name\":\"Home\",\"item\":\"https:\\\/\\\/www.betonmoulds.com\\\/es\\\/\"},{\"@type\":\"ListItem\",\"position\":2,\"name\":\"\u00c1reas de uso\",\"item\":\"https:\\\/\\\/www.betonmoulds.com\\\/es\\\/ambiti-di-utilizzo\\\/\"},{\"@type\":\"ListItem\",\"position\":3,\"name\":\"Obra\"}]},{\"@type\":\"WebSite\",\"@id\":\"https:\\\/\\\/www.betonmoulds.com\\\/es\\\/#website\",\"url\":\"https:\\\/\\\/www.betonmoulds.com\\\/es\\\/\",\"name\":\"BETONMOULDS\",\"description\":\"Upcycle leftover concrete\",\"potentialAction\":[{\"@type\":\"SearchAction\",\"target\":{\"@type\":\"EntryPoint\",\"urlTemplate\":\"https:\\\/\\\/www.betonmoulds.com\\\/es\\\/?s={search_term_string}\"},\"query-input\":{\"@type\":\"PropertyValueSpecification\",\"valueRequired\":true,\"valueName\":\"search_term_string\"}}],\"inLanguage\":\"es\"}]}<\/script>\n<!-- \/ Yoast SEO plugin. -->","yoast_head_json":{"title":"Manipulaci\u00f3n circular del hormig\u00f3n residual a pie de obra - BETONMOULDS","description":"La soluci\u00f3n inteligente para un uso responsable y sostenible del hormig\u00f3n residual a pie de obra con un sistema de construcci\u00f3n modular.","robots":{"index":"index","follow":"follow","max-snippet":"max-snippet:-1","max-image-preview":"max-image-preview:large","max-video-preview":"max-video-preview:-1"},"canonical":"https:\/\/www.betonmoulds.com\/es\/areas-de-uso\/obra\/","og_locale":"es_ES","og_type":"article","og_title":"Manipulaci\u00f3n circular del hormig\u00f3n residual a pie de obra - BETONMOULDS","og_description":"La soluci\u00f3n inteligente para un uso responsable y sostenible del hormig\u00f3n residual a pie de obra con un sistema de construcci\u00f3n modular.","og_url":"https:\/\/www.betonmoulds.com\/es\/areas-de-uso\/obra\/","og_site_name":"BETONMOULDS","article_modified_time":"2023-10-23T12:05:42+00:00","twitter_card":"summary_large_image","twitter_misc":{"Tiempo de lectura":"7 minutos"},"schema":{"@context":"https:\/\/schema.org","@graph":[{"@type":"WebPage","@id":"https:\/\/www.betonmoulds.com\/es\/areas-de-uso\/obra\/","url":"https:\/\/www.betonmoulds.com\/es\/areas-de-uso\/obra\/","name":"Manipulaci\u00f3n circular del hormig\u00f3n residual a pie de obra - BETONMOULDS","isPartOf":{"@id":"https:\/\/www.betonmoulds.com\/es\/#website"},"datePublished":"2022-03-04T14:58:50+00:00","dateModified":"2023-10-23T12:05:42+00:00","description":"La soluci\u00f3n inteligente para un uso responsable y sostenible del hormig\u00f3n residual a pie de obra con un sistema de construcci\u00f3n modular.","breadcrumb":{"@id":"https:\/\/www.betonmoulds.com\/es\/areas-de-uso\/obra\/#breadcrumb"},"inLanguage":"es","potentialAction":[{"@type":"ReadAction","target":["https:\/\/www.betonmoulds.com\/es\/areas-de-uso\/obra\/"]}]},{"@type":"BreadcrumbList","@id":"https:\/\/www.betonmoulds.com\/es\/areas-de-uso\/obra\/#breadcrumb","itemListElement":[{"@type":"ListItem","position":1,"name":"Home","item":"https:\/\/www.betonmoulds.com\/es\/"},{"@type":"ListItem","position":2,"name":"\u00c1reas de uso","item":"https:\/\/www.betonmoulds.com\/es\/ambiti-di-utilizzo\/"},{"@type":"ListItem","position":3,"name":"Obra"}]},{"@type":"WebSite","@id":"https:\/\/www.betonmoulds.com\/es\/#website","url":"https:\/\/www.betonmoulds.com\/es\/","name":"BETONMOULDS","description":"Upcycle leftover concrete","potentialAction":[{"@type":"SearchAction","target":{"@type":"EntryPoint","urlTemplate":"https:\/\/www.betonmoulds.com\/es\/?s={search_term_string}"},"query-input":{"@type":"PropertyValueSpecification","valueRequired":true,"valueName":"search_term_string"}}],"inLanguage":"es"}]}},"_links":{"self":[{"href":"https:\/\/www.betonmoulds.com\/es\/wp-json\/wp\/v2\/pages\/5952","targetHints":{"allow":["GET"]}}],"collection":[{"href":"https:\/\/www.betonmoulds.com\/es\/wp-json\/wp\/v2\/pages"}],"about":[{"href":"https:\/\/www.betonmoulds.com\/es\/wp-json\/wp\/v2\/types\/page"}],"author":[{"embeddable":true,"href":"https:\/\/www.betonmoulds.com\/es\/wp-json\/wp\/v2\/users\/1"}],"replies":[{"embeddable":true,"href":"https:\/\/www.betonmoulds.com\/es\/wp-json\/wp\/v2\/comments?post=5952"}],"version-history":[{"count":7,"href":"https:\/\/www.betonmoulds.com\/es\/wp-json\/wp\/v2\/pages\/5952\/revisions"}],"predecessor-version":[{"id":6817,"href":"https:\/\/www.betonmoulds.com\/es\/wp-json\/wp\/v2\/pages\/5952\/revisions\/6817"}],"up":[{"embeddable":true,"href":"https:\/\/www.betonmoulds.com\/es\/wp-json\/wp\/v2\/pages\/5932"}],"wp:attachment":[{"href":"https:\/\/www.betonmoulds.com\/es\/wp-json\/wp\/v2\/media?parent=5952"}],"curies":[{"name":"wp","href":"https:\/\/api.w.org\/{rel}","templated":true}]}}