{"id":5941,"date":"2023-02-21T15:58:32","date_gmt":"2023-02-21T15:58:32","guid":{"rendered":"https:\/\/www.betonmoulds.com\/area-of-use\/agricultural-livestock-concrete\/"},"modified":"2024-02-23T14:29:48","modified_gmt":"2024-02-23T14:29:48","slug":"hormigon-agricola-y-ganadero","status":"publish","type":"page","link":"https:\/\/www.betonmoulds.com\/es\/areas-de-uso\/hormigon-agricola-y-ganadero\/","title":{"rendered":"Hormig\u00f3n agr\u00edcola y ganadero"},"content":{"rendered":"<div class=\"wpb-content-wrapper\"><p>[vc_row css=\u00bb.vc_custom_1677941530518{margin-top: 30px !important;padding-bottom: 10px !important;}\u00bb conditional_render=\u00bb%5B%7B%22value_role%22%3A%22administrator%22%7D%5D\u00bb][vc_column][vc_column_text]<\/p>\n<p style=\"text-align: center;\"><span style=\"font-size: 25px; color: #000000;\"><strong>HORMIG\u00d3N AGR\u00cdCOLA Y GANADERO<\/strong><\/span><\/p>\n<p style=\"text-align: center;\">Las empresas dedicadas a la agricultura y la ganader\u00eda encuentran interesantes los bloques de construcci\u00f3n modulares porque pueden colocarse, quitarse y trasladarse f\u00e1cilmente. Utilizan losas de hormig\u00f3n para pavimentos y bloques de hormig\u00f3n para tabiques. Las losas de hormig\u00f3n tambi\u00e9n suelen llamarse losas industriales.<\/p>\n<p style=\"text-align: center;\">Este t\u00e9rmino se refiere a una variante m\u00e1s barata en comparaci\u00f3n con la f\u00e1brica que produce las losas Stelcon, m\u00e1s caras. <a href=\"https:\/\/www.stelcon.de\/\" target=\"_blank\" rel=\"noopener\"><strong>Stelcon<\/strong><\/a> es una marca muy conocida. En efecto, las losas de hormig\u00f3n Stelcon son de gran calidad. Sin embargo, una losa industrial no tiene por qu\u00e9 ser siempre una losa de hormig\u00f3n Stelcon. Hoy en d\u00eda hay muchos m\u00e1s fabricantes que producen losas industriales de hormig\u00f3n de alta calidad.<\/p>\n<p style=\"text-align: center;\">Dado que las granjas, graneros y almacenes de agricultores y ganaderos suelen ser muy grandes, y que las propias granjas disponen de mucha maquinaria, la producci\u00f3n de elementos de hormig\u00f3n se realiza en la propia empresa. Con instrucciones adecuadas y robustos moldes de acero, los <a href=\"https:\/\/www.betonmoulds.com\/es\/categoria-producto\/bloques-de-hormigon\/\"><strong>bloques<\/strong><\/a> y<a href=\"https:\/\/www.betonmoulds.com\/es\/categoria-producto\/losas-de-hormigon-moldes\/\"><strong> losas de hormig\u00f3n<\/strong> <\/a>se fabrican de forma independiente. El <a href=\"https:\/\/www.betonmoulds.com\/es\/categoria-producto\/transporte-y-elevacion\/\"><strong>equipo de elevaci\u00f3n<\/strong><\/a> est\u00e1 dise\u00f1ado para que los agricultores y horticultores puedan utilizarlo con el equipo de transporte de que disponen, como tractores, carretillas elevadoras, manipuladores telesc\u00f3picos y palas.<\/p>\n<p>[\/vc_column_text][\/vc_column][\/vc_row][vc_row full_width=\u00bbstretch_row\u00bb gap=\u00bb30&#8243; content_placement=\u00bbmiddle\u00bb css=\u00bb.vc_custom_1677941512138{padding-top: 40px !important;padding-bottom: 20px !important;background-color: #1c1c1c !important;}\u00bb conditional_render=\u00bb%5B%7B%22value_role%22%3A%22administrator%22%7D%5D\u00bb][vc_column width=\u00bb1\/2&#8243;][vc_column_text]<span style=\"color: #f2f2f2\">Si examinamos el sector agrario con m\u00e1s detalle, puede dividirse en:<\/span><\/p>\n<p><span style=\"font-size: 20px;color: #f2f2f2\"><strong>AGRICULTURA<\/strong><\/span><\/p>\n<p><span style=\"color: #f2f2f2\">Las losas de hormig\u00f3n son ideales para pavimentar terrenos agr\u00edcolas y crear caminos por los que puedan circular veh\u00edculos pesados. La necesidad de una pavimentaci\u00f3n funcional puede satisfacerse f\u00e1cilmente aplicando losas prefabricadas de hormig\u00f3n. Las losas industriales de hormig\u00f3n demuestran su val\u00eda en las condiciones m\u00e1s duras y duran toda la vida. <\/span><\/p>\n<p><span style=\"color: #f2f2f2\">Los bloques de hormig\u00f3n se utilizan para diques de acceso, y tambi\u00e9n se ven como contrapeso en veh\u00edculos de largo recorrido, como tractores.<\/span>[\/vc_column_text][\/vc_column][vc_column width=\u00bb1\/2&#8243;][vc_single_image image=\u00bb4362&#8243; img_size=\u00bb800&#215;500&#8243; alignment=\u00bbcenter\u00bb][\/vc_column][\/vc_row][vc_row full_width=\u00bbstretch_row\u00bb gap=\u00bb30&#8243; content_placement=\u00bbtop\u00bb css=\u00bb.vc_custom_1677941829812{padding-top: 10px !important;background-color: #f2f2f2 !important;}\u00bb conditional_render=\u00bb%5B%7B%22value_role%22%3A%22administrator%22%7D%5D\u00bb][vc_column width=\u00bb1\/2&#8243;][vc_column_text]<span style=\"color: #000000\"><strong><span style=\"font-size: 20px\">GANADER\u00cdA<\/span><\/strong><\/span><\/p>\n<p>Las explotaciones ganaderas utilizan losas de hormig\u00f3n como pavimento resistente para suelos interiores y exteriores. Los suelos de los establos pr\u00e1cticamente no requieren mantenimiento cuando se fabrican con losas de hormig\u00f3n.Las losas industriales de hormig\u00f3n ofrecen una larga vida \u00fatil demostrada como pavimento para granjas.<\/p>\n<p>Para el almacenamiento de esti\u00e9rcol, se utilizan tanto losas prefabricadas de hormig\u00f3n como bloques prefabricados de hormig\u00f3n. El sistema de construcci\u00f3n ofrece una funcionalidad \u00f3ptima para el almacenamiento de esti\u00e9rcol s\u00f3lido y la zona de almacenamiento es f\u00e1cil de adaptar y ampliar.<\/p>\n<p>Los piensos, como la hierba y el ma\u00edz ensilados, se almacenan en fosas de ensilado. Las fosas de ensilado tienen un suelo de losas de hormig\u00f3n con muros de contenci\u00f3n de bloques de hormig\u00f3n para garantizar un almacenamiento eficaz del ensilado.<\/p>\n<p>En resumen, los elementos de construcci\u00f3n de hormig\u00f3n son ideales para granjas, almacenes, establos y fosas para ensilado y esti\u00e9rcol.[\/vc_column_text][\/vc_column][vc_column width=\u00bb1\/2&#8243;][vc_column_text]<span style=\"font-size: 20px;color: #000000\"><strong>HORTICULTURA<\/strong><\/span><\/p>\n<p>En horticultura, las losas prefabricadas de hormig\u00f3n son ideales para pavimentar patios, caminos y almacenes. Una soluci\u00f3n eminentemente \u00fatil para pavimentar sitios de forma r\u00e1pida y eficaz. Las losas demuestran su eficacia d\u00eda tras d\u00eda.<\/p>\n<p>Existen numerosas aplicaciones en esta industria en las que encontrar\u00e1 losas de hormig\u00f3n y bloques de hormig\u00f3n apilables. En el cultivo y procesamiento de verduras, frutas, flores y plantas, las losas de hormig\u00f3n se han utilizado en los suelos industriales. Muchas zonas est\u00e1n provistas de pavimentos s\u00f3lidos, plazas de aparcamiento o caminos de uso intensivo dentro y alrededor de los invernaderos.<\/p>\n<p>Los bloques de hormig\u00f3n se utilizan para zonas de almacenamiento, barreras de seguridad, vallas, muros de contenci\u00f3n y muros de delimitaci\u00f3n.[\/vc_column_text][\/vc_column][\/vc_row][vc_row full_width=\u00bbstretch_row\u00bb gap=\u00bb35&#8243; content_placement=\u00bbmiddle\u00bb conditional_render=\u00bb%5B%7B%22value_role%22%3A%22administrator%22%7D%5D\u00bb css=\u00bb.vc_custom_1677941998888{margin-top: -50px !important;margin-bottom: -40px !important;padding-bottom: 20px !important;background-color: #f2f2f2 !important;}\u00bb][vc_column width=\u00bb1\/2&#8243;][vc_single_image image=\u00bb4352&#8243; img_size=\u00bb800&#215;500&#8243;][\/vc_column][vc_column width=\u00bb1\/2&#8243;][vc_single_image image=\u00bb4357&#8243; img_size=\u00bb800&#215;500&#8243;][\/vc_column][\/vc_row]<\/p>\n<\/div>","protected":false},"excerpt":{"rendered":"<p>[vc_row css=\u00bb.vc_custom_1677941530518{margin-top: 30px !important;padding-bottom: 10px !important;}\u00bb conditional_render=\u00bb%5B%7B%22value_role%22%3A%22administrator%22%7D%5D\u00bb][vc_column][vc_column_text] HORMIG\u00d3N AGR\u00cdCOLA Y GANADERO Las empresas dedicadas a la agricultura y la ganader\u00eda encuentran interesantes los bloques de construcci\u00f3n modulares porque pueden colocarse, quitarse y trasladarse f\u00e1cilmente. Utilizan losas de hormig\u00f3n para pavimentos y bloques de hormig\u00f3n para tabiques. Las losas de hormig\u00f3n tambi\u00e9n suelen llamarse losas industriales. [&hellip;]<\/p>\n","protected":false},"author":3,"featured_media":0,"parent":5932,"menu_order":0,"comment_status":"closed","ping_status":"closed","template":"","meta":{"footnotes":""},"class_list":["post-5941","page","type-page","status-publish","hentry"],"yoast_head":"<!-- This site is optimized with the Yoast SEO plugin v27.4 - https:\/\/yoast.com\/product\/yoast-seo-wordpress\/ -->\n<title>Moldes para losas y bloques de hormig\u00f3n para agricultura y ganader\u00eda - BETONMOULDS<\/title>\n<meta name=\"description\" content=\"Los elementos de construcci\u00f3n de hormig\u00f3n son ideales para granjas, almacenes, establos y fosas para ensilado y esti\u00e9rcol. En el cultivo y procesamiento de verduras y frutas las losas de hormig\u00f3n se han utilizado en los suelos industriales. Muchas zonas est\u00e1n provistas de pavimentos s\u00f3lidos, plazas de aparcamiento o caminos de uso intensivo dentro y alrededor de los invernaderos.Los bloques de hormig\u00f3n se utilizan para zonas de almacenamiento, barreras de seguridad, vallas, muros de contenci\u00f3n y muros de delimitaci\u00f3n.\" \/>\n<meta name=\"robots\" content=\"index, follow, max-snippet:-1, max-image-preview:large, max-video-preview:-1\" \/>\n<link rel=\"canonical\" href=\"https:\/\/www.betonmoulds.com\/es\/areas-de-uso\/hormigon-agricola-y-ganadero\/\" \/>\n<meta property=\"og:locale\" content=\"es_ES\" \/>\n<meta property=\"og:type\" content=\"article\" \/>\n<meta property=\"og:title\" content=\"Moldes para losas y bloques de hormig\u00f3n para agricultura y ganader\u00eda - BETONMOULDS\" \/>\n<meta property=\"og:description\" content=\"Los elementos de construcci\u00f3n de hormig\u00f3n son ideales para granjas, almacenes, establos y fosas para ensilado y esti\u00e9rcol. En el cultivo y procesamiento de verduras y frutas las losas de hormig\u00f3n se han utilizado en los suelos industriales. Muchas zonas est\u00e1n provistas de pavimentos s\u00f3lidos, plazas de aparcamiento o caminos de uso intensivo dentro y alrededor de los invernaderos.Los bloques de hormig\u00f3n se utilizan para zonas de almacenamiento, barreras de seguridad, vallas, muros de contenci\u00f3n y muros de delimitaci\u00f3n.\" \/>\n<meta property=\"og:url\" content=\"https:\/\/www.betonmoulds.com\/es\/areas-de-uso\/hormigon-agricola-y-ganadero\/\" \/>\n<meta property=\"og:site_name\" content=\"BETONMOULDS\" \/>\n<meta property=\"article:modified_time\" content=\"2024-02-23T14:29:48+00:00\" \/>\n<meta name=\"twitter:card\" content=\"summary_large_image\" \/>\n<meta name=\"twitter:label1\" content=\"Tiempo de lectura\" \/>\n\t<meta name=\"twitter:data1\" content=\"4 minutos\" \/>\n<script type=\"application\/ld+json\" class=\"yoast-schema-graph\">{\"@context\":\"https:\\\/\\\/schema.org\",\"@graph\":[{\"@type\":\"WebPage\",\"@id\":\"https:\\\/\\\/www.betonmoulds.com\\\/es\\\/areas-de-uso\\\/hormigon-agricola-y-ganadero\\\/\",\"url\":\"https:\\\/\\\/www.betonmoulds.com\\\/es\\\/areas-de-uso\\\/hormigon-agricola-y-ganadero\\\/\",\"name\":\"Moldes para losas y bloques de hormig\u00f3n para agricultura y ganader\u00eda - BETONMOULDS\",\"isPartOf\":{\"@id\":\"https:\\\/\\\/www.betonmoulds.com\\\/es\\\/#website\"},\"datePublished\":\"2023-02-21T15:58:32+00:00\",\"dateModified\":\"2024-02-23T14:29:48+00:00\",\"description\":\"Los elementos de construcci\u00f3n de hormig\u00f3n son ideales para granjas, almacenes, establos y fosas para ensilado y esti\u00e9rcol. En el cultivo y procesamiento de verduras y frutas las losas de hormig\u00f3n se han utilizado en los suelos industriales. Muchas zonas est\u00e1n provistas de pavimentos s\u00f3lidos, plazas de aparcamiento o caminos de uso intensivo dentro y alrededor de los invernaderos.Los bloques de hormig\u00f3n se utilizan para zonas de almacenamiento, barreras de seguridad, vallas, muros de contenci\u00f3n y muros de delimitaci\u00f3n.\",\"breadcrumb\":{\"@id\":\"https:\\\/\\\/www.betonmoulds.com\\\/es\\\/areas-de-uso\\\/hormigon-agricola-y-ganadero\\\/#breadcrumb\"},\"inLanguage\":\"es\",\"potentialAction\":[{\"@type\":\"ReadAction\",\"target\":[\"https:\\\/\\\/www.betonmoulds.com\\\/es\\\/areas-de-uso\\\/hormigon-agricola-y-ganadero\\\/\"]}]},{\"@type\":\"BreadcrumbList\",\"@id\":\"https:\\\/\\\/www.betonmoulds.com\\\/es\\\/areas-de-uso\\\/hormigon-agricola-y-ganadero\\\/#breadcrumb\",\"itemListElement\":[{\"@type\":\"ListItem\",\"position\":1,\"name\":\"Home\",\"item\":\"https:\\\/\\\/www.betonmoulds.com\\\/es\\\/\"},{\"@type\":\"ListItem\",\"position\":2,\"name\":\"\u00c1reas de uso\",\"item\":\"https:\\\/\\\/www.betonmoulds.com\\\/es\\\/ambiti-di-utilizzo\\\/\"},{\"@type\":\"ListItem\",\"position\":3,\"name\":\"Hormig\u00f3n agr\u00edcola y ganadero\"}]},{\"@type\":\"WebSite\",\"@id\":\"https:\\\/\\\/www.betonmoulds.com\\\/es\\\/#website\",\"url\":\"https:\\\/\\\/www.betonmoulds.com\\\/es\\\/\",\"name\":\"BETONMOULDS\",\"description\":\"Upcycle leftover concrete\",\"potentialAction\":[{\"@type\":\"SearchAction\",\"target\":{\"@type\":\"EntryPoint\",\"urlTemplate\":\"https:\\\/\\\/www.betonmoulds.com\\\/es\\\/?s={search_term_string}\"},\"query-input\":{\"@type\":\"PropertyValueSpecification\",\"valueRequired\":true,\"valueName\":\"search_term_string\"}}],\"inLanguage\":\"es\"}]}<\/script>\n<!-- \/ Yoast SEO plugin. -->","yoast_head_json":{"title":"Moldes para losas y bloques de hormig\u00f3n para agricultura y ganader\u00eda - BETONMOULDS","description":"Los elementos de construcci\u00f3n de hormig\u00f3n son ideales para granjas, almacenes, establos y fosas para ensilado y esti\u00e9rcol. En el cultivo y procesamiento de verduras y frutas las losas de hormig\u00f3n se han utilizado en los suelos industriales. Muchas zonas est\u00e1n provistas de pavimentos s\u00f3lidos, plazas de aparcamiento o caminos de uso intensivo dentro y alrededor de los invernaderos.Los bloques de hormig\u00f3n se utilizan para zonas de almacenamiento, barreras de seguridad, vallas, muros de contenci\u00f3n y muros de delimitaci\u00f3n.","robots":{"index":"index","follow":"follow","max-snippet":"max-snippet:-1","max-image-preview":"max-image-preview:large","max-video-preview":"max-video-preview:-1"},"canonical":"https:\/\/www.betonmoulds.com\/es\/areas-de-uso\/hormigon-agricola-y-ganadero\/","og_locale":"es_ES","og_type":"article","og_title":"Moldes para losas y bloques de hormig\u00f3n para agricultura y ganader\u00eda - BETONMOULDS","og_description":"Los elementos de construcci\u00f3n de hormig\u00f3n son ideales para granjas, almacenes, establos y fosas para ensilado y esti\u00e9rcol. En el cultivo y procesamiento de verduras y frutas las losas de hormig\u00f3n se han utilizado en los suelos industriales. Muchas zonas est\u00e1n provistas de pavimentos s\u00f3lidos, plazas de aparcamiento o caminos de uso intensivo dentro y alrededor de los invernaderos.Los bloques de hormig\u00f3n se utilizan para zonas de almacenamiento, barreras de seguridad, vallas, muros de contenci\u00f3n y muros de delimitaci\u00f3n.","og_url":"https:\/\/www.betonmoulds.com\/es\/areas-de-uso\/hormigon-agricola-y-ganadero\/","og_site_name":"BETONMOULDS","article_modified_time":"2024-02-23T14:29:48+00:00","twitter_card":"summary_large_image","twitter_misc":{"Tiempo de lectura":"4 minutos"},"schema":{"@context":"https:\/\/schema.org","@graph":[{"@type":"WebPage","@id":"https:\/\/www.betonmoulds.com\/es\/areas-de-uso\/hormigon-agricola-y-ganadero\/","url":"https:\/\/www.betonmoulds.com\/es\/areas-de-uso\/hormigon-agricola-y-ganadero\/","name":"Moldes para losas y bloques de hormig\u00f3n para agricultura y ganader\u00eda - BETONMOULDS","isPartOf":{"@id":"https:\/\/www.betonmoulds.com\/es\/#website"},"datePublished":"2023-02-21T15:58:32+00:00","dateModified":"2024-02-23T14:29:48+00:00","description":"Los elementos de construcci\u00f3n de hormig\u00f3n son ideales para granjas, almacenes, establos y fosas para ensilado y esti\u00e9rcol. En el cultivo y procesamiento de verduras y frutas las losas de hormig\u00f3n se han utilizado en los suelos industriales. Muchas zonas est\u00e1n provistas de pavimentos s\u00f3lidos, plazas de aparcamiento o caminos de uso intensivo dentro y alrededor de los invernaderos.Los bloques de hormig\u00f3n se utilizan para zonas de almacenamiento, barreras de seguridad, vallas, muros de contenci\u00f3n y muros de delimitaci\u00f3n.","breadcrumb":{"@id":"https:\/\/www.betonmoulds.com\/es\/areas-de-uso\/hormigon-agricola-y-ganadero\/#breadcrumb"},"inLanguage":"es","potentialAction":[{"@type":"ReadAction","target":["https:\/\/www.betonmoulds.com\/es\/areas-de-uso\/hormigon-agricola-y-ganadero\/"]}]},{"@type":"BreadcrumbList","@id":"https:\/\/www.betonmoulds.com\/es\/areas-de-uso\/hormigon-agricola-y-ganadero\/#breadcrumb","itemListElement":[{"@type":"ListItem","position":1,"name":"Home","item":"https:\/\/www.betonmoulds.com\/es\/"},{"@type":"ListItem","position":2,"name":"\u00c1reas de uso","item":"https:\/\/www.betonmoulds.com\/es\/ambiti-di-utilizzo\/"},{"@type":"ListItem","position":3,"name":"Hormig\u00f3n agr\u00edcola y ganadero"}]},{"@type":"WebSite","@id":"https:\/\/www.betonmoulds.com\/es\/#website","url":"https:\/\/www.betonmoulds.com\/es\/","name":"BETONMOULDS","description":"Upcycle leftover concrete","potentialAction":[{"@type":"SearchAction","target":{"@type":"EntryPoint","urlTemplate":"https:\/\/www.betonmoulds.com\/es\/?s={search_term_string}"},"query-input":{"@type":"PropertyValueSpecification","valueRequired":true,"valueName":"search_term_string"}}],"inLanguage":"es"}]}},"_links":{"self":[{"href":"https:\/\/www.betonmoulds.com\/es\/wp-json\/wp\/v2\/pages\/5941","targetHints":{"allow":["GET"]}}],"collection":[{"href":"https:\/\/www.betonmoulds.com\/es\/wp-json\/wp\/v2\/pages"}],"about":[{"href":"https:\/\/www.betonmoulds.com\/es\/wp-json\/wp\/v2\/types\/page"}],"author":[{"embeddable":true,"href":"https:\/\/www.betonmoulds.com\/es\/wp-json\/wp\/v2\/users\/3"}],"replies":[{"embeddable":true,"href":"https:\/\/www.betonmoulds.com\/es\/wp-json\/wp\/v2\/comments?post=5941"}],"version-history":[{"count":4,"href":"https:\/\/www.betonmoulds.com\/es\/wp-json\/wp\/v2\/pages\/5941\/revisions"}],"predecessor-version":[{"id":7999,"href":"https:\/\/www.betonmoulds.com\/es\/wp-json\/wp\/v2\/pages\/5941\/revisions\/7999"}],"up":[{"embeddable":true,"href":"https:\/\/www.betonmoulds.com\/es\/wp-json\/wp\/v2\/pages\/5932"}],"wp:attachment":[{"href":"https:\/\/www.betonmoulds.com\/es\/wp-json\/wp\/v2\/media?parent=5941"}],"curies":[{"name":"wp","href":"https:\/\/api.w.org\/{rel}","templated":true}]}}