{"id":9217,"date":"2024-05-20T10:06:59","date_gmt":"2024-05-20T10:06:59","guid":{"rendered":"https:\/\/www.betonmoulds.com\/product\/l-120-60-60\/"},"modified":"2026-03-19T15:17:37","modified_gmt":"2026-03-19T15:17:37","slug":"l-120-60-60","status":"publish","type":"product","link":"https:\/\/www.betonmoulds.com\/de\/product\/l-120-60-60\/","title":{"rendered":"Typ L Trennwand f\u00fcr Gussform 120-60-60"},"content":{"rendered":"","protected":false},"excerpt":{"rendered":"<p>Dieses Einsatzst\u00fcck ist ein einzigartiges patentiertes Produkt zur Herstellung von\u00a0\u00a0 \u00a0L-f\u00f6rmigen St\u00fctzmauer-Betonbl\u00f6cken. Keine kostenintensiven separaten Gussformen erforderlich. Es ist in Kombination mit unserer Basisgussform, zur Herstellung verschiedener Betonbl\u00f6cke, zu verwenden.<\/p>\n<p>Die Betonfertigteile der L-f\u00f6rmigen St\u00fctzmauer lassen sich unter Anwendung dieses Einsatzst\u00fccks auf einfache Weise produzieren. Platzieren Sie das Einsatzst\u00fcck in unsere <a href=\"https:\/\/www.betonmoulds.com\/de\/product\/bb-120-60-60-sn\/\"><strong>Basisgussform<\/strong><\/a> und nehmen Sie Ihre Produktion von St\u00fctzmauerbl\u00f6cken in Betrieb.<\/p>\n<p>Die L-f\u00f6rmigen Betonbl\u00f6cke sind f\u00fcr die Abst\u00fctzung von Materialien entwickelt und werden f\u00fcr Wandkonstruktionen angewendet.<\/p>\n<p>Eine L-f\u00f6rmige St\u00fctzmauer ist eine Betonfertigteilmauer, die mit einer auskragenden Konstruktion angefertigt ist. Die eingebettete Erde liegt auf dem Fundamentfu\u00df und verbessert die Qualit\u00e4tserhaltung des Bauwerks.<\/p>\n<p>Die Hauptaufgabe der St\u00fctzmauer besteht darin, dem seitlichen Druck zu widerstehen, der durch den in zwei unterschiedlichen H\u00f6hen gelagerten Erde entsteht. St\u00fctzw\u00e4nde dienen der seitlichen Abst\u00fctzung des Materials, sodass es auf beiden Seiten auf verschiedenen Ebenen beibehalten werden kann. Anwendbar f\u00fcr Industrie, Agrarwirtschaft, Tiefbau und Wohnungsbau. Eine Ideall\u00f6sung f\u00fcr Begrenzungslinien, Hochwasserschutzprojekte, landschaftsbauliche Eingriffe, St\u00fctzmauern f\u00fcr Stra\u00dfen und Infrastruktur, Grabensilos, Lagerbunker und Akustikschirme.<\/p>\n<p>Die Abmessungen der L-Bl\u00f6cke: 120 cm (langes Segment), 60 cm (kurzes Segment), 60 cm (Weite). Dicke 10 cm. F\u00fcr dieses Produkt ist ein <a href=\"https:\/\/www.betonmoulds.com\/de\/product\/l-150-60-60-ext\/\"><strong>Ansatzst\u00fcck<\/strong><\/a> zum Erreichen der Gesamtwandh\u00f6he von 1,5 Metern erh\u00e4ltlich.<\/p>\n","protected":false},"featured_media":8998,"template":"","meta":[],"product_brand":[],"product_cat":[318],"product_tag":[],"class_list":{"0":"post-9217","1":"product","2":"type-product","3":"status-publish","4":"has-post-thumbnail","6":"product_cat-einsatze-trennwande-stuetzwand","8":"first","9":"instock","10":"shipping-taxable","11":"purchasable","12":"product-type-simple"},"yoast_head":"<!-- This site is optimized with the Yoast SEO plugin v27.4 - https:\/\/yoast.com\/product\/yoast-seo-wordpress\/ -->\n<title>Betonform f\u00fcr St\u00fctzmauer Typ L 120-60-60 - BETONMOULDS<\/title>\n<meta name=\"robots\" content=\"index, follow, max-snippet:-1, max-image-preview:large, max-video-preview:-1\" \/>\n<link rel=\"canonical\" href=\"https:\/\/www.betonmoulds.com\/de\/product\/l-120-60-60\/\" \/>\n<meta property=\"og:locale\" content=\"de_DE\" \/>\n<meta property=\"og:type\" content=\"article\" \/>\n<meta property=\"og:title\" content=\"Betonform f\u00fcr St\u00fctzmauer Typ L 120-60-60 - BETONMOULDS\" \/>\n<meta property=\"og:description\" content=\"Dieses Einsatzst\u00fcck ist ein einzigartiges patentiertes Produkt zur Herstellung von\u00a0\u00a0 \u00a0L-f\u00f6rmigen St\u00fctzmauer-Betonbl\u00f6cken. Keine kostenintensiven separaten Gussformen erforderlich. Es ist in Kombination mit unserer Basisgussform, zur Herstellung verschiedener Betonbl\u00f6cke, zu verwenden.  Die Betonfertigteile der L-f\u00f6rmigen St\u00fctzmauer lassen sich unter Anwendung dieses Einsatzst\u00fccks auf einfache Weise produzieren. Platzieren Sie das Einsatzst\u00fcck in unsere Basisgussform und nehmen Sie Ihre Produktion von St\u00fctzmauerbl\u00f6cken in Betrieb.  Die L-f\u00f6rmigen Betonbl\u00f6cke sind f\u00fcr die Abst\u00fctzung von Materialien entwickelt und werden f\u00fcr Wandkonstruktionen angewendet.  Eine L-f\u00f6rmige St\u00fctzmauer ist eine Betonfertigteilmauer, die mit einer auskragenden Konstruktion angefertigt ist. Die eingebettete Erde liegt auf dem Fundamentfu\u00df und verbessert die Qualit\u00e4tserhaltung des Bauwerks.  Die Hauptaufgabe der St\u00fctzmauer besteht darin, dem seitlichen Druck zu widerstehen, der durch den in zwei unterschiedlichen H\u00f6hen gelagerten Erde entsteht. St\u00fctzw\u00e4nde dienen der seitlichen Abst\u00fctzung des Materials, sodass es auf beiden Seiten auf verschiedenen Ebenen beibehalten werden kann. Anwendbar f\u00fcr Industrie, Agrarwirtschaft, Tiefbau und Wohnungsbau. Eine Ideall\u00f6sung f\u00fcr Begrenzungslinien, Hochwasserschutzprojekte, landschaftsbauliche Eingriffe, St\u00fctzmauern f\u00fcr Stra\u00dfen und Infrastruktur, Grabensilos, Lagerbunker und Akustikschirme.  Die Abmessungen der L-Bl\u00f6cke: 120 cm (langes Segment), 60 cm (kurzes Segment), 60 cm (Weite). Dicke 10 cm. F\u00fcr dieses Produkt ist ein Ansatzst\u00fcck zum Erreichen der Gesamtwandh\u00f6he von 1,5 Metern erh\u00e4ltlich.\" \/>\n<meta property=\"og:url\" content=\"https:\/\/www.betonmoulds.com\/de\/product\/l-120-60-60\/\" \/>\n<meta property=\"og:site_name\" content=\"BETONMOULDS\" \/>\n<meta property=\"article:modified_time\" content=\"2026-03-19T15:17:37+00:00\" \/>\n<meta property=\"og:image\" content=\"https:\/\/www.betonmoulds.com\/wp-content\/uploads\/2024\/05\/L-120-60-60.jpg\" \/>\n\t<meta property=\"og:image:width\" content=\"900\" \/>\n\t<meta property=\"og:image:height\" content=\"900\" \/>\n\t<meta property=\"og:image:type\" content=\"image\/jpeg\" \/>\n<meta name=\"twitter:card\" content=\"summary_large_image\" \/>\n<meta name=\"twitter:label1\" content=\"Gesch\u00e4tzte Lesezeit\" \/>\n\t<meta name=\"twitter:data1\" content=\"1\u00a0Minute\" \/>\n<script type=\"application\/ld+json\" class=\"yoast-schema-graph\">{\"@context\":\"https:\\\/\\\/schema.org\",\"@graph\":[{\"@type\":\"WebPage\",\"@id\":\"https:\\\/\\\/www.betonmoulds.com\\\/de\\\/product\\\/l-120-60-60\\\/\",\"url\":\"https:\\\/\\\/www.betonmoulds.com\\\/de\\\/product\\\/l-120-60-60\\\/\",\"name\":\"Betonform f\u00fcr St\u00fctzmauer Typ L 120-60-60 - BETONMOULDS\",\"isPartOf\":{\"@id\":\"https:\\\/\\\/www.betonmoulds.com\\\/de\\\/#website\"},\"primaryImageOfPage\":{\"@id\":\"https:\\\/\\\/www.betonmoulds.com\\\/de\\\/product\\\/l-120-60-60\\\/#primaryimage\"},\"image\":{\"@id\":\"https:\\\/\\\/www.betonmoulds.com\\\/de\\\/product\\\/l-120-60-60\\\/#primaryimage\"},\"thumbnailUrl\":\"https:\\\/\\\/www.betonmoulds.com\\\/wp-content\\\/uploads\\\/2024\\\/05\\\/L-120-60-60.jpg\",\"datePublished\":\"2024-05-20T10:06:59+00:00\",\"dateModified\":\"2026-03-19T15:17:37+00:00\",\"breadcrumb\":{\"@id\":\"https:\\\/\\\/www.betonmoulds.com\\\/de\\\/product\\\/l-120-60-60\\\/#breadcrumb\"},\"inLanguage\":\"de\",\"potentialAction\":[{\"@type\":\"ReadAction\",\"target\":[\"https:\\\/\\\/www.betonmoulds.com\\\/de\\\/product\\\/l-120-60-60\\\/\"]}]},{\"@type\":\"ImageObject\",\"inLanguage\":\"de\",\"@id\":\"https:\\\/\\\/www.betonmoulds.com\\\/de\\\/product\\\/l-120-60-60\\\/#primaryimage\",\"url\":\"https:\\\/\\\/www.betonmoulds.com\\\/wp-content\\\/uploads\\\/2024\\\/05\\\/L-120-60-60.jpg\",\"contentUrl\":\"https:\\\/\\\/www.betonmoulds.com\\\/wp-content\\\/uploads\\\/2024\\\/05\\\/L-120-60-60.jpg\",\"width\":900,\"height\":900,\"caption\":\"Einsatz f\u00fcr St\u00fctzmauerschalung 120x60x60\"},{\"@type\":\"BreadcrumbList\",\"@id\":\"https:\\\/\\\/www.betonmoulds.com\\\/de\\\/product\\\/l-120-60-60\\\/#breadcrumb\",\"itemListElement\":[{\"@type\":\"ListItem\",\"position\":1,\"name\":\"Home\",\"item\":\"https:\\\/\\\/www.betonmoulds.com\\\/de\\\/\"},{\"@type\":\"ListItem\",\"position\":2,\"name\":\"Shop\",\"item\":\"https:\\\/\\\/www.betonmoulds.com\\\/de\\\/shop\\\/\"},{\"@type\":\"ListItem\",\"position\":3,\"name\":\"Typ L Trennwand f\u00fcr Gussform 120-60-60\"}]},{\"@type\":\"WebSite\",\"@id\":\"https:\\\/\\\/www.betonmoulds.com\\\/de\\\/#website\",\"url\":\"https:\\\/\\\/www.betonmoulds.com\\\/de\\\/\",\"name\":\"BETONMOULDS\",\"description\":\"Upcycle leftover concrete\",\"potentialAction\":[{\"@type\":\"SearchAction\",\"target\":{\"@type\":\"EntryPoint\",\"urlTemplate\":\"https:\\\/\\\/www.betonmoulds.com\\\/de\\\/?s={search_term_string}\"},\"query-input\":{\"@type\":\"PropertyValueSpecification\",\"valueRequired\":true,\"valueName\":\"search_term_string\"}}],\"inLanguage\":\"de\"}]}<\/script>\n<!-- \/ Yoast SEO plugin. -->","yoast_head_json":{"title":"Betonform f\u00fcr St\u00fctzmauer Typ L 120-60-60 - BETONMOULDS","robots":{"index":"index","follow":"follow","max-snippet":"max-snippet:-1","max-image-preview":"max-image-preview:large","max-video-preview":"max-video-preview:-1"},"canonical":"https:\/\/www.betonmoulds.com\/de\/product\/l-120-60-60\/","og_locale":"de_DE","og_type":"article","og_title":"Betonform f\u00fcr St\u00fctzmauer Typ L 120-60-60 - BETONMOULDS","og_description":"Dieses Einsatzst\u00fcck ist ein einzigartiges patentiertes Produkt zur Herstellung von\u00a0\u00a0 \u00a0L-f\u00f6rmigen St\u00fctzmauer-Betonbl\u00f6cken. Keine kostenintensiven separaten Gussformen erforderlich. Es ist in Kombination mit unserer Basisgussform, zur Herstellung verschiedener Betonbl\u00f6cke, zu verwenden.  Die Betonfertigteile der L-f\u00f6rmigen St\u00fctzmauer lassen sich unter Anwendung dieses Einsatzst\u00fccks auf einfache Weise produzieren. Platzieren Sie das Einsatzst\u00fcck in unsere Basisgussform und nehmen Sie Ihre Produktion von St\u00fctzmauerbl\u00f6cken in Betrieb.  Die L-f\u00f6rmigen Betonbl\u00f6cke sind f\u00fcr die Abst\u00fctzung von Materialien entwickelt und werden f\u00fcr Wandkonstruktionen angewendet.  Eine L-f\u00f6rmige St\u00fctzmauer ist eine Betonfertigteilmauer, die mit einer auskragenden Konstruktion angefertigt ist. Die eingebettete Erde liegt auf dem Fundamentfu\u00df und verbessert die Qualit\u00e4tserhaltung des Bauwerks.  Die Hauptaufgabe der St\u00fctzmauer besteht darin, dem seitlichen Druck zu widerstehen, der durch den in zwei unterschiedlichen H\u00f6hen gelagerten Erde entsteht. St\u00fctzw\u00e4nde dienen der seitlichen Abst\u00fctzung des Materials, sodass es auf beiden Seiten auf verschiedenen Ebenen beibehalten werden kann. Anwendbar f\u00fcr Industrie, Agrarwirtschaft, Tiefbau und Wohnungsbau. Eine Ideall\u00f6sung f\u00fcr Begrenzungslinien, Hochwasserschutzprojekte, landschaftsbauliche Eingriffe, St\u00fctzmauern f\u00fcr Stra\u00dfen und Infrastruktur, Grabensilos, Lagerbunker und Akustikschirme.  Die Abmessungen der L-Bl\u00f6cke: 120 cm (langes Segment), 60 cm (kurzes Segment), 60 cm (Weite). Dicke 10 cm. F\u00fcr dieses Produkt ist ein Ansatzst\u00fcck zum Erreichen der Gesamtwandh\u00f6he von 1,5 Metern erh\u00e4ltlich.","og_url":"https:\/\/www.betonmoulds.com\/de\/product\/l-120-60-60\/","og_site_name":"BETONMOULDS","article_modified_time":"2026-03-19T15:17:37+00:00","og_image":[{"width":900,"height":900,"url":"https:\/\/www.betonmoulds.com\/wp-content\/uploads\/2024\/05\/L-120-60-60.jpg","type":"image\/jpeg"}],"twitter_card":"summary_large_image","twitter_misc":{"Gesch\u00e4tzte Lesezeit":"1\u00a0Minute"},"schema":{"@context":"https:\/\/schema.org","@graph":[{"@type":"WebPage","@id":"https:\/\/www.betonmoulds.com\/de\/product\/l-120-60-60\/","url":"https:\/\/www.betonmoulds.com\/de\/product\/l-120-60-60\/","name":"Betonform f\u00fcr St\u00fctzmauer Typ L 120-60-60 - BETONMOULDS","isPartOf":{"@id":"https:\/\/www.betonmoulds.com\/de\/#website"},"primaryImageOfPage":{"@id":"https:\/\/www.betonmoulds.com\/de\/product\/l-120-60-60\/#primaryimage"},"image":{"@id":"https:\/\/www.betonmoulds.com\/de\/product\/l-120-60-60\/#primaryimage"},"thumbnailUrl":"https:\/\/www.betonmoulds.com\/wp-content\/uploads\/2024\/05\/L-120-60-60.jpg","datePublished":"2024-05-20T10:06:59+00:00","dateModified":"2026-03-19T15:17:37+00:00","breadcrumb":{"@id":"https:\/\/www.betonmoulds.com\/de\/product\/l-120-60-60\/#breadcrumb"},"inLanguage":"de","potentialAction":[{"@type":"ReadAction","target":["https:\/\/www.betonmoulds.com\/de\/product\/l-120-60-60\/"]}]},{"@type":"ImageObject","inLanguage":"de","@id":"https:\/\/www.betonmoulds.com\/de\/product\/l-120-60-60\/#primaryimage","url":"https:\/\/www.betonmoulds.com\/wp-content\/uploads\/2024\/05\/L-120-60-60.jpg","contentUrl":"https:\/\/www.betonmoulds.com\/wp-content\/uploads\/2024\/05\/L-120-60-60.jpg","width":900,"height":900,"caption":"Einsatz f\u00fcr St\u00fctzmauerschalung 120x60x60"},{"@type":"BreadcrumbList","@id":"https:\/\/www.betonmoulds.com\/de\/product\/l-120-60-60\/#breadcrumb","itemListElement":[{"@type":"ListItem","position":1,"name":"Home","item":"https:\/\/www.betonmoulds.com\/de\/"},{"@type":"ListItem","position":2,"name":"Shop","item":"https:\/\/www.betonmoulds.com\/de\/shop\/"},{"@type":"ListItem","position":3,"name":"Typ L Trennwand f\u00fcr Gussform 120-60-60"}]},{"@type":"WebSite","@id":"https:\/\/www.betonmoulds.com\/de\/#website","url":"https:\/\/www.betonmoulds.com\/de\/","name":"BETONMOULDS","description":"Upcycle leftover concrete","potentialAction":[{"@type":"SearchAction","target":{"@type":"EntryPoint","urlTemplate":"https:\/\/www.betonmoulds.com\/de\/?s={search_term_string}"},"query-input":{"@type":"PropertyValueSpecification","valueRequired":true,"valueName":"search_term_string"}}],"inLanguage":"de"}]}},"_links":{"self":[{"href":"https:\/\/www.betonmoulds.com\/de\/wp-json\/wp\/v2\/product\/9217","targetHints":{"allow":["GET"]}}],"collection":[{"href":"https:\/\/www.betonmoulds.com\/de\/wp-json\/wp\/v2\/product"}],"about":[{"href":"https:\/\/www.betonmoulds.com\/de\/wp-json\/wp\/v2\/types\/product"}],"wp:featuredmedia":[{"embeddable":true,"href":"https:\/\/www.betonmoulds.com\/de\/wp-json\/wp\/v2\/media\/8998"}],"wp:attachment":[{"href":"https:\/\/www.betonmoulds.com\/de\/wp-json\/wp\/v2\/media?parent=9217"}],"wp:term":[{"taxonomy":"product_brand","embeddable":true,"href":"https:\/\/www.betonmoulds.com\/de\/wp-json\/wp\/v2\/product_brand?post=9217"},{"taxonomy":"product_cat","embeddable":true,"href":"https:\/\/www.betonmoulds.com\/de\/wp-json\/wp\/v2\/product_cat?post=9217"},{"taxonomy":"product_tag","embeddable":true,"href":"https:\/\/www.betonmoulds.com\/de\/wp-json\/wp\/v2\/product_tag?post=9217"}],"curies":[{"name":"wp","href":"https:\/\/api.w.org\/{rel}","templated":true}]}}