{"id":9032,"date":"2024-05-21T08:03:56","date_gmt":"2024-05-21T08:03:56","guid":{"rendered":"https:\/\/www.betonmoulds.com\/product\/ec-180-60-60\/"},"modified":"2026-03-19T15:17:36","modified_gmt":"2026-03-19T15:17:36","slug":"ec-180-60-60","status":"publish","type":"product","link":"https:\/\/www.betonmoulds.com\/de\/product\/ec-180-60-60\/","title":{"rendered":"Sessel Einsatz betongussform 180-60-60"},"content":{"rendered":"","protected":false},"excerpt":{"rendered":"<p>Der \u201eEasy chair\u201c ist f\u00fcr die Gestaltung von Sitzpl\u00e4tzen im Freiluftbereich in st\u00e4dtischen Bereichen oder bei Events ideal geeignet und l\u00e4sst sich zur Aufbewahrung aufeinanderstapeln. Durch die Verwendung dieses Einsatzst\u00fcckes in der Betongussform ben\u00f6tigen Sie f\u00fcr die Herstellung dieser Betonblockform keine separate Gussform. Dies er\u00f6ffnet weitere M\u00f6glichkeiten sowie die Freiheit, verschiedene Blockformen mit einer minimalen Anzahl von Gussformteilen zu produzieren. Lehnen Sie sich entspannt zur\u00fcck!<\/p>\n<p>Der Sesseleinsatz sollte immer in Kombination mit dem <a href=\"https:\/\/www.betonmoulds.com\/de\/product\/ft-180-60\/\"><strong>Flache Deckplatte Einsatz<\/strong><\/a>\u00a0verwendet werden. Sollten Sie diesen nicht besitzen, k\u00f6nnen Sie diesen separat erwerben. Dann k\u00f6nnen Sie sowohl diese sch\u00f6nen Sessel als auch Betonbl\u00f6cke mit einer flachen Oberfl\u00e4che herstellen.<\/p>\n","protected":false},"featured_media":9027,"template":"","meta":[],"product_brand":[],"product_cat":[575],"product_tag":[],"class_list":{"0":"post-9032","1":"product","2":"type-product","3":"status-publish","4":"has-post-thumbnail","6":"product_cat-sessel","8":"first","9":"instock","10":"shipping-taxable","11":"purchasable","12":"product-type-simple"},"yoast_head":"<!-- This site is optimized with the Yoast SEO plugin v27.4 - https:\/\/yoast.com\/product\/yoast-seo-wordpress\/ -->\n<title>Form f\u00fcr Sessel \/ Bank aus Beton 180-60-60 - BETONMOULDS<\/title>\n<meta name=\"robots\" content=\"index, follow, max-snippet:-1, max-image-preview:large, max-video-preview:-1\" \/>\n<link rel=\"canonical\" href=\"https:\/\/www.betonmoulds.com\/de\/product\/ec-180-60-60\/\" \/>\n<meta property=\"og:locale\" content=\"de_DE\" \/>\n<meta property=\"og:type\" content=\"article\" \/>\n<meta property=\"og:title\" content=\"Form f\u00fcr Sessel \/ Bank aus Beton 180-60-60 - BETONMOULDS\" \/>\n<meta property=\"og:description\" content=\"Der \u201eEasy chair\u201c ist f\u00fcr die Gestaltung von Sitzpl\u00e4tzen im Freiluftbereich in st\u00e4dtischen Bereichen oder bei Events ideal geeignet und l\u00e4sst sich zur Aufbewahrung aufeinanderstapeln. Durch die Verwendung dieses Einsatzst\u00fcckes in der Betongussform ben\u00f6tigen Sie f\u00fcr die Herstellung dieser Betonblockform keine separate Gussform. Dies er\u00f6ffnet weitere M\u00f6glichkeiten sowie die Freiheit, verschiedene Blockformen mit einer minimalen Anzahl von Gussformteilen zu produzieren. Lehnen Sie sich entspannt zur\u00fcck!  Der Sesseleinsatz sollte immer in Kombination mit dem Flache Deckplatte Einsatz\u00a0verwendet werden. Sollten Sie diesen nicht besitzen, k\u00f6nnen Sie diesen separat erwerben. Dann k\u00f6nnen Sie sowohl diese sch\u00f6nen Sessel als auch Betonbl\u00f6cke mit einer flachen Oberfl\u00e4che herstellen.\" \/>\n<meta property=\"og:url\" content=\"https:\/\/www.betonmoulds.com\/de\/product\/ec-180-60-60\/\" \/>\n<meta property=\"og:site_name\" content=\"BETONMOULDS\" \/>\n<meta property=\"article:modified_time\" content=\"2026-03-19T15:17:36+00:00\" \/>\n<meta property=\"og:image\" content=\"https:\/\/www.betonmoulds.com\/wp-content\/uploads\/2024\/05\/SS-180-60.jpg\" \/>\n\t<meta property=\"og:image:width\" content=\"900\" \/>\n\t<meta property=\"og:image:height\" content=\"900\" \/>\n\t<meta property=\"og:image:type\" content=\"image\/jpeg\" \/>\n<meta name=\"twitter:card\" content=\"summary_large_image\" \/>\n<meta name=\"twitter:label1\" content=\"Gesch\u00e4tzte Lesezeit\" \/>\n\t<meta name=\"twitter:data1\" content=\"1\u00a0Minute\" \/>\n<script type=\"application\/ld+json\" class=\"yoast-schema-graph\">{\"@context\":\"https:\\\/\\\/schema.org\",\"@graph\":[{\"@type\":\"WebPage\",\"@id\":\"https:\\\/\\\/www.betonmoulds.com\\\/de\\\/product\\\/ec-180-60-60\\\/\",\"url\":\"https:\\\/\\\/www.betonmoulds.com\\\/de\\\/product\\\/ec-180-60-60\\\/\",\"name\":\"Form f\u00fcr Sessel \\\/ Bank aus Beton 180-60-60 - BETONMOULDS\",\"isPartOf\":{\"@id\":\"https:\\\/\\\/www.betonmoulds.com\\\/de\\\/#website\"},\"primaryImageOfPage\":{\"@id\":\"https:\\\/\\\/www.betonmoulds.com\\\/de\\\/product\\\/ec-180-60-60\\\/#primaryimage\"},\"image\":{\"@id\":\"https:\\\/\\\/www.betonmoulds.com\\\/de\\\/product\\\/ec-180-60-60\\\/#primaryimage\"},\"thumbnailUrl\":\"https:\\\/\\\/www.betonmoulds.com\\\/wp-content\\\/uploads\\\/2024\\\/05\\\/SS-180-60.jpg\",\"datePublished\":\"2024-05-21T08:03:56+00:00\",\"dateModified\":\"2026-03-19T15:17:36+00:00\",\"breadcrumb\":{\"@id\":\"https:\\\/\\\/www.betonmoulds.com\\\/de\\\/product\\\/ec-180-60-60\\\/#breadcrumb\"},\"inLanguage\":\"de\",\"potentialAction\":[{\"@type\":\"ReadAction\",\"target\":[\"https:\\\/\\\/www.betonmoulds.com\\\/de\\\/product\\\/ec-180-60-60\\\/\"]}]},{\"@type\":\"ImageObject\",\"inLanguage\":\"de\",\"@id\":\"https:\\\/\\\/www.betonmoulds.com\\\/de\\\/product\\\/ec-180-60-60\\\/#primaryimage\",\"url\":\"https:\\\/\\\/www.betonmoulds.com\\\/wp-content\\\/uploads\\\/2024\\\/05\\\/SS-180-60.jpg\",\"contentUrl\":\"https:\\\/\\\/www.betonmoulds.com\\\/wp-content\\\/uploads\\\/2024\\\/05\\\/SS-180-60.jpg\",\"width\":900,\"height\":900,\"caption\":\"Form f\u00fcr Sofasitz \\\/ Bank aus Beton\"},{\"@type\":\"BreadcrumbList\",\"@id\":\"https:\\\/\\\/www.betonmoulds.com\\\/de\\\/product\\\/ec-180-60-60\\\/#breadcrumb\",\"itemListElement\":[{\"@type\":\"ListItem\",\"position\":1,\"name\":\"Home\",\"item\":\"https:\\\/\\\/www.betonmoulds.com\\\/de\\\/\"},{\"@type\":\"ListItem\",\"position\":2,\"name\":\"Shop\",\"item\":\"https:\\\/\\\/www.betonmoulds.com\\\/de\\\/shop\\\/\"},{\"@type\":\"ListItem\",\"position\":3,\"name\":\"Sessel Einsatz betongussform 180-60-60\"}]},{\"@type\":\"WebSite\",\"@id\":\"https:\\\/\\\/www.betonmoulds.com\\\/de\\\/#website\",\"url\":\"https:\\\/\\\/www.betonmoulds.com\\\/de\\\/\",\"name\":\"BETONMOULDS\",\"description\":\"Upcycle leftover concrete\",\"potentialAction\":[{\"@type\":\"SearchAction\",\"target\":{\"@type\":\"EntryPoint\",\"urlTemplate\":\"https:\\\/\\\/www.betonmoulds.com\\\/de\\\/?s={search_term_string}\"},\"query-input\":{\"@type\":\"PropertyValueSpecification\",\"valueRequired\":true,\"valueName\":\"search_term_string\"}}],\"inLanguage\":\"de\"}]}<\/script>\n<!-- \/ Yoast SEO plugin. -->","yoast_head_json":{"title":"Form f\u00fcr Sessel \/ Bank aus Beton 180-60-60 - BETONMOULDS","robots":{"index":"index","follow":"follow","max-snippet":"max-snippet:-1","max-image-preview":"max-image-preview:large","max-video-preview":"max-video-preview:-1"},"canonical":"https:\/\/www.betonmoulds.com\/de\/product\/ec-180-60-60\/","og_locale":"de_DE","og_type":"article","og_title":"Form f\u00fcr Sessel \/ Bank aus Beton 180-60-60 - BETONMOULDS","og_description":"Der \u201eEasy chair\u201c ist f\u00fcr die Gestaltung von Sitzpl\u00e4tzen im Freiluftbereich in st\u00e4dtischen Bereichen oder bei Events ideal geeignet und l\u00e4sst sich zur Aufbewahrung aufeinanderstapeln. Durch die Verwendung dieses Einsatzst\u00fcckes in der Betongussform ben\u00f6tigen Sie f\u00fcr die Herstellung dieser Betonblockform keine separate Gussform. Dies er\u00f6ffnet weitere M\u00f6glichkeiten sowie die Freiheit, verschiedene Blockformen mit einer minimalen Anzahl von Gussformteilen zu produzieren. Lehnen Sie sich entspannt zur\u00fcck!  Der Sesseleinsatz sollte immer in Kombination mit dem Flache Deckplatte Einsatz\u00a0verwendet werden. Sollten Sie diesen nicht besitzen, k\u00f6nnen Sie diesen separat erwerben. Dann k\u00f6nnen Sie sowohl diese sch\u00f6nen Sessel als auch Betonbl\u00f6cke mit einer flachen Oberfl\u00e4che herstellen.","og_url":"https:\/\/www.betonmoulds.com\/de\/product\/ec-180-60-60\/","og_site_name":"BETONMOULDS","article_modified_time":"2026-03-19T15:17:36+00:00","og_image":[{"width":900,"height":900,"url":"https:\/\/www.betonmoulds.com\/wp-content\/uploads\/2024\/05\/SS-180-60.jpg","type":"image\/jpeg"}],"twitter_card":"summary_large_image","twitter_misc":{"Gesch\u00e4tzte Lesezeit":"1\u00a0Minute"},"schema":{"@context":"https:\/\/schema.org","@graph":[{"@type":"WebPage","@id":"https:\/\/www.betonmoulds.com\/de\/product\/ec-180-60-60\/","url":"https:\/\/www.betonmoulds.com\/de\/product\/ec-180-60-60\/","name":"Form f\u00fcr Sessel \/ Bank aus Beton 180-60-60 - BETONMOULDS","isPartOf":{"@id":"https:\/\/www.betonmoulds.com\/de\/#website"},"primaryImageOfPage":{"@id":"https:\/\/www.betonmoulds.com\/de\/product\/ec-180-60-60\/#primaryimage"},"image":{"@id":"https:\/\/www.betonmoulds.com\/de\/product\/ec-180-60-60\/#primaryimage"},"thumbnailUrl":"https:\/\/www.betonmoulds.com\/wp-content\/uploads\/2024\/05\/SS-180-60.jpg","datePublished":"2024-05-21T08:03:56+00:00","dateModified":"2026-03-19T15:17:36+00:00","breadcrumb":{"@id":"https:\/\/www.betonmoulds.com\/de\/product\/ec-180-60-60\/#breadcrumb"},"inLanguage":"de","potentialAction":[{"@type":"ReadAction","target":["https:\/\/www.betonmoulds.com\/de\/product\/ec-180-60-60\/"]}]},{"@type":"ImageObject","inLanguage":"de","@id":"https:\/\/www.betonmoulds.com\/de\/product\/ec-180-60-60\/#primaryimage","url":"https:\/\/www.betonmoulds.com\/wp-content\/uploads\/2024\/05\/SS-180-60.jpg","contentUrl":"https:\/\/www.betonmoulds.com\/wp-content\/uploads\/2024\/05\/SS-180-60.jpg","width":900,"height":900,"caption":"Form f\u00fcr Sofasitz \/ Bank aus Beton"},{"@type":"BreadcrumbList","@id":"https:\/\/www.betonmoulds.com\/de\/product\/ec-180-60-60\/#breadcrumb","itemListElement":[{"@type":"ListItem","position":1,"name":"Home","item":"https:\/\/www.betonmoulds.com\/de\/"},{"@type":"ListItem","position":2,"name":"Shop","item":"https:\/\/www.betonmoulds.com\/de\/shop\/"},{"@type":"ListItem","position":3,"name":"Sessel Einsatz betongussform 180-60-60"}]},{"@type":"WebSite","@id":"https:\/\/www.betonmoulds.com\/de\/#website","url":"https:\/\/www.betonmoulds.com\/de\/","name":"BETONMOULDS","description":"Upcycle leftover concrete","potentialAction":[{"@type":"SearchAction","target":{"@type":"EntryPoint","urlTemplate":"https:\/\/www.betonmoulds.com\/de\/?s={search_term_string}"},"query-input":{"@type":"PropertyValueSpecification","valueRequired":true,"valueName":"search_term_string"}}],"inLanguage":"de"}]}},"_links":{"self":[{"href":"https:\/\/www.betonmoulds.com\/de\/wp-json\/wp\/v2\/product\/9032","targetHints":{"allow":["GET"]}}],"collection":[{"href":"https:\/\/www.betonmoulds.com\/de\/wp-json\/wp\/v2\/product"}],"about":[{"href":"https:\/\/www.betonmoulds.com\/de\/wp-json\/wp\/v2\/types\/product"}],"wp:featuredmedia":[{"embeddable":true,"href":"https:\/\/www.betonmoulds.com\/de\/wp-json\/wp\/v2\/media\/9027"}],"wp:attachment":[{"href":"https:\/\/www.betonmoulds.com\/de\/wp-json\/wp\/v2\/media?parent=9032"}],"wp:term":[{"taxonomy":"product_brand","embeddable":true,"href":"https:\/\/www.betonmoulds.com\/de\/wp-json\/wp\/v2\/product_brand?post=9032"},{"taxonomy":"product_cat","embeddable":true,"href":"https:\/\/www.betonmoulds.com\/de\/wp-json\/wp\/v2\/product_cat?post=9032"},{"taxonomy":"product_tag","embeddable":true,"href":"https:\/\/www.betonmoulds.com\/de\/wp-json\/wp\/v2\/product_tag?post=9032"}],"curies":[{"name":"wp","href":"https:\/\/api.w.org\/{rel}","templated":true}]}}