{"id":7695,"date":"2024-01-15T19:12:11","date_gmt":"2024-01-15T19:12:11","guid":{"rendered":"https:\/\/www.betonmoulds.com\/product\/blt\/"},"modified":"2026-03-19T15:15:34","modified_gmt":"2026-03-19T15:15:34","slug":"blt","status":"publish","type":"product","link":"https:\/\/www.betonmoulds.com\/de\/product\/blt\/","title":{"rendered":"Betonblockwender"},"content":{"rendered":"","protected":false},"excerpt":{"rendered":"<p>Ineinandergreifende Betonbl\u00f6cke werden in Seitenlage gegossen. Mit dieser Maschine lassen sich die Betonbl\u00f6cke auf einfache Weise um 90 Grad verkanten, um sie in eine aufrechte Position zu bringen. Der Maschinist benutzt die Fernbedienung und die Block-Hebe-Rotatorklemme verkantet den Block.<\/p>\n<p>Das Hydrauliksystem der Maschine wird elektrisch betrieben und ist als Maschine, die der Maschinenrichtlinien entspricht, einzigartig.<\/p>\n<p>Die Maschine ist nicht nur in der Lage gro\u00dfe Betonbl\u00f6cke, wie sie auf dem Markt zu finden sind, zu verkanten, sondern bietet auch die Flexibilit\u00e4t kleinere Betonbl\u00f6cke ebenso einfach zu verkanten.<\/p>\n<p>Der Maschinist hat lediglich die Aufgabe, den Block auf eine sichere, niedrige H\u00f6he anzuheben, damit er auf die Maschine platziert werden kann. Somit behalten Sie den \u00dcberblick beim Transport und beim Aufsetzen der schweren Betonbl\u00f6cke auf die Maschine.<\/p>\n<p>Eine Block-Hebe-Rotatorklemme bietet eine effizientere und kontrollierte Vorgehensweise, zur sicheren Handhabung schwerer Betonbl\u00f6cke, ohne diese zu besch\u00e4digen. Es tr\u00e4gt zur Verringerung des Arbeitsaufwands bei und erh\u00f6ht die Sicherheit bei der Handhabung gro\u00dfer und schwerer Betonbl\u00f6cke. Mit dieser sicheren Vorrichtung behalten Sie beim Platzieren und beim Verkanten von Betonbl\u00f6cken unterschiedlicher Gr\u00f6\u00dfen den vollst\u00e4ndigen \u00dcberblick.<\/p>\n<p><strong>Maximale Kapazit\u00e4t<\/strong>: 3000 kg<br \/>\n<strong>Maximale Blockbreite und -h\u00f6he<\/strong>: 80 cm<\/p>\n","protected":false},"featured_media":8280,"template":"","meta":[],"product_brand":[],"product_cat":[378],"product_tag":[],"class_list":{"0":"post-7695","1":"product","2":"type-product","3":"status-publish","4":"has-post-thumbnail","6":"product_cat-transport-betonblocke","8":"first","9":"instock","10":"shipping-taxable","11":"purchasable","12":"product-type-simple"},"yoast_head":"<!-- This site is optimized with the Yoast SEO plugin v27.4 - https:\/\/yoast.com\/product\/yoast-seo-wordpress\/ -->\n<title>Betonblockwender - BETONMOULDS<\/title>\n<meta name=\"robots\" content=\"index, follow, max-snippet:-1, max-image-preview:large, max-video-preview:-1\" \/>\n<link rel=\"canonical\" href=\"https:\/\/www.betonmoulds.com\/de\/product\/blt\/\" \/>\n<meta property=\"og:locale\" content=\"de_DE\" \/>\n<meta property=\"og:type\" content=\"article\" \/>\n<meta property=\"og:title\" content=\"Betonblockwender - BETONMOULDS\" \/>\n<meta property=\"og:description\" content=\"Ineinandergreifende Betonbl\u00f6cke werden in Seitenlage gegossen. Mit dieser Maschine lassen sich die Betonbl\u00f6cke auf einfache Weise um 90 Grad verkanten, um sie in eine aufrechte Position zu bringen. Der Maschinist benutzt die Fernbedienung und die Block-Hebe-Rotatorklemme verkantet den Block.  Das Hydrauliksystem der Maschine wird elektrisch betrieben und ist als Maschine, die der Maschinenrichtlinien entspricht, einzigartig.  Die Maschine ist nicht nur in der Lage gro\u00dfe Betonbl\u00f6cke, wie sie auf dem Markt zu finden sind, zu verkanten, sondern bietet auch die Flexibilit\u00e4t kleinere Betonbl\u00f6cke ebenso einfach zu verkanten.  Der Maschinist hat lediglich die Aufgabe, den Block auf eine sichere, niedrige H\u00f6he anzuheben, damit er auf die Maschine platziert werden kann. Somit behalten Sie den \u00dcberblick beim Transport und beim Aufsetzen der schweren Betonbl\u00f6cke auf die Maschine.  Eine Block-Hebe-Rotatorklemme bietet eine effizientere und kontrollierte Vorgehensweise, zur sicheren Handhabung schwerer Betonbl\u00f6cke, ohne diese zu besch\u00e4digen. Es tr\u00e4gt zur Verringerung des Arbeitsaufwands bei und erh\u00f6ht die Sicherheit bei der Handhabung gro\u00dfer und schwerer Betonbl\u00f6cke. Mit dieser sicheren Vorrichtung behalten Sie beim Platzieren und beim Verkanten von Betonbl\u00f6cken unterschiedlicher Gr\u00f6\u00dfen den vollst\u00e4ndigen \u00dcberblick.  Maximale Kapazit\u00e4t: 3000 kg Maximale Blockbreite und -h\u00f6he: 80 cm\" \/>\n<meta property=\"og:url\" content=\"https:\/\/www.betonmoulds.com\/de\/product\/blt\/\" \/>\n<meta property=\"og:site_name\" content=\"BETONMOULDS\" \/>\n<meta property=\"article:modified_time\" content=\"2026-03-19T15:15:34+00:00\" \/>\n<meta property=\"og:image\" content=\"https:\/\/www.betonmoulds.com\/wp-content\/uploads\/2024\/01\/Concrete-Lego-Block-Lift-Turn-device.jpg\" \/>\n\t<meta property=\"og:image:width\" content=\"900\" \/>\n\t<meta property=\"og:image:height\" content=\"900\" \/>\n\t<meta property=\"og:image:type\" content=\"image\/jpeg\" \/>\n<meta name=\"twitter:card\" content=\"summary_large_image\" \/>\n<meta name=\"twitter:label1\" content=\"Gesch\u00e4tzte Lesezeit\" \/>\n\t<meta name=\"twitter:data1\" content=\"1\u00a0Minute\" \/>\n<script type=\"application\/ld+json\" class=\"yoast-schema-graph\">{\"@context\":\"https:\\\/\\\/schema.org\",\"@graph\":[{\"@type\":\"WebPage\",\"@id\":\"https:\\\/\\\/www.betonmoulds.com\\\/de\\\/product\\\/blt\\\/\",\"url\":\"https:\\\/\\\/www.betonmoulds.com\\\/de\\\/product\\\/blt\\\/\",\"name\":\"Betonblockwender - BETONMOULDS\",\"isPartOf\":{\"@id\":\"https:\\\/\\\/www.betonmoulds.com\\\/de\\\/#website\"},\"primaryImageOfPage\":{\"@id\":\"https:\\\/\\\/www.betonmoulds.com\\\/de\\\/product\\\/blt\\\/#primaryimage\"},\"image\":{\"@id\":\"https:\\\/\\\/www.betonmoulds.com\\\/de\\\/product\\\/blt\\\/#primaryimage\"},\"thumbnailUrl\":\"https:\\\/\\\/www.betonmoulds.com\\\/wp-content\\\/uploads\\\/2024\\\/01\\\/Concrete-Lego-Block-Lift-Turn-device.jpg\",\"datePublished\":\"2024-01-15T19:12:11+00:00\",\"dateModified\":\"2026-03-19T15:15:34+00:00\",\"breadcrumb\":{\"@id\":\"https:\\\/\\\/www.betonmoulds.com\\\/de\\\/product\\\/blt\\\/#breadcrumb\"},\"inLanguage\":\"de\",\"potentialAction\":[{\"@type\":\"ReadAction\",\"target\":[\"https:\\\/\\\/www.betonmoulds.com\\\/de\\\/product\\\/blt\\\/\"]}]},{\"@type\":\"ImageObject\",\"inLanguage\":\"de\",\"@id\":\"https:\\\/\\\/www.betonmoulds.com\\\/de\\\/product\\\/blt\\\/#primaryimage\",\"url\":\"https:\\\/\\\/www.betonmoulds.com\\\/wp-content\\\/uploads\\\/2024\\\/01\\\/Concrete-Lego-Block-Lift-Turn-device.jpg\",\"contentUrl\":\"https:\\\/\\\/www.betonmoulds.com\\\/wp-content\\\/uploads\\\/2024\\\/01\\\/Concrete-Lego-Block-Lift-Turn-device.jpg\",\"width\":900,\"height\":900,\"caption\":\"Block-Hebe-Rotatorklemme\"},{\"@type\":\"BreadcrumbList\",\"@id\":\"https:\\\/\\\/www.betonmoulds.com\\\/de\\\/product\\\/blt\\\/#breadcrumb\",\"itemListElement\":[{\"@type\":\"ListItem\",\"position\":1,\"name\":\"Home\",\"item\":\"https:\\\/\\\/www.betonmoulds.com\\\/de\\\/\"},{\"@type\":\"ListItem\",\"position\":2,\"name\":\"Shop\",\"item\":\"https:\\\/\\\/www.betonmoulds.com\\\/de\\\/shop\\\/\"},{\"@type\":\"ListItem\",\"position\":3,\"name\":\"Betonblockwender\"}]},{\"@type\":\"WebSite\",\"@id\":\"https:\\\/\\\/www.betonmoulds.com\\\/de\\\/#website\",\"url\":\"https:\\\/\\\/www.betonmoulds.com\\\/de\\\/\",\"name\":\"BETONMOULDS\",\"description\":\"Upcycle leftover concrete\",\"potentialAction\":[{\"@type\":\"SearchAction\",\"target\":{\"@type\":\"EntryPoint\",\"urlTemplate\":\"https:\\\/\\\/www.betonmoulds.com\\\/de\\\/?s={search_term_string}\"},\"query-input\":{\"@type\":\"PropertyValueSpecification\",\"valueRequired\":true,\"valueName\":\"search_term_string\"}}],\"inLanguage\":\"de\"}]}<\/script>\n<!-- \/ Yoast SEO plugin. -->","yoast_head_json":{"title":"Betonblockwender - BETONMOULDS","robots":{"index":"index","follow":"follow","max-snippet":"max-snippet:-1","max-image-preview":"max-image-preview:large","max-video-preview":"max-video-preview:-1"},"canonical":"https:\/\/www.betonmoulds.com\/de\/product\/blt\/","og_locale":"de_DE","og_type":"article","og_title":"Betonblockwender - BETONMOULDS","og_description":"Ineinandergreifende Betonbl\u00f6cke werden in Seitenlage gegossen. Mit dieser Maschine lassen sich die Betonbl\u00f6cke auf einfache Weise um 90 Grad verkanten, um sie in eine aufrechte Position zu bringen. Der Maschinist benutzt die Fernbedienung und die Block-Hebe-Rotatorklemme verkantet den Block.  Das Hydrauliksystem der Maschine wird elektrisch betrieben und ist als Maschine, die der Maschinenrichtlinien entspricht, einzigartig.  Die Maschine ist nicht nur in der Lage gro\u00dfe Betonbl\u00f6cke, wie sie auf dem Markt zu finden sind, zu verkanten, sondern bietet auch die Flexibilit\u00e4t kleinere Betonbl\u00f6cke ebenso einfach zu verkanten.  Der Maschinist hat lediglich die Aufgabe, den Block auf eine sichere, niedrige H\u00f6he anzuheben, damit er auf die Maschine platziert werden kann. Somit behalten Sie den \u00dcberblick beim Transport und beim Aufsetzen der schweren Betonbl\u00f6cke auf die Maschine.  Eine Block-Hebe-Rotatorklemme bietet eine effizientere und kontrollierte Vorgehensweise, zur sicheren Handhabung schwerer Betonbl\u00f6cke, ohne diese zu besch\u00e4digen. Es tr\u00e4gt zur Verringerung des Arbeitsaufwands bei und erh\u00f6ht die Sicherheit bei der Handhabung gro\u00dfer und schwerer Betonbl\u00f6cke. Mit dieser sicheren Vorrichtung behalten Sie beim Platzieren und beim Verkanten von Betonbl\u00f6cken unterschiedlicher Gr\u00f6\u00dfen den vollst\u00e4ndigen \u00dcberblick.  Maximale Kapazit\u00e4t: 3000 kg Maximale Blockbreite und -h\u00f6he: 80 cm","og_url":"https:\/\/www.betonmoulds.com\/de\/product\/blt\/","og_site_name":"BETONMOULDS","article_modified_time":"2026-03-19T15:15:34+00:00","og_image":[{"width":900,"height":900,"url":"https:\/\/www.betonmoulds.com\/wp-content\/uploads\/2024\/01\/Concrete-Lego-Block-Lift-Turn-device.jpg","type":"image\/jpeg"}],"twitter_card":"summary_large_image","twitter_misc":{"Gesch\u00e4tzte Lesezeit":"1\u00a0Minute"},"schema":{"@context":"https:\/\/schema.org","@graph":[{"@type":"WebPage","@id":"https:\/\/www.betonmoulds.com\/de\/product\/blt\/","url":"https:\/\/www.betonmoulds.com\/de\/product\/blt\/","name":"Betonblockwender - BETONMOULDS","isPartOf":{"@id":"https:\/\/www.betonmoulds.com\/de\/#website"},"primaryImageOfPage":{"@id":"https:\/\/www.betonmoulds.com\/de\/product\/blt\/#primaryimage"},"image":{"@id":"https:\/\/www.betonmoulds.com\/de\/product\/blt\/#primaryimage"},"thumbnailUrl":"https:\/\/www.betonmoulds.com\/wp-content\/uploads\/2024\/01\/Concrete-Lego-Block-Lift-Turn-device.jpg","datePublished":"2024-01-15T19:12:11+00:00","dateModified":"2026-03-19T15:15:34+00:00","breadcrumb":{"@id":"https:\/\/www.betonmoulds.com\/de\/product\/blt\/#breadcrumb"},"inLanguage":"de","potentialAction":[{"@type":"ReadAction","target":["https:\/\/www.betonmoulds.com\/de\/product\/blt\/"]}]},{"@type":"ImageObject","inLanguage":"de","@id":"https:\/\/www.betonmoulds.com\/de\/product\/blt\/#primaryimage","url":"https:\/\/www.betonmoulds.com\/wp-content\/uploads\/2024\/01\/Concrete-Lego-Block-Lift-Turn-device.jpg","contentUrl":"https:\/\/www.betonmoulds.com\/wp-content\/uploads\/2024\/01\/Concrete-Lego-Block-Lift-Turn-device.jpg","width":900,"height":900,"caption":"Block-Hebe-Rotatorklemme"},{"@type":"BreadcrumbList","@id":"https:\/\/www.betonmoulds.com\/de\/product\/blt\/#breadcrumb","itemListElement":[{"@type":"ListItem","position":1,"name":"Home","item":"https:\/\/www.betonmoulds.com\/de\/"},{"@type":"ListItem","position":2,"name":"Shop","item":"https:\/\/www.betonmoulds.com\/de\/shop\/"},{"@type":"ListItem","position":3,"name":"Betonblockwender"}]},{"@type":"WebSite","@id":"https:\/\/www.betonmoulds.com\/de\/#website","url":"https:\/\/www.betonmoulds.com\/de\/","name":"BETONMOULDS","description":"Upcycle leftover concrete","potentialAction":[{"@type":"SearchAction","target":{"@type":"EntryPoint","urlTemplate":"https:\/\/www.betonmoulds.com\/de\/?s={search_term_string}"},"query-input":{"@type":"PropertyValueSpecification","valueRequired":true,"valueName":"search_term_string"}}],"inLanguage":"de"}]}},"_links":{"self":[{"href":"https:\/\/www.betonmoulds.com\/de\/wp-json\/wp\/v2\/product\/7695","targetHints":{"allow":["GET"]}}],"collection":[{"href":"https:\/\/www.betonmoulds.com\/de\/wp-json\/wp\/v2\/product"}],"about":[{"href":"https:\/\/www.betonmoulds.com\/de\/wp-json\/wp\/v2\/types\/product"}],"wp:featuredmedia":[{"embeddable":true,"href":"https:\/\/www.betonmoulds.com\/de\/wp-json\/wp\/v2\/media\/8280"}],"wp:attachment":[{"href":"https:\/\/www.betonmoulds.com\/de\/wp-json\/wp\/v2\/media?parent=7695"}],"wp:term":[{"taxonomy":"product_brand","embeddable":true,"href":"https:\/\/www.betonmoulds.com\/de\/wp-json\/wp\/v2\/product_brand?post=7695"},{"taxonomy":"product_cat","embeddable":true,"href":"https:\/\/www.betonmoulds.com\/de\/wp-json\/wp\/v2\/product_cat?post=7695"},{"taxonomy":"product_tag","embeddable":true,"href":"https:\/\/www.betonmoulds.com\/de\/wp-json\/wp\/v2\/product_tag?post=7695"}],"curies":[{"name":"wp","href":"https:\/\/api.w.org\/{rel}","templated":true}]}}