{"id":7584,"date":"2024-01-15T16:43:00","date_gmt":"2024-01-15T16:43:00","guid":{"rendered":"https:\/\/www.betonmoulds.com\/product\/jb-fl-xw\/"},"modified":"2026-03-19T15:16:56","modified_gmt":"2026-03-19T15:16:56","slug":"jb-fl-xw","status":"publish","type":"product","link":"https:\/\/www.betonmoulds.com\/de\/product\/jb-fl-xw\/","title":{"rendered":"Jersey Gabelstapler XL Aussparung f\u00fcr Gussform"},"content":{"rendered":"","protected":false},"excerpt":{"rendered":"<p>Verwenden Sie diese extrabreiten Gabelstapler-Slots in Kombination mit unserem <a href=\"https:\/\/www.betonmoulds.com\/de\/product\/jb-160-80-80\/\"><strong>Jersey-Barrieren-Einsatz<\/strong><\/a> und der Basisgussform. Einfache Installation und Deinstallation.<\/p>\n<p>Die Gabelstapler-Aussparungen (Knockouts) in den Jersey Barriere-Bl\u00f6cken sind so gestaltet, dass die Barrieren mithilfe eines Gabelstaplers einfach zu platzieren und zu bewegen sind. Die breiteren L\u00f6cher erleichtern sogar das Platzieren der Gabeln. Diese Aussparungen sind \u00d6ffnungen oder Hohlr\u00e4ume in den Barrieren, die es erm\u00f6glichen, die Gabeln eines Gabelstaplers unter die Barriere einzuschieben. Hierdurch wird das Anheben, das Transportieren und das Positionieren der Jersey-Barrieren erleichtert.<\/p>\n<p>Die Nutzung von Gabelstapleraussparrungen in Jersey-Barriere-Bl\u00f6cken strafft den Installationsprozess, erm\u00f6glicht sicheres Heben, reduziert den Bedarf an zus\u00e4tzlicher Ausr\u00fcstung und erh\u00f6ht die Gesamteffizienz.<\/p>\n","protected":false},"featured_media":7690,"template":"","meta":[],"product_brand":[],"product_cat":[315,385],"product_tag":[],"class_list":{"0":"post-7584","1":"product","2":"type-product","3":"status-publish","4":"has-post-thumbnail","6":"product_cat-einsatze-trennwande-jersey","7":"product_cat-gabelstapler-aussparungen","9":"first","10":"instock","11":"shipping-taxable","12":"purchasable","13":"product-type-simple"},"yoast_head":"<!-- This site is optimized with the Yoast SEO plugin v27.4 - https:\/\/yoast.com\/product\/yoast-seo-wordpress\/ -->\n<title>Jersey Gabelstapler XL Aussparung f\u00fcr Gussform - BETONMOULDS<\/title>\n<meta name=\"robots\" content=\"index, follow, max-snippet:-1, max-image-preview:large, max-video-preview:-1\" \/>\n<link rel=\"canonical\" href=\"https:\/\/www.betonmoulds.com\/de\/product\/jb-fl-xw\/\" \/>\n<meta property=\"og:locale\" content=\"de_DE\" \/>\n<meta property=\"og:type\" content=\"article\" \/>\n<meta property=\"og:title\" content=\"Jersey Gabelstapler XL Aussparung f\u00fcr Gussform - BETONMOULDS\" \/>\n<meta property=\"og:description\" content=\"Verwenden Sie diese extrabreiten Gabelstapler-Slots in Kombination mit unserem Jersey-Barrieren-Einsatz und der Basisgussform. Einfache Installation und Deinstallation.  Die Gabelstapler-Aussparungen (Knockouts) in den Jersey Barriere-Bl\u00f6cken sind so gestaltet, dass die Barrieren mithilfe eines Gabelstaplers einfach zu platzieren und zu bewegen sind. Die breiteren L\u00f6cher erleichtern sogar das Platzieren der Gabeln. Diese Aussparungen sind \u00d6ffnungen oder Hohlr\u00e4ume in den Barrieren, die es erm\u00f6glichen, die Gabeln eines Gabelstaplers unter die Barriere einzuschieben. Hierdurch wird das Anheben, das Transportieren und das Positionieren der Jersey-Barrieren erleichtert.  Die Nutzung von Gabelstapleraussparrungen in Jersey-Barriere-Bl\u00f6cken strafft den Installationsprozess, erm\u00f6glicht sicheres Heben, reduziert den Bedarf an zus\u00e4tzlicher Ausr\u00fcstung und erh\u00f6ht die Gesamteffizienz.\" \/>\n<meta property=\"og:url\" content=\"https:\/\/www.betonmoulds.com\/de\/product\/jb-fl-xw\/\" \/>\n<meta property=\"og:site_name\" content=\"BETONMOULDS\" \/>\n<meta property=\"article:modified_time\" content=\"2026-03-19T15:16:56+00:00\" \/>\n<meta property=\"og:image\" content=\"https:\/\/www.betonmoulds.com\/wp-content\/uploads\/2024\/01\/JB-FL-XW2.jpg\" \/>\n\t<meta property=\"og:image:width\" content=\"900\" \/>\n\t<meta property=\"og:image:height\" content=\"900\" \/>\n\t<meta property=\"og:image:type\" content=\"image\/jpeg\" \/>\n<meta name=\"twitter:card\" content=\"summary_large_image\" \/>\n<meta name=\"twitter:label1\" content=\"Gesch\u00e4tzte Lesezeit\" \/>\n\t<meta name=\"twitter:data1\" content=\"1\u00a0Minute\" \/>\n<script type=\"application\/ld+json\" class=\"yoast-schema-graph\">{\"@context\":\"https:\\\/\\\/schema.org\",\"@graph\":[{\"@type\":\"WebPage\",\"@id\":\"https:\\\/\\\/www.betonmoulds.com\\\/de\\\/product\\\/jb-fl-xw\\\/\",\"url\":\"https:\\\/\\\/www.betonmoulds.com\\\/de\\\/product\\\/jb-fl-xw\\\/\",\"name\":\"Jersey Gabelstapler XL Aussparung f\u00fcr Gussform - BETONMOULDS\",\"isPartOf\":{\"@id\":\"https:\\\/\\\/www.betonmoulds.com\\\/de\\\/#website\"},\"primaryImageOfPage\":{\"@id\":\"https:\\\/\\\/www.betonmoulds.com\\\/de\\\/product\\\/jb-fl-xw\\\/#primaryimage\"},\"image\":{\"@id\":\"https:\\\/\\\/www.betonmoulds.com\\\/de\\\/product\\\/jb-fl-xw\\\/#primaryimage\"},\"thumbnailUrl\":\"https:\\\/\\\/www.betonmoulds.com\\\/wp-content\\\/uploads\\\/2024\\\/01\\\/JB-FL-XW2.jpg\",\"datePublished\":\"2024-01-15T16:43:00+00:00\",\"dateModified\":\"2026-03-19T15:16:56+00:00\",\"breadcrumb\":{\"@id\":\"https:\\\/\\\/www.betonmoulds.com\\\/de\\\/product\\\/jb-fl-xw\\\/#breadcrumb\"},\"inLanguage\":\"de\",\"potentialAction\":[{\"@type\":\"ReadAction\",\"target\":[\"https:\\\/\\\/www.betonmoulds.com\\\/de\\\/product\\\/jb-fl-xw\\\/\"]}]},{\"@type\":\"ImageObject\",\"inLanguage\":\"de\",\"@id\":\"https:\\\/\\\/www.betonmoulds.com\\\/de\\\/product\\\/jb-fl-xw\\\/#primaryimage\",\"url\":\"https:\\\/\\\/www.betonmoulds.com\\\/wp-content\\\/uploads\\\/2024\\\/01\\\/JB-FL-XW2.jpg\",\"contentUrl\":\"https:\\\/\\\/www.betonmoulds.com\\\/wp-content\\\/uploads\\\/2024\\\/01\\\/JB-FL-XW2.jpg\",\"width\":900,\"height\":900,\"caption\":\"Jersey-Barriere, breiter Gabelstapler-Einsatz\"},{\"@type\":\"BreadcrumbList\",\"@id\":\"https:\\\/\\\/www.betonmoulds.com\\\/de\\\/product\\\/jb-fl-xw\\\/#breadcrumb\",\"itemListElement\":[{\"@type\":\"ListItem\",\"position\":1,\"name\":\"Home\",\"item\":\"https:\\\/\\\/www.betonmoulds.com\\\/de\\\/\"},{\"@type\":\"ListItem\",\"position\":2,\"name\":\"Shop\",\"item\":\"https:\\\/\\\/www.betonmoulds.com\\\/de\\\/shop\\\/\"},{\"@type\":\"ListItem\",\"position\":3,\"name\":\"Jersey Gabelstapler XL Aussparung f\u00fcr Gussform\"}]},{\"@type\":\"WebSite\",\"@id\":\"https:\\\/\\\/www.betonmoulds.com\\\/de\\\/#website\",\"url\":\"https:\\\/\\\/www.betonmoulds.com\\\/de\\\/\",\"name\":\"BETONMOULDS\",\"description\":\"Upcycle leftover concrete\",\"potentialAction\":[{\"@type\":\"SearchAction\",\"target\":{\"@type\":\"EntryPoint\",\"urlTemplate\":\"https:\\\/\\\/www.betonmoulds.com\\\/de\\\/?s={search_term_string}\"},\"query-input\":{\"@type\":\"PropertyValueSpecification\",\"valueRequired\":true,\"valueName\":\"search_term_string\"}}],\"inLanguage\":\"de\"}]}<\/script>\n<!-- \/ Yoast SEO plugin. -->","yoast_head_json":{"title":"Jersey Gabelstapler XL Aussparung f\u00fcr Gussform - BETONMOULDS","robots":{"index":"index","follow":"follow","max-snippet":"max-snippet:-1","max-image-preview":"max-image-preview:large","max-video-preview":"max-video-preview:-1"},"canonical":"https:\/\/www.betonmoulds.com\/de\/product\/jb-fl-xw\/","og_locale":"de_DE","og_type":"article","og_title":"Jersey Gabelstapler XL Aussparung f\u00fcr Gussform - BETONMOULDS","og_description":"Verwenden Sie diese extrabreiten Gabelstapler-Slots in Kombination mit unserem Jersey-Barrieren-Einsatz und der Basisgussform. Einfache Installation und Deinstallation.  Die Gabelstapler-Aussparungen (Knockouts) in den Jersey Barriere-Bl\u00f6cken sind so gestaltet, dass die Barrieren mithilfe eines Gabelstaplers einfach zu platzieren und zu bewegen sind. Die breiteren L\u00f6cher erleichtern sogar das Platzieren der Gabeln. Diese Aussparungen sind \u00d6ffnungen oder Hohlr\u00e4ume in den Barrieren, die es erm\u00f6glichen, die Gabeln eines Gabelstaplers unter die Barriere einzuschieben. Hierdurch wird das Anheben, das Transportieren und das Positionieren der Jersey-Barrieren erleichtert.  Die Nutzung von Gabelstapleraussparrungen in Jersey-Barriere-Bl\u00f6cken strafft den Installationsprozess, erm\u00f6glicht sicheres Heben, reduziert den Bedarf an zus\u00e4tzlicher Ausr\u00fcstung und erh\u00f6ht die Gesamteffizienz.","og_url":"https:\/\/www.betonmoulds.com\/de\/product\/jb-fl-xw\/","og_site_name":"BETONMOULDS","article_modified_time":"2026-03-19T15:16:56+00:00","og_image":[{"width":900,"height":900,"url":"https:\/\/www.betonmoulds.com\/wp-content\/uploads\/2024\/01\/JB-FL-XW2.jpg","type":"image\/jpeg"}],"twitter_card":"summary_large_image","twitter_misc":{"Gesch\u00e4tzte Lesezeit":"1\u00a0Minute"},"schema":{"@context":"https:\/\/schema.org","@graph":[{"@type":"WebPage","@id":"https:\/\/www.betonmoulds.com\/de\/product\/jb-fl-xw\/","url":"https:\/\/www.betonmoulds.com\/de\/product\/jb-fl-xw\/","name":"Jersey Gabelstapler XL Aussparung f\u00fcr Gussform - BETONMOULDS","isPartOf":{"@id":"https:\/\/www.betonmoulds.com\/de\/#website"},"primaryImageOfPage":{"@id":"https:\/\/www.betonmoulds.com\/de\/product\/jb-fl-xw\/#primaryimage"},"image":{"@id":"https:\/\/www.betonmoulds.com\/de\/product\/jb-fl-xw\/#primaryimage"},"thumbnailUrl":"https:\/\/www.betonmoulds.com\/wp-content\/uploads\/2024\/01\/JB-FL-XW2.jpg","datePublished":"2024-01-15T16:43:00+00:00","dateModified":"2026-03-19T15:16:56+00:00","breadcrumb":{"@id":"https:\/\/www.betonmoulds.com\/de\/product\/jb-fl-xw\/#breadcrumb"},"inLanguage":"de","potentialAction":[{"@type":"ReadAction","target":["https:\/\/www.betonmoulds.com\/de\/product\/jb-fl-xw\/"]}]},{"@type":"ImageObject","inLanguage":"de","@id":"https:\/\/www.betonmoulds.com\/de\/product\/jb-fl-xw\/#primaryimage","url":"https:\/\/www.betonmoulds.com\/wp-content\/uploads\/2024\/01\/JB-FL-XW2.jpg","contentUrl":"https:\/\/www.betonmoulds.com\/wp-content\/uploads\/2024\/01\/JB-FL-XW2.jpg","width":900,"height":900,"caption":"Jersey-Barriere, breiter Gabelstapler-Einsatz"},{"@type":"BreadcrumbList","@id":"https:\/\/www.betonmoulds.com\/de\/product\/jb-fl-xw\/#breadcrumb","itemListElement":[{"@type":"ListItem","position":1,"name":"Home","item":"https:\/\/www.betonmoulds.com\/de\/"},{"@type":"ListItem","position":2,"name":"Shop","item":"https:\/\/www.betonmoulds.com\/de\/shop\/"},{"@type":"ListItem","position":3,"name":"Jersey Gabelstapler XL Aussparung f\u00fcr Gussform"}]},{"@type":"WebSite","@id":"https:\/\/www.betonmoulds.com\/de\/#website","url":"https:\/\/www.betonmoulds.com\/de\/","name":"BETONMOULDS","description":"Upcycle leftover concrete","potentialAction":[{"@type":"SearchAction","target":{"@type":"EntryPoint","urlTemplate":"https:\/\/www.betonmoulds.com\/de\/?s={search_term_string}"},"query-input":{"@type":"PropertyValueSpecification","valueRequired":true,"valueName":"search_term_string"}}],"inLanguage":"de"}]}},"_links":{"self":[{"href":"https:\/\/www.betonmoulds.com\/de\/wp-json\/wp\/v2\/product\/7584","targetHints":{"allow":["GET"]}}],"collection":[{"href":"https:\/\/www.betonmoulds.com\/de\/wp-json\/wp\/v2\/product"}],"about":[{"href":"https:\/\/www.betonmoulds.com\/de\/wp-json\/wp\/v2\/types\/product"}],"wp:featuredmedia":[{"embeddable":true,"href":"https:\/\/www.betonmoulds.com\/de\/wp-json\/wp\/v2\/media\/7690"}],"wp:attachment":[{"href":"https:\/\/www.betonmoulds.com\/de\/wp-json\/wp\/v2\/media?parent=7584"}],"wp:term":[{"taxonomy":"product_brand","embeddable":true,"href":"https:\/\/www.betonmoulds.com\/de\/wp-json\/wp\/v2\/product_brand?post=7584"},{"taxonomy":"product_cat","embeddable":true,"href":"https:\/\/www.betonmoulds.com\/de\/wp-json\/wp\/v2\/product_cat?post=7584"},{"taxonomy":"product_tag","embeddable":true,"href":"https:\/\/www.betonmoulds.com\/de\/wp-json\/wp\/v2\/product_tag?post=7584"}],"curies":[{"name":"wp","href":"https:\/\/api.w.org\/{rel}","templated":true}]}}