{"id":7572,"date":"2024-01-15T16:20:31","date_gmt":"2024-01-15T16:20:31","guid":{"rendered":"https:\/\/www.betonmoulds.com\/product\/bm-ct-2000-1300\/"},"modified":"2026-03-19T15:16:46","modified_gmt":"2026-03-19T15:16:46","slug":"ct-200-130","status":"publish","type":"product","link":"https:\/\/www.betonmoulds.com\/de\/product\/ct-200-130\/","title":{"rendered":"Gie\u00dftisch 200"},"content":{"rendered":"","protected":false},"excerpt":{"rendered":"<p>Der Betongie\u00dftisch erm\u00f6glicht es, beim Eingie\u00dfen des Betons in Gussformen glatte Erzeugnisse zu erzielen. Zur Schaffung einer perfekt ebenen Oberfl\u00e4che verf\u00fcgt der Tisch \u00fcber Verstellf\u00fc\u00dfe an verschiedenen Stellen. Bestens geeignet f\u00fcr schwere Betonbl\u00f6cke. Der robuste Stahltisch kann mit einem Gabelstapler oder Palettenhubwagen angehoben werden.<\/p>\n<p>Die Abmessung dieses Tisches betr\u00e4gt 200 x 130 cm und ist somit f\u00fcr Gussformen bis zu 160 x 80 x 80 cm geeignet. F\u00fcr l\u00e4ngere Gussformen bis zu 180 x 60 x 60 cm bieten wir <a href=\"https:\/\/www.betonmoulds.com\/de\/product\/ct-220-110\/\"><strong>einen 220 x 110 cm gro\u00dfen Tisch<\/strong><\/a> an.<\/p>\n","protected":false},"featured_media":7713,"template":"","meta":[],"product_brand":[],"product_cat":[310,324,328],"product_tag":[],"class_list":{"0":"post-7572","1":"product","2":"type-product","3":"status-publish","4":"has-post-thumbnail","6":"product_cat-zubehor-blocke","7":"product_cat-zubehor-jersey","8":"product_cat-zubehor-stuetzwand","10":"first","11":"instock","12":"shipping-taxable","13":"purchasable","14":"product-type-simple"},"yoast_head":"<!-- This site is optimized with the Yoast SEO plugin v27.4 - https:\/\/yoast.com\/product\/yoast-seo-wordpress\/ -->\n<title>Gie\u00dftisch 200 - BETONMOULDS<\/title>\n<meta name=\"robots\" content=\"index, follow, max-snippet:-1, max-image-preview:large, max-video-preview:-1\" \/>\n<link rel=\"canonical\" href=\"https:\/\/www.betonmoulds.com\/de\/product\/ct-200-130\/\" \/>\n<meta property=\"og:locale\" content=\"de_DE\" \/>\n<meta property=\"og:type\" content=\"article\" \/>\n<meta property=\"og:title\" content=\"Gie\u00dftisch 200 - BETONMOULDS\" \/>\n<meta property=\"og:description\" content=\"Der Betongie\u00dftisch erm\u00f6glicht es, beim Eingie\u00dfen des Betons in Gussformen glatte Erzeugnisse zu erzielen. Zur Schaffung einer perfekt ebenen Oberfl\u00e4che verf\u00fcgt der Tisch \u00fcber Verstellf\u00fc\u00dfe an verschiedenen Stellen. Bestens geeignet f\u00fcr schwere Betonbl\u00f6cke. Der robuste Stahltisch kann mit einem Gabelstapler oder Palettenhubwagen angehoben werden.  Die Abmessung dieses Tisches betr\u00e4gt 200 x 130 cm und ist somit f\u00fcr Gussformen bis zu 160 x 80 x 80 cm geeignet. F\u00fcr l\u00e4ngere Gussformen bis zu 180 x 60 x 60 cm bieten wir einen 220 x 110 cm gro\u00dfen Tisch an.\" \/>\n<meta property=\"og:url\" content=\"https:\/\/www.betonmoulds.com\/de\/product\/ct-200-130\/\" \/>\n<meta property=\"og:site_name\" content=\"BETONMOULDS\" \/>\n<meta property=\"article:modified_time\" content=\"2026-03-19T15:16:46+00:00\" \/>\n<meta name=\"twitter:card\" content=\"summary_large_image\" \/>\n<script type=\"application\/ld+json\" class=\"yoast-schema-graph\">{\"@context\":\"https:\\\/\\\/schema.org\",\"@graph\":[{\"@type\":\"WebPage\",\"@id\":\"https:\\\/\\\/www.betonmoulds.com\\\/de\\\/product\\\/ct-200-130\\\/\",\"url\":\"https:\\\/\\\/www.betonmoulds.com\\\/de\\\/product\\\/ct-200-130\\\/\",\"name\":\"Gie\u00dftisch 200 - BETONMOULDS\",\"isPartOf\":{\"@id\":\"https:\\\/\\\/www.betonmoulds.com\\\/de\\\/#website\"},\"primaryImageOfPage\":{\"@id\":\"https:\\\/\\\/www.betonmoulds.com\\\/de\\\/product\\\/ct-200-130\\\/#primaryimage\"},\"image\":{\"@id\":\"https:\\\/\\\/www.betonmoulds.com\\\/de\\\/product\\\/ct-200-130\\\/#primaryimage\"},\"thumbnailUrl\":\"https:\\\/\\\/www.betonmoulds.com\\\/wp-content\\\/uploads\\\/2024\\\/01\\\/Casting-table-200x130_-Betonmoulds.jpg\",\"datePublished\":\"2024-01-15T16:20:31+00:00\",\"dateModified\":\"2026-03-19T15:16:46+00:00\",\"breadcrumb\":{\"@id\":\"https:\\\/\\\/www.betonmoulds.com\\\/de\\\/product\\\/ct-200-130\\\/#breadcrumb\"},\"inLanguage\":\"de\",\"potentialAction\":[{\"@type\":\"ReadAction\",\"target\":[\"https:\\\/\\\/www.betonmoulds.com\\\/de\\\/product\\\/ct-200-130\\\/\"]}]},{\"@type\":\"ImageObject\",\"inLanguage\":\"de\",\"@id\":\"https:\\\/\\\/www.betonmoulds.com\\\/de\\\/product\\\/ct-200-130\\\/#primaryimage\",\"url\":\"https:\\\/\\\/www.betonmoulds.com\\\/wp-content\\\/uploads\\\/2024\\\/01\\\/Casting-table-200x130_-Betonmoulds.jpg\",\"contentUrl\":\"https:\\\/\\\/www.betonmoulds.com\\\/wp-content\\\/uploads\\\/2024\\\/01\\\/Casting-table-200x130_-Betonmoulds.jpg\",\"width\":900,\"height\":900,\"caption\":\"Gie\u00dftisch f\u00fcr Betonsteine 200x130\"},{\"@type\":\"BreadcrumbList\",\"@id\":\"https:\\\/\\\/www.betonmoulds.com\\\/de\\\/product\\\/ct-200-130\\\/#breadcrumb\",\"itemListElement\":[{\"@type\":\"ListItem\",\"position\":1,\"name\":\"Home\",\"item\":\"https:\\\/\\\/www.betonmoulds.com\\\/de\\\/\"},{\"@type\":\"ListItem\",\"position\":2,\"name\":\"Shop\",\"item\":\"https:\\\/\\\/www.betonmoulds.com\\\/de\\\/shop\\\/\"},{\"@type\":\"ListItem\",\"position\":3,\"name\":\"Gie\u00dftisch 200\"}]},{\"@type\":\"WebSite\",\"@id\":\"https:\\\/\\\/www.betonmoulds.com\\\/de\\\/#website\",\"url\":\"https:\\\/\\\/www.betonmoulds.com\\\/de\\\/\",\"name\":\"BETONMOULDS\",\"description\":\"Upcycle leftover concrete\",\"potentialAction\":[{\"@type\":\"SearchAction\",\"target\":{\"@type\":\"EntryPoint\",\"urlTemplate\":\"https:\\\/\\\/www.betonmoulds.com\\\/de\\\/?s={search_term_string}\"},\"query-input\":{\"@type\":\"PropertyValueSpecification\",\"valueRequired\":true,\"valueName\":\"search_term_string\"}}],\"inLanguage\":\"de\"}]}<\/script>\n<!-- \/ Yoast SEO plugin. -->","yoast_head_json":{"title":"Gie\u00dftisch 200 - BETONMOULDS","robots":{"index":"index","follow":"follow","max-snippet":"max-snippet:-1","max-image-preview":"max-image-preview:large","max-video-preview":"max-video-preview:-1"},"canonical":"https:\/\/www.betonmoulds.com\/de\/product\/ct-200-130\/","og_locale":"de_DE","og_type":"article","og_title":"Gie\u00dftisch 200 - BETONMOULDS","og_description":"Der Betongie\u00dftisch erm\u00f6glicht es, beim Eingie\u00dfen des Betons in Gussformen glatte Erzeugnisse zu erzielen. Zur Schaffung einer perfekt ebenen Oberfl\u00e4che verf\u00fcgt der Tisch \u00fcber Verstellf\u00fc\u00dfe an verschiedenen Stellen. Bestens geeignet f\u00fcr schwere Betonbl\u00f6cke. Der robuste Stahltisch kann mit einem Gabelstapler oder Palettenhubwagen angehoben werden.  Die Abmessung dieses Tisches betr\u00e4gt 200 x 130 cm und ist somit f\u00fcr Gussformen bis zu 160 x 80 x 80 cm geeignet. F\u00fcr l\u00e4ngere Gussformen bis zu 180 x 60 x 60 cm bieten wir einen 220 x 110 cm gro\u00dfen Tisch an.","og_url":"https:\/\/www.betonmoulds.com\/de\/product\/ct-200-130\/","og_site_name":"BETONMOULDS","article_modified_time":"2026-03-19T15:16:46+00:00","twitter_card":"summary_large_image","schema":{"@context":"https:\/\/schema.org","@graph":[{"@type":"WebPage","@id":"https:\/\/www.betonmoulds.com\/de\/product\/ct-200-130\/","url":"https:\/\/www.betonmoulds.com\/de\/product\/ct-200-130\/","name":"Gie\u00dftisch 200 - BETONMOULDS","isPartOf":{"@id":"https:\/\/www.betonmoulds.com\/de\/#website"},"primaryImageOfPage":{"@id":"https:\/\/www.betonmoulds.com\/de\/product\/ct-200-130\/#primaryimage"},"image":{"@id":"https:\/\/www.betonmoulds.com\/de\/product\/ct-200-130\/#primaryimage"},"thumbnailUrl":"https:\/\/www.betonmoulds.com\/wp-content\/uploads\/2024\/01\/Casting-table-200x130_-Betonmoulds.jpg","datePublished":"2024-01-15T16:20:31+00:00","dateModified":"2026-03-19T15:16:46+00:00","breadcrumb":{"@id":"https:\/\/www.betonmoulds.com\/de\/product\/ct-200-130\/#breadcrumb"},"inLanguage":"de","potentialAction":[{"@type":"ReadAction","target":["https:\/\/www.betonmoulds.com\/de\/product\/ct-200-130\/"]}]},{"@type":"ImageObject","inLanguage":"de","@id":"https:\/\/www.betonmoulds.com\/de\/product\/ct-200-130\/#primaryimage","url":"https:\/\/www.betonmoulds.com\/wp-content\/uploads\/2024\/01\/Casting-table-200x130_-Betonmoulds.jpg","contentUrl":"https:\/\/www.betonmoulds.com\/wp-content\/uploads\/2024\/01\/Casting-table-200x130_-Betonmoulds.jpg","width":900,"height":900,"caption":"Gie\u00dftisch f\u00fcr Betonsteine 200x130"},{"@type":"BreadcrumbList","@id":"https:\/\/www.betonmoulds.com\/de\/product\/ct-200-130\/#breadcrumb","itemListElement":[{"@type":"ListItem","position":1,"name":"Home","item":"https:\/\/www.betonmoulds.com\/de\/"},{"@type":"ListItem","position":2,"name":"Shop","item":"https:\/\/www.betonmoulds.com\/de\/shop\/"},{"@type":"ListItem","position":3,"name":"Gie\u00dftisch 200"}]},{"@type":"WebSite","@id":"https:\/\/www.betonmoulds.com\/de\/#website","url":"https:\/\/www.betonmoulds.com\/de\/","name":"BETONMOULDS","description":"Upcycle leftover concrete","potentialAction":[{"@type":"SearchAction","target":{"@type":"EntryPoint","urlTemplate":"https:\/\/www.betonmoulds.com\/de\/?s={search_term_string}"},"query-input":{"@type":"PropertyValueSpecification","valueRequired":true,"valueName":"search_term_string"}}],"inLanguage":"de"}]}},"_links":{"self":[{"href":"https:\/\/www.betonmoulds.com\/de\/wp-json\/wp\/v2\/product\/7572","targetHints":{"allow":["GET"]}}],"collection":[{"href":"https:\/\/www.betonmoulds.com\/de\/wp-json\/wp\/v2\/product"}],"about":[{"href":"https:\/\/www.betonmoulds.com\/de\/wp-json\/wp\/v2\/types\/product"}],"wp:featuredmedia":[{"embeddable":true,"href":"https:\/\/www.betonmoulds.com\/de\/wp-json\/wp\/v2\/media\/7713"}],"wp:attachment":[{"href":"https:\/\/www.betonmoulds.com\/de\/wp-json\/wp\/v2\/media?parent=7572"}],"wp:term":[{"taxonomy":"product_brand","embeddable":true,"href":"https:\/\/www.betonmoulds.com\/de\/wp-json\/wp\/v2\/product_brand?post=7572"},{"taxonomy":"product_cat","embeddable":true,"href":"https:\/\/www.betonmoulds.com\/de\/wp-json\/wp\/v2\/product_cat?post=7572"},{"taxonomy":"product_tag","embeddable":true,"href":"https:\/\/www.betonmoulds.com\/de\/wp-json\/wp\/v2\/product_tag?post=7572"}],"curies":[{"name":"wp","href":"https:\/\/api.w.org\/{rel}","templated":true}]}}