{"id":7495,"date":"2024-01-12T13:05:23","date_gmt":"2024-01-12T13:05:23","guid":{"rendered":"https:\/\/www.betonmoulds.com\/product\/jb-ef\/"},"modified":"2026-03-19T15:16:05","modified_gmt":"2026-03-19T15:16:05","slug":"jb-ef","status":"publish","type":"product","link":"https:\/\/www.betonmoulds.com\/de\/product\/jb-ef\/","title":{"rendered":"Einf\u00fclltrichter f\u00fcr Jersey Gussform"},"content":{"rendered":"","protected":false},"excerpt":{"rendered":"<p>Zur Minimierung von Versch\u00fcttungen bieten wir einen praktischen Einf\u00fclltrichter zum Gie\u00dfen von Beton in eine Gussform an, die mit einem <a href=\"https:\/\/www.betonmoulds.com\/de\/product\/jb-160-80-80\/\"><strong>Jersey-Stra\u00dfenbarriere-Einsatz<\/strong><\/a> ausgestattet ist. Setzen Sie den Einf\u00fclltrichter auf die Gussform.<\/p>\n<p>Beginnen Sie mit dem Gie\u00dfen des Betons und lassen Sie den Beton gleichm\u00e4\u00dfig in die Gussform flie\u00dfen, um ein Versch\u00fctten und \u00dcberf\u00fcllen zu vermeiden. Sobald die Form gef\u00fcllt ist, entfernen Sie den Trichter vorsichtig, damit der frisch gegossene Beton nicht aufgew\u00fchlt wird. Lassen Sie sich Zeit, damit Versch\u00fcttungen vermieden werden.<\/p>\n<p>Streichen Sie die Betonoberfl\u00e4che mit einer M\u00f6rtelkelle glatt und befolgen Sie die empfohlenen Nachbehandlungsverfahen.<\/p>\n","protected":false},"featured_media":7478,"template":"","meta":[],"product_brand":[],"product_cat":[324],"product_tag":[],"class_list":{"0":"post-7495","1":"product","2":"type-product","3":"status-publish","4":"has-post-thumbnail","6":"product_cat-zubehor-jersey","8":"first","9":"instock","10":"shipping-taxable","11":"purchasable","12":"product-type-simple"},"yoast_head":"<!-- This site is optimized with the Yoast SEO plugin v27.4 - https:\/\/yoast.com\/product\/yoast-seo-wordpress\/ -->\n<title>Einf\u00fclltrichter f\u00fcr Jersey Gussform - BETONMOULDS<\/title>\n<meta name=\"robots\" content=\"index, follow, max-snippet:-1, max-image-preview:large, max-video-preview:-1\" \/>\n<link rel=\"canonical\" href=\"https:\/\/www.betonmoulds.com\/de\/product\/jb-ef\/\" \/>\n<meta property=\"og:locale\" content=\"de_DE\" \/>\n<meta property=\"og:type\" content=\"article\" \/>\n<meta property=\"og:title\" content=\"Einf\u00fclltrichter f\u00fcr Jersey Gussform - BETONMOULDS\" \/>\n<meta property=\"og:description\" content=\"Zur Minimierung von Versch\u00fcttungen bieten wir einen praktischen Einf\u00fclltrichter zum Gie\u00dfen von Beton in eine Gussform an, die mit einem Jersey-Stra\u00dfenbarriere-Einsatz ausgestattet ist. Setzen Sie den Einf\u00fclltrichter auf die Gussform.  Beginnen Sie mit dem Gie\u00dfen des Betons und lassen Sie den Beton gleichm\u00e4\u00dfig in die Gussform flie\u00dfen, um ein Versch\u00fctten und \u00dcberf\u00fcllen zu vermeiden. Sobald die Form gef\u00fcllt ist, entfernen Sie den Trichter vorsichtig, damit der frisch gegossene Beton nicht aufgew\u00fchlt wird. Lassen Sie sich Zeit, damit Versch\u00fcttungen vermieden werden.  Streichen Sie die Betonoberfl\u00e4che mit einer M\u00f6rtelkelle glatt und befolgen Sie die empfohlenen Nachbehandlungsverfahen.\" \/>\n<meta property=\"og:url\" content=\"https:\/\/www.betonmoulds.com\/de\/product\/jb-ef\/\" \/>\n<meta property=\"og:site_name\" content=\"BETONMOULDS\" \/>\n<meta property=\"article:modified_time\" content=\"2026-03-19T15:16:05+00:00\" \/>\n<meta property=\"og:image\" content=\"https:\/\/www.betonmoulds.com\/wp-content\/uploads\/2024\/01\/JB-EF.jpg\" \/>\n\t<meta property=\"og:image:width\" content=\"900\" \/>\n\t<meta property=\"og:image:height\" content=\"900\" \/>\n\t<meta property=\"og:image:type\" content=\"image\/jpeg\" \/>\n<meta name=\"twitter:card\" content=\"summary_large_image\" \/>\n<meta name=\"twitter:label1\" content=\"Gesch\u00e4tzte Lesezeit\" \/>\n\t<meta name=\"twitter:data1\" content=\"1\u00a0Minute\" \/>\n<script type=\"application\/ld+json\" class=\"yoast-schema-graph\">{\"@context\":\"https:\\\/\\\/schema.org\",\"@graph\":[{\"@type\":\"WebPage\",\"@id\":\"https:\\\/\\\/www.betonmoulds.com\\\/de\\\/product\\\/jb-ef\\\/\",\"url\":\"https:\\\/\\\/www.betonmoulds.com\\\/de\\\/product\\\/jb-ef\\\/\",\"name\":\"Einf\u00fclltrichter f\u00fcr Jersey Gussform - BETONMOULDS\",\"isPartOf\":{\"@id\":\"https:\\\/\\\/www.betonmoulds.com\\\/de\\\/#website\"},\"primaryImageOfPage\":{\"@id\":\"https:\\\/\\\/www.betonmoulds.com\\\/de\\\/product\\\/jb-ef\\\/#primaryimage\"},\"image\":{\"@id\":\"https:\\\/\\\/www.betonmoulds.com\\\/de\\\/product\\\/jb-ef\\\/#primaryimage\"},\"thumbnailUrl\":\"https:\\\/\\\/www.betonmoulds.com\\\/wp-content\\\/uploads\\\/2024\\\/01\\\/JB-EF.jpg\",\"datePublished\":\"2024-01-12T13:05:23+00:00\",\"dateModified\":\"2026-03-19T15:16:05+00:00\",\"breadcrumb\":{\"@id\":\"https:\\\/\\\/www.betonmoulds.com\\\/de\\\/product\\\/jb-ef\\\/#breadcrumb\"},\"inLanguage\":\"de\",\"potentialAction\":[{\"@type\":\"ReadAction\",\"target\":[\"https:\\\/\\\/www.betonmoulds.com\\\/de\\\/product\\\/jb-ef\\\/\"]}]},{\"@type\":\"ImageObject\",\"inLanguage\":\"de\",\"@id\":\"https:\\\/\\\/www.betonmoulds.com\\\/de\\\/product\\\/jb-ef\\\/#primaryimage\",\"url\":\"https:\\\/\\\/www.betonmoulds.com\\\/wp-content\\\/uploads\\\/2024\\\/01\\\/JB-EF.jpg\",\"contentUrl\":\"https:\\\/\\\/www.betonmoulds.com\\\/wp-content\\\/uploads\\\/2024\\\/01\\\/JB-EF.jpg\",\"width\":900,\"height\":900,\"caption\":\"jersey barrier easy filler\"},{\"@type\":\"BreadcrumbList\",\"@id\":\"https:\\\/\\\/www.betonmoulds.com\\\/de\\\/product\\\/jb-ef\\\/#breadcrumb\",\"itemListElement\":[{\"@type\":\"ListItem\",\"position\":1,\"name\":\"Home\",\"item\":\"https:\\\/\\\/www.betonmoulds.com\\\/de\\\/\"},{\"@type\":\"ListItem\",\"position\":2,\"name\":\"Shop\",\"item\":\"https:\\\/\\\/www.betonmoulds.com\\\/de\\\/shop\\\/\"},{\"@type\":\"ListItem\",\"position\":3,\"name\":\"Einf\u00fclltrichter f\u00fcr Jersey Gussform\"}]},{\"@type\":\"WebSite\",\"@id\":\"https:\\\/\\\/www.betonmoulds.com\\\/de\\\/#website\",\"url\":\"https:\\\/\\\/www.betonmoulds.com\\\/de\\\/\",\"name\":\"BETONMOULDS\",\"description\":\"Upcycle leftover concrete\",\"potentialAction\":[{\"@type\":\"SearchAction\",\"target\":{\"@type\":\"EntryPoint\",\"urlTemplate\":\"https:\\\/\\\/www.betonmoulds.com\\\/de\\\/?s={search_term_string}\"},\"query-input\":{\"@type\":\"PropertyValueSpecification\",\"valueRequired\":true,\"valueName\":\"search_term_string\"}}],\"inLanguage\":\"de\"}]}<\/script>\n<!-- \/ Yoast SEO plugin. -->","yoast_head_json":{"title":"Einf\u00fclltrichter f\u00fcr Jersey Gussform - BETONMOULDS","robots":{"index":"index","follow":"follow","max-snippet":"max-snippet:-1","max-image-preview":"max-image-preview:large","max-video-preview":"max-video-preview:-1"},"canonical":"https:\/\/www.betonmoulds.com\/de\/product\/jb-ef\/","og_locale":"de_DE","og_type":"article","og_title":"Einf\u00fclltrichter f\u00fcr Jersey Gussform - BETONMOULDS","og_description":"Zur Minimierung von Versch\u00fcttungen bieten wir einen praktischen Einf\u00fclltrichter zum Gie\u00dfen von Beton in eine Gussform an, die mit einem Jersey-Stra\u00dfenbarriere-Einsatz ausgestattet ist. Setzen Sie den Einf\u00fclltrichter auf die Gussform.  Beginnen Sie mit dem Gie\u00dfen des Betons und lassen Sie den Beton gleichm\u00e4\u00dfig in die Gussform flie\u00dfen, um ein Versch\u00fctten und \u00dcberf\u00fcllen zu vermeiden. Sobald die Form gef\u00fcllt ist, entfernen Sie den Trichter vorsichtig, damit der frisch gegossene Beton nicht aufgew\u00fchlt wird. Lassen Sie sich Zeit, damit Versch\u00fcttungen vermieden werden.  Streichen Sie die Betonoberfl\u00e4che mit einer M\u00f6rtelkelle glatt und befolgen Sie die empfohlenen Nachbehandlungsverfahen.","og_url":"https:\/\/www.betonmoulds.com\/de\/product\/jb-ef\/","og_site_name":"BETONMOULDS","article_modified_time":"2026-03-19T15:16:05+00:00","og_image":[{"width":900,"height":900,"url":"https:\/\/www.betonmoulds.com\/wp-content\/uploads\/2024\/01\/JB-EF.jpg","type":"image\/jpeg"}],"twitter_card":"summary_large_image","twitter_misc":{"Gesch\u00e4tzte Lesezeit":"1\u00a0Minute"},"schema":{"@context":"https:\/\/schema.org","@graph":[{"@type":"WebPage","@id":"https:\/\/www.betonmoulds.com\/de\/product\/jb-ef\/","url":"https:\/\/www.betonmoulds.com\/de\/product\/jb-ef\/","name":"Einf\u00fclltrichter f\u00fcr Jersey Gussform - BETONMOULDS","isPartOf":{"@id":"https:\/\/www.betonmoulds.com\/de\/#website"},"primaryImageOfPage":{"@id":"https:\/\/www.betonmoulds.com\/de\/product\/jb-ef\/#primaryimage"},"image":{"@id":"https:\/\/www.betonmoulds.com\/de\/product\/jb-ef\/#primaryimage"},"thumbnailUrl":"https:\/\/www.betonmoulds.com\/wp-content\/uploads\/2024\/01\/JB-EF.jpg","datePublished":"2024-01-12T13:05:23+00:00","dateModified":"2026-03-19T15:16:05+00:00","breadcrumb":{"@id":"https:\/\/www.betonmoulds.com\/de\/product\/jb-ef\/#breadcrumb"},"inLanguage":"de","potentialAction":[{"@type":"ReadAction","target":["https:\/\/www.betonmoulds.com\/de\/product\/jb-ef\/"]}]},{"@type":"ImageObject","inLanguage":"de","@id":"https:\/\/www.betonmoulds.com\/de\/product\/jb-ef\/#primaryimage","url":"https:\/\/www.betonmoulds.com\/wp-content\/uploads\/2024\/01\/JB-EF.jpg","contentUrl":"https:\/\/www.betonmoulds.com\/wp-content\/uploads\/2024\/01\/JB-EF.jpg","width":900,"height":900,"caption":"jersey barrier easy filler"},{"@type":"BreadcrumbList","@id":"https:\/\/www.betonmoulds.com\/de\/product\/jb-ef\/#breadcrumb","itemListElement":[{"@type":"ListItem","position":1,"name":"Home","item":"https:\/\/www.betonmoulds.com\/de\/"},{"@type":"ListItem","position":2,"name":"Shop","item":"https:\/\/www.betonmoulds.com\/de\/shop\/"},{"@type":"ListItem","position":3,"name":"Einf\u00fclltrichter f\u00fcr Jersey Gussform"}]},{"@type":"WebSite","@id":"https:\/\/www.betonmoulds.com\/de\/#website","url":"https:\/\/www.betonmoulds.com\/de\/","name":"BETONMOULDS","description":"Upcycle leftover concrete","potentialAction":[{"@type":"SearchAction","target":{"@type":"EntryPoint","urlTemplate":"https:\/\/www.betonmoulds.com\/de\/?s={search_term_string}"},"query-input":{"@type":"PropertyValueSpecification","valueRequired":true,"valueName":"search_term_string"}}],"inLanguage":"de"}]}},"_links":{"self":[{"href":"https:\/\/www.betonmoulds.com\/de\/wp-json\/wp\/v2\/product\/7495","targetHints":{"allow":["GET"]}}],"collection":[{"href":"https:\/\/www.betonmoulds.com\/de\/wp-json\/wp\/v2\/product"}],"about":[{"href":"https:\/\/www.betonmoulds.com\/de\/wp-json\/wp\/v2\/types\/product"}],"wp:featuredmedia":[{"embeddable":true,"href":"https:\/\/www.betonmoulds.com\/de\/wp-json\/wp\/v2\/media\/7478"}],"wp:attachment":[{"href":"https:\/\/www.betonmoulds.com\/de\/wp-json\/wp\/v2\/media?parent=7495"}],"wp:term":[{"taxonomy":"product_brand","embeddable":true,"href":"https:\/\/www.betonmoulds.com\/de\/wp-json\/wp\/v2\/product_brand?post=7495"},{"taxonomy":"product_cat","embeddable":true,"href":"https:\/\/www.betonmoulds.com\/de\/wp-json\/wp\/v2\/product_cat?post=7495"},{"taxonomy":"product_tag","embeddable":true,"href":"https:\/\/www.betonmoulds.com\/de\/wp-json\/wp\/v2\/product_tag?post=7495"}],"curies":[{"name":"wp","href":"https:\/\/api.w.org\/{rel}","templated":true}]}}