{"id":7356,"date":"2024-01-11T17:25:16","date_gmt":"2024-01-11T17:25:16","guid":{"rendered":"https:\/\/www.betonmoulds.com\/product\/jb-160-80-80\/"},"modified":"2026-03-19T15:16:56","modified_gmt":"2026-03-19T15:16:56","slug":"jb-160-80-80","status":"publish","type":"product","link":"https:\/\/www.betonmoulds.com\/de\/product\/jb-160-80-80\/","title":{"rendered":"Jersey Barrier Einsatz f\u00fcr Gussform 160-80-80"},"content":{"rendered":"","protected":false},"excerpt":{"rendered":"<p>Der einzigartige, patentierte Einsatz zur Produktion von Jersey Beton-Barrieren. Keine kostenintensiven separaten Gussformen erforderlich. Dieser ist in Kombination mit unserer Basisgussform, zur Herstellung verschiedener Betonbl\u00f6cke, zu verwenden.<\/p>\n<p>Die<a href=\"https:\/\/www.betonmoulds.com\/de\/product\/jb-200-80-80\/\"><strong> Abmessung 200 cm<\/strong><\/a> ist ebenfalls erh\u00e4ltlich.<\/p>\n<p>Jersey Beton-Barrieren reduzieren das Unfallrisiko und werden zur Verkehrsregelung und zur Sicherheit auf Stra\u00dfen und Baustellen, bei Gro\u00dfveranstaltungen und Festivals eingesetzt. Die Betonfertigteil-Barrieren bieten eine maximale Langlebigkeit und erfordern nur minimalen Wartungsaufwand.<\/p>\n<p>Diese Betonbarriere f\u00fcr Stra\u00dfensicherheit stellen eine schnelle und wirksame L\u00f6sung f\u00fcr die Geb\u00e4ude- und Freigel\u00e4ndesicherung gegen Fahrzeuge (Perimeterschutz) und f\u00fcr das Organisieren von Zugangsbeschr\u00e4nkungen (Restricted access management) dar. Dies ist besonders n\u00fctzlich zum Schutz von Industriegebieten, Baustellen und leerstehende Geb\u00e4ude und ebenfalls zur Abgrenzung von Fu\u00dfg\u00e4ngerwegen und Verkehrs- und Lagerfl\u00e4chen.<\/p>\n<p><strong>Einfache Handhabung von Barrieren<\/strong><\/p>\n<p>Ein Betonblock mit Gabelstapler-Slots kann durch Verwendung der <a href=\"https:\/\/www.betonmoulds.com\/de\/product\/fl-80\/\"><strong>Gabelstaplereins\u00e4tze<\/strong><\/a> hergestellt werden. Die Gabelstapler-Slots erm\u00f6glichen, die vorgefertigte Jersey-Fertigteilbarriere mit minimalem Personal- und Zeitaufwand zu bewegen. Idealer Einsatz bei tempor\u00e4ren Absperrungen zur Verkehrslenkung w\u00e4hrend Stra\u00dfenbauarbeiten und Stra\u00dfenabsperrungen sowie f\u00fcr die Kontrolle von Zuschauerstr\u00f6men bei Festivals.<\/p>\n<p><strong>Kleinere L\u00e4ngen von Barriere-Bl\u00f6cken \u00a0<\/strong><\/p>\n<p>Ben\u00f6tigen Sie kleinere L\u00e4ngen von Jersey Barriere-Bl\u00f6cken, die f\u00fcr Ihr Projekt geeignet sind? Benutzen Sie den <a href=\"https:\/\/www.betonmoulds.com\/de\/product\/jb-dp-0\/\"><strong>Jersey Teiler<\/strong><\/a>, um die Gussform vertikal zu verk\u00fcrzen.<\/p>\n<p><strong>Schr\u00e4g zulaufende Barriere-Bl\u00f6cke<\/strong><\/p>\n<p>Jersey Barriere-Bl\u00f6cke mit einer Abschr\u00e4gung werden verwendet, wenn Sie eine Barriere mit einem flie\u00dfenden \u00dcbergang von hoch nach niedrig ben\u00f6tigen. Der flie\u00dfende \u00dcbergang ist durch Einlegen eines <a href=\"https:\/\/www.betonmoulds.com\/de\/product\/jb-sb-60\/\"><strong>Schr\u00e4geinsatzes<\/strong><\/a>\u00a0in die Gussform zu erreichen.<\/p>\n<p><strong>Einfache Bef\u00fcllung<\/strong><\/p>\n<p>Wir liefern bequeme <a href=\"https:\/\/www.betonmoulds.com\/de\/product\/jb-ef\/\"><strong>Einf\u00fclltrichter<\/strong><\/a>\u00a0die w\u00e4hrend des Gie\u00dfens den Beton durch die enge \u00d6ffnung leiten.<\/p>\n<p><strong>Befestigungszubeh\u00f6r<\/strong><\/p>\n<p>Stellen Sie sicher, dass die Gussform auf einer flachen Oberfl\u00e4che steht, und benutzen Sie unseren <a href=\"https:\/\/www.betonmoulds.com\/de\/product\/ct-200-130\/\"><strong>Gie\u00dftisch<\/strong><\/a>, der mit verstellbaren Tischf\u00fc\u00dfen ausgestattet ist.<\/p>\n<p>Zur Vermeidung, dass die Gussform bei zu schnellem Gie\u00dfen des Betons vom Boden hochgedr\u00fcckt wird (Floating-Risiko), empfehlen wir dringend, die Gussform mit zwei Zurrgurten auf dem Gie\u00dftisch zu befestigen.<\/p>\n<p>Oder Sie verlegen die Zurrgurte unter die Bodenplatte (Stahlplatte oder Sperrholzplatte) falls kein Gie\u00dftisch verwendet wird, und befestigen Sie die Jersey-Barriere-Gussform auf diese Weise auf dem Boden. Zurrgurte k\u00f6nnen m\u00fchelos in die L\u00f6cher der Versteifungsplatten an den Seiten der Form eingeh\u00e4ngt werden.<\/p>\n<p><strong>Anheben und Transportieren<\/strong><\/p>\n<p>Zum Anheben und Transportieren der Jersey-Beton-Barriere-Bl\u00f6cke ist eine mechanische Hebeklemme erh\u00e4ltlich. Ein Transportsystem mit Kopfverankerungen, Hebekupplungen und Hebejoch f\u00fcr einen Gabelstapler sind f\u00fcr diesen Zweck ebenfalls erh\u00e4ltlich.<\/p>\n","protected":false},"featured_media":7326,"template":"","meta":[],"product_brand":[],"product_cat":[315],"product_tag":[],"class_list":{"0":"post-7356","1":"product","2":"type-product","3":"status-publish","4":"has-post-thumbnail","6":"product_cat-einsatze-trennwande-jersey","8":"first","9":"instock","10":"shipping-taxable","11":"purchasable","12":"product-type-simple"},"yoast_head":"<!-- This site is optimized with the Yoast SEO plugin v27.4 - https:\/\/yoast.com\/product\/yoast-seo-wordpress\/ -->\n<title>Jersey Barrier Einsatz f\u00fcr Gussform 160-80-80 - BETONMOULDS<\/title>\n<meta name=\"robots\" content=\"index, follow, max-snippet:-1, max-image-preview:large, max-video-preview:-1\" \/>\n<link rel=\"canonical\" href=\"https:\/\/www.betonmoulds.com\/de\/product\/jb-160-80-80\/\" \/>\n<meta property=\"og:locale\" content=\"de_DE\" \/>\n<meta property=\"og:type\" content=\"article\" \/>\n<meta property=\"og:title\" content=\"Jersey Barrier Einsatz f\u00fcr Gussform 160-80-80 - BETONMOULDS\" \/>\n<meta property=\"og:description\" content=\"Der einzigartige, patentierte Einsatz zur Produktion von Jersey Beton-Barrieren. Keine kostenintensiven separaten Gussformen erforderlich. Dieser ist in Kombination mit unserer Basisgussform, zur Herstellung verschiedener Betonbl\u00f6cke, zu verwenden.  Die Abmessung 200 cm ist ebenfalls erh\u00e4ltlich.  Jersey Beton-Barrieren reduzieren das Unfallrisiko und werden zur Verkehrsregelung und zur Sicherheit auf Stra\u00dfen und Baustellen, bei Gro\u00dfveranstaltungen und Festivals eingesetzt. Die Betonfertigteil-Barrieren bieten eine maximale Langlebigkeit und erfordern nur minimalen Wartungsaufwand.  Diese Betonbarriere f\u00fcr Stra\u00dfensicherheit stellen eine schnelle und wirksame L\u00f6sung f\u00fcr die Geb\u00e4ude- und Freigel\u00e4ndesicherung gegen Fahrzeuge (Perimeterschutz) und f\u00fcr das Organisieren von Zugangsbeschr\u00e4nkungen (Restricted access management) dar. Dies ist besonders n\u00fctzlich zum Schutz von Industriegebieten, Baustellen und leerstehende Geb\u00e4ude und ebenfalls zur Abgrenzung von Fu\u00dfg\u00e4ngerwegen und Verkehrs- und Lagerfl\u00e4chen.  Einfache Handhabung von Barrieren  Ein Betonblock mit Gabelstapler-Slots kann durch Verwendung der Gabelstaplereins\u00e4tze hergestellt werden. Die Gabelstapler-Slots erm\u00f6glichen, die vorgefertigte Jersey-Fertigteilbarriere mit minimalem Personal- und Zeitaufwand zu bewegen. Idealer Einsatz bei tempor\u00e4ren Absperrungen zur Verkehrslenkung w\u00e4hrend Stra\u00dfenbauarbeiten und Stra\u00dfenabsperrungen sowie f\u00fcr die Kontrolle von Zuschauerstr\u00f6men bei Festivals.  Kleinere L\u00e4ngen von Barriere-Bl\u00f6cken \u00a0  Ben\u00f6tigen Sie kleinere L\u00e4ngen von Jersey Barriere-Bl\u00f6cken, die f\u00fcr Ihr Projekt geeignet sind? Benutzen Sie den Jersey Teiler, um die Gussform vertikal zu verk\u00fcrzen.  Schr\u00e4g zulaufende Barriere-Bl\u00f6cke  Jersey Barriere-Bl\u00f6cke mit einer Abschr\u00e4gung werden verwendet, wenn Sie eine Barriere mit einem flie\u00dfenden \u00dcbergang von hoch nach niedrig ben\u00f6tigen. Der flie\u00dfende \u00dcbergang ist durch Einlegen eines Schr\u00e4geinsatzes\u00a0in die Gussform zu erreichen.  Einfache Bef\u00fcllung  Wir liefern bequeme Einf\u00fclltrichter\u00a0die w\u00e4hrend des Gie\u00dfens den Beton durch die enge \u00d6ffnung leiten.  Befestigungszubeh\u00f6r  Stellen Sie sicher, dass die Gussform auf einer flachen Oberfl\u00e4che steht, und benutzen Sie unseren Gie\u00dftisch, der mit verstellbaren Tischf\u00fc\u00dfen ausgestattet ist.  Zur Vermeidung, dass die Gussform bei zu schnellem Gie\u00dfen des Betons vom Boden hochgedr\u00fcckt wird (Floating-Risiko), empfehlen wir dringend, die Gussform mit zwei Zurrgurten auf dem Gie\u00dftisch zu befestigen.  Oder Sie verlegen die Zurrgurte unter die Bodenplatte (Stahlplatte oder Sperrholzplatte) falls kein Gie\u00dftisch verwendet wird, und befestigen Sie die Jersey-Barriere-Gussform auf diese Weise auf dem Boden. Zurrgurte k\u00f6nnen m\u00fchelos in die L\u00f6cher der Versteifungsplatten an den Seiten der Form eingeh\u00e4ngt werden.  Anheben und Transportieren  Zum Anheben und Transportieren der Jersey-Beton-Barriere-Bl\u00f6cke ist eine mechanische Hebeklemme erh\u00e4ltlich. Ein Transportsystem mit Kopfverankerungen, Hebekupplungen und Hebejoch f\u00fcr einen Gabelstapler sind f\u00fcr diesen Zweck ebenfalls erh\u00e4ltlich.\" \/>\n<meta property=\"og:url\" content=\"https:\/\/www.betonmoulds.com\/de\/product\/jb-160-80-80\/\" \/>\n<meta property=\"og:site_name\" content=\"BETONMOULDS\" \/>\n<meta property=\"article:modified_time\" content=\"2026-03-19T15:16:56+00:00\" \/>\n<meta property=\"og:image\" content=\"https:\/\/www.betonmoulds.com\/wp-content\/uploads\/2024\/01\/JB-160-80-80.jpg\" \/>\n\t<meta property=\"og:image:width\" content=\"900\" \/>\n\t<meta property=\"og:image:height\" content=\"900\" \/>\n\t<meta property=\"og:image:type\" content=\"image\/jpeg\" \/>\n<meta name=\"twitter:card\" content=\"summary_large_image\" \/>\n<meta name=\"twitter:label1\" content=\"Gesch\u00e4tzte Lesezeit\" \/>\n\t<meta name=\"twitter:data1\" content=\"1\u00a0Minute\" \/>\n<script type=\"application\/ld+json\" class=\"yoast-schema-graph\">{\"@context\":\"https:\\\/\\\/schema.org\",\"@graph\":[{\"@type\":\"WebPage\",\"@id\":\"https:\\\/\\\/www.betonmoulds.com\\\/de\\\/product\\\/jb-160-80-80\\\/\",\"url\":\"https:\\\/\\\/www.betonmoulds.com\\\/de\\\/product\\\/jb-160-80-80\\\/\",\"name\":\"Jersey Barrier Einsatz f\u00fcr Gussform 160-80-80 - BETONMOULDS\",\"isPartOf\":{\"@id\":\"https:\\\/\\\/www.betonmoulds.com\\\/de\\\/#website\"},\"primaryImageOfPage\":{\"@id\":\"https:\\\/\\\/www.betonmoulds.com\\\/de\\\/product\\\/jb-160-80-80\\\/#primaryimage\"},\"image\":{\"@id\":\"https:\\\/\\\/www.betonmoulds.com\\\/de\\\/product\\\/jb-160-80-80\\\/#primaryimage\"},\"thumbnailUrl\":\"https:\\\/\\\/www.betonmoulds.com\\\/wp-content\\\/uploads\\\/2024\\\/01\\\/JB-160-80-80.jpg\",\"datePublished\":\"2024-01-11T17:25:16+00:00\",\"dateModified\":\"2026-03-19T15:16:56+00:00\",\"breadcrumb\":{\"@id\":\"https:\\\/\\\/www.betonmoulds.com\\\/de\\\/product\\\/jb-160-80-80\\\/#breadcrumb\"},\"inLanguage\":\"de\",\"potentialAction\":[{\"@type\":\"ReadAction\",\"target\":[\"https:\\\/\\\/www.betonmoulds.com\\\/de\\\/product\\\/jb-160-80-80\\\/\"]}]},{\"@type\":\"ImageObject\",\"inLanguage\":\"de\",\"@id\":\"https:\\\/\\\/www.betonmoulds.com\\\/de\\\/product\\\/jb-160-80-80\\\/#primaryimage\",\"url\":\"https:\\\/\\\/www.betonmoulds.com\\\/wp-content\\\/uploads\\\/2024\\\/01\\\/JB-160-80-80.jpg\",\"contentUrl\":\"https:\\\/\\\/www.betonmoulds.com\\\/wp-content\\\/uploads\\\/2024\\\/01\\\/JB-160-80-80.jpg\",\"width\":900,\"height\":900,\"caption\":\"Betonblockform-Stra\u00dfenbarriere einsatz\"},{\"@type\":\"BreadcrumbList\",\"@id\":\"https:\\\/\\\/www.betonmoulds.com\\\/de\\\/product\\\/jb-160-80-80\\\/#breadcrumb\",\"itemListElement\":[{\"@type\":\"ListItem\",\"position\":1,\"name\":\"Home\",\"item\":\"https:\\\/\\\/www.betonmoulds.com\\\/de\\\/\"},{\"@type\":\"ListItem\",\"position\":2,\"name\":\"Shop\",\"item\":\"https:\\\/\\\/www.betonmoulds.com\\\/de\\\/shop\\\/\"},{\"@type\":\"ListItem\",\"position\":3,\"name\":\"Jersey Barrier Einsatz f\u00fcr Gussform 160-80-80\"}]},{\"@type\":\"WebSite\",\"@id\":\"https:\\\/\\\/www.betonmoulds.com\\\/de\\\/#website\",\"url\":\"https:\\\/\\\/www.betonmoulds.com\\\/de\\\/\",\"name\":\"BETONMOULDS\",\"description\":\"Upcycle leftover concrete\",\"potentialAction\":[{\"@type\":\"SearchAction\",\"target\":{\"@type\":\"EntryPoint\",\"urlTemplate\":\"https:\\\/\\\/www.betonmoulds.com\\\/de\\\/?s={search_term_string}\"},\"query-input\":{\"@type\":\"PropertyValueSpecification\",\"valueRequired\":true,\"valueName\":\"search_term_string\"}}],\"inLanguage\":\"de\"}]}<\/script>\n<!-- \/ Yoast SEO plugin. -->","yoast_head_json":{"title":"Jersey Barrier Einsatz f\u00fcr Gussform 160-80-80 - BETONMOULDS","robots":{"index":"index","follow":"follow","max-snippet":"max-snippet:-1","max-image-preview":"max-image-preview:large","max-video-preview":"max-video-preview:-1"},"canonical":"https:\/\/www.betonmoulds.com\/de\/product\/jb-160-80-80\/","og_locale":"de_DE","og_type":"article","og_title":"Jersey Barrier Einsatz f\u00fcr Gussform 160-80-80 - BETONMOULDS","og_description":"Der einzigartige, patentierte Einsatz zur Produktion von Jersey Beton-Barrieren. Keine kostenintensiven separaten Gussformen erforderlich. Dieser ist in Kombination mit unserer Basisgussform, zur Herstellung verschiedener Betonbl\u00f6cke, zu verwenden.  Die Abmessung 200 cm ist ebenfalls erh\u00e4ltlich.  Jersey Beton-Barrieren reduzieren das Unfallrisiko und werden zur Verkehrsregelung und zur Sicherheit auf Stra\u00dfen und Baustellen, bei Gro\u00dfveranstaltungen und Festivals eingesetzt. Die Betonfertigteil-Barrieren bieten eine maximale Langlebigkeit und erfordern nur minimalen Wartungsaufwand.  Diese Betonbarriere f\u00fcr Stra\u00dfensicherheit stellen eine schnelle und wirksame L\u00f6sung f\u00fcr die Geb\u00e4ude- und Freigel\u00e4ndesicherung gegen Fahrzeuge (Perimeterschutz) und f\u00fcr das Organisieren von Zugangsbeschr\u00e4nkungen (Restricted access management) dar. Dies ist besonders n\u00fctzlich zum Schutz von Industriegebieten, Baustellen und leerstehende Geb\u00e4ude und ebenfalls zur Abgrenzung von Fu\u00dfg\u00e4ngerwegen und Verkehrs- und Lagerfl\u00e4chen.  Einfache Handhabung von Barrieren  Ein Betonblock mit Gabelstapler-Slots kann durch Verwendung der Gabelstaplereins\u00e4tze hergestellt werden. Die Gabelstapler-Slots erm\u00f6glichen, die vorgefertigte Jersey-Fertigteilbarriere mit minimalem Personal- und Zeitaufwand zu bewegen. Idealer Einsatz bei tempor\u00e4ren Absperrungen zur Verkehrslenkung w\u00e4hrend Stra\u00dfenbauarbeiten und Stra\u00dfenabsperrungen sowie f\u00fcr die Kontrolle von Zuschauerstr\u00f6men bei Festivals.  Kleinere L\u00e4ngen von Barriere-Bl\u00f6cken \u00a0  Ben\u00f6tigen Sie kleinere L\u00e4ngen von Jersey Barriere-Bl\u00f6cken, die f\u00fcr Ihr Projekt geeignet sind? Benutzen Sie den Jersey Teiler, um die Gussform vertikal zu verk\u00fcrzen.  Schr\u00e4g zulaufende Barriere-Bl\u00f6cke  Jersey Barriere-Bl\u00f6cke mit einer Abschr\u00e4gung werden verwendet, wenn Sie eine Barriere mit einem flie\u00dfenden \u00dcbergang von hoch nach niedrig ben\u00f6tigen. Der flie\u00dfende \u00dcbergang ist durch Einlegen eines Schr\u00e4geinsatzes\u00a0in die Gussform zu erreichen.  Einfache Bef\u00fcllung  Wir liefern bequeme Einf\u00fclltrichter\u00a0die w\u00e4hrend des Gie\u00dfens den Beton durch die enge \u00d6ffnung leiten.  Befestigungszubeh\u00f6r  Stellen Sie sicher, dass die Gussform auf einer flachen Oberfl\u00e4che steht, und benutzen Sie unseren Gie\u00dftisch, der mit verstellbaren Tischf\u00fc\u00dfen ausgestattet ist.  Zur Vermeidung, dass die Gussform bei zu schnellem Gie\u00dfen des Betons vom Boden hochgedr\u00fcckt wird (Floating-Risiko), empfehlen wir dringend, die Gussform mit zwei Zurrgurten auf dem Gie\u00dftisch zu befestigen.  Oder Sie verlegen die Zurrgurte unter die Bodenplatte (Stahlplatte oder Sperrholzplatte) falls kein Gie\u00dftisch verwendet wird, und befestigen Sie die Jersey-Barriere-Gussform auf diese Weise auf dem Boden. Zurrgurte k\u00f6nnen m\u00fchelos in die L\u00f6cher der Versteifungsplatten an den Seiten der Form eingeh\u00e4ngt werden.  Anheben und Transportieren  Zum Anheben und Transportieren der Jersey-Beton-Barriere-Bl\u00f6cke ist eine mechanische Hebeklemme erh\u00e4ltlich. Ein Transportsystem mit Kopfverankerungen, Hebekupplungen und Hebejoch f\u00fcr einen Gabelstapler sind f\u00fcr diesen Zweck ebenfalls erh\u00e4ltlich.","og_url":"https:\/\/www.betonmoulds.com\/de\/product\/jb-160-80-80\/","og_site_name":"BETONMOULDS","article_modified_time":"2026-03-19T15:16:56+00:00","og_image":[{"width":900,"height":900,"url":"https:\/\/www.betonmoulds.com\/wp-content\/uploads\/2024\/01\/JB-160-80-80.jpg","type":"image\/jpeg"}],"twitter_card":"summary_large_image","twitter_misc":{"Gesch\u00e4tzte Lesezeit":"1\u00a0Minute"},"schema":{"@context":"https:\/\/schema.org","@graph":[{"@type":"WebPage","@id":"https:\/\/www.betonmoulds.com\/de\/product\/jb-160-80-80\/","url":"https:\/\/www.betonmoulds.com\/de\/product\/jb-160-80-80\/","name":"Jersey Barrier Einsatz f\u00fcr Gussform 160-80-80 - BETONMOULDS","isPartOf":{"@id":"https:\/\/www.betonmoulds.com\/de\/#website"},"primaryImageOfPage":{"@id":"https:\/\/www.betonmoulds.com\/de\/product\/jb-160-80-80\/#primaryimage"},"image":{"@id":"https:\/\/www.betonmoulds.com\/de\/product\/jb-160-80-80\/#primaryimage"},"thumbnailUrl":"https:\/\/www.betonmoulds.com\/wp-content\/uploads\/2024\/01\/JB-160-80-80.jpg","datePublished":"2024-01-11T17:25:16+00:00","dateModified":"2026-03-19T15:16:56+00:00","breadcrumb":{"@id":"https:\/\/www.betonmoulds.com\/de\/product\/jb-160-80-80\/#breadcrumb"},"inLanguage":"de","potentialAction":[{"@type":"ReadAction","target":["https:\/\/www.betonmoulds.com\/de\/product\/jb-160-80-80\/"]}]},{"@type":"ImageObject","inLanguage":"de","@id":"https:\/\/www.betonmoulds.com\/de\/product\/jb-160-80-80\/#primaryimage","url":"https:\/\/www.betonmoulds.com\/wp-content\/uploads\/2024\/01\/JB-160-80-80.jpg","contentUrl":"https:\/\/www.betonmoulds.com\/wp-content\/uploads\/2024\/01\/JB-160-80-80.jpg","width":900,"height":900,"caption":"Betonblockform-Stra\u00dfenbarriere einsatz"},{"@type":"BreadcrumbList","@id":"https:\/\/www.betonmoulds.com\/de\/product\/jb-160-80-80\/#breadcrumb","itemListElement":[{"@type":"ListItem","position":1,"name":"Home","item":"https:\/\/www.betonmoulds.com\/de\/"},{"@type":"ListItem","position":2,"name":"Shop","item":"https:\/\/www.betonmoulds.com\/de\/shop\/"},{"@type":"ListItem","position":3,"name":"Jersey Barrier Einsatz f\u00fcr Gussform 160-80-80"}]},{"@type":"WebSite","@id":"https:\/\/www.betonmoulds.com\/de\/#website","url":"https:\/\/www.betonmoulds.com\/de\/","name":"BETONMOULDS","description":"Upcycle leftover concrete","potentialAction":[{"@type":"SearchAction","target":{"@type":"EntryPoint","urlTemplate":"https:\/\/www.betonmoulds.com\/de\/?s={search_term_string}"},"query-input":{"@type":"PropertyValueSpecification","valueRequired":true,"valueName":"search_term_string"}}],"inLanguage":"de"}]}},"_links":{"self":[{"href":"https:\/\/www.betonmoulds.com\/de\/wp-json\/wp\/v2\/product\/7356","targetHints":{"allow":["GET"]}}],"collection":[{"href":"https:\/\/www.betonmoulds.com\/de\/wp-json\/wp\/v2\/product"}],"about":[{"href":"https:\/\/www.betonmoulds.com\/de\/wp-json\/wp\/v2\/types\/product"}],"wp:featuredmedia":[{"embeddable":true,"href":"https:\/\/www.betonmoulds.com\/de\/wp-json\/wp\/v2\/media\/7326"}],"wp:attachment":[{"href":"https:\/\/www.betonmoulds.com\/de\/wp-json\/wp\/v2\/media?parent=7356"}],"wp:term":[{"taxonomy":"product_brand","embeddable":true,"href":"https:\/\/www.betonmoulds.com\/de\/wp-json\/wp\/v2\/product_brand?post=7356"},{"taxonomy":"product_cat","embeddable":true,"href":"https:\/\/www.betonmoulds.com\/de\/wp-json\/wp\/v2\/product_cat?post=7356"},{"taxonomy":"product_tag","embeddable":true,"href":"https:\/\/www.betonmoulds.com\/de\/wp-json\/wp\/v2\/product_tag?post=7356"}],"curies":[{"name":"wp","href":"https:\/\/api.w.org\/{rel}","templated":true}]}}