{"id":7308,"date":"2024-01-10T19:16:38","date_gmt":"2024-01-10T19:16:38","guid":{"rendered":"https:\/\/www.betonmoulds.com\/product\/ground-anchor-nock-type-bn\/"},"modified":"2026-03-19T15:15:45","modified_gmt":"2026-03-19T15:15:45","slug":"gn-bn","status":"publish","type":"product","link":"https:\/\/www.betonmoulds.com\/de\/product\/gn-bn\/","title":{"rendered":"Bodenanker Nocken Typ BN"},"content":{"rendered":"","protected":false},"excerpt":{"rendered":"<p>Bodenanker des Typs BN sind f\u00fcr Betonbl\u00f6cke, die mit gro\u00dfen Nocken (Big Nocks, BN) ausgestattet sind, verwendbar.<\/p>\n<p>Die Verankerung des Blocks im Boden verst\u00e4rkt die Resistenz bei seitlichem Druck. Die Nocken sind mit Funktionsl\u00f6chern f\u00fcr die Montage von Ankern ausgestattet. Lieferung erfolgt ohne Ankerbolzen.<\/p>\n","protected":false},"featured_media":7271,"template":"","meta":[],"product_brand":[],"product_cat":[328,310,324],"product_tag":[],"class_list":{"0":"post-7308","1":"product","2":"type-product","3":"status-publish","4":"has-post-thumbnail","6":"product_cat-zubehor-stuetzwand","7":"product_cat-zubehor-blocke","8":"product_cat-zubehor-jersey","10":"first","11":"instock","12":"shipping-taxable","13":"purchasable","14":"product-type-simple"},"yoast_head":"<!-- This site is optimized with the Yoast SEO plugin v27.4 - https:\/\/yoast.com\/product\/yoast-seo-wordpress\/ -->\n<title>Bodenanker Nocken Typ BN - BETONMOULDS<\/title>\n<meta name=\"robots\" content=\"index, follow, max-snippet:-1, max-image-preview:large, max-video-preview:-1\" \/>\n<link rel=\"canonical\" href=\"https:\/\/www.betonmoulds.com\/de\/product\/gn-bn\/\" \/>\n<meta property=\"og:locale\" content=\"de_DE\" \/>\n<meta property=\"og:type\" content=\"article\" \/>\n<meta property=\"og:title\" content=\"Bodenanker Nocken Typ BN - BETONMOULDS\" \/>\n<meta property=\"og:description\" content=\"Bodenanker des Typs BN sind f\u00fcr Betonbl\u00f6cke, die mit gro\u00dfen Nocken (Big Nocks, BN) ausgestattet sind, verwendbar.  Die Verankerung des Blocks im Boden verst\u00e4rkt die Resistenz bei seitlichem Druck. Die Nocken sind mit Funktionsl\u00f6chern f\u00fcr die Montage von Ankern ausgestattet. Lieferung erfolgt ohne Ankerbolzen.\" \/>\n<meta property=\"og:url\" content=\"https:\/\/www.betonmoulds.com\/de\/product\/gn-bn\/\" \/>\n<meta property=\"og:site_name\" content=\"BETONMOULDS\" \/>\n<meta property=\"article:modified_time\" content=\"2026-03-19T15:15:45+00:00\" \/>\n<meta property=\"og:image\" content=\"https:\/\/www.betonmoulds.com\/wp-content\/uploads\/2024\/01\/round-nock-for-conrete-blocks.jpg\" \/>\n\t<meta property=\"og:image:width\" content=\"900\" \/>\n\t<meta property=\"og:image:height\" content=\"900\" \/>\n\t<meta property=\"og:image:type\" content=\"image\/jpeg\" \/>\n<meta name=\"twitter:card\" content=\"summary_large_image\" \/>\n<meta name=\"twitter:label1\" content=\"Gesch\u00e4tzte Lesezeit\" \/>\n\t<meta name=\"twitter:data1\" content=\"1\u00a0Minute\" \/>\n<script type=\"application\/ld+json\" class=\"yoast-schema-graph\">{\"@context\":\"https:\\\/\\\/schema.org\",\"@graph\":[{\"@type\":\"WebPage\",\"@id\":\"https:\\\/\\\/www.betonmoulds.com\\\/de\\\/product\\\/gn-bn\\\/\",\"url\":\"https:\\\/\\\/www.betonmoulds.com\\\/de\\\/product\\\/gn-bn\\\/\",\"name\":\"Bodenanker Nocken Typ BN - BETONMOULDS\",\"isPartOf\":{\"@id\":\"https:\\\/\\\/www.betonmoulds.com\\\/de\\\/#website\"},\"primaryImageOfPage\":{\"@id\":\"https:\\\/\\\/www.betonmoulds.com\\\/de\\\/product\\\/gn-bn\\\/#primaryimage\"},\"image\":{\"@id\":\"https:\\\/\\\/www.betonmoulds.com\\\/de\\\/product\\\/gn-bn\\\/#primaryimage\"},\"thumbnailUrl\":\"https:\\\/\\\/www.betonmoulds.com\\\/wp-content\\\/uploads\\\/2024\\\/01\\\/round-nock-for-conrete-blocks.jpg\",\"datePublished\":\"2024-01-10T19:16:38+00:00\",\"dateModified\":\"2026-03-19T15:15:45+00:00\",\"breadcrumb\":{\"@id\":\"https:\\\/\\\/www.betonmoulds.com\\\/de\\\/product\\\/gn-bn\\\/#breadcrumb\"},\"inLanguage\":\"de\",\"potentialAction\":[{\"@type\":\"ReadAction\",\"target\":[\"https:\\\/\\\/www.betonmoulds.com\\\/de\\\/product\\\/gn-bn\\\/\"]}]},{\"@type\":\"ImageObject\",\"inLanguage\":\"de\",\"@id\":\"https:\\\/\\\/www.betonmoulds.com\\\/de\\\/product\\\/gn-bn\\\/#primaryimage\",\"url\":\"https:\\\/\\\/www.betonmoulds.com\\\/wp-content\\\/uploads\\\/2024\\\/01\\\/round-nock-for-conrete-blocks.jpg\",\"contentUrl\":\"https:\\\/\\\/www.betonmoulds.com\\\/wp-content\\\/uploads\\\/2024\\\/01\\\/round-nock-for-conrete-blocks.jpg\",\"width\":900,\"height\":900,\"caption\":\"Bodenanker\"},{\"@type\":\"BreadcrumbList\",\"@id\":\"https:\\\/\\\/www.betonmoulds.com\\\/de\\\/product\\\/gn-bn\\\/#breadcrumb\",\"itemListElement\":[{\"@type\":\"ListItem\",\"position\":1,\"name\":\"Home\",\"item\":\"https:\\\/\\\/www.betonmoulds.com\\\/de\\\/\"},{\"@type\":\"ListItem\",\"position\":2,\"name\":\"Shop\",\"item\":\"https:\\\/\\\/www.betonmoulds.com\\\/de\\\/shop\\\/\"},{\"@type\":\"ListItem\",\"position\":3,\"name\":\"Bodenanker Nocken Typ BN\"}]},{\"@type\":\"WebSite\",\"@id\":\"https:\\\/\\\/www.betonmoulds.com\\\/de\\\/#website\",\"url\":\"https:\\\/\\\/www.betonmoulds.com\\\/de\\\/\",\"name\":\"BETONMOULDS\",\"description\":\"Upcycle leftover concrete\",\"potentialAction\":[{\"@type\":\"SearchAction\",\"target\":{\"@type\":\"EntryPoint\",\"urlTemplate\":\"https:\\\/\\\/www.betonmoulds.com\\\/de\\\/?s={search_term_string}\"},\"query-input\":{\"@type\":\"PropertyValueSpecification\",\"valueRequired\":true,\"valueName\":\"search_term_string\"}}],\"inLanguage\":\"de\"}]}<\/script>\n<!-- \/ Yoast SEO plugin. -->","yoast_head_json":{"title":"Bodenanker Nocken Typ BN - BETONMOULDS","robots":{"index":"index","follow":"follow","max-snippet":"max-snippet:-1","max-image-preview":"max-image-preview:large","max-video-preview":"max-video-preview:-1"},"canonical":"https:\/\/www.betonmoulds.com\/de\/product\/gn-bn\/","og_locale":"de_DE","og_type":"article","og_title":"Bodenanker Nocken Typ BN - BETONMOULDS","og_description":"Bodenanker des Typs BN sind f\u00fcr Betonbl\u00f6cke, die mit gro\u00dfen Nocken (Big Nocks, BN) ausgestattet sind, verwendbar.  Die Verankerung des Blocks im Boden verst\u00e4rkt die Resistenz bei seitlichem Druck. Die Nocken sind mit Funktionsl\u00f6chern f\u00fcr die Montage von Ankern ausgestattet. Lieferung erfolgt ohne Ankerbolzen.","og_url":"https:\/\/www.betonmoulds.com\/de\/product\/gn-bn\/","og_site_name":"BETONMOULDS","article_modified_time":"2026-03-19T15:15:45+00:00","og_image":[{"width":900,"height":900,"url":"https:\/\/www.betonmoulds.com\/wp-content\/uploads\/2024\/01\/round-nock-for-conrete-blocks.jpg","type":"image\/jpeg"}],"twitter_card":"summary_large_image","twitter_misc":{"Gesch\u00e4tzte Lesezeit":"1\u00a0Minute"},"schema":{"@context":"https:\/\/schema.org","@graph":[{"@type":"WebPage","@id":"https:\/\/www.betonmoulds.com\/de\/product\/gn-bn\/","url":"https:\/\/www.betonmoulds.com\/de\/product\/gn-bn\/","name":"Bodenanker Nocken Typ BN - BETONMOULDS","isPartOf":{"@id":"https:\/\/www.betonmoulds.com\/de\/#website"},"primaryImageOfPage":{"@id":"https:\/\/www.betonmoulds.com\/de\/product\/gn-bn\/#primaryimage"},"image":{"@id":"https:\/\/www.betonmoulds.com\/de\/product\/gn-bn\/#primaryimage"},"thumbnailUrl":"https:\/\/www.betonmoulds.com\/wp-content\/uploads\/2024\/01\/round-nock-for-conrete-blocks.jpg","datePublished":"2024-01-10T19:16:38+00:00","dateModified":"2026-03-19T15:15:45+00:00","breadcrumb":{"@id":"https:\/\/www.betonmoulds.com\/de\/product\/gn-bn\/#breadcrumb"},"inLanguage":"de","potentialAction":[{"@type":"ReadAction","target":["https:\/\/www.betonmoulds.com\/de\/product\/gn-bn\/"]}]},{"@type":"ImageObject","inLanguage":"de","@id":"https:\/\/www.betonmoulds.com\/de\/product\/gn-bn\/#primaryimage","url":"https:\/\/www.betonmoulds.com\/wp-content\/uploads\/2024\/01\/round-nock-for-conrete-blocks.jpg","contentUrl":"https:\/\/www.betonmoulds.com\/wp-content\/uploads\/2024\/01\/round-nock-for-conrete-blocks.jpg","width":900,"height":900,"caption":"Bodenanker"},{"@type":"BreadcrumbList","@id":"https:\/\/www.betonmoulds.com\/de\/product\/gn-bn\/#breadcrumb","itemListElement":[{"@type":"ListItem","position":1,"name":"Home","item":"https:\/\/www.betonmoulds.com\/de\/"},{"@type":"ListItem","position":2,"name":"Shop","item":"https:\/\/www.betonmoulds.com\/de\/shop\/"},{"@type":"ListItem","position":3,"name":"Bodenanker Nocken Typ BN"}]},{"@type":"WebSite","@id":"https:\/\/www.betonmoulds.com\/de\/#website","url":"https:\/\/www.betonmoulds.com\/de\/","name":"BETONMOULDS","description":"Upcycle leftover concrete","potentialAction":[{"@type":"SearchAction","target":{"@type":"EntryPoint","urlTemplate":"https:\/\/www.betonmoulds.com\/de\/?s={search_term_string}"},"query-input":{"@type":"PropertyValueSpecification","valueRequired":true,"valueName":"search_term_string"}}],"inLanguage":"de"}]}},"_links":{"self":[{"href":"https:\/\/www.betonmoulds.com\/de\/wp-json\/wp\/v2\/product\/7308","targetHints":{"allow":["GET"]}}],"collection":[{"href":"https:\/\/www.betonmoulds.com\/de\/wp-json\/wp\/v2\/product"}],"about":[{"href":"https:\/\/www.betonmoulds.com\/de\/wp-json\/wp\/v2\/types\/product"}],"wp:featuredmedia":[{"embeddable":true,"href":"https:\/\/www.betonmoulds.com\/de\/wp-json\/wp\/v2\/media\/7271"}],"wp:attachment":[{"href":"https:\/\/www.betonmoulds.com\/de\/wp-json\/wp\/v2\/media?parent=7308"}],"wp:term":[{"taxonomy":"product_brand","embeddable":true,"href":"https:\/\/www.betonmoulds.com\/de\/wp-json\/wp\/v2\/product_brand?post=7308"},{"taxonomy":"product_cat","embeddable":true,"href":"https:\/\/www.betonmoulds.com\/de\/wp-json\/wp\/v2\/product_cat?post=7308"},{"taxonomy":"product_tag","embeddable":true,"href":"https:\/\/www.betonmoulds.com\/de\/wp-json\/wp\/v2\/product_tag?post=7308"}],"curies":[{"name":"wp","href":"https:\/\/api.w.org\/{rel}","templated":true}]}}