{"id":5893,"date":"2023-10-02T17:37:04","date_gmt":"2023-10-02T17:37:04","guid":{"rendered":"https:\/\/www.betonmoulds.com\/product\/bb-200-80-80-sn\/"},"modified":"2026-03-19T15:15:24","modified_gmt":"2026-03-19T15:15:24","slug":"bb-200-80-80-sn","status":"publish","type":"product","link":"https:\/\/www.betonmoulds.com\/de\/product\/bb-200-80-80-sn\/","title":{"rendered":"Betonblockgussform 200-80-80"},"content":{"rendered":"","protected":false},"excerpt":{"rendered":"<p>Die Basisblock-Gussform bietet vielf\u00e4ltige M\u00f6glichkeiten zur Herstellung von Betonbl\u00f6cken. Die Basis-Gussform ist in verschiedenen Gr\u00f6\u00dfen erh\u00e4ltlich. Wir bieten verschiedene <a href=\"https:\/\/www.betonmoulds.com\/de\/produkt-kategorie\/betonblocke\/einsaetze-trennwaende\/?filter_size=200-x-80-x-80-de\"><strong>Eins\u00e4tze f\u00fcr diese Beton-Gussform<\/strong><\/a> an, um verschiedene Blockformen herstellen zu k\u00f6nnen.<\/p>\n<p>Damit die Betonbl\u00f6cke sicher gestapelt werden k\u00f6nnen, befinden sich an der Oberkante der Basis-Gussform Stiftstecker und an der Unterkante Einkerbungen, wodurch ein Ineinandergreifen der Betonbl\u00f6cke erm\u00f6glicht, und unerw\u00fcnschtes Verschieben verhindert wird.<\/p>\n<p>Die Betonbl\u00f6cke k\u00f6nnen als<a href=\"https:\/\/www.betonmoulds.com\/de\/anwendungsbereiche-von-stapelbaren-betonbloecken\/\"><strong> modulares Bausystem<\/strong><\/a> zum Bau von Mauern oder auch individuell zur Abgrenzung oder Absperrung einer Stra\u00dfe oder eines Parkplatzes eingesetzt werden.<\/p>\n<p>Wir haben ausf\u00fchrlich und gr\u00fcndlich die Baukonstruktion und die Materialauswahl durchdacht, mit dem Ziel die bestehenden Block-Gussformen erheblich zu verbessern. Wir bieten formstabile, modulare Gussformen mit ansprechender Preisgestaltung. Wenn Sie eine benutzerfreundliche Gussform zu einem angemessenen Preis bevorzugen, w\u00e4hlen Sie unsere Basis-Gussform.<\/p>\n<p>Die Abmessungen der Betonbl\u00f6cke entsprechen den seit Jahrzehnten bekannten Standards, die mit den Abmessungen der bekanntesten Gussformenhersteller kompatibel sind.<\/p>\n<p>Unsere unverwechselbaren rot-gef\u00e4rbten Gussformen mit feuerverzinkten Ecken sind einzigartig. Hergestellt aus qualitativ hochwertigem Stahl und mit Pr\u00e4zision, von erfahrenen Handwerkern, mithilfe von Laserschneidmaschinen und Schwei\u00dfrobotern montiert.<\/p>\n<p>Jede Basis-Gussform wird mit einem Standardsatz von vier <a href=\"https:\/\/www.betonmoulds.com\/de\/product\/keile\/\"><strong>Keilen<\/strong><\/a> geliefert. Sollten die Keile im Laufe der Zeit besch\u00e4digt oder abgenutzt sein, k\u00f6nnen sie separat gekauft werden, um die alten zu ersetzen.<\/p>\n","protected":false},"featured_media":5889,"template":"","meta":[],"product_brand":[],"product_cat":[337,226,333],"product_tag":[],"class_list":{"0":"post-5893","1":"product","2":"type-product","3":"status-publish","4":"has-post-thumbnail","6":"product_cat-basis-gussformen-jersey","7":"product_cat-basis-gussformen","8":"product_cat-basis-gussformen-stutzwand","10":"first","11":"instock","12":"shipping-taxable","13":"purchasable","14":"product-type-simple"},"yoast_head":"<!-- This site is optimized with the Yoast SEO plugin v27.4 - https:\/\/yoast.com\/product\/yoast-seo-wordpress\/ -->\n<title>Betonblockgussform 200-80-80 - BETONMOULDS<\/title>\n<meta name=\"robots\" content=\"index, follow, max-snippet:-1, max-image-preview:large, max-video-preview:-1\" \/>\n<link rel=\"canonical\" href=\"https:\/\/www.betonmoulds.com\/de\/product\/bb-200-80-80-sn\/\" \/>\n<meta property=\"og:locale\" content=\"de_DE\" \/>\n<meta property=\"og:type\" content=\"article\" \/>\n<meta property=\"og:title\" content=\"Betonblockgussform 200-80-80 - BETONMOULDS\" \/>\n<meta property=\"og:description\" content=\"Die Basisblock-Gussform bietet vielf\u00e4ltige M\u00f6glichkeiten zur Herstellung von Betonbl\u00f6cken. Die Basis-Gussform ist in verschiedenen Gr\u00f6\u00dfen erh\u00e4ltlich. Wir bieten verschiedene Eins\u00e4tze f\u00fcr diese Beton-Gussform an, um verschiedene Blockformen herstellen zu k\u00f6nnen.  Damit die Betonbl\u00f6cke sicher gestapelt werden k\u00f6nnen, befinden sich an der Oberkante der Basis-Gussform Stiftstecker und an der Unterkante Einkerbungen, wodurch ein Ineinandergreifen der Betonbl\u00f6cke erm\u00f6glicht, und unerw\u00fcnschtes Verschieben verhindert wird.  Die Betonbl\u00f6cke k\u00f6nnen als modulares Bausystem zum Bau von Mauern oder auch individuell zur Abgrenzung oder Absperrung einer Stra\u00dfe oder eines Parkplatzes eingesetzt werden.  Wir haben ausf\u00fchrlich und gr\u00fcndlich die Baukonstruktion und die Materialauswahl durchdacht, mit dem Ziel die bestehenden Block-Gussformen erheblich zu verbessern. Wir bieten formstabile, modulare Gussformen mit ansprechender Preisgestaltung. Wenn Sie eine benutzerfreundliche Gussform zu einem angemessenen Preis bevorzugen, w\u00e4hlen Sie unsere Basis-Gussform.  Die Abmessungen der Betonbl\u00f6cke entsprechen den seit Jahrzehnten bekannten Standards, die mit den Abmessungen der bekanntesten Gussformenhersteller kompatibel sind.  Unsere unverwechselbaren rot-gef\u00e4rbten Gussformen mit feuerverzinkten Ecken sind einzigartig. Hergestellt aus qualitativ hochwertigem Stahl und mit Pr\u00e4zision, von erfahrenen Handwerkern, mithilfe von Laserschneidmaschinen und Schwei\u00dfrobotern montiert.  Jede Basis-Gussform wird mit einem Standardsatz von vier Keilen geliefert. Sollten die Keile im Laufe der Zeit besch\u00e4digt oder abgenutzt sein, k\u00f6nnen sie separat gekauft werden, um die alten zu ersetzen.\" \/>\n<meta property=\"og:url\" content=\"https:\/\/www.betonmoulds.com\/de\/product\/bb-200-80-80-sn\/\" \/>\n<meta property=\"og:site_name\" content=\"BETONMOULDS\" \/>\n<meta property=\"article:modified_time\" content=\"2026-03-19T15:15:24+00:00\" \/>\n<meta property=\"og:image\" content=\"https:\/\/www.betonmoulds.com\/wp-content\/uploads\/2023\/10\/BB-200-80-80-SN-1.jpg\" \/>\n\t<meta property=\"og:image:width\" content=\"900\" \/>\n\t<meta property=\"og:image:height\" content=\"900\" \/>\n\t<meta property=\"og:image:type\" content=\"image\/jpeg\" \/>\n<meta name=\"twitter:card\" content=\"summary_large_image\" \/>\n<meta name=\"twitter:label1\" content=\"Gesch\u00e4tzte Lesezeit\" \/>\n\t<meta name=\"twitter:data1\" content=\"1\u00a0Minute\" \/>\n<script type=\"application\/ld+json\" class=\"yoast-schema-graph\">{\"@context\":\"https:\\\/\\\/schema.org\",\"@graph\":[{\"@type\":\"WebPage\",\"@id\":\"https:\\\/\\\/www.betonmoulds.com\\\/de\\\/product\\\/bb-200-80-80-sn\\\/\",\"url\":\"https:\\\/\\\/www.betonmoulds.com\\\/de\\\/product\\\/bb-200-80-80-sn\\\/\",\"name\":\"Betonblockgussform 200-80-80 - BETONMOULDS\",\"isPartOf\":{\"@id\":\"https:\\\/\\\/www.betonmoulds.com\\\/de\\\/#website\"},\"primaryImageOfPage\":{\"@id\":\"https:\\\/\\\/www.betonmoulds.com\\\/de\\\/product\\\/bb-200-80-80-sn\\\/#primaryimage\"},\"image\":{\"@id\":\"https:\\\/\\\/www.betonmoulds.com\\\/de\\\/product\\\/bb-200-80-80-sn\\\/#primaryimage\"},\"thumbnailUrl\":\"https:\\\/\\\/www.betonmoulds.com\\\/wp-content\\\/uploads\\\/2023\\\/10\\\/BB-200-80-80-SN-1.jpg\",\"datePublished\":\"2023-10-02T17:37:04+00:00\",\"dateModified\":\"2026-03-19T15:15:24+00:00\",\"breadcrumb\":{\"@id\":\"https:\\\/\\\/www.betonmoulds.com\\\/de\\\/product\\\/bb-200-80-80-sn\\\/#breadcrumb\"},\"inLanguage\":\"de\",\"potentialAction\":[{\"@type\":\"ReadAction\",\"target\":[\"https:\\\/\\\/www.betonmoulds.com\\\/de\\\/product\\\/bb-200-80-80-sn\\\/\"]}]},{\"@type\":\"ImageObject\",\"inLanguage\":\"de\",\"@id\":\"https:\\\/\\\/www.betonmoulds.com\\\/de\\\/product\\\/bb-200-80-80-sn\\\/#primaryimage\",\"url\":\"https:\\\/\\\/www.betonmoulds.com\\\/wp-content\\\/uploads\\\/2023\\\/10\\\/BB-200-80-80-SN-1.jpg\",\"contentUrl\":\"https:\\\/\\\/www.betonmoulds.com\\\/wp-content\\\/uploads\\\/2023\\\/10\\\/BB-200-80-80-SN-1.jpg\",\"width\":900,\"height\":900,\"caption\":\"Form f\u00fcr Beton-Legosteine 200-80-80\"},{\"@type\":\"BreadcrumbList\",\"@id\":\"https:\\\/\\\/www.betonmoulds.com\\\/de\\\/product\\\/bb-200-80-80-sn\\\/#breadcrumb\",\"itemListElement\":[{\"@type\":\"ListItem\",\"position\":1,\"name\":\"Home\",\"item\":\"https:\\\/\\\/www.betonmoulds.com\\\/de\\\/\"},{\"@type\":\"ListItem\",\"position\":2,\"name\":\"Shop\",\"item\":\"https:\\\/\\\/www.betonmoulds.com\\\/de\\\/shop\\\/\"},{\"@type\":\"ListItem\",\"position\":3,\"name\":\"Betonblockgussform 200-80-80\"}]},{\"@type\":\"WebSite\",\"@id\":\"https:\\\/\\\/www.betonmoulds.com\\\/de\\\/#website\",\"url\":\"https:\\\/\\\/www.betonmoulds.com\\\/de\\\/\",\"name\":\"BETONMOULDS\",\"description\":\"Upcycle leftover concrete\",\"potentialAction\":[{\"@type\":\"SearchAction\",\"target\":{\"@type\":\"EntryPoint\",\"urlTemplate\":\"https:\\\/\\\/www.betonmoulds.com\\\/de\\\/?s={search_term_string}\"},\"query-input\":{\"@type\":\"PropertyValueSpecification\",\"valueRequired\":true,\"valueName\":\"search_term_string\"}}],\"inLanguage\":\"de\"}]}<\/script>\n<!-- \/ Yoast SEO plugin. -->","yoast_head_json":{"title":"Betonblockgussform 200-80-80 - BETONMOULDS","robots":{"index":"index","follow":"follow","max-snippet":"max-snippet:-1","max-image-preview":"max-image-preview:large","max-video-preview":"max-video-preview:-1"},"canonical":"https:\/\/www.betonmoulds.com\/de\/product\/bb-200-80-80-sn\/","og_locale":"de_DE","og_type":"article","og_title":"Betonblockgussform 200-80-80 - BETONMOULDS","og_description":"Die Basisblock-Gussform bietet vielf\u00e4ltige M\u00f6glichkeiten zur Herstellung von Betonbl\u00f6cken. Die Basis-Gussform ist in verschiedenen Gr\u00f6\u00dfen erh\u00e4ltlich. Wir bieten verschiedene Eins\u00e4tze f\u00fcr diese Beton-Gussform an, um verschiedene Blockformen herstellen zu k\u00f6nnen.  Damit die Betonbl\u00f6cke sicher gestapelt werden k\u00f6nnen, befinden sich an der Oberkante der Basis-Gussform Stiftstecker und an der Unterkante Einkerbungen, wodurch ein Ineinandergreifen der Betonbl\u00f6cke erm\u00f6glicht, und unerw\u00fcnschtes Verschieben verhindert wird.  Die Betonbl\u00f6cke k\u00f6nnen als modulares Bausystem zum Bau von Mauern oder auch individuell zur Abgrenzung oder Absperrung einer Stra\u00dfe oder eines Parkplatzes eingesetzt werden.  Wir haben ausf\u00fchrlich und gr\u00fcndlich die Baukonstruktion und die Materialauswahl durchdacht, mit dem Ziel die bestehenden Block-Gussformen erheblich zu verbessern. Wir bieten formstabile, modulare Gussformen mit ansprechender Preisgestaltung. Wenn Sie eine benutzerfreundliche Gussform zu einem angemessenen Preis bevorzugen, w\u00e4hlen Sie unsere Basis-Gussform.  Die Abmessungen der Betonbl\u00f6cke entsprechen den seit Jahrzehnten bekannten Standards, die mit den Abmessungen der bekanntesten Gussformenhersteller kompatibel sind.  Unsere unverwechselbaren rot-gef\u00e4rbten Gussformen mit feuerverzinkten Ecken sind einzigartig. Hergestellt aus qualitativ hochwertigem Stahl und mit Pr\u00e4zision, von erfahrenen Handwerkern, mithilfe von Laserschneidmaschinen und Schwei\u00dfrobotern montiert.  Jede Basis-Gussform wird mit einem Standardsatz von vier Keilen geliefert. Sollten die Keile im Laufe der Zeit besch\u00e4digt oder abgenutzt sein, k\u00f6nnen sie separat gekauft werden, um die alten zu ersetzen.","og_url":"https:\/\/www.betonmoulds.com\/de\/product\/bb-200-80-80-sn\/","og_site_name":"BETONMOULDS","article_modified_time":"2026-03-19T15:15:24+00:00","og_image":[{"width":900,"height":900,"url":"https:\/\/www.betonmoulds.com\/wp-content\/uploads\/2023\/10\/BB-200-80-80-SN-1.jpg","type":"image\/jpeg"}],"twitter_card":"summary_large_image","twitter_misc":{"Gesch\u00e4tzte Lesezeit":"1\u00a0Minute"},"schema":{"@context":"https:\/\/schema.org","@graph":[{"@type":"WebPage","@id":"https:\/\/www.betonmoulds.com\/de\/product\/bb-200-80-80-sn\/","url":"https:\/\/www.betonmoulds.com\/de\/product\/bb-200-80-80-sn\/","name":"Betonblockgussform 200-80-80 - BETONMOULDS","isPartOf":{"@id":"https:\/\/www.betonmoulds.com\/de\/#website"},"primaryImageOfPage":{"@id":"https:\/\/www.betonmoulds.com\/de\/product\/bb-200-80-80-sn\/#primaryimage"},"image":{"@id":"https:\/\/www.betonmoulds.com\/de\/product\/bb-200-80-80-sn\/#primaryimage"},"thumbnailUrl":"https:\/\/www.betonmoulds.com\/wp-content\/uploads\/2023\/10\/BB-200-80-80-SN-1.jpg","datePublished":"2023-10-02T17:37:04+00:00","dateModified":"2026-03-19T15:15:24+00:00","breadcrumb":{"@id":"https:\/\/www.betonmoulds.com\/de\/product\/bb-200-80-80-sn\/#breadcrumb"},"inLanguage":"de","potentialAction":[{"@type":"ReadAction","target":["https:\/\/www.betonmoulds.com\/de\/product\/bb-200-80-80-sn\/"]}]},{"@type":"ImageObject","inLanguage":"de","@id":"https:\/\/www.betonmoulds.com\/de\/product\/bb-200-80-80-sn\/#primaryimage","url":"https:\/\/www.betonmoulds.com\/wp-content\/uploads\/2023\/10\/BB-200-80-80-SN-1.jpg","contentUrl":"https:\/\/www.betonmoulds.com\/wp-content\/uploads\/2023\/10\/BB-200-80-80-SN-1.jpg","width":900,"height":900,"caption":"Form f\u00fcr Beton-Legosteine 200-80-80"},{"@type":"BreadcrumbList","@id":"https:\/\/www.betonmoulds.com\/de\/product\/bb-200-80-80-sn\/#breadcrumb","itemListElement":[{"@type":"ListItem","position":1,"name":"Home","item":"https:\/\/www.betonmoulds.com\/de\/"},{"@type":"ListItem","position":2,"name":"Shop","item":"https:\/\/www.betonmoulds.com\/de\/shop\/"},{"@type":"ListItem","position":3,"name":"Betonblockgussform 200-80-80"}]},{"@type":"WebSite","@id":"https:\/\/www.betonmoulds.com\/de\/#website","url":"https:\/\/www.betonmoulds.com\/de\/","name":"BETONMOULDS","description":"Upcycle leftover concrete","potentialAction":[{"@type":"SearchAction","target":{"@type":"EntryPoint","urlTemplate":"https:\/\/www.betonmoulds.com\/de\/?s={search_term_string}"},"query-input":{"@type":"PropertyValueSpecification","valueRequired":true,"valueName":"search_term_string"}}],"inLanguage":"de"}]}},"_links":{"self":[{"href":"https:\/\/www.betonmoulds.com\/de\/wp-json\/wp\/v2\/product\/5893","targetHints":{"allow":["GET"]}}],"collection":[{"href":"https:\/\/www.betonmoulds.com\/de\/wp-json\/wp\/v2\/product"}],"about":[{"href":"https:\/\/www.betonmoulds.com\/de\/wp-json\/wp\/v2\/types\/product"}],"wp:featuredmedia":[{"embeddable":true,"href":"https:\/\/www.betonmoulds.com\/de\/wp-json\/wp\/v2\/media\/5889"}],"wp:attachment":[{"href":"https:\/\/www.betonmoulds.com\/de\/wp-json\/wp\/v2\/media?parent=5893"}],"wp:term":[{"taxonomy":"product_brand","embeddable":true,"href":"https:\/\/www.betonmoulds.com\/de\/wp-json\/wp\/v2\/product_brand?post=5893"},{"taxonomy":"product_cat","embeddable":true,"href":"https:\/\/www.betonmoulds.com\/de\/wp-json\/wp\/v2\/product_cat?post=5893"},{"taxonomy":"product_tag","embeddable":true,"href":"https:\/\/www.betonmoulds.com\/de\/wp-json\/wp\/v2\/product_tag?post=5893"}],"curies":[{"name":"wp","href":"https:\/\/api.w.org\/{rel}","templated":true}]}}