{"id":5343,"date":"2023-07-17T19:07:44","date_gmt":"2023-07-17T19:07:44","guid":{"rendered":"https:\/\/www.betonmoulds.com\/product\/mould-opener\/"},"modified":"2026-03-19T15:17:06","modified_gmt":"2026-03-19T15:17:06","slug":"gussformoeffner","status":"publish","type":"product","link":"https:\/\/www.betonmoulds.com\/de\/product\/gussformoeffner\/","title":{"rendered":"\u00d6ffner f\u00fcr Betonblockgussform"},"content":{"rendered":"","protected":false},"excerpt":{"rendered":"<p>Der Form\u00f6ffner ist ein handliches Werkzeug, um die Beton-Gussform mit wenig Kraftaufwand zu \u00f6ffnen. Der Schraubenschl\u00fcssel passt genau in das Eckst\u00fcck der Form. Die Hebelwirkung sorgt daf\u00fcr, dass ohne gro\u00dfen Kraftaufwand ausreichend Kraft auf die Formteile ausge\u00fcbt wird und so die L-f\u00f6rmigen W\u00e4nde getrennt werden.<\/p>\n","protected":false},"featured_media":5651,"template":"","meta":[],"product_brand":[],"product_cat":[286,334,341,348,310,323,324,328],"product_tag":[],"class_list":{"0":"post-5343","1":"product","2":"type-product","3":"status-publish","4":"has-post-thumbnail","6":"product_cat-ersatzteile-blocke","7":"product_cat-ersatzteile-stuetzwand","8":"product_cat-ersatzteile-jersey","9":"product_cat-ersatzteile-platten","10":"product_cat-zubehor-blocke","11":"product_cat-zubehor-platten","12":"product_cat-zubehor-jersey","13":"product_cat-zubehor-stuetzwand","15":"first","16":"instock","17":"shipping-taxable","18":"purchasable","19":"product-type-simple"},"yoast_head":"<!-- This site is optimized with the Yoast SEO plugin v27.4 - https:\/\/yoast.com\/product\/yoast-seo-wordpress\/ -->\n<title>\u00d6ffner f\u00fcr Betonblockgussform - BETONMOULDS<\/title>\n<meta name=\"robots\" content=\"index, follow, max-snippet:-1, max-image-preview:large, max-video-preview:-1\" \/>\n<link rel=\"canonical\" href=\"https:\/\/www.betonmoulds.com\/de\/product\/gussformoeffner\/\" \/>\n<meta property=\"og:locale\" content=\"de_DE\" \/>\n<meta property=\"og:type\" content=\"article\" \/>\n<meta property=\"og:title\" content=\"\u00d6ffner f\u00fcr Betonblockgussform - BETONMOULDS\" \/>\n<meta property=\"og:description\" content=\"Der Form\u00f6ffner ist ein handliches Werkzeug, um die Beton-Gussform mit wenig Kraftaufwand zu \u00f6ffnen. Der Schraubenschl\u00fcssel passt genau in das Eckst\u00fcck der Form. Die Hebelwirkung sorgt daf\u00fcr, dass ohne gro\u00dfen Kraftaufwand ausreichend Kraft auf die Formteile ausge\u00fcbt wird und so die L-f\u00f6rmigen W\u00e4nde getrennt werden.\" \/>\n<meta property=\"og:url\" content=\"https:\/\/www.betonmoulds.com\/de\/product\/gussformoeffner\/\" \/>\n<meta property=\"og:site_name\" content=\"BETONMOULDS\" \/>\n<meta property=\"article:modified_time\" content=\"2026-03-19T15:17:06+00:00\" \/>\n<meta property=\"og:image\" content=\"https:\/\/www.betonmoulds.com\/wp-content\/uploads\/2023\/07\/block-mould-opener-betonmoulds.jpg\" \/>\n\t<meta property=\"og:image:width\" content=\"900\" \/>\n\t<meta property=\"og:image:height\" content=\"900\" \/>\n\t<meta property=\"og:image:type\" content=\"image\/jpeg\" \/>\n<meta name=\"twitter:card\" content=\"summary_large_image\" \/>\n<script type=\"application\/ld+json\" class=\"yoast-schema-graph\">{\"@context\":\"https:\\\/\\\/schema.org\",\"@graph\":[{\"@type\":\"WebPage\",\"@id\":\"https:\\\/\\\/www.betonmoulds.com\\\/de\\\/product\\\/gussformoeffner\\\/\",\"url\":\"https:\\\/\\\/www.betonmoulds.com\\\/de\\\/product\\\/gussformoeffner\\\/\",\"name\":\"\u00d6ffner f\u00fcr Betonblockgussform - BETONMOULDS\",\"isPartOf\":{\"@id\":\"https:\\\/\\\/www.betonmoulds.com\\\/de\\\/#website\"},\"primaryImageOfPage\":{\"@id\":\"https:\\\/\\\/www.betonmoulds.com\\\/de\\\/product\\\/gussformoeffner\\\/#primaryimage\"},\"image\":{\"@id\":\"https:\\\/\\\/www.betonmoulds.com\\\/de\\\/product\\\/gussformoeffner\\\/#primaryimage\"},\"thumbnailUrl\":\"https:\\\/\\\/www.betonmoulds.com\\\/wp-content\\\/uploads\\\/2023\\\/07\\\/block-mould-opener-betonmoulds.jpg\",\"datePublished\":\"2023-07-17T19:07:44+00:00\",\"dateModified\":\"2026-03-19T15:17:06+00:00\",\"breadcrumb\":{\"@id\":\"https:\\\/\\\/www.betonmoulds.com\\\/de\\\/product\\\/gussformoeffner\\\/#breadcrumb\"},\"inLanguage\":\"de\",\"potentialAction\":[{\"@type\":\"ReadAction\",\"target\":[\"https:\\\/\\\/www.betonmoulds.com\\\/de\\\/product\\\/gussformoeffner\\\/\"]}]},{\"@type\":\"ImageObject\",\"inLanguage\":\"de\",\"@id\":\"https:\\\/\\\/www.betonmoulds.com\\\/de\\\/product\\\/gussformoeffner\\\/#primaryimage\",\"url\":\"https:\\\/\\\/www.betonmoulds.com\\\/wp-content\\\/uploads\\\/2023\\\/07\\\/block-mould-opener-betonmoulds.jpg\",\"contentUrl\":\"https:\\\/\\\/www.betonmoulds.com\\\/wp-content\\\/uploads\\\/2023\\\/07\\\/block-mould-opener-betonmoulds.jpg\",\"width\":900,\"height\":900,\"caption\":\"Werkzeug zum \u00d6ffnen von Legoformen\"},{\"@type\":\"BreadcrumbList\",\"@id\":\"https:\\\/\\\/www.betonmoulds.com\\\/de\\\/product\\\/gussformoeffner\\\/#breadcrumb\",\"itemListElement\":[{\"@type\":\"ListItem\",\"position\":1,\"name\":\"Home\",\"item\":\"https:\\\/\\\/www.betonmoulds.com\\\/de\\\/\"},{\"@type\":\"ListItem\",\"position\":2,\"name\":\"Shop\",\"item\":\"https:\\\/\\\/www.betonmoulds.com\\\/de\\\/shop\\\/\"},{\"@type\":\"ListItem\",\"position\":3,\"name\":\"\u00d6ffner f\u00fcr Betonblockgussform\"}]},{\"@type\":\"WebSite\",\"@id\":\"https:\\\/\\\/www.betonmoulds.com\\\/de\\\/#website\",\"url\":\"https:\\\/\\\/www.betonmoulds.com\\\/de\\\/\",\"name\":\"BETONMOULDS\",\"description\":\"Upcycle leftover concrete\",\"potentialAction\":[{\"@type\":\"SearchAction\",\"target\":{\"@type\":\"EntryPoint\",\"urlTemplate\":\"https:\\\/\\\/www.betonmoulds.com\\\/de\\\/?s={search_term_string}\"},\"query-input\":{\"@type\":\"PropertyValueSpecification\",\"valueRequired\":true,\"valueName\":\"search_term_string\"}}],\"inLanguage\":\"de\"}]}<\/script>\n<!-- \/ Yoast SEO plugin. -->","yoast_head_json":{"title":"\u00d6ffner f\u00fcr Betonblockgussform - BETONMOULDS","robots":{"index":"index","follow":"follow","max-snippet":"max-snippet:-1","max-image-preview":"max-image-preview:large","max-video-preview":"max-video-preview:-1"},"canonical":"https:\/\/www.betonmoulds.com\/de\/product\/gussformoeffner\/","og_locale":"de_DE","og_type":"article","og_title":"\u00d6ffner f\u00fcr Betonblockgussform - BETONMOULDS","og_description":"Der Form\u00f6ffner ist ein handliches Werkzeug, um die Beton-Gussform mit wenig Kraftaufwand zu \u00f6ffnen. Der Schraubenschl\u00fcssel passt genau in das Eckst\u00fcck der Form. Die Hebelwirkung sorgt daf\u00fcr, dass ohne gro\u00dfen Kraftaufwand ausreichend Kraft auf die Formteile ausge\u00fcbt wird und so die L-f\u00f6rmigen W\u00e4nde getrennt werden.","og_url":"https:\/\/www.betonmoulds.com\/de\/product\/gussformoeffner\/","og_site_name":"BETONMOULDS","article_modified_time":"2026-03-19T15:17:06+00:00","og_image":[{"width":900,"height":900,"url":"https:\/\/www.betonmoulds.com\/wp-content\/uploads\/2023\/07\/block-mould-opener-betonmoulds.jpg","type":"image\/jpeg"}],"twitter_card":"summary_large_image","schema":{"@context":"https:\/\/schema.org","@graph":[{"@type":"WebPage","@id":"https:\/\/www.betonmoulds.com\/de\/product\/gussformoeffner\/","url":"https:\/\/www.betonmoulds.com\/de\/product\/gussformoeffner\/","name":"\u00d6ffner f\u00fcr Betonblockgussform - BETONMOULDS","isPartOf":{"@id":"https:\/\/www.betonmoulds.com\/de\/#website"},"primaryImageOfPage":{"@id":"https:\/\/www.betonmoulds.com\/de\/product\/gussformoeffner\/#primaryimage"},"image":{"@id":"https:\/\/www.betonmoulds.com\/de\/product\/gussformoeffner\/#primaryimage"},"thumbnailUrl":"https:\/\/www.betonmoulds.com\/wp-content\/uploads\/2023\/07\/block-mould-opener-betonmoulds.jpg","datePublished":"2023-07-17T19:07:44+00:00","dateModified":"2026-03-19T15:17:06+00:00","breadcrumb":{"@id":"https:\/\/www.betonmoulds.com\/de\/product\/gussformoeffner\/#breadcrumb"},"inLanguage":"de","potentialAction":[{"@type":"ReadAction","target":["https:\/\/www.betonmoulds.com\/de\/product\/gussformoeffner\/"]}]},{"@type":"ImageObject","inLanguage":"de","@id":"https:\/\/www.betonmoulds.com\/de\/product\/gussformoeffner\/#primaryimage","url":"https:\/\/www.betonmoulds.com\/wp-content\/uploads\/2023\/07\/block-mould-opener-betonmoulds.jpg","contentUrl":"https:\/\/www.betonmoulds.com\/wp-content\/uploads\/2023\/07\/block-mould-opener-betonmoulds.jpg","width":900,"height":900,"caption":"Werkzeug zum \u00d6ffnen von Legoformen"},{"@type":"BreadcrumbList","@id":"https:\/\/www.betonmoulds.com\/de\/product\/gussformoeffner\/#breadcrumb","itemListElement":[{"@type":"ListItem","position":1,"name":"Home","item":"https:\/\/www.betonmoulds.com\/de\/"},{"@type":"ListItem","position":2,"name":"Shop","item":"https:\/\/www.betonmoulds.com\/de\/shop\/"},{"@type":"ListItem","position":3,"name":"\u00d6ffner f\u00fcr Betonblockgussform"}]},{"@type":"WebSite","@id":"https:\/\/www.betonmoulds.com\/de\/#website","url":"https:\/\/www.betonmoulds.com\/de\/","name":"BETONMOULDS","description":"Upcycle leftover concrete","potentialAction":[{"@type":"SearchAction","target":{"@type":"EntryPoint","urlTemplate":"https:\/\/www.betonmoulds.com\/de\/?s={search_term_string}"},"query-input":{"@type":"PropertyValueSpecification","valueRequired":true,"valueName":"search_term_string"}}],"inLanguage":"de"}]}},"_links":{"self":[{"href":"https:\/\/www.betonmoulds.com\/de\/wp-json\/wp\/v2\/product\/5343","targetHints":{"allow":["GET"]}}],"collection":[{"href":"https:\/\/www.betonmoulds.com\/de\/wp-json\/wp\/v2\/product"}],"about":[{"href":"https:\/\/www.betonmoulds.com\/de\/wp-json\/wp\/v2\/types\/product"}],"wp:featuredmedia":[{"embeddable":true,"href":"https:\/\/www.betonmoulds.com\/de\/wp-json\/wp\/v2\/media\/5651"}],"wp:attachment":[{"href":"https:\/\/www.betonmoulds.com\/de\/wp-json\/wp\/v2\/media?parent=5343"}],"wp:term":[{"taxonomy":"product_brand","embeddable":true,"href":"https:\/\/www.betonmoulds.com\/de\/wp-json\/wp\/v2\/product_brand?post=5343"},{"taxonomy":"product_cat","embeddable":true,"href":"https:\/\/www.betonmoulds.com\/de\/wp-json\/wp\/v2\/product_cat?post=5343"},{"taxonomy":"product_tag","embeddable":true,"href":"https:\/\/www.betonmoulds.com\/de\/wp-json\/wp\/v2\/product_tag?post=5343"}],"curies":[{"name":"wp","href":"https:\/\/api.w.org\/{rel}","templated":true}]}}