{"id":5334,"date":"2022-11-10T10:30:13","date_gmt":"2022-11-10T10:30:13","guid":{"rendered":"https:\/\/www.betonmoulds.com\/product\/st-40-80\/"},"modified":"2026-03-19T15:17:37","modified_gmt":"2026-03-19T15:17:37","slug":"st-40-80","status":"publish","type":"product","link":"https:\/\/www.betonmoulds.com\/de\/product\/st-40-80\/","title":{"rendered":"Stuffeneinsatz f\u00fcr Gussform 40-80"},"content":{"rendered":"","protected":false},"excerpt":{"rendered":"<p>Durch die Montage des Treppeneinsatzes in der Basis-Gussform k\u00f6nnen Betonbl\u00f6cke mit Stufen hergestellt werden. Dies ist eine bequeme M\u00f6glichkeit, einen Zugang im oberen Bereich einer Mauer oder eines Geb\u00e4udes zu schaffen. Betontreppen werden in St\u00fctzmauern verwendet, um den H\u00f6henunterschied zu \u00fcberbr\u00fccken.<\/p>\n<p>Bauen Sie, unter Verwendung sch\u00f6ner Betonelemente mit der Basis-Gussform und diesem Einsatz, perfekte Treppen.<\/p>\n","protected":false},"featured_media":2993,"template":"","meta":[],"product_brand":[],"product_cat":[279],"product_tag":[],"class_list":{"0":"post-5334","1":"product","2":"type-product","3":"status-publish","4":"has-post-thumbnail","6":"product_cat-treppe","8":"first","9":"instock","10":"shipping-taxable","11":"purchasable","12":"product-type-simple"},"yoast_head":"<!-- This site is optimized with the Yoast SEO plugin v27.4 - https:\/\/yoast.com\/product\/yoast-seo-wordpress\/ -->\n<title>Betonblockform mit Stufen 40x80 - BETONMOULDS<\/title>\n<meta name=\"robots\" content=\"index, follow, max-snippet:-1, max-image-preview:large, max-video-preview:-1\" \/>\n<link rel=\"canonical\" href=\"https:\/\/www.betonmoulds.com\/de\/product\/st-40-80\/\" \/>\n<meta property=\"og:locale\" content=\"de_DE\" \/>\n<meta property=\"og:type\" content=\"article\" \/>\n<meta property=\"og:title\" content=\"Betonblockform mit Stufen 40x80 - BETONMOULDS\" \/>\n<meta property=\"og:description\" content=\"Durch die Montage des Treppeneinsatzes in der Basis-Gussform k\u00f6nnen Betonbl\u00f6cke mit Stufen hergestellt werden. Dies ist eine bequeme M\u00f6glichkeit, einen Zugang im oberen Bereich einer Mauer oder eines Geb\u00e4udes zu schaffen. Betontreppen werden in St\u00fctzmauern verwendet, um den H\u00f6henunterschied zu \u00fcberbr\u00fccken.  Bauen Sie, unter Verwendung sch\u00f6ner Betonelemente mit der Basis-Gussform und diesem Einsatz, perfekte Treppen.\" \/>\n<meta property=\"og:url\" content=\"https:\/\/www.betonmoulds.com\/de\/product\/st-40-80\/\" \/>\n<meta property=\"og:site_name\" content=\"BETONMOULDS\" \/>\n<meta property=\"article:modified_time\" content=\"2026-03-19T15:17:37+00:00\" \/>\n<meta property=\"og:image\" content=\"https:\/\/www.betonmoulds.com\/wp-content\/uploads\/2022\/11\/ST-40-80.jpg\" \/>\n\t<meta property=\"og:image:width\" content=\"900\" \/>\n\t<meta property=\"og:image:height\" content=\"900\" \/>\n\t<meta property=\"og:image:type\" content=\"image\/jpeg\" \/>\n<meta name=\"twitter:card\" content=\"summary_large_image\" \/>\n<meta name=\"twitter:label1\" content=\"Gesch\u00e4tzte Lesezeit\" \/>\n\t<meta name=\"twitter:data1\" content=\"1\u00a0Minute\" \/>\n<script type=\"application\/ld+json\" class=\"yoast-schema-graph\">{\"@context\":\"https:\\\/\\\/schema.org\",\"@graph\":[{\"@type\":\"WebPage\",\"@id\":\"https:\\\/\\\/www.betonmoulds.com\\\/de\\\/product\\\/st-40-80\\\/\",\"url\":\"https:\\\/\\\/www.betonmoulds.com\\\/de\\\/product\\\/st-40-80\\\/\",\"name\":\"Betonblockform mit Stufen 40x80 - BETONMOULDS\",\"isPartOf\":{\"@id\":\"https:\\\/\\\/www.betonmoulds.com\\\/de\\\/#website\"},\"primaryImageOfPage\":{\"@id\":\"https:\\\/\\\/www.betonmoulds.com\\\/de\\\/product\\\/st-40-80\\\/#primaryimage\"},\"image\":{\"@id\":\"https:\\\/\\\/www.betonmoulds.com\\\/de\\\/product\\\/st-40-80\\\/#primaryimage\"},\"thumbnailUrl\":\"https:\\\/\\\/www.betonmoulds.com\\\/wp-content\\\/uploads\\\/2022\\\/11\\\/ST-40-80.jpg\",\"datePublished\":\"2022-11-10T10:30:13+00:00\",\"dateModified\":\"2026-03-19T15:17:37+00:00\",\"breadcrumb\":{\"@id\":\"https:\\\/\\\/www.betonmoulds.com\\\/de\\\/product\\\/st-40-80\\\/#breadcrumb\"},\"inLanguage\":\"de\",\"potentialAction\":[{\"@type\":\"ReadAction\",\"target\":[\"https:\\\/\\\/www.betonmoulds.com\\\/de\\\/product\\\/st-40-80\\\/\"]}]},{\"@type\":\"ImageObject\",\"inLanguage\":\"de\",\"@id\":\"https:\\\/\\\/www.betonmoulds.com\\\/de\\\/product\\\/st-40-80\\\/#primaryimage\",\"url\":\"https:\\\/\\\/www.betonmoulds.com\\\/wp-content\\\/uploads\\\/2022\\\/11\\\/ST-40-80.jpg\",\"contentUrl\":\"https:\\\/\\\/www.betonmoulds.com\\\/wp-content\\\/uploads\\\/2022\\\/11\\\/ST-40-80.jpg\",\"width\":900,\"height\":900,\"caption\":\"mould for stair shape concrete lego block\"},{\"@type\":\"BreadcrumbList\",\"@id\":\"https:\\\/\\\/www.betonmoulds.com\\\/de\\\/product\\\/st-40-80\\\/#breadcrumb\",\"itemListElement\":[{\"@type\":\"ListItem\",\"position\":1,\"name\":\"Home\",\"item\":\"https:\\\/\\\/www.betonmoulds.com\\\/de\\\/\"},{\"@type\":\"ListItem\",\"position\":2,\"name\":\"Shop\",\"item\":\"https:\\\/\\\/www.betonmoulds.com\\\/de\\\/shop\\\/\"},{\"@type\":\"ListItem\",\"position\":3,\"name\":\"Stuffeneinsatz f\u00fcr Gussform 40-80\"}]},{\"@type\":\"WebSite\",\"@id\":\"https:\\\/\\\/www.betonmoulds.com\\\/de\\\/#website\",\"url\":\"https:\\\/\\\/www.betonmoulds.com\\\/de\\\/\",\"name\":\"BETONMOULDS\",\"description\":\"Upcycle leftover concrete\",\"potentialAction\":[{\"@type\":\"SearchAction\",\"target\":{\"@type\":\"EntryPoint\",\"urlTemplate\":\"https:\\\/\\\/www.betonmoulds.com\\\/de\\\/?s={search_term_string}\"},\"query-input\":{\"@type\":\"PropertyValueSpecification\",\"valueRequired\":true,\"valueName\":\"search_term_string\"}}],\"inLanguage\":\"de\"}]}<\/script>\n<!-- \/ Yoast SEO plugin. -->","yoast_head_json":{"title":"Betonblockform mit Stufen 40x80 - BETONMOULDS","robots":{"index":"index","follow":"follow","max-snippet":"max-snippet:-1","max-image-preview":"max-image-preview:large","max-video-preview":"max-video-preview:-1"},"canonical":"https:\/\/www.betonmoulds.com\/de\/product\/st-40-80\/","og_locale":"de_DE","og_type":"article","og_title":"Betonblockform mit Stufen 40x80 - BETONMOULDS","og_description":"Durch die Montage des Treppeneinsatzes in der Basis-Gussform k\u00f6nnen Betonbl\u00f6cke mit Stufen hergestellt werden. Dies ist eine bequeme M\u00f6glichkeit, einen Zugang im oberen Bereich einer Mauer oder eines Geb\u00e4udes zu schaffen. Betontreppen werden in St\u00fctzmauern verwendet, um den H\u00f6henunterschied zu \u00fcberbr\u00fccken.  Bauen Sie, unter Verwendung sch\u00f6ner Betonelemente mit der Basis-Gussform und diesem Einsatz, perfekte Treppen.","og_url":"https:\/\/www.betonmoulds.com\/de\/product\/st-40-80\/","og_site_name":"BETONMOULDS","article_modified_time":"2026-03-19T15:17:37+00:00","og_image":[{"width":900,"height":900,"url":"https:\/\/www.betonmoulds.com\/wp-content\/uploads\/2022\/11\/ST-40-80.jpg","type":"image\/jpeg"}],"twitter_card":"summary_large_image","twitter_misc":{"Gesch\u00e4tzte Lesezeit":"1\u00a0Minute"},"schema":{"@context":"https:\/\/schema.org","@graph":[{"@type":"WebPage","@id":"https:\/\/www.betonmoulds.com\/de\/product\/st-40-80\/","url":"https:\/\/www.betonmoulds.com\/de\/product\/st-40-80\/","name":"Betonblockform mit Stufen 40x80 - BETONMOULDS","isPartOf":{"@id":"https:\/\/www.betonmoulds.com\/de\/#website"},"primaryImageOfPage":{"@id":"https:\/\/www.betonmoulds.com\/de\/product\/st-40-80\/#primaryimage"},"image":{"@id":"https:\/\/www.betonmoulds.com\/de\/product\/st-40-80\/#primaryimage"},"thumbnailUrl":"https:\/\/www.betonmoulds.com\/wp-content\/uploads\/2022\/11\/ST-40-80.jpg","datePublished":"2022-11-10T10:30:13+00:00","dateModified":"2026-03-19T15:17:37+00:00","breadcrumb":{"@id":"https:\/\/www.betonmoulds.com\/de\/product\/st-40-80\/#breadcrumb"},"inLanguage":"de","potentialAction":[{"@type":"ReadAction","target":["https:\/\/www.betonmoulds.com\/de\/product\/st-40-80\/"]}]},{"@type":"ImageObject","inLanguage":"de","@id":"https:\/\/www.betonmoulds.com\/de\/product\/st-40-80\/#primaryimage","url":"https:\/\/www.betonmoulds.com\/wp-content\/uploads\/2022\/11\/ST-40-80.jpg","contentUrl":"https:\/\/www.betonmoulds.com\/wp-content\/uploads\/2022\/11\/ST-40-80.jpg","width":900,"height":900,"caption":"mould for stair shape concrete lego block"},{"@type":"BreadcrumbList","@id":"https:\/\/www.betonmoulds.com\/de\/product\/st-40-80\/#breadcrumb","itemListElement":[{"@type":"ListItem","position":1,"name":"Home","item":"https:\/\/www.betonmoulds.com\/de\/"},{"@type":"ListItem","position":2,"name":"Shop","item":"https:\/\/www.betonmoulds.com\/de\/shop\/"},{"@type":"ListItem","position":3,"name":"Stuffeneinsatz f\u00fcr Gussform 40-80"}]},{"@type":"WebSite","@id":"https:\/\/www.betonmoulds.com\/de\/#website","url":"https:\/\/www.betonmoulds.com\/de\/","name":"BETONMOULDS","description":"Upcycle leftover concrete","potentialAction":[{"@type":"SearchAction","target":{"@type":"EntryPoint","urlTemplate":"https:\/\/www.betonmoulds.com\/de\/?s={search_term_string}"},"query-input":{"@type":"PropertyValueSpecification","valueRequired":true,"valueName":"search_term_string"}}],"inLanguage":"de"}]}},"_links":{"self":[{"href":"https:\/\/www.betonmoulds.com\/de\/wp-json\/wp\/v2\/product\/5334","targetHints":{"allow":["GET"]}}],"collection":[{"href":"https:\/\/www.betonmoulds.com\/de\/wp-json\/wp\/v2\/product"}],"about":[{"href":"https:\/\/www.betonmoulds.com\/de\/wp-json\/wp\/v2\/types\/product"}],"wp:featuredmedia":[{"embeddable":true,"href":"https:\/\/www.betonmoulds.com\/de\/wp-json\/wp\/v2\/media\/2993"}],"wp:attachment":[{"href":"https:\/\/www.betonmoulds.com\/de\/wp-json\/wp\/v2\/media?parent=5334"}],"wp:term":[{"taxonomy":"product_brand","embeddable":true,"href":"https:\/\/www.betonmoulds.com\/de\/wp-json\/wp\/v2\/product_brand?post=5334"},{"taxonomy":"product_cat","embeddable":true,"href":"https:\/\/www.betonmoulds.com\/de\/wp-json\/wp\/v2\/product_cat?post=5334"},{"taxonomy":"product_tag","embeddable":true,"href":"https:\/\/www.betonmoulds.com\/de\/wp-json\/wp\/v2\/product_tag?post=5334"}],"curies":[{"name":"wp","href":"https:\/\/api.w.org\/{rel}","templated":true}]}}