{"id":5304,"date":"2022-11-11T12:44:41","date_gmt":"2022-11-11T12:44:41","guid":{"rendered":"https:\/\/www.betonmoulds.com\/product\/rt-120-60\/"},"modified":"2026-03-19T15:17:06","modified_gmt":"2026-03-19T15:17:06","slug":"rt-120-60","status":"publish","type":"product","link":"https:\/\/www.betonmoulds.com\/de\/product\/rt-120-60\/","title":{"rendered":"Satteldach Einsatz f\u00fcr Gussform 120-60"},"content":{"rendered":"","protected":false},"excerpt":{"rendered":"<p>Dieser Dacheinsatz ist eine willkommene Erg\u00e4nzung zu unserem modularen Gussformenprogramm. F\u00fcr die Herstellung von Betonbl\u00f6cken mit einer Dachform ist keine separate Gussform erforderlich. Dieses Produkt kann in die <a href=\"https:\/\/www.betonmoulds.com\/de\/product\/bb-120-60-60-sn\/\"><strong>kompatible Basis-Gussform<\/strong><\/a> eingesetzt werden.<\/p>\n<p>Dieser dachf\u00f6rmige Einsatz erm\u00f6glicht die Herstellung von Betonbl\u00f6cken mit zwei schr\u00e4gen Seiten. Der Betonblock hat weiterhin Aussparungen an der Unterseite. Bl\u00f6cke dieser Form k\u00f6nnen auf standardm\u00e4\u00dfige ineinandergreifende Bl\u00f6cke gestapelt werden.<\/p>\n<p>Die dachf\u00f6rmigen Betonbl\u00f6cke sind die perfekte Deckschicht f\u00fcr eine Betonwand. Sch\u00fcttgut rutscht von der Wand und die Oberseite der Wand ist leicht sauber zu halten. Die dachartige Oberseite der Mauer eignet sich auch ideal zur Abgrenzung eines Bereichs, da niemand \u00fcber die Mauer laufen kann.<\/p>\n<p>Betonstapelbl\u00f6cke mit einer Dachform werden f\u00fcr viele Anwendungen eingesetzt, z. B. f\u00fcr die Lagerung von trockenen Sch\u00fcttg\u00fctern wie Sand und Kies, Abfall, G\u00fclle und landwirtschaftlichen Produkten.<\/p>\n","protected":false},"featured_media":3013,"template":"","meta":[],"product_brand":[],"product_cat":[273],"product_tag":[],"class_list":{"0":"post-5304","1":"product","2":"type-product","3":"status-publish","4":"has-post-thumbnail","6":"product_cat-satteldach","8":"first","9":"instock","10":"shipping-taxable","11":"purchasable","12":"product-type-simple"},"yoast_head":"<!-- This site is optimized with the Yoast SEO plugin v27.5 - https:\/\/yoast.com\/product\/yoast-seo-wordpress\/ -->\n<title>Form f\u00fcr Betonblock mit Satteldach 120x60 - BETONMOULDS<\/title>\n<meta name=\"robots\" content=\"index, follow, max-snippet:-1, max-image-preview:large, max-video-preview:-1\" \/>\n<link rel=\"canonical\" href=\"https:\/\/www.betonmoulds.com\/de\/product\/rt-120-60\/\" \/>\n<meta property=\"og:locale\" content=\"de_DE\" \/>\n<meta property=\"og:type\" content=\"article\" \/>\n<meta property=\"og:title\" content=\"Form f\u00fcr Betonblock mit Satteldach 120x60 - BETONMOULDS\" \/>\n<meta property=\"og:description\" content=\"Dieser Dacheinsatz ist eine willkommene Erg\u00e4nzung zu unserem modularen Gussformenprogramm. F\u00fcr die Herstellung von Betonbl\u00f6cken mit einer Dachform ist keine separate Gussform erforderlich. Dieses Produkt kann in die kompatible Basis-Gussform eingesetzt werden.  Dieser dachf\u00f6rmige Einsatz erm\u00f6glicht die Herstellung von Betonbl\u00f6cken mit zwei schr\u00e4gen Seiten. Der Betonblock hat weiterhin Aussparungen an der Unterseite. Bl\u00f6cke dieser Form k\u00f6nnen auf standardm\u00e4\u00dfige ineinandergreifende Bl\u00f6cke gestapelt werden.  Die dachf\u00f6rmigen Betonbl\u00f6cke sind die perfekte Deckschicht f\u00fcr eine Betonwand. Sch\u00fcttgut rutscht von der Wand und die Oberseite der Wand ist leicht sauber zu halten. Die dachartige Oberseite der Mauer eignet sich auch ideal zur Abgrenzung eines Bereichs, da niemand \u00fcber die Mauer laufen kann.  Betonstapelbl\u00f6cke mit einer Dachform werden f\u00fcr viele Anwendungen eingesetzt, z. B. f\u00fcr die Lagerung von trockenen Sch\u00fcttg\u00fctern wie Sand und Kies, Abfall, G\u00fclle und landwirtschaftlichen Produkten.\" \/>\n<meta property=\"og:url\" content=\"https:\/\/www.betonmoulds.com\/de\/product\/rt-120-60\/\" \/>\n<meta property=\"og:site_name\" content=\"BETONMOULDS\" \/>\n<meta property=\"article:modified_time\" content=\"2026-03-19T15:17:06+00:00\" \/>\n<meta property=\"og:image\" content=\"https:\/\/www.betonmoulds.com\/wp-content\/uploads\/2022\/11\/RT-120-60.jpg\" \/>\n\t<meta property=\"og:image:width\" content=\"900\" \/>\n\t<meta property=\"og:image:height\" content=\"900\" \/>\n\t<meta property=\"og:image:type\" content=\"image\/jpeg\" \/>\n<meta name=\"twitter:card\" content=\"summary_large_image\" \/>\n<meta name=\"twitter:label1\" content=\"Gesch\u00e4tzte Lesezeit\" \/>\n\t<meta name=\"twitter:data1\" content=\"1\u00a0Minute\" \/>\n<script type=\"application\/ld+json\" class=\"yoast-schema-graph\">{\"@context\":\"https:\\\/\\\/schema.org\",\"@graph\":[{\"@type\":\"WebPage\",\"@id\":\"https:\\\/\\\/www.betonmoulds.com\\\/de\\\/product\\\/rt-120-60\\\/\",\"url\":\"https:\\\/\\\/www.betonmoulds.com\\\/de\\\/product\\\/rt-120-60\\\/\",\"name\":\"Form f\u00fcr Betonblock mit Satteldach 120x60 - BETONMOULDS\",\"isPartOf\":{\"@id\":\"https:\\\/\\\/www.betonmoulds.com\\\/de\\\/#website\"},\"primaryImageOfPage\":{\"@id\":\"https:\\\/\\\/www.betonmoulds.com\\\/de\\\/product\\\/rt-120-60\\\/#primaryimage\"},\"image\":{\"@id\":\"https:\\\/\\\/www.betonmoulds.com\\\/de\\\/product\\\/rt-120-60\\\/#primaryimage\"},\"thumbnailUrl\":\"https:\\\/\\\/www.betonmoulds.com\\\/wp-content\\\/uploads\\\/2022\\\/11\\\/RT-120-60.jpg\",\"datePublished\":\"2022-11-11T12:44:41+00:00\",\"dateModified\":\"2026-03-19T15:17:06+00:00\",\"breadcrumb\":{\"@id\":\"https:\\\/\\\/www.betonmoulds.com\\\/de\\\/product\\\/rt-120-60\\\/#breadcrumb\"},\"inLanguage\":\"de\",\"potentialAction\":[{\"@type\":\"ReadAction\",\"target\":[\"https:\\\/\\\/www.betonmoulds.com\\\/de\\\/product\\\/rt-120-60\\\/\"]}]},{\"@type\":\"ImageObject\",\"inLanguage\":\"de\",\"@id\":\"https:\\\/\\\/www.betonmoulds.com\\\/de\\\/product\\\/rt-120-60\\\/#primaryimage\",\"url\":\"https:\\\/\\\/www.betonmoulds.com\\\/wp-content\\\/uploads\\\/2022\\\/11\\\/RT-120-60.jpg\",\"contentUrl\":\"https:\\\/\\\/www.betonmoulds.com\\\/wp-content\\\/uploads\\\/2022\\\/11\\\/RT-120-60.jpg\",\"width\":900,\"height\":900,\"caption\":\"mould for roof shape concrete lego block\"},{\"@type\":\"BreadcrumbList\",\"@id\":\"https:\\\/\\\/www.betonmoulds.com\\\/de\\\/product\\\/rt-120-60\\\/#breadcrumb\",\"itemListElement\":[{\"@type\":\"ListItem\",\"position\":1,\"name\":\"Home\",\"item\":\"https:\\\/\\\/www.betonmoulds.com\\\/de\\\/\"},{\"@type\":\"ListItem\",\"position\":2,\"name\":\"Shop\",\"item\":\"https:\\\/\\\/www.betonmoulds.com\\\/de\\\/shop\\\/\"},{\"@type\":\"ListItem\",\"position\":3,\"name\":\"Satteldach Einsatz f\u00fcr Gussform 120-60\"}]},{\"@type\":\"WebSite\",\"@id\":\"https:\\\/\\\/www.betonmoulds.com\\\/de\\\/#website\",\"url\":\"https:\\\/\\\/www.betonmoulds.com\\\/de\\\/\",\"name\":\"BETONMOULDS\",\"description\":\"Upcycle leftover concrete\",\"potentialAction\":[{\"@type\":\"SearchAction\",\"target\":{\"@type\":\"EntryPoint\",\"urlTemplate\":\"https:\\\/\\\/www.betonmoulds.com\\\/de\\\/?s={search_term_string}\"},\"query-input\":{\"@type\":\"PropertyValueSpecification\",\"valueRequired\":true,\"valueName\":\"search_term_string\"}}],\"inLanguage\":\"de\"}]}<\/script>\n<!-- \/ Yoast SEO plugin. -->","yoast_head_json":{"title":"Form f\u00fcr Betonblock mit Satteldach 120x60 - BETONMOULDS","robots":{"index":"index","follow":"follow","max-snippet":"max-snippet:-1","max-image-preview":"max-image-preview:large","max-video-preview":"max-video-preview:-1"},"canonical":"https:\/\/www.betonmoulds.com\/de\/product\/rt-120-60\/","og_locale":"de_DE","og_type":"article","og_title":"Form f\u00fcr Betonblock mit Satteldach 120x60 - BETONMOULDS","og_description":"Dieser Dacheinsatz ist eine willkommene Erg\u00e4nzung zu unserem modularen Gussformenprogramm. F\u00fcr die Herstellung von Betonbl\u00f6cken mit einer Dachform ist keine separate Gussform erforderlich. Dieses Produkt kann in die kompatible Basis-Gussform eingesetzt werden.  Dieser dachf\u00f6rmige Einsatz erm\u00f6glicht die Herstellung von Betonbl\u00f6cken mit zwei schr\u00e4gen Seiten. Der Betonblock hat weiterhin Aussparungen an der Unterseite. Bl\u00f6cke dieser Form k\u00f6nnen auf standardm\u00e4\u00dfige ineinandergreifende Bl\u00f6cke gestapelt werden.  Die dachf\u00f6rmigen Betonbl\u00f6cke sind die perfekte Deckschicht f\u00fcr eine Betonwand. Sch\u00fcttgut rutscht von der Wand und die Oberseite der Wand ist leicht sauber zu halten. Die dachartige Oberseite der Mauer eignet sich auch ideal zur Abgrenzung eines Bereichs, da niemand \u00fcber die Mauer laufen kann.  Betonstapelbl\u00f6cke mit einer Dachform werden f\u00fcr viele Anwendungen eingesetzt, z. B. f\u00fcr die Lagerung von trockenen Sch\u00fcttg\u00fctern wie Sand und Kies, Abfall, G\u00fclle und landwirtschaftlichen Produkten.","og_url":"https:\/\/www.betonmoulds.com\/de\/product\/rt-120-60\/","og_site_name":"BETONMOULDS","article_modified_time":"2026-03-19T15:17:06+00:00","og_image":[{"width":900,"height":900,"url":"https:\/\/www.betonmoulds.com\/wp-content\/uploads\/2022\/11\/RT-120-60.jpg","type":"image\/jpeg"}],"twitter_card":"summary_large_image","twitter_misc":{"Gesch\u00e4tzte Lesezeit":"1\u00a0Minute"},"schema":{"@context":"https:\/\/schema.org","@graph":[{"@type":"WebPage","@id":"https:\/\/www.betonmoulds.com\/de\/product\/rt-120-60\/","url":"https:\/\/www.betonmoulds.com\/de\/product\/rt-120-60\/","name":"Form f\u00fcr Betonblock mit Satteldach 120x60 - BETONMOULDS","isPartOf":{"@id":"https:\/\/www.betonmoulds.com\/de\/#website"},"primaryImageOfPage":{"@id":"https:\/\/www.betonmoulds.com\/de\/product\/rt-120-60\/#primaryimage"},"image":{"@id":"https:\/\/www.betonmoulds.com\/de\/product\/rt-120-60\/#primaryimage"},"thumbnailUrl":"https:\/\/www.betonmoulds.com\/wp-content\/uploads\/2022\/11\/RT-120-60.jpg","datePublished":"2022-11-11T12:44:41+00:00","dateModified":"2026-03-19T15:17:06+00:00","breadcrumb":{"@id":"https:\/\/www.betonmoulds.com\/de\/product\/rt-120-60\/#breadcrumb"},"inLanguage":"de","potentialAction":[{"@type":"ReadAction","target":["https:\/\/www.betonmoulds.com\/de\/product\/rt-120-60\/"]}]},{"@type":"ImageObject","inLanguage":"de","@id":"https:\/\/www.betonmoulds.com\/de\/product\/rt-120-60\/#primaryimage","url":"https:\/\/www.betonmoulds.com\/wp-content\/uploads\/2022\/11\/RT-120-60.jpg","contentUrl":"https:\/\/www.betonmoulds.com\/wp-content\/uploads\/2022\/11\/RT-120-60.jpg","width":900,"height":900,"caption":"mould for roof shape concrete lego block"},{"@type":"BreadcrumbList","@id":"https:\/\/www.betonmoulds.com\/de\/product\/rt-120-60\/#breadcrumb","itemListElement":[{"@type":"ListItem","position":1,"name":"Home","item":"https:\/\/www.betonmoulds.com\/de\/"},{"@type":"ListItem","position":2,"name":"Shop","item":"https:\/\/www.betonmoulds.com\/de\/shop\/"},{"@type":"ListItem","position":3,"name":"Satteldach Einsatz f\u00fcr Gussform 120-60"}]},{"@type":"WebSite","@id":"https:\/\/www.betonmoulds.com\/de\/#website","url":"https:\/\/www.betonmoulds.com\/de\/","name":"BETONMOULDS","description":"Upcycle leftover concrete","potentialAction":[{"@type":"SearchAction","target":{"@type":"EntryPoint","urlTemplate":"https:\/\/www.betonmoulds.com\/de\/?s={search_term_string}"},"query-input":{"@type":"PropertyValueSpecification","valueRequired":true,"valueName":"search_term_string"}}],"inLanguage":"de"}]}},"_links":{"self":[{"href":"https:\/\/www.betonmoulds.com\/de\/wp-json\/wp\/v2\/product\/5304","targetHints":{"allow":["GET"]}}],"collection":[{"href":"https:\/\/www.betonmoulds.com\/de\/wp-json\/wp\/v2\/product"}],"about":[{"href":"https:\/\/www.betonmoulds.com\/de\/wp-json\/wp\/v2\/types\/product"}],"wp:featuredmedia":[{"embeddable":true,"href":"https:\/\/www.betonmoulds.com\/de\/wp-json\/wp\/v2\/media\/3013"}],"wp:attachment":[{"href":"https:\/\/www.betonmoulds.com\/de\/wp-json\/wp\/v2\/media?parent=5304"}],"wp:term":[{"taxonomy":"product_brand","embeddable":true,"href":"https:\/\/www.betonmoulds.com\/de\/wp-json\/wp\/v2\/product_brand?post=5304"},{"taxonomy":"product_cat","embeddable":true,"href":"https:\/\/www.betonmoulds.com\/de\/wp-json\/wp\/v2\/product_cat?post=5304"},{"taxonomy":"product_tag","embeddable":true,"href":"https:\/\/www.betonmoulds.com\/de\/wp-json\/wp\/v2\/product_tag?post=5304"}],"curies":[{"name":"wp","href":"https:\/\/api.w.org\/{rel}","templated":true}]}}