{"id":5176,"date":"2023-01-15T13:20:33","date_gmt":"2023-01-15T13:20:33","guid":{"rendered":"https:\/\/www.betonmoulds.com\/product\/cs-200-100-14\/"},"modified":"2026-03-19T15:15:34","modified_gmt":"2026-03-19T15:15:34","slug":"cs-200-100-14","status":"publish","type":"product","link":"https:\/\/www.betonmoulds.com\/de\/product\/cs-200-100-14\/","title":{"rendered":"Betonplatteform 200-100-14"},"content":{"rendered":"","protected":false},"excerpt":{"rendered":"<p>Mit dieser robusten Betonplatten-Gussform k\u00f6nnen Sie m\u00fchelos Betonplatten in den Abmessungen 200 x 100 x 14 cm herstellen. Betonplatten eignen sich perfekt f\u00fcr dauerhafte oder vor\u00fcbergehende Pflasterung. Sie k\u00f6nnen der Belastung durch schwerere Fahrzeuge standhalten. Die Betonplatte verteilt das Gewicht auf die darunter liegenden Schichten des Unterbaus.<\/p>\n<p>Die modulare Betonplatten-Gussform kann durch den Austausch ihrer Seitenfl\u00e4chen leicht zur Herstellung von Platten in den Abmessungen <a href=\"https:\/\/www.betonmoulds.com\/de\/product\/cs-200-150-14\/\"><strong>200 x 150 x 14 cm<\/strong><\/a>und<strong><a href=\"https:\/\/www.betonmoulds.com\/de\/product\/cs-200-200-14\/\"> 200 x 200 x 14 cm<\/a> <\/strong>umger\u00fcstet werden.<\/p>\n<p>Die Unterseite der gegossenen Betonplatte wird zur glatten Oberfl\u00e4che der endg\u00fcltigen Pflasterung. Der speziell entwickelte <strong><a href=\"https:\/\/www.betonmoulds.com\/de\/product\/hebe-und-drehmechanismus\/\">Dreh- und Hebemechanismus<\/a><\/strong>\u00a0erm\u00f6glicht das einh\u00e4ndige Drehen der schweren Betonplatten.<\/p>\n<p>Betonplatten werden f\u00fcr das Fundament von G\u00fcllesilos und die Lagerung von Viehfutter und Sch\u00fcttgut wie Sand und Kies verwendet.<\/p>\n<p><a href=\"https:\/\/www.betonmoulds.com\/de\/product\/cip-200-14\/\"><strong>\u201eCast-in profile\u201c Verankerungsprofile<\/strong><\/a>\u00a0k\u00f6nnen verwendet werden, um eine Betonplatte mit Schlitzen zu erstellen, die f\u00fcr <strong><a href=\"https:\/\/www.betonmoulds.com\/de\/product\/zweistrang-hebekette-fuer-betonplatten\/\">Hebehaken<\/a><\/strong>\u00a0eingesetzt werden k\u00f6nnen. Auf diese Weise k\u00f6nnen eine Ver\u00e4nderung der Pflasterung und das sichere Bewegen von Betonplatten leicht ausgef\u00fchrt werden.<\/p>\n<p>F\u00fcr den Schwerlastverkehr bieten wir <a href=\"https:\/\/www.betonmoulds.com\/de\/product\/cs-200-100-16\/\"><strong>Gussformen zur Herstellung von 16 cm Dicke<\/strong><\/a> oder sogar<a href=\"https:\/\/www.betonmoulds.com\/de\/product\/cs-200-100-25\/\"><strong> 25 cm Dicke<\/strong><\/a>\u00a0Industrie-Betonplatten.<\/p>\n<p>Mit formstabilen Pflasterplatten wird die Pflasterung gr\u00f6\u00dferer Fl\u00e4chen zu einer schnellen und einfachen Aufgabe. Die M\u00f6glichkeit der einfachen Ver\u00e4nderung der Pflasterung unterst\u00fctzt die nachhaltige Nutzung.<\/p>\n","protected":false},"featured_media":10247,"template":"","meta":[],"product_brand":[],"product_cat":[203],"product_tag":[],"class_list":{"0":"post-5176","1":"product","2":"type-product","3":"status-publish","4":"has-post-thumbnail","6":"product_cat-basis-gussformen-platten","8":"first","9":"instock","10":"shipping-taxable","11":"purchasable","12":"product-type-simple"},"yoast_head":"<!-- This site is optimized with the Yoast SEO plugin v27.4 - https:\/\/yoast.com\/product\/yoast-seo-wordpress\/ -->\n<title>Betonplatteform 200-100-14 - BETONMOULDS<\/title>\n<meta name=\"robots\" content=\"index, follow, max-snippet:-1, max-image-preview:large, max-video-preview:-1\" \/>\n<link rel=\"canonical\" href=\"https:\/\/www.betonmoulds.com\/de\/product\/cs-200-100-14\/\" \/>\n<meta property=\"og:locale\" content=\"de_DE\" \/>\n<meta property=\"og:type\" content=\"article\" \/>\n<meta property=\"og:title\" content=\"Betonplatteform 200-100-14 - BETONMOULDS\" \/>\n<meta property=\"og:description\" content=\"Mit dieser robusten Betonplatten-Gussform k\u00f6nnen Sie m\u00fchelos Betonplatten in den Abmessungen 200 x 100 x 14 cm herstellen. Betonplatten eignen sich perfekt f\u00fcr dauerhafte oder vor\u00fcbergehende Pflasterung. Sie k\u00f6nnen der Belastung durch schwerere Fahrzeuge standhalten. Die Betonplatte verteilt das Gewicht auf die darunter liegenden Schichten des Unterbaus.  Die modulare Betonplatten-Gussform kann durch den Austausch ihrer Seitenfl\u00e4chen leicht zur Herstellung von Platten in den Abmessungen 200 x 150 x 14 cmund 200 x 200 x 14 cm umger\u00fcstet werden.  Die Unterseite der gegossenen Betonplatte wird zur glatten Oberfl\u00e4che der endg\u00fcltigen Pflasterung. Der speziell entwickelte Dreh- und Hebemechanismus\u00a0erm\u00f6glicht das einh\u00e4ndige Drehen der schweren Betonplatten.  Betonplatten werden f\u00fcr das Fundament von G\u00fcllesilos und die Lagerung von Viehfutter und Sch\u00fcttgut wie Sand und Kies verwendet.  \u201eCast-in profile\u201c Verankerungsprofile\u00a0k\u00f6nnen verwendet werden, um eine Betonplatte mit Schlitzen zu erstellen, die f\u00fcr Hebehaken\u00a0eingesetzt werden k\u00f6nnen. Auf diese Weise k\u00f6nnen eine Ver\u00e4nderung der Pflasterung und das sichere Bewegen von Betonplatten leicht ausgef\u00fchrt werden.  F\u00fcr den Schwerlastverkehr bieten wir Gussformen zur Herstellung von 16 cm Dicke oder sogar 25 cm Dicke\u00a0Industrie-Betonplatten.  Mit formstabilen Pflasterplatten wird die Pflasterung gr\u00f6\u00dferer Fl\u00e4chen zu einer schnellen und einfachen Aufgabe. Die M\u00f6glichkeit der einfachen Ver\u00e4nderung der Pflasterung unterst\u00fctzt die nachhaltige Nutzung.\" \/>\n<meta property=\"og:url\" content=\"https:\/\/www.betonmoulds.com\/de\/product\/cs-200-100-14\/\" \/>\n<meta property=\"og:site_name\" content=\"BETONMOULDS\" \/>\n<meta property=\"article:modified_time\" content=\"2026-03-19T15:15:34+00:00\" \/>\n<meta property=\"og:image\" content=\"https:\/\/www.betonmoulds.com\/wp-content\/uploads\/2023\/01\/CS-200-100-14-1.jpg\" \/>\n\t<meta property=\"og:image:width\" content=\"900\" \/>\n\t<meta property=\"og:image:height\" content=\"900\" \/>\n\t<meta property=\"og:image:type\" content=\"image\/jpeg\" \/>\n<meta name=\"twitter:card\" content=\"summary_large_image\" \/>\n<meta name=\"twitter:label1\" content=\"Gesch\u00e4tzte Lesezeit\" \/>\n\t<meta name=\"twitter:data1\" content=\"1\u00a0Minute\" \/>\n<script type=\"application\/ld+json\" class=\"yoast-schema-graph\">{\"@context\":\"https:\\\/\\\/schema.org\",\"@graph\":[{\"@type\":\"WebPage\",\"@id\":\"https:\\\/\\\/www.betonmoulds.com\\\/de\\\/product\\\/cs-200-100-14\\\/\",\"url\":\"https:\\\/\\\/www.betonmoulds.com\\\/de\\\/product\\\/cs-200-100-14\\\/\",\"name\":\"Betonplatteform 200-100-14 - BETONMOULDS\",\"isPartOf\":{\"@id\":\"https:\\\/\\\/www.betonmoulds.com\\\/de\\\/#website\"},\"primaryImageOfPage\":{\"@id\":\"https:\\\/\\\/www.betonmoulds.com\\\/de\\\/product\\\/cs-200-100-14\\\/#primaryimage\"},\"image\":{\"@id\":\"https:\\\/\\\/www.betonmoulds.com\\\/de\\\/product\\\/cs-200-100-14\\\/#primaryimage\"},\"thumbnailUrl\":\"https:\\\/\\\/www.betonmoulds.com\\\/wp-content\\\/uploads\\\/2023\\\/01\\\/CS-200-100-14-1.jpg\",\"datePublished\":\"2023-01-15T13:20:33+00:00\",\"dateModified\":\"2026-03-19T15:15:34+00:00\",\"breadcrumb\":{\"@id\":\"https:\\\/\\\/www.betonmoulds.com\\\/de\\\/product\\\/cs-200-100-14\\\/#breadcrumb\"},\"inLanguage\":\"de\",\"potentialAction\":[{\"@type\":\"ReadAction\",\"target\":[\"https:\\\/\\\/www.betonmoulds.com\\\/de\\\/product\\\/cs-200-100-14\\\/\"]}]},{\"@type\":\"ImageObject\",\"inLanguage\":\"de\",\"@id\":\"https:\\\/\\\/www.betonmoulds.com\\\/de\\\/product\\\/cs-200-100-14\\\/#primaryimage\",\"url\":\"https:\\\/\\\/www.betonmoulds.com\\\/wp-content\\\/uploads\\\/2023\\\/01\\\/CS-200-100-14-1.jpg\",\"contentUrl\":\"https:\\\/\\\/www.betonmoulds.com\\\/wp-content\\\/uploads\\\/2023\\\/01\\\/CS-200-100-14-1.jpg\",\"width\":900,\"height\":900,\"caption\":\"industrielle Betonplatteform 200-200-14\"},{\"@type\":\"BreadcrumbList\",\"@id\":\"https:\\\/\\\/www.betonmoulds.com\\\/de\\\/product\\\/cs-200-100-14\\\/#breadcrumb\",\"itemListElement\":[{\"@type\":\"ListItem\",\"position\":1,\"name\":\"Home\",\"item\":\"https:\\\/\\\/www.betonmoulds.com\\\/de\\\/\"},{\"@type\":\"ListItem\",\"position\":2,\"name\":\"Shop\",\"item\":\"https:\\\/\\\/www.betonmoulds.com\\\/de\\\/shop\\\/\"},{\"@type\":\"ListItem\",\"position\":3,\"name\":\"Betonplatteform 200-100-14\"}]},{\"@type\":\"WebSite\",\"@id\":\"https:\\\/\\\/www.betonmoulds.com\\\/de\\\/#website\",\"url\":\"https:\\\/\\\/www.betonmoulds.com\\\/de\\\/\",\"name\":\"BETONMOULDS\",\"description\":\"Upcycle leftover concrete\",\"potentialAction\":[{\"@type\":\"SearchAction\",\"target\":{\"@type\":\"EntryPoint\",\"urlTemplate\":\"https:\\\/\\\/www.betonmoulds.com\\\/de\\\/?s={search_term_string}\"},\"query-input\":{\"@type\":\"PropertyValueSpecification\",\"valueRequired\":true,\"valueName\":\"search_term_string\"}}],\"inLanguage\":\"de\"}]}<\/script>\n<!-- \/ Yoast SEO plugin. -->","yoast_head_json":{"title":"Betonplatteform 200-100-14 - BETONMOULDS","robots":{"index":"index","follow":"follow","max-snippet":"max-snippet:-1","max-image-preview":"max-image-preview:large","max-video-preview":"max-video-preview:-1"},"canonical":"https:\/\/www.betonmoulds.com\/de\/product\/cs-200-100-14\/","og_locale":"de_DE","og_type":"article","og_title":"Betonplatteform 200-100-14 - BETONMOULDS","og_description":"Mit dieser robusten Betonplatten-Gussform k\u00f6nnen Sie m\u00fchelos Betonplatten in den Abmessungen 200 x 100 x 14 cm herstellen. Betonplatten eignen sich perfekt f\u00fcr dauerhafte oder vor\u00fcbergehende Pflasterung. Sie k\u00f6nnen der Belastung durch schwerere Fahrzeuge standhalten. Die Betonplatte verteilt das Gewicht auf die darunter liegenden Schichten des Unterbaus.  Die modulare Betonplatten-Gussform kann durch den Austausch ihrer Seitenfl\u00e4chen leicht zur Herstellung von Platten in den Abmessungen 200 x 150 x 14 cmund 200 x 200 x 14 cm umger\u00fcstet werden.  Die Unterseite der gegossenen Betonplatte wird zur glatten Oberfl\u00e4che der endg\u00fcltigen Pflasterung. Der speziell entwickelte Dreh- und Hebemechanismus\u00a0erm\u00f6glicht das einh\u00e4ndige Drehen der schweren Betonplatten.  Betonplatten werden f\u00fcr das Fundament von G\u00fcllesilos und die Lagerung von Viehfutter und Sch\u00fcttgut wie Sand und Kies verwendet.  \u201eCast-in profile\u201c Verankerungsprofile\u00a0k\u00f6nnen verwendet werden, um eine Betonplatte mit Schlitzen zu erstellen, die f\u00fcr Hebehaken\u00a0eingesetzt werden k\u00f6nnen. Auf diese Weise k\u00f6nnen eine Ver\u00e4nderung der Pflasterung und das sichere Bewegen von Betonplatten leicht ausgef\u00fchrt werden.  F\u00fcr den Schwerlastverkehr bieten wir Gussformen zur Herstellung von 16 cm Dicke oder sogar 25 cm Dicke\u00a0Industrie-Betonplatten.  Mit formstabilen Pflasterplatten wird die Pflasterung gr\u00f6\u00dferer Fl\u00e4chen zu einer schnellen und einfachen Aufgabe. Die M\u00f6glichkeit der einfachen Ver\u00e4nderung der Pflasterung unterst\u00fctzt die nachhaltige Nutzung.","og_url":"https:\/\/www.betonmoulds.com\/de\/product\/cs-200-100-14\/","og_site_name":"BETONMOULDS","article_modified_time":"2026-03-19T15:15:34+00:00","og_image":[{"width":900,"height":900,"url":"https:\/\/www.betonmoulds.com\/wp-content\/uploads\/2023\/01\/CS-200-100-14-1.jpg","type":"image\/jpeg"}],"twitter_card":"summary_large_image","twitter_misc":{"Gesch\u00e4tzte Lesezeit":"1\u00a0Minute"},"schema":{"@context":"https:\/\/schema.org","@graph":[{"@type":"WebPage","@id":"https:\/\/www.betonmoulds.com\/de\/product\/cs-200-100-14\/","url":"https:\/\/www.betonmoulds.com\/de\/product\/cs-200-100-14\/","name":"Betonplatteform 200-100-14 - BETONMOULDS","isPartOf":{"@id":"https:\/\/www.betonmoulds.com\/de\/#website"},"primaryImageOfPage":{"@id":"https:\/\/www.betonmoulds.com\/de\/product\/cs-200-100-14\/#primaryimage"},"image":{"@id":"https:\/\/www.betonmoulds.com\/de\/product\/cs-200-100-14\/#primaryimage"},"thumbnailUrl":"https:\/\/www.betonmoulds.com\/wp-content\/uploads\/2023\/01\/CS-200-100-14-1.jpg","datePublished":"2023-01-15T13:20:33+00:00","dateModified":"2026-03-19T15:15:34+00:00","breadcrumb":{"@id":"https:\/\/www.betonmoulds.com\/de\/product\/cs-200-100-14\/#breadcrumb"},"inLanguage":"de","potentialAction":[{"@type":"ReadAction","target":["https:\/\/www.betonmoulds.com\/de\/product\/cs-200-100-14\/"]}]},{"@type":"ImageObject","inLanguage":"de","@id":"https:\/\/www.betonmoulds.com\/de\/product\/cs-200-100-14\/#primaryimage","url":"https:\/\/www.betonmoulds.com\/wp-content\/uploads\/2023\/01\/CS-200-100-14-1.jpg","contentUrl":"https:\/\/www.betonmoulds.com\/wp-content\/uploads\/2023\/01\/CS-200-100-14-1.jpg","width":900,"height":900,"caption":"industrielle Betonplatteform 200-200-14"},{"@type":"BreadcrumbList","@id":"https:\/\/www.betonmoulds.com\/de\/product\/cs-200-100-14\/#breadcrumb","itemListElement":[{"@type":"ListItem","position":1,"name":"Home","item":"https:\/\/www.betonmoulds.com\/de\/"},{"@type":"ListItem","position":2,"name":"Shop","item":"https:\/\/www.betonmoulds.com\/de\/shop\/"},{"@type":"ListItem","position":3,"name":"Betonplatteform 200-100-14"}]},{"@type":"WebSite","@id":"https:\/\/www.betonmoulds.com\/de\/#website","url":"https:\/\/www.betonmoulds.com\/de\/","name":"BETONMOULDS","description":"Upcycle leftover concrete","potentialAction":[{"@type":"SearchAction","target":{"@type":"EntryPoint","urlTemplate":"https:\/\/www.betonmoulds.com\/de\/?s={search_term_string}"},"query-input":{"@type":"PropertyValueSpecification","valueRequired":true,"valueName":"search_term_string"}}],"inLanguage":"de"}]}},"_links":{"self":[{"href":"https:\/\/www.betonmoulds.com\/de\/wp-json\/wp\/v2\/product\/5176","targetHints":{"allow":["GET"]}}],"collection":[{"href":"https:\/\/www.betonmoulds.com\/de\/wp-json\/wp\/v2\/product"}],"about":[{"href":"https:\/\/www.betonmoulds.com\/de\/wp-json\/wp\/v2\/types\/product"}],"wp:featuredmedia":[{"embeddable":true,"href":"https:\/\/www.betonmoulds.com\/de\/wp-json\/wp\/v2\/media\/10247"}],"wp:attachment":[{"href":"https:\/\/www.betonmoulds.com\/de\/wp-json\/wp\/v2\/media?parent=5176"}],"wp:term":[{"taxonomy":"product_brand","embeddable":true,"href":"https:\/\/www.betonmoulds.com\/de\/wp-json\/wp\/v2\/product_brand?post=5176"},{"taxonomy":"product_cat","embeddable":true,"href":"https:\/\/www.betonmoulds.com\/de\/wp-json\/wp\/v2\/product_cat?post=5176"},{"taxonomy":"product_tag","embeddable":true,"href":"https:\/\/www.betonmoulds.com\/de\/wp-json\/wp\/v2\/product_tag?post=5176"}],"curies":[{"name":"wp","href":"https:\/\/api.w.org\/{rel}","templated":true}]}}