{"id":5169,"date":"2023-07-03T13:39:06","date_gmt":"2023-07-03T13:39:06","guid":{"rendered":"https:\/\/www.betonmoulds.com\/product\/electric-hand-held-concrete-vibrator\/"},"modified":"2026-03-19T15:16:16","modified_gmt":"2026-03-19T15:16:16","slug":"elektrischer-handgefuehrter-betonruettler","status":"publish","type":"product","link":"https:\/\/www.betonmoulds.com\/de\/product\/elektrischer-handgefuehrter-betonruettler\/","title":{"rendered":"Elektro Einhand Betonr\u00fcttler"},"content":{"rendered":"","protected":false},"excerpt":{"rendered":"<p>Wir stellen unser Sortiment ausschlie\u00dflich aus Qualit\u00e4tsprodukten zusammen. Mit diesem elektrischen handgef\u00fchrten Betonr\u00fcttler k\u00f6nnen nahezu alle Betonarten verdichtet werden.<\/p>\n<p>Das Produkt ist wartungsfrei und die Nadel braucht nicht im Beton zu erkalten. Leichte Antriebseinheit, doppelt isoliert und Isolationsklasse IP 54.<\/p>\n<p>Eine handliche, leichte Maschine (ca. 6 kg), mit einem speziell entwickelten 230\/115 V Einphasenmotor. Mit nur 4.000 Umdrehungen pro Minute liefert der Betonr\u00fcttler 12.000 Vibrationen pro Minute, die in Kombination mit seiner gro\u00dfen Amplitude eine perfekte Betonverdichtung gew\u00e4hrleisten.<\/p>\n","protected":false},"featured_media":4746,"template":"","meta":[],"product_brand":[],"product_cat":[324,328,310,323],"product_tag":[],"class_list":{"0":"post-5169","1":"product","2":"type-product","3":"status-publish","4":"has-post-thumbnail","6":"product_cat-zubehor-jersey","7":"product_cat-zubehor-stuetzwand","8":"product_cat-zubehor-blocke","9":"product_cat-zubehor-platten","11":"first","12":"instock","13":"shipping-taxable","14":"purchasable","15":"product-type-simple"},"yoast_head":"<!-- This site is optimized with the Yoast SEO plugin v27.4 - https:\/\/yoast.com\/product\/yoast-seo-wordpress\/ -->\n<title>Elektro Einhand Betonr\u00fcttler - BETONMOULDS<\/title>\n<meta name=\"robots\" content=\"index, follow, max-snippet:-1, max-image-preview:large, max-video-preview:-1\" \/>\n<link rel=\"canonical\" href=\"https:\/\/www.betonmoulds.com\/de\/product\/elektrischer-handgefuehrter-betonruettler\/\" \/>\n<meta property=\"og:locale\" content=\"de_DE\" \/>\n<meta property=\"og:type\" content=\"article\" \/>\n<meta property=\"og:title\" content=\"Elektro Einhand Betonr\u00fcttler - BETONMOULDS\" \/>\n<meta property=\"og:description\" content=\"Wir stellen unser Sortiment ausschlie\u00dflich aus Qualit\u00e4tsprodukten zusammen. Mit diesem elektrischen handgef\u00fchrten Betonr\u00fcttler k\u00f6nnen nahezu alle Betonarten verdichtet werden.  Das Produkt ist wartungsfrei und die Nadel braucht nicht im Beton zu erkalten. Leichte Antriebseinheit, doppelt isoliert und Isolationsklasse IP 54.  Eine handliche, leichte Maschine (ca. 6 kg), mit einem speziell entwickelten 230\/115 V Einphasenmotor. Mit nur 4.000 Umdrehungen pro Minute liefert der Betonr\u00fcttler 12.000 Vibrationen pro Minute, die in Kombination mit seiner gro\u00dfen Amplitude eine perfekte Betonverdichtung gew\u00e4hrleisten.\" \/>\n<meta property=\"og:url\" content=\"https:\/\/www.betonmoulds.com\/de\/product\/elektrischer-handgefuehrter-betonruettler\/\" \/>\n<meta property=\"og:site_name\" content=\"BETONMOULDS\" \/>\n<meta property=\"article:modified_time\" content=\"2026-03-19T15:16:16+00:00\" \/>\n<meta property=\"og:image\" content=\"https:\/\/www.betonmoulds.com\/wp-content\/uploads\/2023\/07\/Concrete-vibrator-betonmoulds.jpg\" \/>\n\t<meta property=\"og:image:width\" content=\"900\" \/>\n\t<meta property=\"og:image:height\" content=\"900\" \/>\n\t<meta property=\"og:image:type\" content=\"image\/jpeg\" \/>\n<meta name=\"twitter:card\" content=\"summary_large_image\" \/>\n<meta name=\"twitter:label1\" content=\"Gesch\u00e4tzte Lesezeit\" \/>\n\t<meta name=\"twitter:data1\" content=\"1\u00a0Minute\" \/>\n<script type=\"application\/ld+json\" class=\"yoast-schema-graph\">{\"@context\":\"https:\\\/\\\/schema.org\",\"@graph\":[{\"@type\":\"WebPage\",\"@id\":\"https:\\\/\\\/www.betonmoulds.com\\\/de\\\/product\\\/elektrischer-handgefuehrter-betonruettler\\\/\",\"url\":\"https:\\\/\\\/www.betonmoulds.com\\\/de\\\/product\\\/elektrischer-handgefuehrter-betonruettler\\\/\",\"name\":\"Elektro Einhand Betonr\u00fcttler - BETONMOULDS\",\"isPartOf\":{\"@id\":\"https:\\\/\\\/www.betonmoulds.com\\\/de\\\/#website\"},\"primaryImageOfPage\":{\"@id\":\"https:\\\/\\\/www.betonmoulds.com\\\/de\\\/product\\\/elektrischer-handgefuehrter-betonruettler\\\/#primaryimage\"},\"image\":{\"@id\":\"https:\\\/\\\/www.betonmoulds.com\\\/de\\\/product\\\/elektrischer-handgefuehrter-betonruettler\\\/#primaryimage\"},\"thumbnailUrl\":\"https:\\\/\\\/www.betonmoulds.com\\\/wp-content\\\/uploads\\\/2023\\\/07\\\/Concrete-vibrator-betonmoulds.jpg\",\"datePublished\":\"2023-07-03T13:39:06+00:00\",\"dateModified\":\"2026-03-19T15:16:16+00:00\",\"breadcrumb\":{\"@id\":\"https:\\\/\\\/www.betonmoulds.com\\\/de\\\/product\\\/elektrischer-handgefuehrter-betonruettler\\\/#breadcrumb\"},\"inLanguage\":\"de\",\"potentialAction\":[{\"@type\":\"ReadAction\",\"target\":[\"https:\\\/\\\/www.betonmoulds.com\\\/de\\\/product\\\/elektrischer-handgefuehrter-betonruettler\\\/\"]}]},{\"@type\":\"ImageObject\",\"inLanguage\":\"de\",\"@id\":\"https:\\\/\\\/www.betonmoulds.com\\\/de\\\/product\\\/elektrischer-handgefuehrter-betonruettler\\\/#primaryimage\",\"url\":\"https:\\\/\\\/www.betonmoulds.com\\\/wp-content\\\/uploads\\\/2023\\\/07\\\/Concrete-vibrator-betonmoulds.jpg\",\"contentUrl\":\"https:\\\/\\\/www.betonmoulds.com\\\/wp-content\\\/uploads\\\/2023\\\/07\\\/Concrete-vibrator-betonmoulds.jpg\",\"width\":900,\"height\":900,\"caption\":\"Concrete vibrator betonmoulds\"},{\"@type\":\"BreadcrumbList\",\"@id\":\"https:\\\/\\\/www.betonmoulds.com\\\/de\\\/product\\\/elektrischer-handgefuehrter-betonruettler\\\/#breadcrumb\",\"itemListElement\":[{\"@type\":\"ListItem\",\"position\":1,\"name\":\"Home\",\"item\":\"https:\\\/\\\/www.betonmoulds.com\\\/de\\\/\"},{\"@type\":\"ListItem\",\"position\":2,\"name\":\"Shop\",\"item\":\"https:\\\/\\\/www.betonmoulds.com\\\/de\\\/shop\\\/\"},{\"@type\":\"ListItem\",\"position\":3,\"name\":\"Elektro Einhand Betonr\u00fcttler\"}]},{\"@type\":\"WebSite\",\"@id\":\"https:\\\/\\\/www.betonmoulds.com\\\/de\\\/#website\",\"url\":\"https:\\\/\\\/www.betonmoulds.com\\\/de\\\/\",\"name\":\"BETONMOULDS\",\"description\":\"Upcycle leftover concrete\",\"potentialAction\":[{\"@type\":\"SearchAction\",\"target\":{\"@type\":\"EntryPoint\",\"urlTemplate\":\"https:\\\/\\\/www.betonmoulds.com\\\/de\\\/?s={search_term_string}\"},\"query-input\":{\"@type\":\"PropertyValueSpecification\",\"valueRequired\":true,\"valueName\":\"search_term_string\"}}],\"inLanguage\":\"de\"}]}<\/script>\n<!-- \/ Yoast SEO plugin. -->","yoast_head_json":{"title":"Elektro Einhand Betonr\u00fcttler - BETONMOULDS","robots":{"index":"index","follow":"follow","max-snippet":"max-snippet:-1","max-image-preview":"max-image-preview:large","max-video-preview":"max-video-preview:-1"},"canonical":"https:\/\/www.betonmoulds.com\/de\/product\/elektrischer-handgefuehrter-betonruettler\/","og_locale":"de_DE","og_type":"article","og_title":"Elektro Einhand Betonr\u00fcttler - BETONMOULDS","og_description":"Wir stellen unser Sortiment ausschlie\u00dflich aus Qualit\u00e4tsprodukten zusammen. Mit diesem elektrischen handgef\u00fchrten Betonr\u00fcttler k\u00f6nnen nahezu alle Betonarten verdichtet werden.  Das Produkt ist wartungsfrei und die Nadel braucht nicht im Beton zu erkalten. Leichte Antriebseinheit, doppelt isoliert und Isolationsklasse IP 54.  Eine handliche, leichte Maschine (ca. 6 kg), mit einem speziell entwickelten 230\/115 V Einphasenmotor. Mit nur 4.000 Umdrehungen pro Minute liefert der Betonr\u00fcttler 12.000 Vibrationen pro Minute, die in Kombination mit seiner gro\u00dfen Amplitude eine perfekte Betonverdichtung gew\u00e4hrleisten.","og_url":"https:\/\/www.betonmoulds.com\/de\/product\/elektrischer-handgefuehrter-betonruettler\/","og_site_name":"BETONMOULDS","article_modified_time":"2026-03-19T15:16:16+00:00","og_image":[{"width":900,"height":900,"url":"https:\/\/www.betonmoulds.com\/wp-content\/uploads\/2023\/07\/Concrete-vibrator-betonmoulds.jpg","type":"image\/jpeg"}],"twitter_card":"summary_large_image","twitter_misc":{"Gesch\u00e4tzte Lesezeit":"1\u00a0Minute"},"schema":{"@context":"https:\/\/schema.org","@graph":[{"@type":"WebPage","@id":"https:\/\/www.betonmoulds.com\/de\/product\/elektrischer-handgefuehrter-betonruettler\/","url":"https:\/\/www.betonmoulds.com\/de\/product\/elektrischer-handgefuehrter-betonruettler\/","name":"Elektro Einhand Betonr\u00fcttler - BETONMOULDS","isPartOf":{"@id":"https:\/\/www.betonmoulds.com\/de\/#website"},"primaryImageOfPage":{"@id":"https:\/\/www.betonmoulds.com\/de\/product\/elektrischer-handgefuehrter-betonruettler\/#primaryimage"},"image":{"@id":"https:\/\/www.betonmoulds.com\/de\/product\/elektrischer-handgefuehrter-betonruettler\/#primaryimage"},"thumbnailUrl":"https:\/\/www.betonmoulds.com\/wp-content\/uploads\/2023\/07\/Concrete-vibrator-betonmoulds.jpg","datePublished":"2023-07-03T13:39:06+00:00","dateModified":"2026-03-19T15:16:16+00:00","breadcrumb":{"@id":"https:\/\/www.betonmoulds.com\/de\/product\/elektrischer-handgefuehrter-betonruettler\/#breadcrumb"},"inLanguage":"de","potentialAction":[{"@type":"ReadAction","target":["https:\/\/www.betonmoulds.com\/de\/product\/elektrischer-handgefuehrter-betonruettler\/"]}]},{"@type":"ImageObject","inLanguage":"de","@id":"https:\/\/www.betonmoulds.com\/de\/product\/elektrischer-handgefuehrter-betonruettler\/#primaryimage","url":"https:\/\/www.betonmoulds.com\/wp-content\/uploads\/2023\/07\/Concrete-vibrator-betonmoulds.jpg","contentUrl":"https:\/\/www.betonmoulds.com\/wp-content\/uploads\/2023\/07\/Concrete-vibrator-betonmoulds.jpg","width":900,"height":900,"caption":"Concrete vibrator betonmoulds"},{"@type":"BreadcrumbList","@id":"https:\/\/www.betonmoulds.com\/de\/product\/elektrischer-handgefuehrter-betonruettler\/#breadcrumb","itemListElement":[{"@type":"ListItem","position":1,"name":"Home","item":"https:\/\/www.betonmoulds.com\/de\/"},{"@type":"ListItem","position":2,"name":"Shop","item":"https:\/\/www.betonmoulds.com\/de\/shop\/"},{"@type":"ListItem","position":3,"name":"Elektro Einhand Betonr\u00fcttler"}]},{"@type":"WebSite","@id":"https:\/\/www.betonmoulds.com\/de\/#website","url":"https:\/\/www.betonmoulds.com\/de\/","name":"BETONMOULDS","description":"Upcycle leftover concrete","potentialAction":[{"@type":"SearchAction","target":{"@type":"EntryPoint","urlTemplate":"https:\/\/www.betonmoulds.com\/de\/?s={search_term_string}"},"query-input":{"@type":"PropertyValueSpecification","valueRequired":true,"valueName":"search_term_string"}}],"inLanguage":"de"}]}},"_links":{"self":[{"href":"https:\/\/www.betonmoulds.com\/de\/wp-json\/wp\/v2\/product\/5169","targetHints":{"allow":["GET"]}}],"collection":[{"href":"https:\/\/www.betonmoulds.com\/de\/wp-json\/wp\/v2\/product"}],"about":[{"href":"https:\/\/www.betonmoulds.com\/de\/wp-json\/wp\/v2\/types\/product"}],"wp:featuredmedia":[{"embeddable":true,"href":"https:\/\/www.betonmoulds.com\/de\/wp-json\/wp\/v2\/media\/4746"}],"wp:attachment":[{"href":"https:\/\/www.betonmoulds.com\/de\/wp-json\/wp\/v2\/media?parent=5169"}],"wp:term":[{"taxonomy":"product_brand","embeddable":true,"href":"https:\/\/www.betonmoulds.com\/de\/wp-json\/wp\/v2\/product_brand?post=5169"},{"taxonomy":"product_cat","embeddable":true,"href":"https:\/\/www.betonmoulds.com\/de\/wp-json\/wp\/v2\/product_cat?post=5169"},{"taxonomy":"product_tag","embeddable":true,"href":"https:\/\/www.betonmoulds.com\/de\/wp-json\/wp\/v2\/product_tag?post=5169"}],"curies":[{"name":"wp","href":"https:\/\/api.w.org\/{rel}","templated":true}]}}