{"id":5163,"date":"2023-07-03T13:36:38","date_gmt":"2023-07-03T13:36:38","guid":{"rendered":"https:\/\/www.betonmoulds.com\/product\/shuttering-oil-200l\/"},"modified":"2026-03-19T15:17:18","modified_gmt":"2026-03-19T15:17:18","slug":"schaloel-200l","status":"publish","type":"product","link":"https:\/\/www.betonmoulds.com\/de\/product\/schaloel-200l\/","title":{"rendered":"Schalungs\u00f6l 200L"},"content":{"rendered":"","protected":false},"excerpt":{"rendered":"<p>Maximale Haltbarkeit der Betongussformen und eine qualitativ hochwertige Betonoberfl\u00e4che werden durch die Verwendung dieses Schal\u00f6ls erzielt. Die ordnungsgem\u00e4\u00dfe Anwendung dieses Trennmitteltyps kann die folgenden Probleme verhindern:<\/p>\n<ul>\n<li>Luftblasen im Beton<\/li>\n<li>Flecken auf dem Beton<\/li>\n<li>An der Stahlgussform haftende Beton-R\u00fcckst\u00e4nde<\/li>\n<li>Korrosion an den Gussformen<\/li>\n<li>Betonstaub<\/li>\n<\/ul>\n<p>Es gibt zahlreiche Arten von Trennmitteln auf dem Markt, wobei jedes mit unterschiedlichen Spezifikationen f\u00fcr verschiedene Wetterbedingungen geeignet ist. Letztendlich wird durch die Verwendung eines Trennmittels die Qualit\u00e4t der Betonoberfl\u00e4che sichergestellt. Die Gussformen sind langlebiger und die Produktionskosten werden reduziert.<\/p>\n<p>Grunds\u00e4tzlich kann jede Art von \u00d6l oder Trennmittel verwendet werden, aber f\u00fcr professionelle Betonbl\u00f6cke und eine l\u00e4ngere Lebensdauer von Beton-Gussformen empfehlen wir dieses sichere und umweltfreundliche Trennmittel, das den Entformungsprozess optimiert.<\/p>\n","protected":false},"featured_media":12152,"template":"","meta":[],"product_brand":[],"product_cat":[310,323,324,328],"product_tag":[],"class_list":{"0":"post-5163","1":"product","2":"type-product","3":"status-publish","4":"has-post-thumbnail","6":"product_cat-zubehor-blocke","7":"product_cat-zubehor-platten","8":"product_cat-zubehor-jersey","9":"product_cat-zubehor-stuetzwand","11":"first","12":"instock","13":"shipping-taxable","14":"purchasable","15":"product-type-simple"},"yoast_head":"<!-- This site is optimized with the Yoast SEO plugin v27.4 - https:\/\/yoast.com\/product\/yoast-seo-wordpress\/ -->\n<title>Schalungs\u00f6l 200L - BETONMOULDS<\/title>\n<meta name=\"robots\" content=\"index, follow, max-snippet:-1, max-image-preview:large, max-video-preview:-1\" \/>\n<link rel=\"canonical\" href=\"https:\/\/www.betonmoulds.com\/de\/product\/schaloel-200l\/\" \/>\n<meta property=\"og:locale\" content=\"de_DE\" \/>\n<meta property=\"og:type\" content=\"article\" \/>\n<meta property=\"og:title\" content=\"Schalungs\u00f6l 200L - BETONMOULDS\" \/>\n<meta property=\"og:description\" content=\"Maximale Haltbarkeit der Betongussformen und eine qualitativ hochwertige Betonoberfl\u00e4che werden durch die Verwendung dieses Schal\u00f6ls erzielt. Die ordnungsgem\u00e4\u00dfe Anwendung dieses Trennmitteltyps kann die folgenden Probleme verhindern:   Luftblasen im Beton  Flecken auf dem Beton  An der Stahlgussform haftende Beton-R\u00fcckst\u00e4nde  Korrosion an den Gussformen  Betonstaub  Es gibt zahlreiche Arten von Trennmitteln auf dem Markt, wobei jedes mit unterschiedlichen Spezifikationen f\u00fcr verschiedene Wetterbedingungen geeignet ist. Letztendlich wird durch die Verwendung eines Trennmittels die Qualit\u00e4t der Betonoberfl\u00e4che sichergestellt. Die Gussformen sind langlebiger und die Produktionskosten werden reduziert.  Grunds\u00e4tzlich kann jede Art von \u00d6l oder Trennmittel verwendet werden, aber f\u00fcr professionelle Betonbl\u00f6cke und eine l\u00e4ngere Lebensdauer von Beton-Gussformen empfehlen wir dieses sichere und umweltfreundliche Trennmittel, das den Entformungsprozess optimiert.\" \/>\n<meta property=\"og:url\" content=\"https:\/\/www.betonmoulds.com\/de\/product\/schaloel-200l\/\" \/>\n<meta property=\"og:site_name\" content=\"BETONMOULDS\" \/>\n<meta property=\"article:modified_time\" content=\"2026-03-19T15:17:18+00:00\" \/>\n<meta property=\"og:image\" content=\"https:\/\/www.betonmoulds.com\/wp-content\/uploads\/2023\/07\/release-agent-200l-scaled.jpg\" \/>\n\t<meta property=\"og:image:width\" content=\"2515\" \/>\n\t<meta property=\"og:image:height\" content=\"2560\" \/>\n\t<meta property=\"og:image:type\" content=\"image\/jpeg\" \/>\n<meta name=\"twitter:card\" content=\"summary_large_image\" \/>\n<meta name=\"twitter:label1\" content=\"Gesch\u00e4tzte Lesezeit\" \/>\n\t<meta name=\"twitter:data1\" content=\"1\u00a0Minute\" \/>\n<script type=\"application\/ld+json\" class=\"yoast-schema-graph\">{\"@context\":\"https:\\\/\\\/schema.org\",\"@graph\":[{\"@type\":\"WebPage\",\"@id\":\"https:\\\/\\\/www.betonmoulds.com\\\/de\\\/product\\\/schaloel-200l\\\/\",\"url\":\"https:\\\/\\\/www.betonmoulds.com\\\/de\\\/product\\\/schaloel-200l\\\/\",\"name\":\"Schalungs\u00f6l 200L - BETONMOULDS\",\"isPartOf\":{\"@id\":\"https:\\\/\\\/www.betonmoulds.com\\\/de\\\/#website\"},\"primaryImageOfPage\":{\"@id\":\"https:\\\/\\\/www.betonmoulds.com\\\/de\\\/product\\\/schaloel-200l\\\/#primaryimage\"},\"image\":{\"@id\":\"https:\\\/\\\/www.betonmoulds.com\\\/de\\\/product\\\/schaloel-200l\\\/#primaryimage\"},\"thumbnailUrl\":\"https:\\\/\\\/www.betonmoulds.com\\\/wp-content\\\/uploads\\\/2023\\\/07\\\/Release-agent-barrel-Betonmoulds.webp\",\"datePublished\":\"2023-07-03T13:36:38+00:00\",\"dateModified\":\"2026-03-19T15:17:18+00:00\",\"breadcrumb\":{\"@id\":\"https:\\\/\\\/www.betonmoulds.com\\\/de\\\/product\\\/schaloel-200l\\\/#breadcrumb\"},\"inLanguage\":\"de\",\"potentialAction\":[{\"@type\":\"ReadAction\",\"target\":[\"https:\\\/\\\/www.betonmoulds.com\\\/de\\\/product\\\/schaloel-200l\\\/\"]}]},{\"@type\":\"ImageObject\",\"inLanguage\":\"de\",\"@id\":\"https:\\\/\\\/www.betonmoulds.com\\\/de\\\/product\\\/schaloel-200l\\\/#primaryimage\",\"url\":\"https:\\\/\\\/www.betonmoulds.com\\\/wp-content\\\/uploads\\\/2023\\\/07\\\/Release-agent-barrel-Betonmoulds.webp\",\"contentUrl\":\"https:\\\/\\\/www.betonmoulds.com\\\/wp-content\\\/uploads\\\/2023\\\/07\\\/Release-agent-barrel-Betonmoulds.webp\",\"width\":900,\"height\":900,\"caption\":\"Trennmittel f\u00fcr Beton\"},{\"@type\":\"BreadcrumbList\",\"@id\":\"https:\\\/\\\/www.betonmoulds.com\\\/de\\\/product\\\/schaloel-200l\\\/#breadcrumb\",\"itemListElement\":[{\"@type\":\"ListItem\",\"position\":1,\"name\":\"Home\",\"item\":\"https:\\\/\\\/www.betonmoulds.com\\\/de\\\/\"},{\"@type\":\"ListItem\",\"position\":2,\"name\":\"Shop\",\"item\":\"https:\\\/\\\/www.betonmoulds.com\\\/de\\\/shop\\\/\"},{\"@type\":\"ListItem\",\"position\":3,\"name\":\"Schalungs\u00f6l 200L\"}]},{\"@type\":\"WebSite\",\"@id\":\"https:\\\/\\\/www.betonmoulds.com\\\/de\\\/#website\",\"url\":\"https:\\\/\\\/www.betonmoulds.com\\\/de\\\/\",\"name\":\"BETONMOULDS\",\"description\":\"Upcycle leftover concrete\",\"potentialAction\":[{\"@type\":\"SearchAction\",\"target\":{\"@type\":\"EntryPoint\",\"urlTemplate\":\"https:\\\/\\\/www.betonmoulds.com\\\/de\\\/?s={search_term_string}\"},\"query-input\":{\"@type\":\"PropertyValueSpecification\",\"valueRequired\":true,\"valueName\":\"search_term_string\"}}],\"inLanguage\":\"de\"}]}<\/script>\n<!-- \/ Yoast SEO plugin. -->","yoast_head_json":{"title":"Schalungs\u00f6l 200L - BETONMOULDS","robots":{"index":"index","follow":"follow","max-snippet":"max-snippet:-1","max-image-preview":"max-image-preview:large","max-video-preview":"max-video-preview:-1"},"canonical":"https:\/\/www.betonmoulds.com\/de\/product\/schaloel-200l\/","og_locale":"de_DE","og_type":"article","og_title":"Schalungs\u00f6l 200L - BETONMOULDS","og_description":"Maximale Haltbarkeit der Betongussformen und eine qualitativ hochwertige Betonoberfl\u00e4che werden durch die Verwendung dieses Schal\u00f6ls erzielt. Die ordnungsgem\u00e4\u00dfe Anwendung dieses Trennmitteltyps kann die folgenden Probleme verhindern:   Luftblasen im Beton  Flecken auf dem Beton  An der Stahlgussform haftende Beton-R\u00fcckst\u00e4nde  Korrosion an den Gussformen  Betonstaub  Es gibt zahlreiche Arten von Trennmitteln auf dem Markt, wobei jedes mit unterschiedlichen Spezifikationen f\u00fcr verschiedene Wetterbedingungen geeignet ist. Letztendlich wird durch die Verwendung eines Trennmittels die Qualit\u00e4t der Betonoberfl\u00e4che sichergestellt. Die Gussformen sind langlebiger und die Produktionskosten werden reduziert.  Grunds\u00e4tzlich kann jede Art von \u00d6l oder Trennmittel verwendet werden, aber f\u00fcr professionelle Betonbl\u00f6cke und eine l\u00e4ngere Lebensdauer von Beton-Gussformen empfehlen wir dieses sichere und umweltfreundliche Trennmittel, das den Entformungsprozess optimiert.","og_url":"https:\/\/www.betonmoulds.com\/de\/product\/schaloel-200l\/","og_site_name":"BETONMOULDS","article_modified_time":"2026-03-19T15:17:18+00:00","og_image":[{"width":2515,"height":2560,"url":"https:\/\/www.betonmoulds.com\/wp-content\/uploads\/2023\/07\/release-agent-200l-scaled.jpg","type":"image\/jpeg"}],"twitter_card":"summary_large_image","twitter_misc":{"Gesch\u00e4tzte Lesezeit":"1\u00a0Minute"},"schema":{"@context":"https:\/\/schema.org","@graph":[{"@type":"WebPage","@id":"https:\/\/www.betonmoulds.com\/de\/product\/schaloel-200l\/","url":"https:\/\/www.betonmoulds.com\/de\/product\/schaloel-200l\/","name":"Schalungs\u00f6l 200L - BETONMOULDS","isPartOf":{"@id":"https:\/\/www.betonmoulds.com\/de\/#website"},"primaryImageOfPage":{"@id":"https:\/\/www.betonmoulds.com\/de\/product\/schaloel-200l\/#primaryimage"},"image":{"@id":"https:\/\/www.betonmoulds.com\/de\/product\/schaloel-200l\/#primaryimage"},"thumbnailUrl":"https:\/\/www.betonmoulds.com\/wp-content\/uploads\/2023\/07\/Release-agent-barrel-Betonmoulds.webp","datePublished":"2023-07-03T13:36:38+00:00","dateModified":"2026-03-19T15:17:18+00:00","breadcrumb":{"@id":"https:\/\/www.betonmoulds.com\/de\/product\/schaloel-200l\/#breadcrumb"},"inLanguage":"de","potentialAction":[{"@type":"ReadAction","target":["https:\/\/www.betonmoulds.com\/de\/product\/schaloel-200l\/"]}]},{"@type":"ImageObject","inLanguage":"de","@id":"https:\/\/www.betonmoulds.com\/de\/product\/schaloel-200l\/#primaryimage","url":"https:\/\/www.betonmoulds.com\/wp-content\/uploads\/2023\/07\/Release-agent-barrel-Betonmoulds.webp","contentUrl":"https:\/\/www.betonmoulds.com\/wp-content\/uploads\/2023\/07\/Release-agent-barrel-Betonmoulds.webp","width":900,"height":900,"caption":"Trennmittel f\u00fcr Beton"},{"@type":"BreadcrumbList","@id":"https:\/\/www.betonmoulds.com\/de\/product\/schaloel-200l\/#breadcrumb","itemListElement":[{"@type":"ListItem","position":1,"name":"Home","item":"https:\/\/www.betonmoulds.com\/de\/"},{"@type":"ListItem","position":2,"name":"Shop","item":"https:\/\/www.betonmoulds.com\/de\/shop\/"},{"@type":"ListItem","position":3,"name":"Schalungs\u00f6l 200L"}]},{"@type":"WebSite","@id":"https:\/\/www.betonmoulds.com\/de\/#website","url":"https:\/\/www.betonmoulds.com\/de\/","name":"BETONMOULDS","description":"Upcycle leftover concrete","potentialAction":[{"@type":"SearchAction","target":{"@type":"EntryPoint","urlTemplate":"https:\/\/www.betonmoulds.com\/de\/?s={search_term_string}"},"query-input":{"@type":"PropertyValueSpecification","valueRequired":true,"valueName":"search_term_string"}}],"inLanguage":"de"}]}},"_links":{"self":[{"href":"https:\/\/www.betonmoulds.com\/de\/wp-json\/wp\/v2\/product\/5163","targetHints":{"allow":["GET"]}}],"collection":[{"href":"https:\/\/www.betonmoulds.com\/de\/wp-json\/wp\/v2\/product"}],"about":[{"href":"https:\/\/www.betonmoulds.com\/de\/wp-json\/wp\/v2\/types\/product"}],"wp:featuredmedia":[{"embeddable":true,"href":"https:\/\/www.betonmoulds.com\/de\/wp-json\/wp\/v2\/media\/12152"}],"wp:attachment":[{"href":"https:\/\/www.betonmoulds.com\/de\/wp-json\/wp\/v2\/media?parent=5163"}],"wp:term":[{"taxonomy":"product_brand","embeddable":true,"href":"https:\/\/www.betonmoulds.com\/de\/wp-json\/wp\/v2\/product_brand?post=5163"},{"taxonomy":"product_cat","embeddable":true,"href":"https:\/\/www.betonmoulds.com\/de\/wp-json\/wp\/v2\/product_cat?post=5163"},{"taxonomy":"product_tag","embeddable":true,"href":"https:\/\/www.betonmoulds.com\/de\/wp-json\/wp\/v2\/product_tag?post=5163"}],"curies":[{"name":"wp","href":"https:\/\/api.w.org\/{rel}","templated":true}]}}