{"id":5157,"date":"2023-06-29T14:28:17","date_gmt":"2023-06-29T14:28:17","guid":{"rendered":"https:\/\/www.betonmoulds.com\/product\/two-legged-hoisting-chain-for-slabs\/"},"modified":"2026-03-19T15:12:56","modified_gmt":"2026-03-19T15:12:56","slug":"zweistrang-hebekette-fuer-betonplatten","status":"publish","type":"product","link":"https:\/\/www.betonmoulds.com\/de\/product\/zweistrang-hebekette-fuer-betonplatten\/","title":{"rendered":"Anschlagkette 2-strang Betonplatten"},"content":{"rendered":"","protected":false},"excerpt":{"rendered":"<p>Eine Zweistrang-Hebekette ist eine Kettenmontage mit 2 (Ketten-) Str\u00e4ngen und 2 Betonplattenhaken. Eine qualitativ hochwertige Hebekette f\u00fcr den zuverl\u00e4ssigen, sicheren und zugleich schnellen Transport von schweren Betonplatten bis zu einem Gewicht von 3150 kg.<\/p>\n<p>Die Betonplattenhaken sind f\u00fcr Betonplatten mit zwei Aussparungen von 55 x 25 mm (= Standard) ad\u00e4quat. Die rechteckigen Schlitze in der Betonplatte werden durch Einsetzen von <a href=\"https:\/\/www.betonmoulds.com\/de\/product\/cip-200-16\/\"><strong>Gussformprofilen<\/strong><\/a>\u00a0in die <a href=\"https:\/\/www.betonmoulds.com\/de\/product\/cs-200-200-16\/\"><strong>Gussform<\/strong><\/a> erstellt.<\/p>\n<p>Die oberste \u00d6se der Hebekette kann an eine Gabelstaplertraverse verbunden werden, wodurch ein m\u00fcheloses Heben und Transportieren von Betonplatten m\u00f6glich ist.<\/p>\n","protected":false},"featured_media":4581,"template":"","meta":[],"product_brand":[],"product_cat":[379],"product_tag":[],"class_list":{"0":"post-5157","1":"product","2":"type-product","3":"status-publish","4":"has-post-thumbnail","6":"product_cat-transport-betonplatten","8":"first","9":"instock","10":"shipping-taxable","11":"purchasable","12":"product-type-simple"},"yoast_head":"<!-- This site is optimized with the Yoast SEO plugin v27.4 - https:\/\/yoast.com\/product\/yoast-seo-wordpress\/ -->\n<title>Anschlagkette 2-strang Betonplatten - BETONMOULDS<\/title>\n<meta name=\"robots\" content=\"index, follow, max-snippet:-1, max-image-preview:large, max-video-preview:-1\" \/>\n<link rel=\"canonical\" href=\"https:\/\/www.betonmoulds.com\/de\/product\/zweistrang-hebekette-fuer-betonplatten\/\" \/>\n<meta property=\"og:locale\" content=\"de_DE\" \/>\n<meta property=\"og:type\" content=\"article\" \/>\n<meta property=\"og:title\" content=\"Anschlagkette 2-strang Betonplatten - BETONMOULDS\" \/>\n<meta property=\"og:description\" content=\"Eine Zweistrang-Hebekette ist eine Kettenmontage mit 2 (Ketten-) Str\u00e4ngen und 2 Betonplattenhaken. Eine qualitativ hochwertige Hebekette f\u00fcr den zuverl\u00e4ssigen, sicheren und zugleich schnellen Transport von schweren Betonplatten bis zu einem Gewicht von 3150 kg.  Die Betonplattenhaken sind f\u00fcr Betonplatten mit zwei Aussparungen von 55 x 25 mm (= Standard) ad\u00e4quat. Die rechteckigen Schlitze in der Betonplatte werden durch Einsetzen von Gussformprofilen\u00a0in die Gussform erstellt.  Die oberste \u00d6se der Hebekette kann an eine Gabelstaplertraverse verbunden werden, wodurch ein m\u00fcheloses Heben und Transportieren von Betonplatten m\u00f6glich ist.\" \/>\n<meta property=\"og:url\" content=\"https:\/\/www.betonmoulds.com\/de\/product\/zweistrang-hebekette-fuer-betonplatten\/\" \/>\n<meta property=\"og:site_name\" content=\"BETONMOULDS\" \/>\n<meta property=\"article:modified_time\" content=\"2026-03-19T15:12:56+00:00\" \/>\n<meta property=\"og:image\" content=\"https:\/\/www.betonmoulds.com\/wp-content\/uploads\/2023\/06\/2-leg-chain-for-lifting-slabs.jpg\" \/>\n\t<meta property=\"og:image:width\" content=\"600\" \/>\n\t<meta property=\"og:image:height\" content=\"600\" \/>\n\t<meta property=\"og:image:type\" content=\"image\/jpeg\" \/>\n<meta name=\"twitter:card\" content=\"summary_large_image\" \/>\n<meta name=\"twitter:label1\" content=\"Gesch\u00e4tzte Lesezeit\" \/>\n\t<meta name=\"twitter:data1\" content=\"1\u00a0Minute\" \/>\n<script type=\"application\/ld+json\" class=\"yoast-schema-graph\">{\"@context\":\"https:\\\/\\\/schema.org\",\"@graph\":[{\"@type\":\"WebPage\",\"@id\":\"https:\\\/\\\/www.betonmoulds.com\\\/de\\\/product\\\/zweistrang-hebekette-fuer-betonplatten\\\/\",\"url\":\"https:\\\/\\\/www.betonmoulds.com\\\/de\\\/product\\\/zweistrang-hebekette-fuer-betonplatten\\\/\",\"name\":\"Anschlagkette 2-strang Betonplatten - BETONMOULDS\",\"isPartOf\":{\"@id\":\"https:\\\/\\\/www.betonmoulds.com\\\/de\\\/#website\"},\"primaryImageOfPage\":{\"@id\":\"https:\\\/\\\/www.betonmoulds.com\\\/de\\\/product\\\/zweistrang-hebekette-fuer-betonplatten\\\/#primaryimage\"},\"image\":{\"@id\":\"https:\\\/\\\/www.betonmoulds.com\\\/de\\\/product\\\/zweistrang-hebekette-fuer-betonplatten\\\/#primaryimage\"},\"thumbnailUrl\":\"https:\\\/\\\/www.betonmoulds.com\\\/wp-content\\\/uploads\\\/2023\\\/06\\\/2-leg-chain-for-lifting-slabs.jpg\",\"datePublished\":\"2023-06-29T14:28:17+00:00\",\"dateModified\":\"2026-03-19T15:12:56+00:00\",\"breadcrumb\":{\"@id\":\"https:\\\/\\\/www.betonmoulds.com\\\/de\\\/product\\\/zweistrang-hebekette-fuer-betonplatten\\\/#breadcrumb\"},\"inLanguage\":\"de\",\"potentialAction\":[{\"@type\":\"ReadAction\",\"target\":[\"https:\\\/\\\/www.betonmoulds.com\\\/de\\\/product\\\/zweistrang-hebekette-fuer-betonplatten\\\/\"]}]},{\"@type\":\"ImageObject\",\"inLanguage\":\"de\",\"@id\":\"https:\\\/\\\/www.betonmoulds.com\\\/de\\\/product\\\/zweistrang-hebekette-fuer-betonplatten\\\/#primaryimage\",\"url\":\"https:\\\/\\\/www.betonmoulds.com\\\/wp-content\\\/uploads\\\/2023\\\/06\\\/2-leg-chain-for-lifting-slabs.jpg\",\"contentUrl\":\"https:\\\/\\\/www.betonmoulds.com\\\/wp-content\\\/uploads\\\/2023\\\/06\\\/2-leg-chain-for-lifting-slabs.jpg\",\"width\":600,\"height\":600,\"caption\":\"2 leg chain for lifting slabs\"},{\"@type\":\"BreadcrumbList\",\"@id\":\"https:\\\/\\\/www.betonmoulds.com\\\/de\\\/product\\\/zweistrang-hebekette-fuer-betonplatten\\\/#breadcrumb\",\"itemListElement\":[{\"@type\":\"ListItem\",\"position\":1,\"name\":\"Home\",\"item\":\"https:\\\/\\\/www.betonmoulds.com\\\/de\\\/\"},{\"@type\":\"ListItem\",\"position\":2,\"name\":\"Shop\",\"item\":\"https:\\\/\\\/www.betonmoulds.com\\\/de\\\/shop\\\/\"},{\"@type\":\"ListItem\",\"position\":3,\"name\":\"Anschlagkette 2-strang Betonplatten\"}]},{\"@type\":\"WebSite\",\"@id\":\"https:\\\/\\\/www.betonmoulds.com\\\/de\\\/#website\",\"url\":\"https:\\\/\\\/www.betonmoulds.com\\\/de\\\/\",\"name\":\"BETONMOULDS\",\"description\":\"Upcycle leftover concrete\",\"potentialAction\":[{\"@type\":\"SearchAction\",\"target\":{\"@type\":\"EntryPoint\",\"urlTemplate\":\"https:\\\/\\\/www.betonmoulds.com\\\/de\\\/?s={search_term_string}\"},\"query-input\":{\"@type\":\"PropertyValueSpecification\",\"valueRequired\":true,\"valueName\":\"search_term_string\"}}],\"inLanguage\":\"de\"}]}<\/script>\n<!-- \/ Yoast SEO plugin. -->","yoast_head_json":{"title":"Anschlagkette 2-strang Betonplatten - BETONMOULDS","robots":{"index":"index","follow":"follow","max-snippet":"max-snippet:-1","max-image-preview":"max-image-preview:large","max-video-preview":"max-video-preview:-1"},"canonical":"https:\/\/www.betonmoulds.com\/de\/product\/zweistrang-hebekette-fuer-betonplatten\/","og_locale":"de_DE","og_type":"article","og_title":"Anschlagkette 2-strang Betonplatten - BETONMOULDS","og_description":"Eine Zweistrang-Hebekette ist eine Kettenmontage mit 2 (Ketten-) Str\u00e4ngen und 2 Betonplattenhaken. Eine qualitativ hochwertige Hebekette f\u00fcr den zuverl\u00e4ssigen, sicheren und zugleich schnellen Transport von schweren Betonplatten bis zu einem Gewicht von 3150 kg.  Die Betonplattenhaken sind f\u00fcr Betonplatten mit zwei Aussparungen von 55 x 25 mm (= Standard) ad\u00e4quat. Die rechteckigen Schlitze in der Betonplatte werden durch Einsetzen von Gussformprofilen\u00a0in die Gussform erstellt.  Die oberste \u00d6se der Hebekette kann an eine Gabelstaplertraverse verbunden werden, wodurch ein m\u00fcheloses Heben und Transportieren von Betonplatten m\u00f6glich ist.","og_url":"https:\/\/www.betonmoulds.com\/de\/product\/zweistrang-hebekette-fuer-betonplatten\/","og_site_name":"BETONMOULDS","article_modified_time":"2026-03-19T15:12:56+00:00","og_image":[{"width":600,"height":600,"url":"https:\/\/www.betonmoulds.com\/wp-content\/uploads\/2023\/06\/2-leg-chain-for-lifting-slabs.jpg","type":"image\/jpeg"}],"twitter_card":"summary_large_image","twitter_misc":{"Gesch\u00e4tzte Lesezeit":"1\u00a0Minute"},"schema":{"@context":"https:\/\/schema.org","@graph":[{"@type":"WebPage","@id":"https:\/\/www.betonmoulds.com\/de\/product\/zweistrang-hebekette-fuer-betonplatten\/","url":"https:\/\/www.betonmoulds.com\/de\/product\/zweistrang-hebekette-fuer-betonplatten\/","name":"Anschlagkette 2-strang Betonplatten - BETONMOULDS","isPartOf":{"@id":"https:\/\/www.betonmoulds.com\/de\/#website"},"primaryImageOfPage":{"@id":"https:\/\/www.betonmoulds.com\/de\/product\/zweistrang-hebekette-fuer-betonplatten\/#primaryimage"},"image":{"@id":"https:\/\/www.betonmoulds.com\/de\/product\/zweistrang-hebekette-fuer-betonplatten\/#primaryimage"},"thumbnailUrl":"https:\/\/www.betonmoulds.com\/wp-content\/uploads\/2023\/06\/2-leg-chain-for-lifting-slabs.jpg","datePublished":"2023-06-29T14:28:17+00:00","dateModified":"2026-03-19T15:12:56+00:00","breadcrumb":{"@id":"https:\/\/www.betonmoulds.com\/de\/product\/zweistrang-hebekette-fuer-betonplatten\/#breadcrumb"},"inLanguage":"de","potentialAction":[{"@type":"ReadAction","target":["https:\/\/www.betonmoulds.com\/de\/product\/zweistrang-hebekette-fuer-betonplatten\/"]}]},{"@type":"ImageObject","inLanguage":"de","@id":"https:\/\/www.betonmoulds.com\/de\/product\/zweistrang-hebekette-fuer-betonplatten\/#primaryimage","url":"https:\/\/www.betonmoulds.com\/wp-content\/uploads\/2023\/06\/2-leg-chain-for-lifting-slabs.jpg","contentUrl":"https:\/\/www.betonmoulds.com\/wp-content\/uploads\/2023\/06\/2-leg-chain-for-lifting-slabs.jpg","width":600,"height":600,"caption":"2 leg chain for lifting slabs"},{"@type":"BreadcrumbList","@id":"https:\/\/www.betonmoulds.com\/de\/product\/zweistrang-hebekette-fuer-betonplatten\/#breadcrumb","itemListElement":[{"@type":"ListItem","position":1,"name":"Home","item":"https:\/\/www.betonmoulds.com\/de\/"},{"@type":"ListItem","position":2,"name":"Shop","item":"https:\/\/www.betonmoulds.com\/de\/shop\/"},{"@type":"ListItem","position":3,"name":"Anschlagkette 2-strang Betonplatten"}]},{"@type":"WebSite","@id":"https:\/\/www.betonmoulds.com\/de\/#website","url":"https:\/\/www.betonmoulds.com\/de\/","name":"BETONMOULDS","description":"Upcycle leftover concrete","potentialAction":[{"@type":"SearchAction","target":{"@type":"EntryPoint","urlTemplate":"https:\/\/www.betonmoulds.com\/de\/?s={search_term_string}"},"query-input":{"@type":"PropertyValueSpecification","valueRequired":true,"valueName":"search_term_string"}}],"inLanguage":"de"}]}},"_links":{"self":[{"href":"https:\/\/www.betonmoulds.com\/de\/wp-json\/wp\/v2\/product\/5157","targetHints":{"allow":["GET"]}}],"collection":[{"href":"https:\/\/www.betonmoulds.com\/de\/wp-json\/wp\/v2\/product"}],"about":[{"href":"https:\/\/www.betonmoulds.com\/de\/wp-json\/wp\/v2\/types\/product"}],"wp:featuredmedia":[{"embeddable":true,"href":"https:\/\/www.betonmoulds.com\/de\/wp-json\/wp\/v2\/media\/4581"}],"wp:attachment":[{"href":"https:\/\/www.betonmoulds.com\/de\/wp-json\/wp\/v2\/media?parent=5157"}],"wp:term":[{"taxonomy":"product_brand","embeddable":true,"href":"https:\/\/www.betonmoulds.com\/de\/wp-json\/wp\/v2\/product_brand?post=5157"},{"taxonomy":"product_cat","embeddable":true,"href":"https:\/\/www.betonmoulds.com\/de\/wp-json\/wp\/v2\/product_cat?post=5157"},{"taxonomy":"product_tag","embeddable":true,"href":"https:\/\/www.betonmoulds.com\/de\/wp-json\/wp\/v2\/product_tag?post=5157"}],"curies":[{"name":"wp","href":"https:\/\/api.w.org\/{rel}","templated":true}]}}