{"id":5154,"date":"2023-07-01T14:51:56","date_gmt":"2023-07-01T14:51:56","guid":{"rendered":"https:\/\/www.betonmoulds.com\/product\/lifting-clutch-lifting-eye-25t\/"},"modified":"2026-03-19T15:12:55","modified_gmt":"2026-03-19T15:12:55","slug":"hebekupplung-hebeoese-25t","status":"publish","type":"product","link":"https:\/\/www.betonmoulds.com\/de\/product\/hebekupplung-hebeoese-25t\/","title":{"rendered":"2.5t Universalkopf-Kupplung"},"content":{"rendered":"","protected":false},"excerpt":{"rendered":"<p>Eine Hebekupplung wird zum Heben von Betonfertigprodukten verwendet, bei denen ein <a href=\"https:\/\/www.betonmoulds.com\/de\/product\/fussanker-25t\/\"><strong>Fu\u00dfanker<\/strong><\/a> angebracht ist. Die Hebekupplung hat einen Kupplungskopf, an dem eine <a href=\"https:\/\/www.betonmoulds.com\/de\/product\/zweistrang-hebekette-mit-sicherheitsventilhaken\/\"><strong>Hebekette mit Haken<\/strong><\/a> eingeh\u00e4ngt wird. Die Hebekupplung l\u00e4sst sich leicht an- und abkoppeln. Eine Hebekupplung wird auch als Hebe\u00f6se bezeichnet.<\/p>\n<p>Die Hebekupplung ist das ideale Werkzeug zum Heben eines Betonblocks. Sie entspricht allen europ\u00e4ischen Vorschriften. Als Komponente des Transportankersystems ist sie eine universelle und zuverl\u00e4ssige, sichere L\u00f6sung zum Heben und Transportieren von Betonbl\u00f6cken.<\/p>\n<p>Maximalbelastung: 2,500 kg.<\/p>\n","protected":false},"featured_media":4663,"template":"","meta":[],"product_brand":[],"product_cat":[378,380,381],"product_tag":[],"class_list":{"0":"post-5154","1":"product","2":"type-product","3":"status-publish","4":"has-post-thumbnail","6":"product_cat-transport-betonblocke","7":"product_cat-transport-jersey-de","8":"product_cat-transport-stutzwand","10":"first","11":"instock","12":"shipping-taxable","13":"purchasable","14":"product-type-simple"},"yoast_head":"<!-- This site is optimized with the Yoast SEO plugin v27.5 - https:\/\/yoast.com\/product\/yoast-seo-wordpress\/ -->\n<title>2.5t Universalkopf-Kupplung - BETONMOULDS<\/title>\n<meta name=\"robots\" content=\"index, follow, max-snippet:-1, max-image-preview:large, max-video-preview:-1\" \/>\n<link rel=\"canonical\" href=\"https:\/\/www.betonmoulds.com\/de\/product\/hebekupplung-hebeoese-25t\/\" \/>\n<meta property=\"og:locale\" content=\"de_DE\" \/>\n<meta property=\"og:type\" content=\"article\" \/>\n<meta property=\"og:title\" content=\"2.5t Universalkopf-Kupplung - BETONMOULDS\" \/>\n<meta property=\"og:description\" content=\"Eine Hebekupplung wird zum Heben von Betonfertigprodukten verwendet, bei denen ein Fu\u00dfanker angebracht ist. Die Hebekupplung hat einen Kupplungskopf, an dem eine Hebekette mit Haken eingeh\u00e4ngt wird. Die Hebekupplung l\u00e4sst sich leicht an- und abkoppeln. Eine Hebekupplung wird auch als Hebe\u00f6se bezeichnet.  Die Hebekupplung ist das ideale Werkzeug zum Heben eines Betonblocks. Sie entspricht allen europ\u00e4ischen Vorschriften. Als Komponente des Transportankersystems ist sie eine universelle und zuverl\u00e4ssige, sichere L\u00f6sung zum Heben und Transportieren von Betonbl\u00f6cken.  Maximalbelastung: 2,500 kg.\" \/>\n<meta property=\"og:url\" content=\"https:\/\/www.betonmoulds.com\/de\/product\/hebekupplung-hebeoese-25t\/\" \/>\n<meta property=\"og:site_name\" content=\"BETONMOULDS\" \/>\n<meta property=\"article:modified_time\" content=\"2026-03-19T15:12:55+00:00\" \/>\n<meta property=\"og:image\" content=\"https:\/\/www.betonmoulds.com\/wp-content\/uploads\/2023\/07\/Lifting-Clutch-for-Concrete-Lego-Blocks-s.jpg\" \/>\n\t<meta property=\"og:image:width\" content=\"600\" \/>\n\t<meta property=\"og:image:height\" content=\"600\" \/>\n\t<meta property=\"og:image:type\" content=\"image\/jpeg\" \/>\n<meta name=\"twitter:card\" content=\"summary_large_image\" \/>\n<meta name=\"twitter:label1\" content=\"Gesch\u00e4tzte Lesezeit\" \/>\n\t<meta name=\"twitter:data1\" content=\"1\u00a0Minute\" \/>\n<script type=\"application\/ld+json\" class=\"yoast-schema-graph\">{\"@context\":\"https:\\\/\\\/schema.org\",\"@graph\":[{\"@type\":\"WebPage\",\"@id\":\"https:\\\/\\\/www.betonmoulds.com\\\/de\\\/product\\\/hebekupplung-hebeoese-25t\\\/\",\"url\":\"https:\\\/\\\/www.betonmoulds.com\\\/de\\\/product\\\/hebekupplung-hebeoese-25t\\\/\",\"name\":\"2.5t Universalkopf-Kupplung - BETONMOULDS\",\"isPartOf\":{\"@id\":\"https:\\\/\\\/www.betonmoulds.com\\\/de\\\/#website\"},\"primaryImageOfPage\":{\"@id\":\"https:\\\/\\\/www.betonmoulds.com\\\/de\\\/product\\\/hebekupplung-hebeoese-25t\\\/#primaryimage\"},\"image\":{\"@id\":\"https:\\\/\\\/www.betonmoulds.com\\\/de\\\/product\\\/hebekupplung-hebeoese-25t\\\/#primaryimage\"},\"thumbnailUrl\":\"https:\\\/\\\/www.betonmoulds.com\\\/wp-content\\\/uploads\\\/2023\\\/07\\\/Lifting-Clutch-for-Concrete-Lego-Blocks-s.jpg\",\"datePublished\":\"2023-07-01T14:51:56+00:00\",\"dateModified\":\"2026-03-19T15:12:55+00:00\",\"breadcrumb\":{\"@id\":\"https:\\\/\\\/www.betonmoulds.com\\\/de\\\/product\\\/hebekupplung-hebeoese-25t\\\/#breadcrumb\"},\"inLanguage\":\"de\",\"potentialAction\":[{\"@type\":\"ReadAction\",\"target\":[\"https:\\\/\\\/www.betonmoulds.com\\\/de\\\/product\\\/hebekupplung-hebeoese-25t\\\/\"]}]},{\"@type\":\"ImageObject\",\"inLanguage\":\"de\",\"@id\":\"https:\\\/\\\/www.betonmoulds.com\\\/de\\\/product\\\/hebekupplung-hebeoese-25t\\\/#primaryimage\",\"url\":\"https:\\\/\\\/www.betonmoulds.com\\\/wp-content\\\/uploads\\\/2023\\\/07\\\/Lifting-Clutch-for-Concrete-Lego-Blocks-s.jpg\",\"contentUrl\":\"https:\\\/\\\/www.betonmoulds.com\\\/wp-content\\\/uploads\\\/2023\\\/07\\\/Lifting-Clutch-for-Concrete-Lego-Blocks-s.jpg\",\"width\":600,\"height\":600,\"caption\":\"Lifting Clutch for Concrete Lego Blocks s\"},{\"@type\":\"BreadcrumbList\",\"@id\":\"https:\\\/\\\/www.betonmoulds.com\\\/de\\\/product\\\/hebekupplung-hebeoese-25t\\\/#breadcrumb\",\"itemListElement\":[{\"@type\":\"ListItem\",\"position\":1,\"name\":\"Home\",\"item\":\"https:\\\/\\\/www.betonmoulds.com\\\/de\\\/\"},{\"@type\":\"ListItem\",\"position\":2,\"name\":\"Shop\",\"item\":\"https:\\\/\\\/www.betonmoulds.com\\\/de\\\/shop\\\/\"},{\"@type\":\"ListItem\",\"position\":3,\"name\":\"2.5t Universalkopf-Kupplung\"}]},{\"@type\":\"WebSite\",\"@id\":\"https:\\\/\\\/www.betonmoulds.com\\\/de\\\/#website\",\"url\":\"https:\\\/\\\/www.betonmoulds.com\\\/de\\\/\",\"name\":\"BETONMOULDS\",\"description\":\"Upcycle leftover concrete\",\"potentialAction\":[{\"@type\":\"SearchAction\",\"target\":{\"@type\":\"EntryPoint\",\"urlTemplate\":\"https:\\\/\\\/www.betonmoulds.com\\\/de\\\/?s={search_term_string}\"},\"query-input\":{\"@type\":\"PropertyValueSpecification\",\"valueRequired\":true,\"valueName\":\"search_term_string\"}}],\"inLanguage\":\"de\"}]}<\/script>\n<!-- \/ Yoast SEO plugin. -->","yoast_head_json":{"title":"2.5t Universalkopf-Kupplung - BETONMOULDS","robots":{"index":"index","follow":"follow","max-snippet":"max-snippet:-1","max-image-preview":"max-image-preview:large","max-video-preview":"max-video-preview:-1"},"canonical":"https:\/\/www.betonmoulds.com\/de\/product\/hebekupplung-hebeoese-25t\/","og_locale":"de_DE","og_type":"article","og_title":"2.5t Universalkopf-Kupplung - BETONMOULDS","og_description":"Eine Hebekupplung wird zum Heben von Betonfertigprodukten verwendet, bei denen ein Fu\u00dfanker angebracht ist. Die Hebekupplung hat einen Kupplungskopf, an dem eine Hebekette mit Haken eingeh\u00e4ngt wird. Die Hebekupplung l\u00e4sst sich leicht an- und abkoppeln. Eine Hebekupplung wird auch als Hebe\u00f6se bezeichnet.  Die Hebekupplung ist das ideale Werkzeug zum Heben eines Betonblocks. Sie entspricht allen europ\u00e4ischen Vorschriften. Als Komponente des Transportankersystems ist sie eine universelle und zuverl\u00e4ssige, sichere L\u00f6sung zum Heben und Transportieren von Betonbl\u00f6cken.  Maximalbelastung: 2,500 kg.","og_url":"https:\/\/www.betonmoulds.com\/de\/product\/hebekupplung-hebeoese-25t\/","og_site_name":"BETONMOULDS","article_modified_time":"2026-03-19T15:12:55+00:00","og_image":[{"width":600,"height":600,"url":"https:\/\/www.betonmoulds.com\/wp-content\/uploads\/2023\/07\/Lifting-Clutch-for-Concrete-Lego-Blocks-s.jpg","type":"image\/jpeg"}],"twitter_card":"summary_large_image","twitter_misc":{"Gesch\u00e4tzte Lesezeit":"1\u00a0Minute"},"schema":{"@context":"https:\/\/schema.org","@graph":[{"@type":"WebPage","@id":"https:\/\/www.betonmoulds.com\/de\/product\/hebekupplung-hebeoese-25t\/","url":"https:\/\/www.betonmoulds.com\/de\/product\/hebekupplung-hebeoese-25t\/","name":"2.5t Universalkopf-Kupplung - BETONMOULDS","isPartOf":{"@id":"https:\/\/www.betonmoulds.com\/de\/#website"},"primaryImageOfPage":{"@id":"https:\/\/www.betonmoulds.com\/de\/product\/hebekupplung-hebeoese-25t\/#primaryimage"},"image":{"@id":"https:\/\/www.betonmoulds.com\/de\/product\/hebekupplung-hebeoese-25t\/#primaryimage"},"thumbnailUrl":"https:\/\/www.betonmoulds.com\/wp-content\/uploads\/2023\/07\/Lifting-Clutch-for-Concrete-Lego-Blocks-s.jpg","datePublished":"2023-07-01T14:51:56+00:00","dateModified":"2026-03-19T15:12:55+00:00","breadcrumb":{"@id":"https:\/\/www.betonmoulds.com\/de\/product\/hebekupplung-hebeoese-25t\/#breadcrumb"},"inLanguage":"de","potentialAction":[{"@type":"ReadAction","target":["https:\/\/www.betonmoulds.com\/de\/product\/hebekupplung-hebeoese-25t\/"]}]},{"@type":"ImageObject","inLanguage":"de","@id":"https:\/\/www.betonmoulds.com\/de\/product\/hebekupplung-hebeoese-25t\/#primaryimage","url":"https:\/\/www.betonmoulds.com\/wp-content\/uploads\/2023\/07\/Lifting-Clutch-for-Concrete-Lego-Blocks-s.jpg","contentUrl":"https:\/\/www.betonmoulds.com\/wp-content\/uploads\/2023\/07\/Lifting-Clutch-for-Concrete-Lego-Blocks-s.jpg","width":600,"height":600,"caption":"Lifting Clutch for Concrete Lego Blocks s"},{"@type":"BreadcrumbList","@id":"https:\/\/www.betonmoulds.com\/de\/product\/hebekupplung-hebeoese-25t\/#breadcrumb","itemListElement":[{"@type":"ListItem","position":1,"name":"Home","item":"https:\/\/www.betonmoulds.com\/de\/"},{"@type":"ListItem","position":2,"name":"Shop","item":"https:\/\/www.betonmoulds.com\/de\/shop\/"},{"@type":"ListItem","position":3,"name":"2.5t Universalkopf-Kupplung"}]},{"@type":"WebSite","@id":"https:\/\/www.betonmoulds.com\/de\/#website","url":"https:\/\/www.betonmoulds.com\/de\/","name":"BETONMOULDS","description":"Upcycle leftover concrete","potentialAction":[{"@type":"SearchAction","target":{"@type":"EntryPoint","urlTemplate":"https:\/\/www.betonmoulds.com\/de\/?s={search_term_string}"},"query-input":{"@type":"PropertyValueSpecification","valueRequired":true,"valueName":"search_term_string"}}],"inLanguage":"de"}]}},"_links":{"self":[{"href":"https:\/\/www.betonmoulds.com\/de\/wp-json\/wp\/v2\/product\/5154","targetHints":{"allow":["GET"]}}],"collection":[{"href":"https:\/\/www.betonmoulds.com\/de\/wp-json\/wp\/v2\/product"}],"about":[{"href":"https:\/\/www.betonmoulds.com\/de\/wp-json\/wp\/v2\/types\/product"}],"wp:featuredmedia":[{"embeddable":true,"href":"https:\/\/www.betonmoulds.com\/de\/wp-json\/wp\/v2\/media\/4663"}],"wp:attachment":[{"href":"https:\/\/www.betonmoulds.com\/de\/wp-json\/wp\/v2\/media?parent=5154"}],"wp:term":[{"taxonomy":"product_brand","embeddable":true,"href":"https:\/\/www.betonmoulds.com\/de\/wp-json\/wp\/v2\/product_brand?post=5154"},{"taxonomy":"product_cat","embeddable":true,"href":"https:\/\/www.betonmoulds.com\/de\/wp-json\/wp\/v2\/product_cat?post=5154"},{"taxonomy":"product_tag","embeddable":true,"href":"https:\/\/www.betonmoulds.com\/de\/wp-json\/wp\/v2\/product_tag?post=5154"}],"curies":[{"name":"wp","href":"https:\/\/api.w.org\/{rel}","templated":true}]}}