{"id":5139,"date":"2023-07-03T13:50:30","date_gmt":"2023-07-03T13:50:30","guid":{"rendered":"https:\/\/www.betonmoulds.com\/product\/foot-anchor-5t\/"},"modified":"2026-03-19T15:12:56","modified_gmt":"2026-03-19T15:12:56","slug":"fussanker-5t","status":"publish","type":"product","link":"https:\/\/www.betonmoulds.com\/de\/product\/fussanker-5t\/","title":{"rendered":"5t-170 Kugelkopfanker"},"content":{"rendered":"","protected":false},"excerpt":{"rendered":"<p>Mit diesen Fu\u00dfankern lassen sich schwere Betonelemente kosteng\u00fcnstig und sicher heben und transportieren. Ein Fu\u00dfanker, auch als Transport- oder Bolzenanker bezeichnet, ist eine Hebevorrichtung, die zusammen mit einem Aussparungsk\u00f6rper eingegossen wird. Nach dem Aush\u00e4rten des Betons wird der Aussparungsk\u00f6rper entfernt und der Anker ist einsatzbereit. Die L\u00e4nge der Anker betr\u00e4gt 170 mm mit einer H\u00f6chstlast von bis zu 5000 kg.<\/p>\n<p>Durch die Feuerverzinkung sind die Anker vor Korrosion gesch\u00fctzt. Zugeh\u00f6rige Produkte, die zum Transportankersystem geh\u00f6ren:<\/p>\n<ul>\n<li><a href=\"https:\/\/www.betonmoulds.com\/de\/product\/magnetische-aussparungen-fuer-fussanker-5t\/\"><strong>Magnetischer Aussparungsk\u00f6rper<\/strong><\/a> (zur Positionierung des Ankers im Betonblock)<\/li>\n<li><a href=\"https:\/\/www.betonmoulds.com\/de\/product\/gummituelle-fuer-fussanker-befestigung-5t\/\"><strong>Gummit\u00fclle zur Ankerbefestigung<\/strong><\/a> (Befestigungsring zur Positionierung des Ankers im Aussparungsk\u00f6rper)<\/li>\n<li><a href=\"https:\/\/www.betonmoulds.com\/de\/product\/hebekupplung-hebeoese-5t\/\"><strong>Hebekupplung \/ Hebehaken<\/strong> <\/a>(zum Verbinden des Fu\u00dfankers mit einer Hebekette)<\/li>\n<\/ul>\n<p>Bei uns gilt eine <strong>Mindestbestellmenge von 80 St\u00fcck<\/strong>.<strong> Zu bestellen in Verpackungseinheiten von 80 St\u00fcck.<\/strong> Der St\u00fcckpreis ist bei Bestellungen \u00fcber 600 St\u00fcck niedriger; ab 3000 St\u00fcck (= Kiste) bieten wir einen noch g\u00fcnstigeren St\u00fcckpreis an.<\/p>\n<p><strong>WLL (zul\u00e4ssige Tragf\u00e4higkeit):<\/strong> 5000 kg<\/p>\n<p><strong>L\u00e4nge:<\/strong> 170 mm<\/p>\n","protected":false},"featured_media":4732,"template":"","meta":[],"product_brand":[],"product_cat":[378,380,381],"product_tag":[],"class_list":{"0":"post-5139","1":"product","2":"type-product","3":"status-publish","4":"has-post-thumbnail","6":"product_cat-transport-betonblocke","7":"product_cat-transport-jersey-de","8":"product_cat-transport-stutzwand","10":"first","11":"instock","12":"shipping-taxable","13":"purchasable","14":"product-type-simple"},"yoast_head":"<!-- This site is optimized with the Yoast SEO plugin v27.4 - https:\/\/yoast.com\/product\/yoast-seo-wordpress\/ -->\n<title>5t-170 Kugelkopfanker - BETONMOULDS<\/title>\n<meta name=\"robots\" content=\"index, follow, max-snippet:-1, max-image-preview:large, max-video-preview:-1\" \/>\n<link rel=\"canonical\" href=\"https:\/\/www.betonmoulds.com\/de\/product\/fussanker-5t\/\" \/>\n<meta property=\"og:locale\" content=\"de_DE\" \/>\n<meta property=\"og:type\" content=\"article\" \/>\n<meta property=\"og:title\" content=\"5t-170 Kugelkopfanker - BETONMOULDS\" \/>\n<meta property=\"og:description\" content=\"Mit diesen Fu\u00dfankern lassen sich schwere Betonelemente kosteng\u00fcnstig und sicher heben und transportieren. Ein Fu\u00dfanker, auch als Transport- oder Bolzenanker bezeichnet, ist eine Hebevorrichtung, die zusammen mit einem Aussparungsk\u00f6rper eingegossen wird. Nach dem Aush\u00e4rten des Betons wird der Aussparungsk\u00f6rper entfernt und der Anker ist einsatzbereit. Die L\u00e4nge der Anker betr\u00e4gt 170 mm mit einer H\u00f6chstlast von bis zu 5000 kg.  Durch die Feuerverzinkung sind die Anker vor Korrosion gesch\u00fctzt. Zugeh\u00f6rige Produkte, die zum Transportankersystem geh\u00f6ren:   Magnetischer Aussparungsk\u00f6rper (zur Positionierung des Ankers im Betonblock)  Gummit\u00fclle zur Ankerbefestigung (Befestigungsring zur Positionierung des Ankers im Aussparungsk\u00f6rper)  Hebekupplung \/ Hebehaken (zum Verbinden des Fu\u00dfankers mit einer Hebekette)  Bei uns gilt eine Mindestbestellmenge von 80 St\u00fcck. Zu bestellen in Verpackungseinheiten von 80 St\u00fcck. Der St\u00fcckpreis ist bei Bestellungen \u00fcber 600 St\u00fcck niedriger; ab 3000 St\u00fcck (= Kiste) bieten wir einen noch g\u00fcnstigeren St\u00fcckpreis an.  WLL (zul\u00e4ssige Tragf\u00e4higkeit): 5000 kg  L\u00e4nge: 170 mm\" \/>\n<meta property=\"og:url\" content=\"https:\/\/www.betonmoulds.com\/de\/product\/fussanker-5t\/\" \/>\n<meta property=\"og:site_name\" content=\"BETONMOULDS\" \/>\n<meta property=\"article:modified_time\" content=\"2026-03-19T15:12:56+00:00\" \/>\n<meta property=\"og:image\" content=\"https:\/\/www.betonmoulds.com\/wp-content\/uploads\/2023\/07\/FA-5000-0170-Anchor_.jpg\" \/>\n\t<meta property=\"og:image:width\" content=\"900\" \/>\n\t<meta property=\"og:image:height\" content=\"900\" \/>\n\t<meta property=\"og:image:type\" content=\"image\/jpeg\" \/>\n<meta name=\"twitter:card\" content=\"summary_large_image\" \/>\n<meta name=\"twitter:label1\" content=\"Gesch\u00e4tzte Lesezeit\" \/>\n\t<meta name=\"twitter:data1\" content=\"1\u00a0Minute\" \/>\n<script type=\"application\/ld+json\" class=\"yoast-schema-graph\">{\"@context\":\"https:\\\/\\\/schema.org\",\"@graph\":[{\"@type\":\"WebPage\",\"@id\":\"https:\\\/\\\/www.betonmoulds.com\\\/de\\\/product\\\/fussanker-5t\\\/\",\"url\":\"https:\\\/\\\/www.betonmoulds.com\\\/de\\\/product\\\/fussanker-5t\\\/\",\"name\":\"5t-170 Kugelkopfanker - BETONMOULDS\",\"isPartOf\":{\"@id\":\"https:\\\/\\\/www.betonmoulds.com\\\/de\\\/#website\"},\"primaryImageOfPage\":{\"@id\":\"https:\\\/\\\/www.betonmoulds.com\\\/de\\\/product\\\/fussanker-5t\\\/#primaryimage\"},\"image\":{\"@id\":\"https:\\\/\\\/www.betonmoulds.com\\\/de\\\/product\\\/fussanker-5t\\\/#primaryimage\"},\"thumbnailUrl\":\"https:\\\/\\\/www.betonmoulds.com\\\/wp-content\\\/uploads\\\/2023\\\/07\\\/FA-5000-0170-Anchor_.jpg\",\"datePublished\":\"2023-07-03T13:50:30+00:00\",\"dateModified\":\"2026-03-19T15:12:56+00:00\",\"breadcrumb\":{\"@id\":\"https:\\\/\\\/www.betonmoulds.com\\\/de\\\/product\\\/fussanker-5t\\\/#breadcrumb\"},\"inLanguage\":\"de\",\"potentialAction\":[{\"@type\":\"ReadAction\",\"target\":[\"https:\\\/\\\/www.betonmoulds.com\\\/de\\\/product\\\/fussanker-5t\\\/\"]}]},{\"@type\":\"ImageObject\",\"inLanguage\":\"de\",\"@id\":\"https:\\\/\\\/www.betonmoulds.com\\\/de\\\/product\\\/fussanker-5t\\\/#primaryimage\",\"url\":\"https:\\\/\\\/www.betonmoulds.com\\\/wp-content\\\/uploads\\\/2023\\\/07\\\/FA-5000-0170-Anchor_.jpg\",\"contentUrl\":\"https:\\\/\\\/www.betonmoulds.com\\\/wp-content\\\/uploads\\\/2023\\\/07\\\/FA-5000-0170-Anchor_.jpg\",\"width\":900,\"height\":900,\"caption\":\"Foot anchor for block lifting\"},{\"@type\":\"BreadcrumbList\",\"@id\":\"https:\\\/\\\/www.betonmoulds.com\\\/de\\\/product\\\/fussanker-5t\\\/#breadcrumb\",\"itemListElement\":[{\"@type\":\"ListItem\",\"position\":1,\"name\":\"Home\",\"item\":\"https:\\\/\\\/www.betonmoulds.com\\\/de\\\/\"},{\"@type\":\"ListItem\",\"position\":2,\"name\":\"Shop\",\"item\":\"https:\\\/\\\/www.betonmoulds.com\\\/de\\\/shop\\\/\"},{\"@type\":\"ListItem\",\"position\":3,\"name\":\"5t-170 Kugelkopfanker\"}]},{\"@type\":\"WebSite\",\"@id\":\"https:\\\/\\\/www.betonmoulds.com\\\/de\\\/#website\",\"url\":\"https:\\\/\\\/www.betonmoulds.com\\\/de\\\/\",\"name\":\"BETONMOULDS\",\"description\":\"Upcycle leftover concrete\",\"potentialAction\":[{\"@type\":\"SearchAction\",\"target\":{\"@type\":\"EntryPoint\",\"urlTemplate\":\"https:\\\/\\\/www.betonmoulds.com\\\/de\\\/?s={search_term_string}\"},\"query-input\":{\"@type\":\"PropertyValueSpecification\",\"valueRequired\":true,\"valueName\":\"search_term_string\"}}],\"inLanguage\":\"de\"}]}<\/script>\n<!-- \/ Yoast SEO plugin. -->","yoast_head_json":{"title":"5t-170 Kugelkopfanker - BETONMOULDS","robots":{"index":"index","follow":"follow","max-snippet":"max-snippet:-1","max-image-preview":"max-image-preview:large","max-video-preview":"max-video-preview:-1"},"canonical":"https:\/\/www.betonmoulds.com\/de\/product\/fussanker-5t\/","og_locale":"de_DE","og_type":"article","og_title":"5t-170 Kugelkopfanker - BETONMOULDS","og_description":"Mit diesen Fu\u00dfankern lassen sich schwere Betonelemente kosteng\u00fcnstig und sicher heben und transportieren. Ein Fu\u00dfanker, auch als Transport- oder Bolzenanker bezeichnet, ist eine Hebevorrichtung, die zusammen mit einem Aussparungsk\u00f6rper eingegossen wird. Nach dem Aush\u00e4rten des Betons wird der Aussparungsk\u00f6rper entfernt und der Anker ist einsatzbereit. Die L\u00e4nge der Anker betr\u00e4gt 170 mm mit einer H\u00f6chstlast von bis zu 5000 kg.  Durch die Feuerverzinkung sind die Anker vor Korrosion gesch\u00fctzt. Zugeh\u00f6rige Produkte, die zum Transportankersystem geh\u00f6ren:   Magnetischer Aussparungsk\u00f6rper (zur Positionierung des Ankers im Betonblock)  Gummit\u00fclle zur Ankerbefestigung (Befestigungsring zur Positionierung des Ankers im Aussparungsk\u00f6rper)  Hebekupplung \/ Hebehaken (zum Verbinden des Fu\u00dfankers mit einer Hebekette)  Bei uns gilt eine Mindestbestellmenge von 80 St\u00fcck. Zu bestellen in Verpackungseinheiten von 80 St\u00fcck. Der St\u00fcckpreis ist bei Bestellungen \u00fcber 600 St\u00fcck niedriger; ab 3000 St\u00fcck (= Kiste) bieten wir einen noch g\u00fcnstigeren St\u00fcckpreis an.  WLL (zul\u00e4ssige Tragf\u00e4higkeit): 5000 kg  L\u00e4nge: 170 mm","og_url":"https:\/\/www.betonmoulds.com\/de\/product\/fussanker-5t\/","og_site_name":"BETONMOULDS","article_modified_time":"2026-03-19T15:12:56+00:00","og_image":[{"width":900,"height":900,"url":"https:\/\/www.betonmoulds.com\/wp-content\/uploads\/2023\/07\/FA-5000-0170-Anchor_.jpg","type":"image\/jpeg"}],"twitter_card":"summary_large_image","twitter_misc":{"Gesch\u00e4tzte Lesezeit":"1\u00a0Minute"},"schema":{"@context":"https:\/\/schema.org","@graph":[{"@type":"WebPage","@id":"https:\/\/www.betonmoulds.com\/de\/product\/fussanker-5t\/","url":"https:\/\/www.betonmoulds.com\/de\/product\/fussanker-5t\/","name":"5t-170 Kugelkopfanker - BETONMOULDS","isPartOf":{"@id":"https:\/\/www.betonmoulds.com\/de\/#website"},"primaryImageOfPage":{"@id":"https:\/\/www.betonmoulds.com\/de\/product\/fussanker-5t\/#primaryimage"},"image":{"@id":"https:\/\/www.betonmoulds.com\/de\/product\/fussanker-5t\/#primaryimage"},"thumbnailUrl":"https:\/\/www.betonmoulds.com\/wp-content\/uploads\/2023\/07\/FA-5000-0170-Anchor_.jpg","datePublished":"2023-07-03T13:50:30+00:00","dateModified":"2026-03-19T15:12:56+00:00","breadcrumb":{"@id":"https:\/\/www.betonmoulds.com\/de\/product\/fussanker-5t\/#breadcrumb"},"inLanguage":"de","potentialAction":[{"@type":"ReadAction","target":["https:\/\/www.betonmoulds.com\/de\/product\/fussanker-5t\/"]}]},{"@type":"ImageObject","inLanguage":"de","@id":"https:\/\/www.betonmoulds.com\/de\/product\/fussanker-5t\/#primaryimage","url":"https:\/\/www.betonmoulds.com\/wp-content\/uploads\/2023\/07\/FA-5000-0170-Anchor_.jpg","contentUrl":"https:\/\/www.betonmoulds.com\/wp-content\/uploads\/2023\/07\/FA-5000-0170-Anchor_.jpg","width":900,"height":900,"caption":"Foot anchor for block lifting"},{"@type":"BreadcrumbList","@id":"https:\/\/www.betonmoulds.com\/de\/product\/fussanker-5t\/#breadcrumb","itemListElement":[{"@type":"ListItem","position":1,"name":"Home","item":"https:\/\/www.betonmoulds.com\/de\/"},{"@type":"ListItem","position":2,"name":"Shop","item":"https:\/\/www.betonmoulds.com\/de\/shop\/"},{"@type":"ListItem","position":3,"name":"5t-170 Kugelkopfanker"}]},{"@type":"WebSite","@id":"https:\/\/www.betonmoulds.com\/de\/#website","url":"https:\/\/www.betonmoulds.com\/de\/","name":"BETONMOULDS","description":"Upcycle leftover concrete","potentialAction":[{"@type":"SearchAction","target":{"@type":"EntryPoint","urlTemplate":"https:\/\/www.betonmoulds.com\/de\/?s={search_term_string}"},"query-input":{"@type":"PropertyValueSpecification","valueRequired":true,"valueName":"search_term_string"}}],"inLanguage":"de"}]}},"_links":{"self":[{"href":"https:\/\/www.betonmoulds.com\/de\/wp-json\/wp\/v2\/product\/5139","targetHints":{"allow":["GET"]}}],"collection":[{"href":"https:\/\/www.betonmoulds.com\/de\/wp-json\/wp\/v2\/product"}],"about":[{"href":"https:\/\/www.betonmoulds.com\/de\/wp-json\/wp\/v2\/types\/product"}],"wp:featuredmedia":[{"embeddable":true,"href":"https:\/\/www.betonmoulds.com\/de\/wp-json\/wp\/v2\/media\/4732"}],"wp:attachment":[{"href":"https:\/\/www.betonmoulds.com\/de\/wp-json\/wp\/v2\/media?parent=5139"}],"wp:term":[{"taxonomy":"product_brand","embeddable":true,"href":"https:\/\/www.betonmoulds.com\/de\/wp-json\/wp\/v2\/product_brand?post=5139"},{"taxonomy":"product_cat","embeddable":true,"href":"https:\/\/www.betonmoulds.com\/de\/wp-json\/wp\/v2\/product_cat?post=5139"},{"taxonomy":"product_tag","embeddable":true,"href":"https:\/\/www.betonmoulds.com\/de\/wp-json\/wp\/v2\/product_tag?post=5139"}],"curies":[{"name":"wp","href":"https:\/\/api.w.org\/{rel}","templated":true}]}}