{"id":5133,"date":"2023-07-01T14:01:49","date_gmt":"2023-07-01T14:01:49","guid":{"rendered":"https:\/\/www.betonmoulds.com\/product\/two-legged-hoisting-chain-with-valve-hooks\/"},"modified":"2026-03-19T15:12:56","modified_gmt":"2026-03-19T15:12:56","slug":"zweistrang-hebekette-mit-sicherheitsventilhaken","status":"publish","type":"product","link":"https:\/\/www.betonmoulds.com\/de\/product\/zweistrang-hebekette-mit-sicherheitsventilhaken\/","title":{"rendered":"Anschlagkette 2-strang mit Gabelkopfhaken"},"content":{"rendered":"","protected":false},"excerpt":{"rendered":"<p>Qualitativ hochwertige Hebekette mit oberer \u00d6se und zwei Ketten mit zwei Sicherheitsventilhaken, mit denen Sie schwere Hebearbeiten sicher durchf\u00fchren k\u00f6nnen.<\/p>\n<p>Diese robuste Hebekette mit zwei Str\u00e4ngen ist besonders bei der Anwendung des Transportankersystems zur Sicherheit und f\u00fcr den schnellen Transport von Betonbl\u00f6cken hervorragend geeignet.<\/p>\n<p>Das komplette Transportankersystem besteht aus den folgenden Produkten:<\/p>\n<ul>\n<li><a href=\"https:\/\/www.betonmoulds.com\/de\/product\/hebekupplung-hebeoese-25t\/\"><strong>Hebekupplung (\u00d6se)<\/strong><\/a><\/li>\n<li><a href=\"https:\/\/www.betonmoulds.com\/de\/product\/fussanker-25t\/\"><strong>Fu\u00dfanker mit Kugelkopf<\/strong><\/a><\/li>\n<li><a href=\"https:\/\/www.betonmoulds.com\/de\/product\/magnetische-aussparungen-fuer-fussanker-25t\/\"><strong>Magnetischer Aussparungsk\u00f6rper<\/strong><\/a><\/li>\n<li><a href=\"https:\/\/www.betonmoulds.com\/de\/product\/gummituelle-fuer-fussanker-befestigung-25t\/\"><strong>Gummit\u00fclle zur Ankerbefestigung<\/strong><\/a><\/li>\n<\/ul>\n<p>Zweistrang Hebekette kann ebenfalls an die <a href=\"https:\/\/www.betonmoulds.com\/de\/product\/traverse-fuer-gabelstapler-zweiseitige-ausrichtung\/\"><strong>Traverse des Gabelstaplers<\/strong><\/a> gekoppelt werden.<\/p>\n<p><strong>Kapazit\u00e4t (WLL= zul\u00e4ssige Tragf\u00e4higkeit):<\/strong> 0-45\u00ba: 4250 kg, 45-60\u00ba: 3150 kg<\/p>\n<p><strong>Arbeitsl\u00e4nge:<\/strong> 2 x 1 m<\/p>\n","protected":false},"featured_media":4559,"template":"","meta":[],"product_brand":[],"product_cat":[378,380,381],"product_tag":[],"class_list":{"0":"post-5133","1":"product","2":"type-product","3":"status-publish","4":"has-post-thumbnail","6":"product_cat-transport-betonblocke","7":"product_cat-transport-jersey-de","8":"product_cat-transport-stutzwand","10":"first","11":"instock","12":"shipping-taxable","13":"purchasable","14":"product-type-simple"},"yoast_head":"<!-- This site is optimized with the Yoast SEO plugin v27.4 - https:\/\/yoast.com\/product\/yoast-seo-wordpress\/ -->\n<title>Anschlagkette 2-strang mit Gabelkopfhaken - BETONMOULDS<\/title>\n<meta name=\"robots\" content=\"index, follow, max-snippet:-1, max-image-preview:large, max-video-preview:-1\" \/>\n<link rel=\"canonical\" href=\"https:\/\/www.betonmoulds.com\/de\/product\/zweistrang-hebekette-mit-sicherheitsventilhaken\/\" \/>\n<meta property=\"og:locale\" content=\"de_DE\" \/>\n<meta property=\"og:type\" content=\"article\" \/>\n<meta property=\"og:title\" content=\"Anschlagkette 2-strang mit Gabelkopfhaken - BETONMOULDS\" \/>\n<meta property=\"og:description\" content=\"Qualitativ hochwertige Hebekette mit oberer \u00d6se und zwei Ketten mit zwei Sicherheitsventilhaken, mit denen Sie schwere Hebearbeiten sicher durchf\u00fchren k\u00f6nnen.  Diese robuste Hebekette mit zwei Str\u00e4ngen ist besonders bei der Anwendung des Transportankersystems zur Sicherheit und f\u00fcr den schnellen Transport von Betonbl\u00f6cken hervorragend geeignet.  Das komplette Transportankersystem besteht aus den folgenden Produkten:   Hebekupplung (\u00d6se)  Fu\u00dfanker mit Kugelkopf  Magnetischer Aussparungsk\u00f6rper  Gummit\u00fclle zur Ankerbefestigung  Zweistrang Hebekette kann ebenfalls an die Traverse des Gabelstaplers gekoppelt werden.  Kapazit\u00e4t (WLL= zul\u00e4ssige Tragf\u00e4higkeit): 0-45\u00ba: 4250 kg, 45-60\u00ba: 3150 kg  Arbeitsl\u00e4nge: 2 x 1 m\" \/>\n<meta property=\"og:url\" content=\"https:\/\/www.betonmoulds.com\/de\/product\/zweistrang-hebekette-mit-sicherheitsventilhaken\/\" \/>\n<meta property=\"og:site_name\" content=\"BETONMOULDS\" \/>\n<meta property=\"article:modified_time\" content=\"2026-03-19T15:12:56+00:00\" \/>\n<meta property=\"og:image\" content=\"https:\/\/www.betonmoulds.com\/wp-content\/uploads\/2023\/07\/2-leg-chain-for-lifting-blocks.jpg\" \/>\n\t<meta property=\"og:image:width\" content=\"600\" \/>\n\t<meta property=\"og:image:height\" content=\"600\" \/>\n\t<meta property=\"og:image:type\" content=\"image\/jpeg\" \/>\n<meta name=\"twitter:card\" content=\"summary_large_image\" \/>\n<meta name=\"twitter:label1\" content=\"Gesch\u00e4tzte Lesezeit\" \/>\n\t<meta name=\"twitter:data1\" content=\"1\u00a0Minute\" \/>\n<script type=\"application\/ld+json\" class=\"yoast-schema-graph\">{\"@context\":\"https:\\\/\\\/schema.org\",\"@graph\":[{\"@type\":\"WebPage\",\"@id\":\"https:\\\/\\\/www.betonmoulds.com\\\/de\\\/product\\\/zweistrang-hebekette-mit-sicherheitsventilhaken\\\/\",\"url\":\"https:\\\/\\\/www.betonmoulds.com\\\/de\\\/product\\\/zweistrang-hebekette-mit-sicherheitsventilhaken\\\/\",\"name\":\"Anschlagkette 2-strang mit Gabelkopfhaken - BETONMOULDS\",\"isPartOf\":{\"@id\":\"https:\\\/\\\/www.betonmoulds.com\\\/de\\\/#website\"},\"primaryImageOfPage\":{\"@id\":\"https:\\\/\\\/www.betonmoulds.com\\\/de\\\/product\\\/zweistrang-hebekette-mit-sicherheitsventilhaken\\\/#primaryimage\"},\"image\":{\"@id\":\"https:\\\/\\\/www.betonmoulds.com\\\/de\\\/product\\\/zweistrang-hebekette-mit-sicherheitsventilhaken\\\/#primaryimage\"},\"thumbnailUrl\":\"https:\\\/\\\/www.betonmoulds.com\\\/wp-content\\\/uploads\\\/2023\\\/07\\\/2-leg-chain-for-lifting-blocks.jpg\",\"datePublished\":\"2023-07-01T14:01:49+00:00\",\"dateModified\":\"2026-03-19T15:12:56+00:00\",\"breadcrumb\":{\"@id\":\"https:\\\/\\\/www.betonmoulds.com\\\/de\\\/product\\\/zweistrang-hebekette-mit-sicherheitsventilhaken\\\/#breadcrumb\"},\"inLanguage\":\"de\",\"potentialAction\":[{\"@type\":\"ReadAction\",\"target\":[\"https:\\\/\\\/www.betonmoulds.com\\\/de\\\/product\\\/zweistrang-hebekette-mit-sicherheitsventilhaken\\\/\"]}]},{\"@type\":\"ImageObject\",\"inLanguage\":\"de\",\"@id\":\"https:\\\/\\\/www.betonmoulds.com\\\/de\\\/product\\\/zweistrang-hebekette-mit-sicherheitsventilhaken\\\/#primaryimage\",\"url\":\"https:\\\/\\\/www.betonmoulds.com\\\/wp-content\\\/uploads\\\/2023\\\/07\\\/2-leg-chain-for-lifting-blocks.jpg\",\"contentUrl\":\"https:\\\/\\\/www.betonmoulds.com\\\/wp-content\\\/uploads\\\/2023\\\/07\\\/2-leg-chain-for-lifting-blocks.jpg\",\"width\":600,\"height\":600,\"caption\":\"2 leg chain for lifting blocks\"},{\"@type\":\"BreadcrumbList\",\"@id\":\"https:\\\/\\\/www.betonmoulds.com\\\/de\\\/product\\\/zweistrang-hebekette-mit-sicherheitsventilhaken\\\/#breadcrumb\",\"itemListElement\":[{\"@type\":\"ListItem\",\"position\":1,\"name\":\"Home\",\"item\":\"https:\\\/\\\/www.betonmoulds.com\\\/de\\\/\"},{\"@type\":\"ListItem\",\"position\":2,\"name\":\"Shop\",\"item\":\"https:\\\/\\\/www.betonmoulds.com\\\/de\\\/shop\\\/\"},{\"@type\":\"ListItem\",\"position\":3,\"name\":\"Anschlagkette 2-strang mit Gabelkopfhaken\"}]},{\"@type\":\"WebSite\",\"@id\":\"https:\\\/\\\/www.betonmoulds.com\\\/de\\\/#website\",\"url\":\"https:\\\/\\\/www.betonmoulds.com\\\/de\\\/\",\"name\":\"BETONMOULDS\",\"description\":\"Upcycle leftover concrete\",\"potentialAction\":[{\"@type\":\"SearchAction\",\"target\":{\"@type\":\"EntryPoint\",\"urlTemplate\":\"https:\\\/\\\/www.betonmoulds.com\\\/de\\\/?s={search_term_string}\"},\"query-input\":{\"@type\":\"PropertyValueSpecification\",\"valueRequired\":true,\"valueName\":\"search_term_string\"}}],\"inLanguage\":\"de\"}]}<\/script>\n<!-- \/ Yoast SEO plugin. -->","yoast_head_json":{"title":"Anschlagkette 2-strang mit Gabelkopfhaken - BETONMOULDS","robots":{"index":"index","follow":"follow","max-snippet":"max-snippet:-1","max-image-preview":"max-image-preview:large","max-video-preview":"max-video-preview:-1"},"canonical":"https:\/\/www.betonmoulds.com\/de\/product\/zweistrang-hebekette-mit-sicherheitsventilhaken\/","og_locale":"de_DE","og_type":"article","og_title":"Anschlagkette 2-strang mit Gabelkopfhaken - BETONMOULDS","og_description":"Qualitativ hochwertige Hebekette mit oberer \u00d6se und zwei Ketten mit zwei Sicherheitsventilhaken, mit denen Sie schwere Hebearbeiten sicher durchf\u00fchren k\u00f6nnen.  Diese robuste Hebekette mit zwei Str\u00e4ngen ist besonders bei der Anwendung des Transportankersystems zur Sicherheit und f\u00fcr den schnellen Transport von Betonbl\u00f6cken hervorragend geeignet.  Das komplette Transportankersystem besteht aus den folgenden Produkten:   Hebekupplung (\u00d6se)  Fu\u00dfanker mit Kugelkopf  Magnetischer Aussparungsk\u00f6rper  Gummit\u00fclle zur Ankerbefestigung  Zweistrang Hebekette kann ebenfalls an die Traverse des Gabelstaplers gekoppelt werden.  Kapazit\u00e4t (WLL= zul\u00e4ssige Tragf\u00e4higkeit): 0-45\u00ba: 4250 kg, 45-60\u00ba: 3150 kg  Arbeitsl\u00e4nge: 2 x 1 m","og_url":"https:\/\/www.betonmoulds.com\/de\/product\/zweistrang-hebekette-mit-sicherheitsventilhaken\/","og_site_name":"BETONMOULDS","article_modified_time":"2026-03-19T15:12:56+00:00","og_image":[{"width":600,"height":600,"url":"https:\/\/www.betonmoulds.com\/wp-content\/uploads\/2023\/07\/2-leg-chain-for-lifting-blocks.jpg","type":"image\/jpeg"}],"twitter_card":"summary_large_image","twitter_misc":{"Gesch\u00e4tzte Lesezeit":"1\u00a0Minute"},"schema":{"@context":"https:\/\/schema.org","@graph":[{"@type":"WebPage","@id":"https:\/\/www.betonmoulds.com\/de\/product\/zweistrang-hebekette-mit-sicherheitsventilhaken\/","url":"https:\/\/www.betonmoulds.com\/de\/product\/zweistrang-hebekette-mit-sicherheitsventilhaken\/","name":"Anschlagkette 2-strang mit Gabelkopfhaken - BETONMOULDS","isPartOf":{"@id":"https:\/\/www.betonmoulds.com\/de\/#website"},"primaryImageOfPage":{"@id":"https:\/\/www.betonmoulds.com\/de\/product\/zweistrang-hebekette-mit-sicherheitsventilhaken\/#primaryimage"},"image":{"@id":"https:\/\/www.betonmoulds.com\/de\/product\/zweistrang-hebekette-mit-sicherheitsventilhaken\/#primaryimage"},"thumbnailUrl":"https:\/\/www.betonmoulds.com\/wp-content\/uploads\/2023\/07\/2-leg-chain-for-lifting-blocks.jpg","datePublished":"2023-07-01T14:01:49+00:00","dateModified":"2026-03-19T15:12:56+00:00","breadcrumb":{"@id":"https:\/\/www.betonmoulds.com\/de\/product\/zweistrang-hebekette-mit-sicherheitsventilhaken\/#breadcrumb"},"inLanguage":"de","potentialAction":[{"@type":"ReadAction","target":["https:\/\/www.betonmoulds.com\/de\/product\/zweistrang-hebekette-mit-sicherheitsventilhaken\/"]}]},{"@type":"ImageObject","inLanguage":"de","@id":"https:\/\/www.betonmoulds.com\/de\/product\/zweistrang-hebekette-mit-sicherheitsventilhaken\/#primaryimage","url":"https:\/\/www.betonmoulds.com\/wp-content\/uploads\/2023\/07\/2-leg-chain-for-lifting-blocks.jpg","contentUrl":"https:\/\/www.betonmoulds.com\/wp-content\/uploads\/2023\/07\/2-leg-chain-for-lifting-blocks.jpg","width":600,"height":600,"caption":"2 leg chain for lifting blocks"},{"@type":"BreadcrumbList","@id":"https:\/\/www.betonmoulds.com\/de\/product\/zweistrang-hebekette-mit-sicherheitsventilhaken\/#breadcrumb","itemListElement":[{"@type":"ListItem","position":1,"name":"Home","item":"https:\/\/www.betonmoulds.com\/de\/"},{"@type":"ListItem","position":2,"name":"Shop","item":"https:\/\/www.betonmoulds.com\/de\/shop\/"},{"@type":"ListItem","position":3,"name":"Anschlagkette 2-strang mit Gabelkopfhaken"}]},{"@type":"WebSite","@id":"https:\/\/www.betonmoulds.com\/de\/#website","url":"https:\/\/www.betonmoulds.com\/de\/","name":"BETONMOULDS","description":"Upcycle leftover concrete","potentialAction":[{"@type":"SearchAction","target":{"@type":"EntryPoint","urlTemplate":"https:\/\/www.betonmoulds.com\/de\/?s={search_term_string}"},"query-input":{"@type":"PropertyValueSpecification","valueRequired":true,"valueName":"search_term_string"}}],"inLanguage":"de"}]}},"_links":{"self":[{"href":"https:\/\/www.betonmoulds.com\/de\/wp-json\/wp\/v2\/product\/5133","targetHints":{"allow":["GET"]}}],"collection":[{"href":"https:\/\/www.betonmoulds.com\/de\/wp-json\/wp\/v2\/product"}],"about":[{"href":"https:\/\/www.betonmoulds.com\/de\/wp-json\/wp\/v2\/types\/product"}],"wp:featuredmedia":[{"embeddable":true,"href":"https:\/\/www.betonmoulds.com\/de\/wp-json\/wp\/v2\/media\/4559"}],"wp:attachment":[{"href":"https:\/\/www.betonmoulds.com\/de\/wp-json\/wp\/v2\/media?parent=5133"}],"wp:term":[{"taxonomy":"product_brand","embeddable":true,"href":"https:\/\/www.betonmoulds.com\/de\/wp-json\/wp\/v2\/product_brand?post=5133"},{"taxonomy":"product_cat","embeddable":true,"href":"https:\/\/www.betonmoulds.com\/de\/wp-json\/wp\/v2\/product_cat?post=5133"},{"taxonomy":"product_tag","embeddable":true,"href":"https:\/\/www.betonmoulds.com\/de\/wp-json\/wp\/v2\/product_tag?post=5133"}],"curies":[{"name":"wp","href":"https:\/\/api.w.org\/{rel}","templated":true}]}}