{"id":5119,"date":"2023-06-29T13:54:59","date_gmt":"2023-06-29T13:54:59","guid":{"rendered":"https:\/\/www.betonmoulds.com\/product\/block-scissor-clamp-600-300\/"},"modified":"2026-03-19T15:13:10","modified_gmt":"2026-03-19T15:13:10","slug":"mechanische-scherenklemme-600-300","status":"publish","type":"product","link":"https:\/\/www.betonmoulds.com\/de\/product\/mechanische-scherenklemme-600-300\/","title":{"rendered":"Betonblock Greifzange 600-300"},"content":{"rendered":"","protected":false},"excerpt":{"rendered":"<p>Eine mechanische Betonblock-Klemme ist ein Scherengreifer, der vollautomatisch von einem Kran, einem Ladekran (HIAB) oder einem Gabelstapler aus bedient werden kann, ohne dass der Fahrer die Sicherheit seine Fahrerkabine verlassen muss. Die mechanische Hebeklemme minimiert die Pendelbewegungen des Betonblocks w\u00e4hrend des Hebens und macht eine pr\u00e4zise Positionierung m\u00f6glich.<\/p>\n<p>Diese Hebeklemmen, die auch als Blockklemmen bezeichnet werden, sind mit einem automatischen Verriegelungsmechanismus ausgestattet. Das System h\u00e4lt die Klemme offen, wenn nicht gehoben wird, wodurch eine schnelle und einfache Einpersonenbedienung erm\u00f6glicht wird. Dies sorgt f\u00fcr ein effizienteres Be- und Entladen der gro\u00dfen Betonbl\u00f6cke und spart sowohl Geld als auch Zeit.<\/p>\n<p>Diese Hebevorrichtung f\u00fcr Betonbl\u00f6cke ist mit <a href=\"https:\/\/www.betonmoulds.com\/de\/product\/blockgreifer-gummis\/\"><strong>auswechselbaren Gummi-Pads<\/strong><\/a> ausgestattet, um ein Abrutschen zu verhindern. Die Pads hinterlassen keine Farbflecke auf den Betonbl\u00f6cken. Die Gummiprofile sind in Schwarz und Wei\u00df erh\u00e4ltlich und k\u00f6nnen auch als Einzelteile gekauft werden.<\/p>\n<p>Betonblockklemmen werden bei HIAB- oder Lkw-Kr\u00e4nen, Turmkr\u00e4nen und Gabelstaplern unter Verwendung einer <a href=\"https:\/\/www.betonmoulds.com\/de\/product\/traverse-fuer-gabelstapler-zweiseitige-ausrichtung\/\"><strong>Traverse<\/strong><\/a> eingesetzt.<\/p>\n<table style=\"height: 394px;\" width=\"423\">\n<tbody>\n<tr>\n<td width=\"245\">Betriebslastgrenze<\/td>\n<td width=\"57\">kg<\/td>\n<td width=\"142\">3.750<\/td>\n<\/tr>\n<tr>\n<td width=\"245\">Leergewicht<\/td>\n<td width=\"57\">kg<\/td>\n<td width=\"142\">215<\/td>\n<\/tr>\n<tr>\n<td width=\"245\">Klemmbacken-Kapazit\u00e4t<\/td>\n<td width=\"57\">mm<\/td>\n<td width=\"142\">600 &#8211; 300<\/td>\n<\/tr>\n<tr>\n<td width=\"245\">Minimale Klemmspannweite<\/td>\n<td width=\"57\">mm<\/td>\n<td width=\"142\">300<\/td>\n<\/tr>\n<tr>\n<td width=\"245\">Maximale Klemmspannweite<\/td>\n<td width=\"57\">mm<\/td>\n<td width=\"142\">600<\/td>\n<\/tr>\n<tr>\n<td width=\"245\">Maximale Klemm\u00f6ffnung<\/td>\n<td width=\"57\">mm<\/td>\n<td width=\"142\">680<\/td>\n<\/tr>\n<tr>\n<td width=\"245\">\u00a0Klemml\u00e4nge<\/td>\n<td width=\"57\">mm<\/td>\n<td width=\"142\">1.000<\/td>\n<\/tr>\n<\/tbody>\n<\/table>\n<p><strong><br \/>\nWeitere verf\u00fcgbare Betonblock-Klemmen:<\/strong><\/p>\n<p><a href=\"https:\/\/www.betonmoulds.com\/de\/product\/mechanische-scherenklemme-800-400\/\"><strong>BSC-W800-400<\/strong><\/a>,\u00a0 f\u00fcr Betonbl\u00f6cke mit einer Breite von\u00a0 80 cm und 40 cm.<br \/>\n<a href=\"https:\/\/www.betonmoulds.com\/de\/product\/mechanische-scherenklemme-400-150\/\"><strong>BSC-W400-150<\/strong><\/a>, f\u00fcr Betonbl\u00f6cke mit einer Breite von 40 cm und 15 cm.<\/p>\n","protected":false},"featured_media":4591,"template":"","meta":[],"product_brand":[],"product_cat":[378],"product_tag":[],"class_list":{"0":"post-5119","1":"product","2":"type-product","3":"status-publish","4":"has-post-thumbnail","6":"product_cat-transport-betonblocke","8":"first","9":"instock","10":"shipping-taxable","11":"purchasable","12":"product-type-simple"},"yoast_head":"<!-- This site is optimized with the Yoast SEO plugin v27.4 - https:\/\/yoast.com\/product\/yoast-seo-wordpress\/ -->\n<title>Betonblock Greifzange 600-300 - BETONMOULDS<\/title>\n<meta name=\"robots\" content=\"index, follow, max-snippet:-1, max-image-preview:large, max-video-preview:-1\" \/>\n<link rel=\"canonical\" href=\"https:\/\/www.betonmoulds.com\/de\/product\/mechanische-scherenklemme-600-300\/\" \/>\n<meta property=\"og:locale\" content=\"de_DE\" \/>\n<meta property=\"og:type\" content=\"article\" \/>\n<meta property=\"og:title\" content=\"Betonblock Greifzange 600-300 - BETONMOULDS\" \/>\n<meta property=\"og:description\" content=\"Eine mechanische Betonblock-Klemme ist ein Scherengreifer, der vollautomatisch von einem Kran, einem Ladekran (HIAB) oder einem Gabelstapler aus bedient werden kann, ohne dass der Fahrer die Sicherheit seine Fahrerkabine verlassen muss. Die mechanische Hebeklemme minimiert die Pendelbewegungen des Betonblocks w\u00e4hrend des Hebens und macht eine pr\u00e4zise Positionierung m\u00f6glich.  Diese Hebeklemmen, die auch als Blockklemmen bezeichnet werden, sind mit einem automatischen Verriegelungsmechanismus ausgestattet. Das System h\u00e4lt die Klemme offen, wenn nicht gehoben wird, wodurch eine schnelle und einfache Einpersonenbedienung erm\u00f6glicht wird. Dies sorgt f\u00fcr ein effizienteres Be- und Entladen der gro\u00dfen Betonbl\u00f6cke und spart sowohl Geld als auch Zeit.  Diese Hebevorrichtung f\u00fcr Betonbl\u00f6cke ist mit auswechselbaren Gummi-Pads ausgestattet, um ein Abrutschen zu verhindern. Die Pads hinterlassen keine Farbflecke auf den Betonbl\u00f6cken. Die Gummiprofile sind in Schwarz und Wei\u00df erh\u00e4ltlich und k\u00f6nnen auch als Einzelteile gekauft werden.  Betonblockklemmen werden bei HIAB- oder Lkw-Kr\u00e4nen, Turmkr\u00e4nen und Gabelstaplern unter Verwendung einer Traverse eingesetzt.    Betriebslastgrenze kg 3.750   Leergewicht kg 215   Klemmbacken-Kapazit\u00e4t mm 600 - 300   Minimale Klemmspannweite mm 300   Maximale Klemmspannweite mm 600   Maximale Klemm\u00f6ffnung mm 680   \u00a0Klemml\u00e4nge mm 1.000     Weitere verf\u00fcgbare Betonblock-Klemmen:  BSC-W800-400,\u00a0 f\u00fcr Betonbl\u00f6cke mit einer Breite von\u00a0 80 cm und 40 cm. BSC-W400-150, f\u00fcr Betonbl\u00f6cke mit einer Breite von 40 cm und 15 cm.\" \/>\n<meta property=\"og:url\" content=\"https:\/\/www.betonmoulds.com\/de\/product\/mechanische-scherenklemme-600-300\/\" \/>\n<meta property=\"og:site_name\" content=\"BETONMOULDS\" \/>\n<meta property=\"article:modified_time\" content=\"2026-03-19T15:13:10+00:00\" \/>\n<meta property=\"og:image\" content=\"https:\/\/www.betonmoulds.com\/wp-content\/uploads\/2023\/06\/BSC-W600-300_Block_Scissor_Clamp.jpg\" \/>\n\t<meta property=\"og:image:width\" content=\"900\" \/>\n\t<meta property=\"og:image:height\" content=\"900\" \/>\n\t<meta property=\"og:image:type\" content=\"image\/jpeg\" \/>\n<meta name=\"twitter:card\" content=\"summary_large_image\" \/>\n<meta name=\"twitter:label1\" content=\"Gesch\u00e4tzte Lesezeit\" \/>\n\t<meta name=\"twitter:data1\" content=\"1\u00a0Minute\" \/>\n<script type=\"application\/ld+json\" class=\"yoast-schema-graph\">{\"@context\":\"https:\\\/\\\/schema.org\",\"@graph\":[{\"@type\":\"WebPage\",\"@id\":\"https:\\\/\\\/www.betonmoulds.com\\\/de\\\/product\\\/mechanische-scherenklemme-600-300\\\/\",\"url\":\"https:\\\/\\\/www.betonmoulds.com\\\/de\\\/product\\\/mechanische-scherenklemme-600-300\\\/\",\"name\":\"Betonblock Greifzange 600-300 - BETONMOULDS\",\"isPartOf\":{\"@id\":\"https:\\\/\\\/www.betonmoulds.com\\\/de\\\/#website\"},\"primaryImageOfPage\":{\"@id\":\"https:\\\/\\\/www.betonmoulds.com\\\/de\\\/product\\\/mechanische-scherenklemme-600-300\\\/#primaryimage\"},\"image\":{\"@id\":\"https:\\\/\\\/www.betonmoulds.com\\\/de\\\/product\\\/mechanische-scherenklemme-600-300\\\/#primaryimage\"},\"thumbnailUrl\":\"https:\\\/\\\/www.betonmoulds.com\\\/wp-content\\\/uploads\\\/2023\\\/06\\\/BSC-W600-300_Block_Scissor_Clamp.jpg\",\"datePublished\":\"2023-06-29T13:54:59+00:00\",\"dateModified\":\"2026-03-19T15:13:10+00:00\",\"breadcrumb\":{\"@id\":\"https:\\\/\\\/www.betonmoulds.com\\\/de\\\/product\\\/mechanische-scherenklemme-600-300\\\/#breadcrumb\"},\"inLanguage\":\"de\",\"potentialAction\":[{\"@type\":\"ReadAction\",\"target\":[\"https:\\\/\\\/www.betonmoulds.com\\\/de\\\/product\\\/mechanische-scherenklemme-600-300\\\/\"]}]},{\"@type\":\"ImageObject\",\"inLanguage\":\"de\",\"@id\":\"https:\\\/\\\/www.betonmoulds.com\\\/de\\\/product\\\/mechanische-scherenklemme-600-300\\\/#primaryimage\",\"url\":\"https:\\\/\\\/www.betonmoulds.com\\\/wp-content\\\/uploads\\\/2023\\\/06\\\/BSC-W600-300_Block_Scissor_Clamp.jpg\",\"contentUrl\":\"https:\\\/\\\/www.betonmoulds.com\\\/wp-content\\\/uploads\\\/2023\\\/06\\\/BSC-W600-300_Block_Scissor_Clamp.jpg\",\"width\":900,\"height\":900,\"caption\":\"BSC-W600-300_Block_Scissor_Clamp\"},{\"@type\":\"BreadcrumbList\",\"@id\":\"https:\\\/\\\/www.betonmoulds.com\\\/de\\\/product\\\/mechanische-scherenklemme-600-300\\\/#breadcrumb\",\"itemListElement\":[{\"@type\":\"ListItem\",\"position\":1,\"name\":\"Home\",\"item\":\"https:\\\/\\\/www.betonmoulds.com\\\/de\\\/\"},{\"@type\":\"ListItem\",\"position\":2,\"name\":\"Shop\",\"item\":\"https:\\\/\\\/www.betonmoulds.com\\\/de\\\/shop\\\/\"},{\"@type\":\"ListItem\",\"position\":3,\"name\":\"Betonblock Greifzange 600-300\"}]},{\"@type\":\"WebSite\",\"@id\":\"https:\\\/\\\/www.betonmoulds.com\\\/de\\\/#website\",\"url\":\"https:\\\/\\\/www.betonmoulds.com\\\/de\\\/\",\"name\":\"BETONMOULDS\",\"description\":\"Upcycle leftover concrete\",\"potentialAction\":[{\"@type\":\"SearchAction\",\"target\":{\"@type\":\"EntryPoint\",\"urlTemplate\":\"https:\\\/\\\/www.betonmoulds.com\\\/de\\\/?s={search_term_string}\"},\"query-input\":{\"@type\":\"PropertyValueSpecification\",\"valueRequired\":true,\"valueName\":\"search_term_string\"}}],\"inLanguage\":\"de\"}]}<\/script>\n<!-- \/ Yoast SEO plugin. -->","yoast_head_json":{"title":"Betonblock Greifzange 600-300 - BETONMOULDS","robots":{"index":"index","follow":"follow","max-snippet":"max-snippet:-1","max-image-preview":"max-image-preview:large","max-video-preview":"max-video-preview:-1"},"canonical":"https:\/\/www.betonmoulds.com\/de\/product\/mechanische-scherenklemme-600-300\/","og_locale":"de_DE","og_type":"article","og_title":"Betonblock Greifzange 600-300 - BETONMOULDS","og_description":"Eine mechanische Betonblock-Klemme ist ein Scherengreifer, der vollautomatisch von einem Kran, einem Ladekran (HIAB) oder einem Gabelstapler aus bedient werden kann, ohne dass der Fahrer die Sicherheit seine Fahrerkabine verlassen muss. Die mechanische Hebeklemme minimiert die Pendelbewegungen des Betonblocks w\u00e4hrend des Hebens und macht eine pr\u00e4zise Positionierung m\u00f6glich.  Diese Hebeklemmen, die auch als Blockklemmen bezeichnet werden, sind mit einem automatischen Verriegelungsmechanismus ausgestattet. Das System h\u00e4lt die Klemme offen, wenn nicht gehoben wird, wodurch eine schnelle und einfache Einpersonenbedienung erm\u00f6glicht wird. Dies sorgt f\u00fcr ein effizienteres Be- und Entladen der gro\u00dfen Betonbl\u00f6cke und spart sowohl Geld als auch Zeit.  Diese Hebevorrichtung f\u00fcr Betonbl\u00f6cke ist mit auswechselbaren Gummi-Pads ausgestattet, um ein Abrutschen zu verhindern. Die Pads hinterlassen keine Farbflecke auf den Betonbl\u00f6cken. Die Gummiprofile sind in Schwarz und Wei\u00df erh\u00e4ltlich und k\u00f6nnen auch als Einzelteile gekauft werden.  Betonblockklemmen werden bei HIAB- oder Lkw-Kr\u00e4nen, Turmkr\u00e4nen und Gabelstaplern unter Verwendung einer Traverse eingesetzt.    Betriebslastgrenze kg 3.750   Leergewicht kg 215   Klemmbacken-Kapazit\u00e4t mm 600 - 300   Minimale Klemmspannweite mm 300   Maximale Klemmspannweite mm 600   Maximale Klemm\u00f6ffnung mm 680   \u00a0Klemml\u00e4nge mm 1.000     Weitere verf\u00fcgbare Betonblock-Klemmen:  BSC-W800-400,\u00a0 f\u00fcr Betonbl\u00f6cke mit einer Breite von\u00a0 80 cm und 40 cm. BSC-W400-150, f\u00fcr Betonbl\u00f6cke mit einer Breite von 40 cm und 15 cm.","og_url":"https:\/\/www.betonmoulds.com\/de\/product\/mechanische-scherenklemme-600-300\/","og_site_name":"BETONMOULDS","article_modified_time":"2026-03-19T15:13:10+00:00","og_image":[{"width":900,"height":900,"url":"https:\/\/www.betonmoulds.com\/wp-content\/uploads\/2023\/06\/BSC-W600-300_Block_Scissor_Clamp.jpg","type":"image\/jpeg"}],"twitter_card":"summary_large_image","twitter_misc":{"Gesch\u00e4tzte Lesezeit":"1\u00a0Minute"},"schema":{"@context":"https:\/\/schema.org","@graph":[{"@type":"WebPage","@id":"https:\/\/www.betonmoulds.com\/de\/product\/mechanische-scherenklemme-600-300\/","url":"https:\/\/www.betonmoulds.com\/de\/product\/mechanische-scherenklemme-600-300\/","name":"Betonblock Greifzange 600-300 - BETONMOULDS","isPartOf":{"@id":"https:\/\/www.betonmoulds.com\/de\/#website"},"primaryImageOfPage":{"@id":"https:\/\/www.betonmoulds.com\/de\/product\/mechanische-scherenklemme-600-300\/#primaryimage"},"image":{"@id":"https:\/\/www.betonmoulds.com\/de\/product\/mechanische-scherenklemme-600-300\/#primaryimage"},"thumbnailUrl":"https:\/\/www.betonmoulds.com\/wp-content\/uploads\/2023\/06\/BSC-W600-300_Block_Scissor_Clamp.jpg","datePublished":"2023-06-29T13:54:59+00:00","dateModified":"2026-03-19T15:13:10+00:00","breadcrumb":{"@id":"https:\/\/www.betonmoulds.com\/de\/product\/mechanische-scherenklemme-600-300\/#breadcrumb"},"inLanguage":"de","potentialAction":[{"@type":"ReadAction","target":["https:\/\/www.betonmoulds.com\/de\/product\/mechanische-scherenklemme-600-300\/"]}]},{"@type":"ImageObject","inLanguage":"de","@id":"https:\/\/www.betonmoulds.com\/de\/product\/mechanische-scherenklemme-600-300\/#primaryimage","url":"https:\/\/www.betonmoulds.com\/wp-content\/uploads\/2023\/06\/BSC-W600-300_Block_Scissor_Clamp.jpg","contentUrl":"https:\/\/www.betonmoulds.com\/wp-content\/uploads\/2023\/06\/BSC-W600-300_Block_Scissor_Clamp.jpg","width":900,"height":900,"caption":"BSC-W600-300_Block_Scissor_Clamp"},{"@type":"BreadcrumbList","@id":"https:\/\/www.betonmoulds.com\/de\/product\/mechanische-scherenklemme-600-300\/#breadcrumb","itemListElement":[{"@type":"ListItem","position":1,"name":"Home","item":"https:\/\/www.betonmoulds.com\/de\/"},{"@type":"ListItem","position":2,"name":"Shop","item":"https:\/\/www.betonmoulds.com\/de\/shop\/"},{"@type":"ListItem","position":3,"name":"Betonblock Greifzange 600-300"}]},{"@type":"WebSite","@id":"https:\/\/www.betonmoulds.com\/de\/#website","url":"https:\/\/www.betonmoulds.com\/de\/","name":"BETONMOULDS","description":"Upcycle leftover concrete","potentialAction":[{"@type":"SearchAction","target":{"@type":"EntryPoint","urlTemplate":"https:\/\/www.betonmoulds.com\/de\/?s={search_term_string}"},"query-input":{"@type":"PropertyValueSpecification","valueRequired":true,"valueName":"search_term_string"}}],"inLanguage":"de"}]}},"_links":{"self":[{"href":"https:\/\/www.betonmoulds.com\/de\/wp-json\/wp\/v2\/product\/5119","targetHints":{"allow":["GET"]}}],"collection":[{"href":"https:\/\/www.betonmoulds.com\/de\/wp-json\/wp\/v2\/product"}],"about":[{"href":"https:\/\/www.betonmoulds.com\/de\/wp-json\/wp\/v2\/types\/product"}],"wp:featuredmedia":[{"embeddable":true,"href":"https:\/\/www.betonmoulds.com\/de\/wp-json\/wp\/v2\/media\/4591"}],"wp:attachment":[{"href":"https:\/\/www.betonmoulds.com\/de\/wp-json\/wp\/v2\/media?parent=5119"}],"wp:term":[{"taxonomy":"product_brand","embeddable":true,"href":"https:\/\/www.betonmoulds.com\/de\/wp-json\/wp\/v2\/product_brand?post=5119"},{"taxonomy":"product_cat","embeddable":true,"href":"https:\/\/www.betonmoulds.com\/de\/wp-json\/wp\/v2\/product_cat?post=5119"},{"taxonomy":"product_tag","embeddable":true,"href":"https:\/\/www.betonmoulds.com\/de\/wp-json\/wp\/v2\/product_tag?post=5119"}],"curies":[{"name":"wp","href":"https:\/\/api.w.org\/{rel}","templated":true}]}}