{"id":11865,"date":"2026-01-22T13:17:14","date_gmt":"2026-01-22T13:17:14","guid":{"rendered":"https:\/\/www.betonmoulds.com\/?post_type=product&#038;p=11865"},"modified":"2026-03-19T15:16:56","modified_gmt":"2026-03-19T15:16:56","slug":"hubschluessel-fuer-betonplatten","status":"publish","type":"product","link":"https:\/\/www.betonmoulds.com\/de\/product\/hubschluessel-fuer-betonplatten\/","title":{"rendered":"Hubschl\u00fcssel f\u00fcr Betonplatten"},"content":{"rendered":"","protected":false},"excerpt":{"rendered":"<p>Dieses Produkt besteht aus zwei robusten Stahlschl\u00fcsseln, die zum Heben und Transportieren <a href=\"https:\/\/www.betonmoulds.com\/de\/anwendungsbereiche-fuer-betonplatten\/\"><strong>gro\u00dfer Betonplatten<\/strong><\/a>, die gemeinhin als Stelcon-Platten bekannt sind, entwickelt wurden. Diese Hubschl\u00fcssel sind speziell f\u00fcr die Verwendung mit Betonplatten konzipiert, die zwei Standardausnehmungen von 55 x 25 mm aufweisen, die durch <a href=\"https:\/\/www.betonmoulds.com\/de\/produkt-kategorie\/betonplatten\/eingussprofile\/\"><strong>Gie\u00dfprofile<\/strong><\/a> hergestellt werden.<\/p>\n<ul>\n<li>Verkauft als Satz von zwei<\/li>\n<li>Maximale Kapazit\u00e4t: 800 kg pro Schl\u00fcssel \/ 1600 kg pro Set<\/li>\n<li>Abmessungen: 320 x 82 x 20 mm (L\u00e4nge x Breite x Dicke)<\/li>\n<\/ul>\n<p>Stellen Sie sicher, dass alle Hebeausr\u00fcstungen und Werkzeuge den erforderlichen Sicherheitsstandards und Vorschriften f\u00fcr die Handhabung schwerer Lasten entsprechen. Nachfolgend finden Sie eine knappe Anleitung zur sicheren Verwendung der Hubschl\u00fcssel f\u00fcr Betonplatten:<\/p>\n<ol>\n<li>Setzen Sie die Hubschl\u00fcssel in die Ausnehmungen der Betonplatte ein, die durch das Gie\u00dfprofil entstanden sind.<\/li>\n<li>Drehen Sie die Hubschl\u00fcssel um ein Viertel.<\/li>\n<li>Befestigen Sie die Hubschl\u00fcssel, um eine Rotation beim Heben zu verhindern, indem Sie entweder einen Stahlstab durch die Schl\u00fcsselaugen einf\u00fchren oder einen Spreizer-Hebebalken verwenden.<\/li>\n<li>Befestigen Sie das Hebezeug sicher an den Hubschl\u00fcsseln.<\/li>\n<\/ol>\n","protected":false},"featured_media":11854,"template":"","meta":[],"product_brand":[],"product_cat":[379],"product_tag":[],"class_list":{"0":"post-11865","1":"product","2":"type-product","3":"status-publish","4":"has-post-thumbnail","6":"product_cat-transport-betonplatten","8":"first","9":"instock","10":"shipping-taxable","11":"purchasable","12":"product-type-simple"},"yoast_head":"<!-- This site is optimized with the Yoast SEO plugin v27.4 - https:\/\/yoast.com\/product\/yoast-seo-wordpress\/ -->\n<title>Hubschl\u00fcssel f\u00fcr Betonplatten - BETONMOULDS<\/title>\n<meta name=\"robots\" content=\"index, follow, max-snippet:-1, max-image-preview:large, max-video-preview:-1\" \/>\n<link rel=\"canonical\" href=\"https:\/\/www.betonmoulds.com\/de\/product\/hubschluessel-fuer-betonplatten\/\" \/>\n<meta property=\"og:locale\" content=\"de_DE\" \/>\n<meta property=\"og:type\" content=\"article\" \/>\n<meta property=\"og:title\" content=\"Hubschl\u00fcssel f\u00fcr Betonplatten - BETONMOULDS\" \/>\n<meta property=\"og:description\" content=\"Dieses Produkt besteht aus zwei robusten Stahlschl\u00fcsseln, die zum Heben und Transportieren gro\u00dfer Betonplatten, die gemeinhin als Stelcon-Platten bekannt sind, entwickelt wurden. Diese Hubschl\u00fcssel sind speziell f\u00fcr die Verwendung mit Betonplatten konzipiert, die zwei Standardausnehmungen von 55 x 25 mm aufweisen, die durch Gie\u00dfprofile hergestellt werden.   Verkauft als Satz von zwei  Maximale Kapazit\u00e4t: 800 kg pro Schl\u00fcssel \/ 1600 kg pro Set  Abmessungen: 320 x 82 x 20 mm (L\u00e4nge x Breite x Dicke)  Stellen Sie sicher, dass alle Hebeausr\u00fcstungen und Werkzeuge den erforderlichen Sicherheitsstandards und Vorschriften f\u00fcr die Handhabung schwerer Lasten entsprechen. Nachfolgend finden Sie eine knappe Anleitung zur sicheren Verwendung der Hubschl\u00fcssel f\u00fcr Betonplatten:   Setzen Sie die Hubschl\u00fcssel in die Ausnehmungen der Betonplatte ein, die durch das Gie\u00dfprofil entstanden sind.  Drehen Sie die Hubschl\u00fcssel um ein Viertel.  Befestigen Sie die Hubschl\u00fcssel, um eine Rotation beim Heben zu verhindern, indem Sie entweder einen Stahlstab durch die Schl\u00fcsselaugen einf\u00fchren oder einen Spreizer-Hebebalken verwenden.  Befestigen Sie das Hebezeug sicher an den Hubschl\u00fcsseln.\" \/>\n<meta property=\"og:url\" content=\"https:\/\/www.betonmoulds.com\/de\/product\/hubschluessel-fuer-betonplatten\/\" \/>\n<meta property=\"og:site_name\" content=\"BETONMOULDS\" \/>\n<meta property=\"article:modified_time\" content=\"2026-03-19T15:16:56+00:00\" \/>\n<meta property=\"og:image\" content=\"https:\/\/www.betonmoulds.com\/wp-content\/uploads\/2026\/01\/Slab-lifting-keys.jpg\" \/>\n\t<meta property=\"og:image:width\" content=\"900\" \/>\n\t<meta property=\"og:image:height\" content=\"900\" \/>\n\t<meta property=\"og:image:type\" content=\"image\/jpeg\" \/>\n<meta name=\"twitter:card\" content=\"summary_large_image\" \/>\n<meta name=\"twitter:label1\" content=\"Gesch\u00e4tzte Lesezeit\" \/>\n\t<meta name=\"twitter:data1\" content=\"1\u00a0Minute\" \/>\n<script type=\"application\/ld+json\" class=\"yoast-schema-graph\">{\"@context\":\"https:\\\/\\\/schema.org\",\"@graph\":[{\"@type\":\"WebPage\",\"@id\":\"https:\\\/\\\/www.betonmoulds.com\\\/de\\\/product\\\/hubschluessel-fuer-betonplatten\\\/\",\"url\":\"https:\\\/\\\/www.betonmoulds.com\\\/de\\\/product\\\/hubschluessel-fuer-betonplatten\\\/\",\"name\":\"Hubschl\u00fcssel f\u00fcr Betonplatten - BETONMOULDS\",\"isPartOf\":{\"@id\":\"https:\\\/\\\/www.betonmoulds.com\\\/de\\\/#website\"},\"primaryImageOfPage\":{\"@id\":\"https:\\\/\\\/www.betonmoulds.com\\\/de\\\/product\\\/hubschluessel-fuer-betonplatten\\\/#primaryimage\"},\"image\":{\"@id\":\"https:\\\/\\\/www.betonmoulds.com\\\/de\\\/product\\\/hubschluessel-fuer-betonplatten\\\/#primaryimage\"},\"thumbnailUrl\":\"https:\\\/\\\/www.betonmoulds.com\\\/wp-content\\\/uploads\\\/2026\\\/01\\\/Slab-lifting-keys.jpg\",\"datePublished\":\"2026-01-22T13:17:14+00:00\",\"dateModified\":\"2026-03-19T15:16:56+00:00\",\"breadcrumb\":{\"@id\":\"https:\\\/\\\/www.betonmoulds.com\\\/de\\\/product\\\/hubschluessel-fuer-betonplatten\\\/#breadcrumb\"},\"inLanguage\":\"de\",\"potentialAction\":[{\"@type\":\"ReadAction\",\"target\":[\"https:\\\/\\\/www.betonmoulds.com\\\/de\\\/product\\\/hubschluessel-fuer-betonplatten\\\/\"]}]},{\"@type\":\"ImageObject\",\"inLanguage\":\"de\",\"@id\":\"https:\\\/\\\/www.betonmoulds.com\\\/de\\\/product\\\/hubschluessel-fuer-betonplatten\\\/#primaryimage\",\"url\":\"https:\\\/\\\/www.betonmoulds.com\\\/wp-content\\\/uploads\\\/2026\\\/01\\\/Slab-lifting-keys.jpg\",\"contentUrl\":\"https:\\\/\\\/www.betonmoulds.com\\\/wp-content\\\/uploads\\\/2026\\\/01\\\/Slab-lifting-keys.jpg\",\"width\":900,\"height\":900,\"caption\":\"Hebeschl\u00fcssel f\u00fcr Betonplatten\"},{\"@type\":\"BreadcrumbList\",\"@id\":\"https:\\\/\\\/www.betonmoulds.com\\\/de\\\/product\\\/hubschluessel-fuer-betonplatten\\\/#breadcrumb\",\"itemListElement\":[{\"@type\":\"ListItem\",\"position\":1,\"name\":\"Home\",\"item\":\"https:\\\/\\\/www.betonmoulds.com\\\/de\\\/\"},{\"@type\":\"ListItem\",\"position\":2,\"name\":\"Shop\",\"item\":\"https:\\\/\\\/www.betonmoulds.com\\\/de\\\/shop\\\/\"},{\"@type\":\"ListItem\",\"position\":3,\"name\":\"Hubschl\u00fcssel f\u00fcr Betonplatten\"}]},{\"@type\":\"WebSite\",\"@id\":\"https:\\\/\\\/www.betonmoulds.com\\\/de\\\/#website\",\"url\":\"https:\\\/\\\/www.betonmoulds.com\\\/de\\\/\",\"name\":\"BETONMOULDS\",\"description\":\"Upcycle leftover concrete\",\"potentialAction\":[{\"@type\":\"SearchAction\",\"target\":{\"@type\":\"EntryPoint\",\"urlTemplate\":\"https:\\\/\\\/www.betonmoulds.com\\\/de\\\/?s={search_term_string}\"},\"query-input\":{\"@type\":\"PropertyValueSpecification\",\"valueRequired\":true,\"valueName\":\"search_term_string\"}}],\"inLanguage\":\"de\"}]}<\/script>\n<!-- \/ Yoast SEO plugin. -->","yoast_head_json":{"title":"Hubschl\u00fcssel f\u00fcr Betonplatten - BETONMOULDS","robots":{"index":"index","follow":"follow","max-snippet":"max-snippet:-1","max-image-preview":"max-image-preview:large","max-video-preview":"max-video-preview:-1"},"canonical":"https:\/\/www.betonmoulds.com\/de\/product\/hubschluessel-fuer-betonplatten\/","og_locale":"de_DE","og_type":"article","og_title":"Hubschl\u00fcssel f\u00fcr Betonplatten - BETONMOULDS","og_description":"Dieses Produkt besteht aus zwei robusten Stahlschl\u00fcsseln, die zum Heben und Transportieren gro\u00dfer Betonplatten, die gemeinhin als Stelcon-Platten bekannt sind, entwickelt wurden. Diese Hubschl\u00fcssel sind speziell f\u00fcr die Verwendung mit Betonplatten konzipiert, die zwei Standardausnehmungen von 55 x 25 mm aufweisen, die durch Gie\u00dfprofile hergestellt werden.   Verkauft als Satz von zwei  Maximale Kapazit\u00e4t: 800 kg pro Schl\u00fcssel \/ 1600 kg pro Set  Abmessungen: 320 x 82 x 20 mm (L\u00e4nge x Breite x Dicke)  Stellen Sie sicher, dass alle Hebeausr\u00fcstungen und Werkzeuge den erforderlichen Sicherheitsstandards und Vorschriften f\u00fcr die Handhabung schwerer Lasten entsprechen. Nachfolgend finden Sie eine knappe Anleitung zur sicheren Verwendung der Hubschl\u00fcssel f\u00fcr Betonplatten:   Setzen Sie die Hubschl\u00fcssel in die Ausnehmungen der Betonplatte ein, die durch das Gie\u00dfprofil entstanden sind.  Drehen Sie die Hubschl\u00fcssel um ein Viertel.  Befestigen Sie die Hubschl\u00fcssel, um eine Rotation beim Heben zu verhindern, indem Sie entweder einen Stahlstab durch die Schl\u00fcsselaugen einf\u00fchren oder einen Spreizer-Hebebalken verwenden.  Befestigen Sie das Hebezeug sicher an den Hubschl\u00fcsseln.","og_url":"https:\/\/www.betonmoulds.com\/de\/product\/hubschluessel-fuer-betonplatten\/","og_site_name":"BETONMOULDS","article_modified_time":"2026-03-19T15:16:56+00:00","og_image":[{"width":900,"height":900,"url":"https:\/\/www.betonmoulds.com\/wp-content\/uploads\/2026\/01\/Slab-lifting-keys.jpg","type":"image\/jpeg"}],"twitter_card":"summary_large_image","twitter_misc":{"Gesch\u00e4tzte Lesezeit":"1\u00a0Minute"},"schema":{"@context":"https:\/\/schema.org","@graph":[{"@type":"WebPage","@id":"https:\/\/www.betonmoulds.com\/de\/product\/hubschluessel-fuer-betonplatten\/","url":"https:\/\/www.betonmoulds.com\/de\/product\/hubschluessel-fuer-betonplatten\/","name":"Hubschl\u00fcssel f\u00fcr Betonplatten - BETONMOULDS","isPartOf":{"@id":"https:\/\/www.betonmoulds.com\/de\/#website"},"primaryImageOfPage":{"@id":"https:\/\/www.betonmoulds.com\/de\/product\/hubschluessel-fuer-betonplatten\/#primaryimage"},"image":{"@id":"https:\/\/www.betonmoulds.com\/de\/product\/hubschluessel-fuer-betonplatten\/#primaryimage"},"thumbnailUrl":"https:\/\/www.betonmoulds.com\/wp-content\/uploads\/2026\/01\/Slab-lifting-keys.jpg","datePublished":"2026-01-22T13:17:14+00:00","dateModified":"2026-03-19T15:16:56+00:00","breadcrumb":{"@id":"https:\/\/www.betonmoulds.com\/de\/product\/hubschluessel-fuer-betonplatten\/#breadcrumb"},"inLanguage":"de","potentialAction":[{"@type":"ReadAction","target":["https:\/\/www.betonmoulds.com\/de\/product\/hubschluessel-fuer-betonplatten\/"]}]},{"@type":"ImageObject","inLanguage":"de","@id":"https:\/\/www.betonmoulds.com\/de\/product\/hubschluessel-fuer-betonplatten\/#primaryimage","url":"https:\/\/www.betonmoulds.com\/wp-content\/uploads\/2026\/01\/Slab-lifting-keys.jpg","contentUrl":"https:\/\/www.betonmoulds.com\/wp-content\/uploads\/2026\/01\/Slab-lifting-keys.jpg","width":900,"height":900,"caption":"Hebeschl\u00fcssel f\u00fcr Betonplatten"},{"@type":"BreadcrumbList","@id":"https:\/\/www.betonmoulds.com\/de\/product\/hubschluessel-fuer-betonplatten\/#breadcrumb","itemListElement":[{"@type":"ListItem","position":1,"name":"Home","item":"https:\/\/www.betonmoulds.com\/de\/"},{"@type":"ListItem","position":2,"name":"Shop","item":"https:\/\/www.betonmoulds.com\/de\/shop\/"},{"@type":"ListItem","position":3,"name":"Hubschl\u00fcssel f\u00fcr Betonplatten"}]},{"@type":"WebSite","@id":"https:\/\/www.betonmoulds.com\/de\/#website","url":"https:\/\/www.betonmoulds.com\/de\/","name":"BETONMOULDS","description":"Upcycle leftover concrete","potentialAction":[{"@type":"SearchAction","target":{"@type":"EntryPoint","urlTemplate":"https:\/\/www.betonmoulds.com\/de\/?s={search_term_string}"},"query-input":{"@type":"PropertyValueSpecification","valueRequired":true,"valueName":"search_term_string"}}],"inLanguage":"de"}]}},"_links":{"self":[{"href":"https:\/\/www.betonmoulds.com\/de\/wp-json\/wp\/v2\/product\/11865","targetHints":{"allow":["GET"]}}],"collection":[{"href":"https:\/\/www.betonmoulds.com\/de\/wp-json\/wp\/v2\/product"}],"about":[{"href":"https:\/\/www.betonmoulds.com\/de\/wp-json\/wp\/v2\/types\/product"}],"wp:featuredmedia":[{"embeddable":true,"href":"https:\/\/www.betonmoulds.com\/de\/wp-json\/wp\/v2\/media\/11854"}],"wp:attachment":[{"href":"https:\/\/www.betonmoulds.com\/de\/wp-json\/wp\/v2\/media?parent=11865"}],"wp:term":[{"taxonomy":"product_brand","embeddable":true,"href":"https:\/\/www.betonmoulds.com\/de\/wp-json\/wp\/v2\/product_brand?post=11865"},{"taxonomy":"product_cat","embeddable":true,"href":"https:\/\/www.betonmoulds.com\/de\/wp-json\/wp\/v2\/product_cat?post=11865"},{"taxonomy":"product_tag","embeddable":true,"href":"https:\/\/www.betonmoulds.com\/de\/wp-json\/wp\/v2\/product_tag?post=11865"}],"curies":[{"name":"wp","href":"https:\/\/api.w.org\/{rel}","templated":true}]}}