{"id":10405,"date":"2025-02-11T09:44:11","date_gmt":"2025-02-11T09:44:11","guid":{"rendered":"https:\/\/www.betonmoulds.com\/product\/starter-package-160-40-40\/"},"modified":"2026-03-19T15:15:44","modified_gmt":"2026-03-19T15:15:44","slug":"starterpaket-160-40-40","status":"publish","type":"product","link":"https:\/\/www.betonmoulds.com\/de\/product\/starterpaket-160-40-40\/","title":{"rendered":"Betonstein Schalung Starterpaket 160-40-40"},"content":{"rendered":"","protected":false},"excerpt":{"rendered":"<p>Starten Sie einfach mit der Betonblockproduktion mit unserem Betonstein Schalung Starterpaket. Dieses Starterpaket enth\u00e4lt alles, was Sie ben\u00f6tigen, um gro\u00dfe, stapelbare Betonbl\u00f6cke herzustellen.<\/p>\n<ul>\n<li><a href=\"https:\/\/www.betonmoulds.com\/de\/product\/bb-160-40-40-bn\/\"><strong> 1x Blockform (160x40x40 cm):<\/strong> <\/a>Hergestellt f\u00fcr langanhaltende Haltbarkeit, sorgt diese Form f\u00fcr gleichm\u00e4\u00dfige und pr\u00e4zise Bl\u00f6cke bei jedem Gebrauch.<\/li>\n<li><a href=\"https:\/\/www.betonmoulds.com\/de\/product\/dp-40-40\/\"><strong>1x Vertikale Trennwand<\/strong>:<\/a> Passen Sie Ihre Bl\u00f6cke auf die exakte L\u00e4nge an, was mehr Flexibilit\u00e4t beim Bauen bietet. Produzieren Sie Viertel-, Halb- oder Dreiviertelbl\u00f6cke.<\/li>\n<li><strong>Hebewerkzeuge und Zubeh\u00f6r:<\/strong> Bewegen Sie Ihre Bl\u00f6cke sicher mit dem vollst\u00e4ndigen Satz an Hebezubeh\u00f6r:\n<ul>\n<li><a href=\"https:\/\/www.betonmoulds.com\/de\/product\/fussanker-25t\/\"><strong>80x Fu\u00dfanker<\/strong><\/a>, um die Bl\u00f6cke zum einfachen Heben zu sichern.<\/li>\n<li><a href=\"https:\/\/www.betonmoulds.com\/de\/product\/magnetische-aussparungen-fuer-fussanker-25t\/\"><strong>2x Magnet-Aussparungsk\u00f6rper<\/strong><\/a>, um Ankerf\u00e4cher im Betonblock zu erstellen.<\/li>\n<li><a href=\"https:\/\/www.betonmoulds.com\/de\/product\/gummituelle-fuer-fussanker-befestigung-25t\/\"><strong>4x Gummi-Manschette<\/strong><\/a>, um die Fu\u00dfanker anstelle der Magnet-Aussparungsk\u00f6rper zu fixieren.<\/li>\n<li><a href=\"https:\/\/www.betonmoulds.com\/de\/product\/hebekupplung-hebeoese-25t\/\"><strong>2x Universalkopf-Kupplung<\/strong><\/a> f\u00fcr effiziente Handhabung und Heben.<\/li>\n<li><a href=\"https:\/\/www.betonmoulds.com\/de\/product\/gussformoeffner\/\"><strong>1x Form\u00f6ffner<\/strong><\/a> f\u00fcr m\u00fcheloses \u00d6ffnen der Form.<\/li>\n<\/ul>\n<\/li>\n<\/ul>\n<p>Bestellen Sie noch heute dieses Starterpaket zu einem reduzierten Preis!<\/p>\n","protected":false},"featured_media":10481,"template":"","meta":[],"product_brand":[],"product_cat":[613],"product_tag":[],"class_list":{"0":"post-10405","1":"product","2":"type-product","3":"status-publish","4":"has-post-thumbnail","6":"product_cat-starterpakete","8":"first","9":"instock","10":"sale","11":"shipping-taxable","12":"purchasable","13":"product-type-simple"},"yoast_head":"<!-- This site is optimized with the Yoast SEO plugin v27.4 - https:\/\/yoast.com\/product\/yoast-seo-wordpress\/ -->\n<title>Betonstein Schalung Starterpaket 160-40-40 - BETONMOULDS<\/title>\n<meta name=\"robots\" content=\"index, follow, max-snippet:-1, max-image-preview:large, max-video-preview:-1\" \/>\n<link rel=\"canonical\" href=\"https:\/\/www.betonmoulds.com\/de\/product\/starterpaket-160-40-40\/\" \/>\n<meta property=\"og:locale\" content=\"de_DE\" \/>\n<meta property=\"og:type\" content=\"article\" \/>\n<meta property=\"og:title\" content=\"Betonstein Schalung Starterpaket 160-40-40 - BETONMOULDS\" \/>\n<meta property=\"og:description\" content=\"Starten Sie einfach mit der Betonblockproduktion mit unserem Betonstein Schalung Starterpaket. Dieses Starterpaket enth\u00e4lt alles, was Sie ben\u00f6tigen, um gro\u00dfe, stapelbare Betonbl\u00f6cke herzustellen.    1x Blockform (160x40x40 cm): Hergestellt f\u00fcr langanhaltende Haltbarkeit, sorgt diese Form f\u00fcr gleichm\u00e4\u00dfige und pr\u00e4zise Bl\u00f6cke bei jedem Gebrauch.  1x Vertikale Trennwand: Passen Sie Ihre Bl\u00f6cke auf die exakte L\u00e4nge an, was mehr Flexibilit\u00e4t beim Bauen bietet. Produzieren Sie Viertel-, Halb- oder Dreiviertelbl\u00f6cke.  Hebewerkzeuge und Zubeh\u00f6r: Bewegen Sie Ihre Bl\u00f6cke sicher mit dem vollst\u00e4ndigen Satz an Hebezubeh\u00f6r:   80x Fu\u00dfanker, um die Bl\u00f6cke zum einfachen Heben zu sichern.  2x Magnet-Aussparungsk\u00f6rper, um Ankerf\u00e4cher im Betonblock zu erstellen.  4x Gummi-Manschette, um die Fu\u00dfanker anstelle der Magnet-Aussparungsk\u00f6rper zu fixieren.  2x Universalkopf-Kupplung f\u00fcr effiziente Handhabung und Heben.  1x Form\u00f6ffner f\u00fcr m\u00fcheloses \u00d6ffnen der Form.    Bestellen Sie noch heute dieses Starterpaket zu einem reduzierten Preis!\" \/>\n<meta property=\"og:url\" content=\"https:\/\/www.betonmoulds.com\/de\/product\/starterpaket-160-40-40\/\" \/>\n<meta property=\"og:site_name\" content=\"BETONMOULDS\" \/>\n<meta property=\"article:modified_time\" content=\"2026-03-19T15:15:44+00:00\" \/>\n<meta property=\"og:image\" content=\"https:\/\/www.betonmoulds.com\/wp-content\/uploads\/2025\/02\/starter-pack-Betonmoulds-160x40x40.jpg\" \/>\n\t<meta property=\"og:image:width\" content=\"866\" \/>\n\t<meta property=\"og:image:height\" content=\"866\" \/>\n\t<meta property=\"og:image:type\" content=\"image\/jpeg\" \/>\n<meta name=\"twitter:card\" content=\"summary_large_image\" \/>\n<meta name=\"twitter:label1\" content=\"Gesch\u00e4tzte Lesezeit\" \/>\n\t<meta name=\"twitter:data1\" content=\"1\u00a0Minute\" \/>\n<script type=\"application\/ld+json\" class=\"yoast-schema-graph\">{\"@context\":\"https:\\\/\\\/schema.org\",\"@graph\":[{\"@type\":\"WebPage\",\"@id\":\"https:\\\/\\\/www.betonmoulds.com\\\/de\\\/product\\\/starterpaket-160-40-40\\\/\",\"url\":\"https:\\\/\\\/www.betonmoulds.com\\\/de\\\/product\\\/starterpaket-160-40-40\\\/\",\"name\":\"Betonstein Schalung Starterpaket 160-40-40 - BETONMOULDS\",\"isPartOf\":{\"@id\":\"https:\\\/\\\/www.betonmoulds.com\\\/de\\\/#website\"},\"primaryImageOfPage\":{\"@id\":\"https:\\\/\\\/www.betonmoulds.com\\\/de\\\/product\\\/starterpaket-160-40-40\\\/#primaryimage\"},\"image\":{\"@id\":\"https:\\\/\\\/www.betonmoulds.com\\\/de\\\/product\\\/starterpaket-160-40-40\\\/#primaryimage\"},\"thumbnailUrl\":\"https:\\\/\\\/www.betonmoulds.com\\\/wp-content\\\/uploads\\\/2025\\\/02\\\/starter-pack-Betonmoulds-160x40x40.jpg\",\"datePublished\":\"2025-02-11T09:44:11+00:00\",\"dateModified\":\"2026-03-19T15:15:44+00:00\",\"breadcrumb\":{\"@id\":\"https:\\\/\\\/www.betonmoulds.com\\\/de\\\/product\\\/starterpaket-160-40-40\\\/#breadcrumb\"},\"inLanguage\":\"de\",\"potentialAction\":[{\"@type\":\"ReadAction\",\"target\":[\"https:\\\/\\\/www.betonmoulds.com\\\/de\\\/product\\\/starterpaket-160-40-40\\\/\"]}]},{\"@type\":\"ImageObject\",\"inLanguage\":\"de\",\"@id\":\"https:\\\/\\\/www.betonmoulds.com\\\/de\\\/product\\\/starterpaket-160-40-40\\\/#primaryimage\",\"url\":\"https:\\\/\\\/www.betonmoulds.com\\\/wp-content\\\/uploads\\\/2025\\\/02\\\/starter-pack-Betonmoulds-160x40x40.jpg\",\"contentUrl\":\"https:\\\/\\\/www.betonmoulds.com\\\/wp-content\\\/uploads\\\/2025\\\/02\\\/starter-pack-Betonmoulds-160x40x40.jpg\",\"width\":866,\"height\":866},{\"@type\":\"BreadcrumbList\",\"@id\":\"https:\\\/\\\/www.betonmoulds.com\\\/de\\\/product\\\/starterpaket-160-40-40\\\/#breadcrumb\",\"itemListElement\":[{\"@type\":\"ListItem\",\"position\":1,\"name\":\"Home\",\"item\":\"https:\\\/\\\/www.betonmoulds.com\\\/de\\\/\"},{\"@type\":\"ListItem\",\"position\":2,\"name\":\"Shop\",\"item\":\"https:\\\/\\\/www.betonmoulds.com\\\/de\\\/shop\\\/\"},{\"@type\":\"ListItem\",\"position\":3,\"name\":\"Betonstein Schalung Starterpaket 160-40-40\"}]},{\"@type\":\"WebSite\",\"@id\":\"https:\\\/\\\/www.betonmoulds.com\\\/de\\\/#website\",\"url\":\"https:\\\/\\\/www.betonmoulds.com\\\/de\\\/\",\"name\":\"BETONMOULDS\",\"description\":\"Upcycle leftover concrete\",\"potentialAction\":[{\"@type\":\"SearchAction\",\"target\":{\"@type\":\"EntryPoint\",\"urlTemplate\":\"https:\\\/\\\/www.betonmoulds.com\\\/de\\\/?s={search_term_string}\"},\"query-input\":{\"@type\":\"PropertyValueSpecification\",\"valueRequired\":true,\"valueName\":\"search_term_string\"}}],\"inLanguage\":\"de\"}]}<\/script>\n<!-- \/ Yoast SEO plugin. -->","yoast_head_json":{"title":"Betonstein Schalung Starterpaket 160-40-40 - BETONMOULDS","robots":{"index":"index","follow":"follow","max-snippet":"max-snippet:-1","max-image-preview":"max-image-preview:large","max-video-preview":"max-video-preview:-1"},"canonical":"https:\/\/www.betonmoulds.com\/de\/product\/starterpaket-160-40-40\/","og_locale":"de_DE","og_type":"article","og_title":"Betonstein Schalung Starterpaket 160-40-40 - BETONMOULDS","og_description":"Starten Sie einfach mit der Betonblockproduktion mit unserem Betonstein Schalung Starterpaket. Dieses Starterpaket enth\u00e4lt alles, was Sie ben\u00f6tigen, um gro\u00dfe, stapelbare Betonbl\u00f6cke herzustellen.    1x Blockform (160x40x40 cm): Hergestellt f\u00fcr langanhaltende Haltbarkeit, sorgt diese Form f\u00fcr gleichm\u00e4\u00dfige und pr\u00e4zise Bl\u00f6cke bei jedem Gebrauch.  1x Vertikale Trennwand: Passen Sie Ihre Bl\u00f6cke auf die exakte L\u00e4nge an, was mehr Flexibilit\u00e4t beim Bauen bietet. Produzieren Sie Viertel-, Halb- oder Dreiviertelbl\u00f6cke.  Hebewerkzeuge und Zubeh\u00f6r: Bewegen Sie Ihre Bl\u00f6cke sicher mit dem vollst\u00e4ndigen Satz an Hebezubeh\u00f6r:   80x Fu\u00dfanker, um die Bl\u00f6cke zum einfachen Heben zu sichern.  2x Magnet-Aussparungsk\u00f6rper, um Ankerf\u00e4cher im Betonblock zu erstellen.  4x Gummi-Manschette, um die Fu\u00dfanker anstelle der Magnet-Aussparungsk\u00f6rper zu fixieren.  2x Universalkopf-Kupplung f\u00fcr effiziente Handhabung und Heben.  1x Form\u00f6ffner f\u00fcr m\u00fcheloses \u00d6ffnen der Form.    Bestellen Sie noch heute dieses Starterpaket zu einem reduzierten Preis!","og_url":"https:\/\/www.betonmoulds.com\/de\/product\/starterpaket-160-40-40\/","og_site_name":"BETONMOULDS","article_modified_time":"2026-03-19T15:15:44+00:00","og_image":[{"width":866,"height":866,"url":"https:\/\/www.betonmoulds.com\/wp-content\/uploads\/2025\/02\/starter-pack-Betonmoulds-160x40x40.jpg","type":"image\/jpeg"}],"twitter_card":"summary_large_image","twitter_misc":{"Gesch\u00e4tzte Lesezeit":"1\u00a0Minute"},"schema":{"@context":"https:\/\/schema.org","@graph":[{"@type":"WebPage","@id":"https:\/\/www.betonmoulds.com\/de\/product\/starterpaket-160-40-40\/","url":"https:\/\/www.betonmoulds.com\/de\/product\/starterpaket-160-40-40\/","name":"Betonstein Schalung Starterpaket 160-40-40 - BETONMOULDS","isPartOf":{"@id":"https:\/\/www.betonmoulds.com\/de\/#website"},"primaryImageOfPage":{"@id":"https:\/\/www.betonmoulds.com\/de\/product\/starterpaket-160-40-40\/#primaryimage"},"image":{"@id":"https:\/\/www.betonmoulds.com\/de\/product\/starterpaket-160-40-40\/#primaryimage"},"thumbnailUrl":"https:\/\/www.betonmoulds.com\/wp-content\/uploads\/2025\/02\/starter-pack-Betonmoulds-160x40x40.jpg","datePublished":"2025-02-11T09:44:11+00:00","dateModified":"2026-03-19T15:15:44+00:00","breadcrumb":{"@id":"https:\/\/www.betonmoulds.com\/de\/product\/starterpaket-160-40-40\/#breadcrumb"},"inLanguage":"de","potentialAction":[{"@type":"ReadAction","target":["https:\/\/www.betonmoulds.com\/de\/product\/starterpaket-160-40-40\/"]}]},{"@type":"ImageObject","inLanguage":"de","@id":"https:\/\/www.betonmoulds.com\/de\/product\/starterpaket-160-40-40\/#primaryimage","url":"https:\/\/www.betonmoulds.com\/wp-content\/uploads\/2025\/02\/starter-pack-Betonmoulds-160x40x40.jpg","contentUrl":"https:\/\/www.betonmoulds.com\/wp-content\/uploads\/2025\/02\/starter-pack-Betonmoulds-160x40x40.jpg","width":866,"height":866},{"@type":"BreadcrumbList","@id":"https:\/\/www.betonmoulds.com\/de\/product\/starterpaket-160-40-40\/#breadcrumb","itemListElement":[{"@type":"ListItem","position":1,"name":"Home","item":"https:\/\/www.betonmoulds.com\/de\/"},{"@type":"ListItem","position":2,"name":"Shop","item":"https:\/\/www.betonmoulds.com\/de\/shop\/"},{"@type":"ListItem","position":3,"name":"Betonstein Schalung Starterpaket 160-40-40"}]},{"@type":"WebSite","@id":"https:\/\/www.betonmoulds.com\/de\/#website","url":"https:\/\/www.betonmoulds.com\/de\/","name":"BETONMOULDS","description":"Upcycle leftover concrete","potentialAction":[{"@type":"SearchAction","target":{"@type":"EntryPoint","urlTemplate":"https:\/\/www.betonmoulds.com\/de\/?s={search_term_string}"},"query-input":{"@type":"PropertyValueSpecification","valueRequired":true,"valueName":"search_term_string"}}],"inLanguage":"de"}]}},"_links":{"self":[{"href":"https:\/\/www.betonmoulds.com\/de\/wp-json\/wp\/v2\/product\/10405","targetHints":{"allow":["GET"]}}],"collection":[{"href":"https:\/\/www.betonmoulds.com\/de\/wp-json\/wp\/v2\/product"}],"about":[{"href":"https:\/\/www.betonmoulds.com\/de\/wp-json\/wp\/v2\/types\/product"}],"wp:featuredmedia":[{"embeddable":true,"href":"https:\/\/www.betonmoulds.com\/de\/wp-json\/wp\/v2\/media\/10481"}],"wp:attachment":[{"href":"https:\/\/www.betonmoulds.com\/de\/wp-json\/wp\/v2\/media?parent=10405"}],"wp:term":[{"taxonomy":"product_brand","embeddable":true,"href":"https:\/\/www.betonmoulds.com\/de\/wp-json\/wp\/v2\/product_brand?post=10405"},{"taxonomy":"product_cat","embeddable":true,"href":"https:\/\/www.betonmoulds.com\/de\/wp-json\/wp\/v2\/product_cat?post=10405"},{"taxonomy":"product_tag","embeddable":true,"href":"https:\/\/www.betonmoulds.com\/de\/wp-json\/wp\/v2\/product_tag?post=10405"}],"curies":[{"name":"wp","href":"https:\/\/api.w.org\/{rel}","templated":true}]}}