{"id":9463,"date":"2024-04-08T09:32:37","date_gmt":"2024-04-08T09:32:37","guid":{"rendered":"https:\/\/www.betonmoulds.com\/concrete-slabs-applications\/"},"modified":"2024-07-04T14:11:15","modified_gmt":"2024-07-04T14:11:15","slug":"anwendungsbereiche-fuer-betonplatten","status":"publish","type":"page","link":"https:\/\/www.betonmoulds.com\/de\/anwendungsbereiche-fuer-betonplatten\/","title":{"rendered":"Anwendungsbereiche f\u00fcr Betonplatten"},"content":{"rendered":"<div class=\"wpb-content-wrapper\"><p>[vc_row full_width=&#8220;stretch_row&#8220; css=&#8220;.vc_custom_1709241206784{margin-top: 30px !important;}&#8220; conditional_render=&#8220;%5B%7B%22value_role%22%3A%22administrator%22%7D%5D&#8220;][vc_column][vc_column_text css=&#8220;&#8220;]<\/p>\n<p style=\"text-align: center;\"><span style=\"color: #000000;\"><strong><span style=\"font-size: 25px;\">ANWENDUNGSBEREICHE F\u00dcR BETONPLATTEN<\/span><\/strong><\/span><\/p>\n<p>[\/vc_column_text][\/vc_column][\/vc_row][vc_row full_width=&#8220;stretch_row&#8220; css=&#8220;.vc_custom_1712070005972{padding-top: 30px !important;background-color: #f2f2f2 !important;}&#8220; conditional_render=&#8220;%5B%7B%22value_role%22%3A%22administrator%22%7D%5D&#8220;][vc_column][vc_column_text css=&#8220;&#8220;]<\/p>\n<p style=\"text-align: center;\"><span style=\"font-size: 20px;\"><span style=\"color: #000000;\"><strong>Was sind gro\u00dfformatige Betonplatten?<\/strong><\/span><\/span><\/p>\n<p>[\/vc_column_text][vc_column_text css=&#8220;.vc_custom_1720101920395{margin-top: -15px !important;}&#8220;]<\/p>\n<p style=\"text-align: center;\">Mit unseren <a href=\"https:\/\/www.betonmoulds.com\/de\/produkt-kategorie\/betonplatten\/\"><strong>Stahlgussformen<\/strong><\/a> lassen sich gro\u00dfe, robuste vorgefertigte Pflasterplatten herstellen, \u00e4hnlich (aber kosteng\u00fcnstiger) als das bekannte Stelcon-Industrieboden-System. Die Plattengr\u00f6\u00dfen sind standardisiert, sodass ein modulares und leicht wiederverwendbares System, das schweren Lasten standh\u00e4lt, entsteht. Diese Betonplatten wurden entwickelt, um eine schnelle, dauerhafte und flexible tempor\u00e4re oder semi-permanente Pflasterl\u00f6sung f\u00fcr industrielle und landwirtschaftliche Bodenbel\u00e4ge und Bodenbefestigungen zu bieten. Sie sind die ideale Wahl f\u00fcr die Abdeckung gro\u00dfer Fl\u00e4chen wie z. B. Industrie- und Baustellen, in der Tierhaltung, in Lagerbereichen, Werkst\u00e4tten und Lagerhallen sowie in der Landwirtschaft und in Recyclinganlagen. Sie werden auch in Materiallagerbuchten, Bunkersilos, Silagegruben, Dunglagern und als tempor\u00e4re Fl\u00e4chenbefestigung usw. verwendet.<\/p>\n<p>[\/vc_column_text][vc_column_text css=&#8220;&#8220;]<\/p>\n<p style=\"text-align: center;\"><span style=\"font-size: 20px;\"><span style=\"color: #000000;\"><strong>Die Vorteile von vorgefertigten Betonpflasterplatten <\/strong><\/span><\/span><\/p>\n<p>[\/vc_column_text][vc_column_text css=&#8220;.vc_custom_1720101949283{margin-top: -15px !important;}&#8220;]<\/p>\n<p style=\"text-align: center;\">Vorgefertigte Betonpflasterplatten bieten eine ausgezeichnete Best\u00e4ndigkeit. Aufgrund ihrer dichten und undurchl\u00e4ssigen Beschaffenheit k\u00f6nnen sie hohen Temperaturen und starken Belastungen standhalten. Diese modularen Betonplatten bieten eine dauerhafte Festigkeit und verringern die Gefahr von Oberfl\u00e4chenrissen, wenn sie unter Druck. Bei Arbeiten im Freien spielt die Drainage eine bedeutende Rolle. Die Gro\u00dfbetonplatten eignen sich sehr gut f\u00fcr den Anschluss von Entw\u00e4sserungsrinnen und Gruben. Auf diese Weise ist ein gutes Wassermanagement auf gro\u00dfen Pflasterfl\u00e4chen gew\u00e4hrleistet. Betonplatten sind eine kosteneffiziente L\u00f6sung mit geringen Anschaffungskosten und minimalem Wartungsaufwand. Besch\u00e4digte Teile k\u00f6nnen einfach ausgetauscht werden, das spart sowohl Zeit als auch Kosten. Dar\u00fcber hinaus vereinfacht die vorgefertigte Konstruktion die Verlegung, minimiert den Zeit- und Arbeitsaufwand und stellt sicher, dass sich die Projekte termingerecht abschlie\u00dfen lassen.<\/p>\n<p>[\/vc_column_text][\/vc_column][\/vc_row][vc_row full_width=&#8220;stretch_row&#8220; content_placement=&#8220;middle&#8220; css=&#8220;.vc_custom_1712569902511{padding-top: 40px !important;background-color: #1c1c1c !important;}&#8220; conditional_render=&#8220;%5B%7B%22value_role%22%3A%22administrator%22%7D%5D&#8220;][vc_column width=&#8220;1\/2&#8243;][vc_single_image image=&#8220;4621&#8243; img_size=&#8220;600&#215;300&#8243;][\/vc_column][vc_column width=&#8220;1\/2&#8243;][vc_single_image image=&#8220;8367&#8243; img_size=&#8220;600&#215;300&#8243;][\/vc_column][\/vc_row][vc_row full_width=&#8220;stretch_row&#8220; content_placement=&#8220;middle&#8220; css=&#8220;.vc_custom_1709241199480{padding-top: 10px !important;background-color: #f2f2f2 !important;}&#8220; conditional_render=&#8220;%5B%7B%22value_role%22%3A%22administrator%22%7D%5D&#8220;][vc_column][vc_column_text css=&#8220;&#8220;]<\/p>\n<p style=\"text-align: center;\"><span style=\"font-size: 20px;\"><span style=\"color: #000000;\"><strong>Wozu k\u00f6nnen gro\u00dfe Betonpflasterplatten verwendet werden?  <\/strong><\/span><\/span><\/p>\n<p>[\/vc_column_text][vc_column_text css=&#8220;.vc_custom_1720102030446{margin-top: -15px !important;}&#8220;]<\/p>\n<p style=\"text-align: center;\">Aufgrund ihrer Langlebigkeit und Anpassungsf\u00e4higkeit werden <a href=\"https:\/\/www.betonmoulds.com\/de\/produkt-kategorie\/betonplatten\/\"><strong>gro\u00dfformatige Betonpflasterplatten<\/strong><\/a> in den unterschiedlichsten Bereichen eingesetzt. Da nicht alle Projekte die gleichen Anforderungen an die Tragf\u00e4higkeit stellen, bieten wir drei verschiedene Dicken an: 14 cm, 16 cm und 25 cm. Diese Auswahl erm\u00f6glicht es, die Dicke zu w\u00e4hlen, die f\u00fcr die jeweilige Anwendung am besten geeignet ist.<\/p>\n<p>[\/vc_column_text][\/vc_column][\/vc_row][vc_row full_width=&#8220;stretch_row&#8220; conditional_render=&#8220;%5B%7B%22value_role%22%3A%22administrator%22%7D%5D&#8220;][vc_column][vc_column_text css=&#8220;&#8220;]<\/p>\n<p style=\"text-align: center;\"><span style=\"font-size: 20px;\"><span style=\"color: #000000;\"><strong>Landwirtschaftliche Anwendungen<\/strong><\/span><\/span><\/p>\n<p>[\/vc_column_text][vc_column_text css=&#8220;.vc_custom_1720102055495{margin-top: -15px !important;}&#8220;]<\/p>\n<p style=\"text-align: center;\">Gro\u00dfformatige Betonpflasterplatten k\u00f6nnen in der Landwirtschaft als stabiler Bodenbelag f\u00fcr Stallungen, Futterpl\u00e4tze oder Maschinenabstellfl\u00e4chen eingesetzt werden und bieten eine zuverl\u00e4ssige Oberfl\u00e4che, die den Beanspruchungen in der Landwirtschaft standh\u00e4lt. In landwirtschaftlichen Anbaugebieten k\u00f6nnen semi-permanente Stra\u00dfen f\u00fcr den Transport von schweren landwirtschaftlichen Maschinen und Lastkraftwagen schnell und einfach mit Betonplatten angelegt werden.<\/p>\n<p>[\/vc_column_text][vc_row_inner][vc_column_inner width=&#8220;1\/2&#8243;][vc_single_image image=&#8220;8666&#8243; img_size=&#8220;600&#215;300&#8243; css=&#8220;&#8220;][\/vc_column_inner][vc_column_inner width=&#8220;1\/2&#8243;][vc_single_image image=&#8220;8642&#8243; img_size=&#8220;600&#215;300&#8243; css=&#8220;&#8220;][\/vc_column_inner][\/vc_row_inner][\/vc_column][\/vc_row][vc_row full_width=&#8220;stretch_row&#8220; conditional_render=&#8220;%5B%7B%22value_role%22%3A%22administrator%22%7D%5D&#8220; css=&#8220;.vc_custom_1712070481262{padding-top: 30px !important;background-color: #1c1c1c !important;}&#8220;][vc_column][vc_column_text css=&#8220;&#8220;]<\/p>\n<p style=\"text-align: center;\"><span style=\"font-size: 20px; color: #ffffff;\"><strong>Gewerbe- und Industrieanlagen<\/strong><\/span><\/p>\n<p>[\/vc_column_text][vc_column_text css=&#8220;.vc_custom_1720102079090{margin-top: -15px !important;}&#8220;]<\/p>\n<p style=\"text-align: center;\"><span style=\"color: #f5f5f5;\">Betonpflasterplatten k\u00f6nnen bei der Erstellung von Gewerbe- und Industriegeb\u00e4uden verwendet werden und dienen als starkes Fundament f\u00fcr B\u00f6den und Zufahrten. Diese hochbelastbaren Platten sind f\u00fcr Industriegel\u00e4nde hervorragend geeignet und bieten einen stabilen Untergrund f\u00fcr schwere Maschinen und Fahrzeuge.<\/span><\/p>\n<p>[\/vc_column_text][vc_row_inner][vc_column_inner width=&#8220;1\/2&#8243;][vc_single_image image=&#8220;8660&#8243; img_size=&#8220;600&#215;300&#8243; css=&#8220;&#8220;][\/vc_column_inner][vc_column_inner width=&#8220;1\/2&#8243;][vc_single_image image=&#8220;8648&#8243; img_size=&#8220;600&#215;300&#8243; css=&#8220;&#8220;][\/vc_column_inner][\/vc_row_inner][\/vc_column][\/vc_row][vc_row full_width=&#8220;stretch_row&#8220; conditional_render=&#8220;%5B%7B%22value_role%22%3A%22administrator%22%7D%5D&#8220; css=&#8220;.vc_custom_1712070581852{background-color: #f2f2f2 !important;}&#8220;][vc_column][vc_column_text css=&#8220;&#8220;]<\/p>\n<p style=\"text-align: center;\"><span style=\"font-size: 20px;\"><span style=\"color: #000000;\"><strong>Projekte der Landschaftsgestaltung<\/strong><\/span><\/span><\/p>\n<p>[\/vc_column_text][vc_column_text css=&#8220;.vc_custom_1720102124763{margin-top: -15px !important;}&#8220;]<\/p>\n<p style=\"text-align: center;\">Die Platten k\u00f6nnen als robuste Fundamente f\u00fcr Wege, Terrassen, Sitzpl\u00e4tze im Freien und G\u00e4rten dienen. Kommunen k\u00f6nnen Betonplatten f\u00fcr verschiedene \u00f6ffentliche Infrastrukturprojekte wie beispielsweise B\u00fcrgersteige, \u00f6ffentliche Parkanlagen, Rad- und Fu\u00dfwege verwenden. Dadurch werden eine lange Lebensdauer und ein minimaler Wartungsaufwand f\u00fcr diese Fl\u00e4chen gew\u00e4hrleistet.<\/p>\n<p>[\/vc_column_text][vc_row_inner][vc_column_inner width=&#8220;1\/2&#8243;][vc_single_image image=&#8220;8690&#8243; img_size=&#8220;600&#215;300&#8243; css=&#8220;&#8220;][\/vc_column_inner][vc_column_inner width=&#8220;1\/2&#8243;][vc_single_image image=&#8220;8654&#8243; img_size=&#8220;600&#215;300&#8243; css=&#8220;&#8220;][\/vc_column_inner][\/vc_row_inner][\/vc_column][\/vc_row][vc_row full_width=&#8220;stretch_row&#8220; conditional_render=&#8220;%5B%7B%22value_role%22%3A%22administrator%22%7D%5D&#8220;][vc_column][vc_column_text css=&#8220;&#8220;]<\/p>\n<p style=\"text-align: center;\"><span style=\"font-size: 20px;\"><span style=\"color: #000000;\"><strong>Parkpl\u00e4tze und Verladestationen<\/strong><\/span><\/span><\/p>\n<p>[\/vc_column_text][vc_column_text css=&#8220;&#8220;]<\/p>\n<p style=\"text-align: center;\">Gro\u00dfformatige Pflasterplatten k\u00f6nnen effizient auf Parkpl\u00e4tzen eingesetzt werden, um eine glatte und dauerhafte Fl\u00e4che f\u00fcr Fahrzeuge zu gew\u00e4hrleisten, die Instandhaltungskosten zu senken und eine langfristige Dauerhaftigkeit auch bei hohem Verkehrsaufkommen und starker Belastung sicherzustellen.<\/p>\n<p>[\/vc_column_text][vc_row_inner][vc_column_inner width=&#8220;1\/2&#8243;][vc_single_image image=&#8220;8630&#8243; img_size=&#8220;600&#215;300&#8243; css=&#8220;&#8220;][\/vc_column_inner][vc_column_inner width=&#8220;1\/2&#8243;][vc_single_image image=&#8220;8636&#8243; img_size=&#8220;600&#215;300&#8243; css=&#8220;&#8220;][\/vc_column_inner][\/vc_row_inner][\/vc_column][\/vc_row][vc_row full_width=&#8220;stretch_row&#8220; conditional_render=&#8220;%5B%7B%22value_role%22%3A%22administrator%22%7D%5D&#8220; css=&#8220;.vc_custom_1712070481262{padding-top: 30px !important;background-color: #1c1c1c !important;}&#8220;][vc_column][vc_column_text css=&#8220;&#8220;]<\/p>\n<p style=\"text-align: center;\"><span style=\"font-size: 20px; color: #ffffff;\"><strong>Flugh\u00e4fen und Seeh\u00e4fen<\/strong><\/span><\/p>\n<p>[\/vc_column_text][vc_column_text css=&#8220;.vc_custom_1720102183765{margin-top: -15px !important;}&#8220;]<\/p>\n<p style=\"text-align: center;\"><span style=\"color: #f5f5f5;\">Die Pflasterplatten eignen sich f\u00fcr den Einsatz in Flug- und Seeh\u00e4fen und bieten langlebige Fl\u00e4chen f\u00fcr Start- und Landebahnen, Rollbahnen und Containerdepots, die einen reibungslosen Betrieb gew\u00e4hrleisten und Ausfallzeiten f\u00fcr Wartungsarbeiten minimieren. <\/span><\/p>\n<p>[\/vc_column_text][vc_row_inner][vc_column_inner width=&#8220;1\/2&#8243;][vc_single_image image=&#8220;8624&#8243; img_size=&#8220;600&#215;300&#8243; css=&#8220;&#8220;][\/vc_column_inner][vc_column_inner width=&#8220;1\/2&#8243;][vc_single_image image=&#8220;8672&#8243; img_size=&#8220;600&#215;300&#8243; css=&#8220;&#8220;][\/vc_column_inner][\/vc_row_inner][\/vc_column][\/vc_row][vc_row full_width=&#8220;stretch_row&#8220; conditional_render=&#8220;%5B%7B%22value_role%22%3A%22administrator%22%7D%5D&#8220; css=&#8220;.vc_custom_1712070581852{background-color: #f2f2f2 !important;}&#8220;][vc_column][vc_column_text css=&#8220;&#8220;]<\/p>\n<p style=\"text-align: center;\"><span style=\"font-size: 20px;\"><span style=\"color: #000000;\"><strong>Tempor\u00e4re Installationen<\/strong><\/span><\/span><\/p>\n<p>[\/vc_column_text][vc_column_text css=&#8220;.vc_custom_1720102208157{margin-top: -15px !important;}&#8220;]<\/p>\n<p style=\"text-align: center;\">Vorgefertigte gro\u00dfformatige Betonpflasterplatten sind eine praktische L\u00f6sung f\u00fcr tempor\u00e4re Installationen wie z. B. Veranstaltungsb\u00f6den, Baustellenzufahrten oder tempor\u00e4re Lagerfl\u00e4chen, da sie eine zuverl\u00e4ssige und leicht entfernbare Oberfl\u00e4che bieten.<\/p>\n<p>[\/vc_column_text][vc_row_inner][vc_column_inner width=&#8220;1\/2&#8243;][vc_single_image image=&#8220;8678&#8243; img_size=&#8220;600&#215;300&#8243; css=&#8220;&#8220;][\/vc_column_inner][vc_column_inner width=&#8220;1\/2&#8243;][vc_single_image image=&#8220;8684&#8243; img_size=&#8220;600&#215;300&#8243; css=&#8220;&#8220;][\/vc_column_inner][\/vc_row_inner][\/vc_column][\/vc_row][vc_row full_width=&#8220;stretch_row&#8220; css=&#8220;.vc_custom_1712567886058{margin-bottom: -40px !important;padding-top: 30px !important;padding-bottom: 20px !important;background-color: #d90000 !important;}&#8220; conditional_render=&#8220;%5B%7B%22value_role%22%3A%22administrator%22%7D%5D&#8220;][vc_column][vc_column_text css=&#8220;&#8220;]<\/p>\n<p style=\"text-align: center;\"><span style=\"color: #ffffff; font-size: 16px;\">Entdecken Sie unser komplettes Angebot an Stahlgussformen f\u00fcr vorgefertigte Betonpflasterplatten und fordern Sie ein Angebot \u00fcber unser Online-System an.<\/span><\/p>\n<p>[\/vc_column_text][vc_btn title=&#8220;ANGEBOT ANFORDERN&#8220; style=&#8220;outline&#8220; shape=&#8220;rounded&#8220; color=&#8220;white&#8220; align=&#8220;center&#8220; css=&#8220;&#8220; link=&#8220;url:https%3A%2F%2Fwww.betonmoulds.com%2Fde%2Fshop%2F&#8220;][\/vc_column][\/vc_row]<\/p>\n<\/div>","protected":false},"excerpt":{"rendered":"<p>[vc_row full_width=&#8220;stretch_row&#8220; css=&#8220;.vc_custom_1709241206784{margin-top: 30px !important;}&#8220; conditional_render=&#8220;%5B%7B%22value_role%22%3A%22administrator%22%7D%5D&#8220;][vc_column][vc_column_text css=&#8220;&#8220;] ANWENDUNGSBEREICHE F\u00dcR BETONPLATTEN [\/vc_column_text][\/vc_column][\/vc_row][vc_row full_width=&#8220;stretch_row&#8220; css=&#8220;.vc_custom_1712070005972{padding-top: 30px !important;background-color: #f2f2f2 !important;}&#8220; conditional_render=&#8220;%5B%7B%22value_role%22%3A%22administrator%22%7D%5D&#8220;][vc_column][vc_column_text css=&#8220;&#8220;] Was sind gro\u00dfformatige Betonplatten? [\/vc_column_text][vc_column_text css=&#8220;.vc_custom_1720101920395{margin-top: -15px !important;}&#8220;] Mit unseren Stahlgussformen lassen sich gro\u00dfe, robuste vorgefertigte Pflasterplatten herstellen, \u00e4hnlich (aber kosteng\u00fcnstiger) als das bekannte Stelcon-Industrieboden-System. Die Plattengr\u00f6\u00dfen sind standardisiert, sodass ein modulares und leicht wiederverwendbares System, [&hellip;]<\/p>\n","protected":false},"author":3,"featured_media":0,"parent":0,"menu_order":0,"comment_status":"closed","ping_status":"closed","template":"","meta":{"footnotes":""},"class_list":["post-9463","page","type-page","status-publish","hentry"],"yoast_head":"<!-- This site is optimized with the Yoast SEO plugin v27.4 - https:\/\/yoast.com\/product\/yoast-seo-wordpress\/ -->\n<title>Anwendungsbereiche f\u00fcr gro\u00dfformatige Betonplatten - BETONMOULDS<\/title>\n<meta name=\"robots\" content=\"index, follow, max-snippet:-1, max-image-preview:large, max-video-preview:-1\" \/>\n<link rel=\"canonical\" href=\"https:\/\/www.betonmoulds.com\/de\/anwendungsbereiche-fuer-betonplatten\/\" \/>\n<meta property=\"og:locale\" content=\"de_DE\" \/>\n<meta property=\"og:type\" content=\"article\" \/>\n<meta property=\"og:title\" content=\"Anwendungsbereiche f\u00fcr gro\u00dfformatige Betonplatten - BETONMOULDS\" \/>\n<meta property=\"og:description\" content=\"[vc_row full_width=&#8220;stretch_row&#8220; css=&#8220;.vc_custom_1709241206784{margin-top: 30px !important;}&#8220; conditional_render=&#8220;%5B%7B%22value_role%22%3A%22administrator%22%7D%5D&#8220;][vc_column][vc_column_text css=&#8220;&#8220;] ANWENDUNGSBEREICHE F\u00dcR BETONPLATTEN [\/vc_column_text][\/vc_column][\/vc_row][vc_row full_width=&#8220;stretch_row&#8220; css=&#8220;.vc_custom_1712070005972{padding-top: 30px !important;background-color: #f2f2f2 !important;}&#8220; conditional_render=&#8220;%5B%7B%22value_role%22%3A%22administrator%22%7D%5D&#8220;][vc_column][vc_column_text css=&#8220;&#8220;] Was sind gro\u00dfformatige Betonplatten? [\/vc_column_text][vc_column_text css=&#8220;.vc_custom_1720101920395{margin-top: -15px !important;}&#8220;] Mit unseren Stahlgussformen lassen sich gro\u00dfe, robuste vorgefertigte Pflasterplatten herstellen, \u00e4hnlich (aber kosteng\u00fcnstiger) als das bekannte Stelcon-Industrieboden-System. Die Plattengr\u00f6\u00dfen sind standardisiert, sodass ein modulares und leicht wiederverwendbares System, [&hellip;]\" \/>\n<meta property=\"og:url\" content=\"https:\/\/www.betonmoulds.com\/de\/anwendungsbereiche-fuer-betonplatten\/\" \/>\n<meta property=\"og:site_name\" content=\"BETONMOULDS\" \/>\n<meta property=\"article:modified_time\" content=\"2024-07-04T14:11:15+00:00\" \/>\n<meta name=\"twitter:card\" content=\"summary_large_image\" \/>\n<meta name=\"twitter:label1\" content=\"Gesch\u00e4tzte Lesezeit\" \/>\n\t<meta name=\"twitter:data1\" content=\"7\u00a0Minuten\" \/>\n<script type=\"application\/ld+json\" class=\"yoast-schema-graph\">{\"@context\":\"https:\\\/\\\/schema.org\",\"@graph\":[{\"@type\":\"WebPage\",\"@id\":\"https:\\\/\\\/www.betonmoulds.com\\\/de\\\/anwendungsbereiche-fuer-betonplatten\\\/\",\"url\":\"https:\\\/\\\/www.betonmoulds.com\\\/de\\\/anwendungsbereiche-fuer-betonplatten\\\/\",\"name\":\"Anwendungsbereiche f\u00fcr gro\u00dfformatige Betonplatten - BETONMOULDS\",\"isPartOf\":{\"@id\":\"https:\\\/\\\/www.betonmoulds.com\\\/de\\\/#website\"},\"datePublished\":\"2024-04-08T09:32:37+00:00\",\"dateModified\":\"2024-07-04T14:11:15+00:00\",\"breadcrumb\":{\"@id\":\"https:\\\/\\\/www.betonmoulds.com\\\/de\\\/anwendungsbereiche-fuer-betonplatten\\\/#breadcrumb\"},\"inLanguage\":\"de\",\"potentialAction\":[{\"@type\":\"ReadAction\",\"target\":[\"https:\\\/\\\/www.betonmoulds.com\\\/de\\\/anwendungsbereiche-fuer-betonplatten\\\/\"]}]},{\"@type\":\"BreadcrumbList\",\"@id\":\"https:\\\/\\\/www.betonmoulds.com\\\/de\\\/anwendungsbereiche-fuer-betonplatten\\\/#breadcrumb\",\"itemListElement\":[{\"@type\":\"ListItem\",\"position\":1,\"name\":\"Home\",\"item\":\"https:\\\/\\\/www.betonmoulds.com\\\/de\\\/\"},{\"@type\":\"ListItem\",\"position\":2,\"name\":\"Anwendungsbereiche f\u00fcr Betonplatten\"}]},{\"@type\":\"WebSite\",\"@id\":\"https:\\\/\\\/www.betonmoulds.com\\\/de\\\/#website\",\"url\":\"https:\\\/\\\/www.betonmoulds.com\\\/de\\\/\",\"name\":\"BETONMOULDS\",\"description\":\"Upcycle leftover concrete\",\"potentialAction\":[{\"@type\":\"SearchAction\",\"target\":{\"@type\":\"EntryPoint\",\"urlTemplate\":\"https:\\\/\\\/www.betonmoulds.com\\\/de\\\/?s={search_term_string}\"},\"query-input\":{\"@type\":\"PropertyValueSpecification\",\"valueRequired\":true,\"valueName\":\"search_term_string\"}}],\"inLanguage\":\"de\"}]}<\/script>\n<!-- \/ Yoast SEO plugin. -->","yoast_head_json":{"title":"Anwendungsbereiche f\u00fcr gro\u00dfformatige Betonplatten - BETONMOULDS","robots":{"index":"index","follow":"follow","max-snippet":"max-snippet:-1","max-image-preview":"max-image-preview:large","max-video-preview":"max-video-preview:-1"},"canonical":"https:\/\/www.betonmoulds.com\/de\/anwendungsbereiche-fuer-betonplatten\/","og_locale":"de_DE","og_type":"article","og_title":"Anwendungsbereiche f\u00fcr gro\u00dfformatige Betonplatten - BETONMOULDS","og_description":"[vc_row full_width=&#8220;stretch_row&#8220; css=&#8220;.vc_custom_1709241206784{margin-top: 30px !important;}&#8220; conditional_render=&#8220;%5B%7B%22value_role%22%3A%22administrator%22%7D%5D&#8220;][vc_column][vc_column_text css=&#8220;&#8220;] ANWENDUNGSBEREICHE F\u00dcR BETONPLATTEN [\/vc_column_text][\/vc_column][\/vc_row][vc_row full_width=&#8220;stretch_row&#8220; css=&#8220;.vc_custom_1712070005972{padding-top: 30px !important;background-color: #f2f2f2 !important;}&#8220; conditional_render=&#8220;%5B%7B%22value_role%22%3A%22administrator%22%7D%5D&#8220;][vc_column][vc_column_text css=&#8220;&#8220;] Was sind gro\u00dfformatige Betonplatten? [\/vc_column_text][vc_column_text css=&#8220;.vc_custom_1720101920395{margin-top: -15px !important;}&#8220;] Mit unseren Stahlgussformen lassen sich gro\u00dfe, robuste vorgefertigte Pflasterplatten herstellen, \u00e4hnlich (aber kosteng\u00fcnstiger) als das bekannte Stelcon-Industrieboden-System. Die Plattengr\u00f6\u00dfen sind standardisiert, sodass ein modulares und leicht wiederverwendbares System, [&hellip;]","og_url":"https:\/\/www.betonmoulds.com\/de\/anwendungsbereiche-fuer-betonplatten\/","og_site_name":"BETONMOULDS","article_modified_time":"2024-07-04T14:11:15+00:00","twitter_card":"summary_large_image","twitter_misc":{"Gesch\u00e4tzte Lesezeit":"7\u00a0Minuten"},"schema":{"@context":"https:\/\/schema.org","@graph":[{"@type":"WebPage","@id":"https:\/\/www.betonmoulds.com\/de\/anwendungsbereiche-fuer-betonplatten\/","url":"https:\/\/www.betonmoulds.com\/de\/anwendungsbereiche-fuer-betonplatten\/","name":"Anwendungsbereiche f\u00fcr gro\u00dfformatige Betonplatten - BETONMOULDS","isPartOf":{"@id":"https:\/\/www.betonmoulds.com\/de\/#website"},"datePublished":"2024-04-08T09:32:37+00:00","dateModified":"2024-07-04T14:11:15+00:00","breadcrumb":{"@id":"https:\/\/www.betonmoulds.com\/de\/anwendungsbereiche-fuer-betonplatten\/#breadcrumb"},"inLanguage":"de","potentialAction":[{"@type":"ReadAction","target":["https:\/\/www.betonmoulds.com\/de\/anwendungsbereiche-fuer-betonplatten\/"]}]},{"@type":"BreadcrumbList","@id":"https:\/\/www.betonmoulds.com\/de\/anwendungsbereiche-fuer-betonplatten\/#breadcrumb","itemListElement":[{"@type":"ListItem","position":1,"name":"Home","item":"https:\/\/www.betonmoulds.com\/de\/"},{"@type":"ListItem","position":2,"name":"Anwendungsbereiche f\u00fcr Betonplatten"}]},{"@type":"WebSite","@id":"https:\/\/www.betonmoulds.com\/de\/#website","url":"https:\/\/www.betonmoulds.com\/de\/","name":"BETONMOULDS","description":"Upcycle leftover concrete","potentialAction":[{"@type":"SearchAction","target":{"@type":"EntryPoint","urlTemplate":"https:\/\/www.betonmoulds.com\/de\/?s={search_term_string}"},"query-input":{"@type":"PropertyValueSpecification","valueRequired":true,"valueName":"search_term_string"}}],"inLanguage":"de"}]}},"_links":{"self":[{"href":"https:\/\/www.betonmoulds.com\/de\/wp-json\/wp\/v2\/pages\/9463","targetHints":{"allow":["GET"]}}],"collection":[{"href":"https:\/\/www.betonmoulds.com\/de\/wp-json\/wp\/v2\/pages"}],"about":[{"href":"https:\/\/www.betonmoulds.com\/de\/wp-json\/wp\/v2\/types\/page"}],"author":[{"embeddable":true,"href":"https:\/\/www.betonmoulds.com\/de\/wp-json\/wp\/v2\/users\/3"}],"replies":[{"embeddable":true,"href":"https:\/\/www.betonmoulds.com\/de\/wp-json\/wp\/v2\/comments?post=9463"}],"version-history":[{"count":3,"href":"https:\/\/www.betonmoulds.com\/de\/wp-json\/wp\/v2\/pages\/9463\/revisions"}],"predecessor-version":[{"id":9466,"href":"https:\/\/www.betonmoulds.com\/de\/wp-json\/wp\/v2\/pages\/9463\/revisions\/9466"}],"wp:attachment":[{"href":"https:\/\/www.betonmoulds.com\/de\/wp-json\/wp\/v2\/media?parent=9463"}],"curies":[{"name":"wp","href":"https:\/\/api.w.org\/{rel}","templated":true}]}}