{"id":9427,"date":"2022-03-04T14:52:54","date_gmt":"2022-03-04T14:52:54","guid":{"rendered":"https:\/\/www.betonmoulds.com\/tutorials\/how-to-make-concrete-paving-slabs\/"},"modified":"2026-02-09T08:47:49","modified_gmt":"2026-02-09T08:47:49","slug":"wie-man-betonpflasterplatten-herstellt","status":"publish","type":"page","link":"https:\/\/www.betonmoulds.com\/de\/tutorials\/wie-man-betonpflasterplatten-herstellt\/","title":{"rendered":"Wie man Betonpflasterplatten herstellt"},"content":{"rendered":"<div class=\"wpb-content-wrapper\"><p>[vc_row css=&#8220;.vc_custom_1676998865275{margin-top: 35px !important;}&#8220; conditional_render=&#8220;%5B%7B%22value_role%22%3A%22administrator%22%7D%5D&#8220;][vc_column][vc_column_text css=&#8220;&#8220;]<\/p>\n<p style=\"text-align: center;\"><span style=\"font-size: 25px; color: #000000;\"><strong>WIE MAN BETONPFLASTERPLATTEN HERSTELLT<\/strong><\/span><\/p>\n<p>[\/vc_column_text][\/vc_column][\/vc_row][vc_row css=&#8220;.vc_custom_1676998783970{margin-bottom: 15px !important;}&#8220; conditional_render=&#8220;%5B%7B%22value_role%22%3A%22administrator%22%7D%5D&#8220;][vc_column width=&#8220;1\/4&#8243;][vc_single_image image=&#8220;8524&#8243; img_size=&#8220;500&#215;330&#8243; alignment=&#8220;center&#8220;][vc_column_text css=&#8220;.vc_custom_1720005057087{margin-top: -15px !important;}&#8220;]<strong>1. Bereiten Sie die Arbeitsfl\u00e4che vor <\/strong><\/p>\n<p>R\u00e4umen und reinigen Sie den Bereich, in dem Sie die Betonplatten gie\u00dfen werden. Legen Sie die Gussform auf eine Stahlplatte und achten Sie darauf, dass diese nivelliert und sauber sein muss. Kontrollieren Sie, ob die Gussform vor dem Gebrauch gr\u00fcndlich gereinigt wurde und ob Betonreste von vorherigen G\u00fcssen entfernt wurden.[\/vc_column_text][\/vc_column][vc_column width=&#8220;1\/4&#8243;][vc_single_image image=&#8220;5623&#8243; img_size=&#8220;500&#215;330&#8243; alignment=&#8220;center&#8220;][vc_column_text css=&#8220;.vc_custom_1720005124189{margin-top: -15px !important;}&#8220;]<strong>2. Setzen Sie das Gussprofil ein (optional)<\/strong><\/p>\n<p>Durch Einsetzen eines <a href=\"https:\/\/www.betonmoulds.com\/de\/product\/zweistrang-hebekette-fuer-betonplatten\/\"><strong>Gussprofils<\/strong><\/a> in die Betonplattengussform k\u00f6nnen Sie Schlitze f\u00fcr Hebekettenhaken erzeugen. Um den Transport der Betonplatte zu erleichtern, empfiehlt es sich, eine <a href=\"https:\/\/www.betonmoulds.com\/de\/produkt-kategorie\/betonplatten\/eingussprofile\/\"><strong>Hebekette mit Pflasterplattenhaken<\/strong><\/a> zu verwenden. Platzieren Sie das Profil in die Gussform und befestigen Sie es, indem Sie die Bolzen in die daf\u00fcr vorgesehenen L\u00f6cher in der Gussform einstecken.[\/vc_column_text][\/vc_column][vc_column width=&#8220;1\/4&#8243;][vc_single_image image=&#8220;4611&#8243; img_size=&#8220;500&#215;330&#8243; alignment=&#8220;center&#8220;][vc_column_text css=&#8220;.vc_custom_1770626864101{margin-top: -15px !important;}&#8220; css_params=&#8220;&#8220;]<strong>3. Bereiten Sie die Gussform vor<\/strong><\/p>\n<p>Tragen Sie ein geeignetes Gussformen-Trennmittel oder <a href=\"https:\/\/www.betonmoulds.com\/de\/product\/schaloel-20l\/\"><strong>Gussformen-Trenn\u00f6l<\/strong><\/a> auf die Innenfl\u00e4chen der Gussform auf, um zu verhindern, dass der Beton haften bleibt. Das Herausnehmen der Platte nach ihrer Fertigstellung wird hierdurch erleichtert. Wenn Sie f\u00fcr zus\u00e4tzliche Festigkeit Betonstahl-Bewehrungsmatten verwenden, platzieren Sie diese vor dem Gie\u00dfen des Betons mit passenden Abstandhaltern aus Betonstahl in die Gussform. Bei der Verwendung von <a href=\"https:\/\/www.betonmoulds.com\/de\/produkt-kategorie\/betonplatten\/eingussprofile\/\"><strong>Gussprofilen<\/strong><\/a> zum Erzeugen von Hebeschlitzen verschlie\u00dfen Sie die \u00d6ffnungen der kleinen rechteckigen Hohlprofile mit Klebeband, damit kein Beton eindringen kann.[\/vc_column_text][\/vc_column][vc_column width=&#8220;1\/4&#8243;][vc_single_image image=&#8220;4621&#8243; img_size=&#8220;500&#215;330&#8243; alignment=&#8220;center&#8220;][vc_column_text css=&#8220;.vc_custom_1720005233518{margin-top: -15px !important;}&#8220;]<strong>4. Gie\u00dfen Sie den Beton<\/strong><\/p>\n<p>F\u00fcllen Sie die Gussform vollst\u00e4ndig mit der Betonmischung und sorgen Sie f\u00fcr eine gleichm\u00e4\u00dfige Verteilung der Mischung. Verwenden Sie ein <a href=\"https:\/\/www.betonmoulds.com\/de\/product\/elektrischer-handgefuehrter-betonruettler\/\"><strong>Betonverdichtungsger\u00e4t <\/strong><\/a>zur Verdichtung des Betons und zur Herstellung einer festen Pflasterplatte ohne Luftblasen.[\/vc_column_text][\/vc_column][\/vc_row][vc_row][vc_column width=&#8220;1\/4&#8243;][vc_single_image image=&#8220;4636&#8243; img_size=&#8220;500&#215;330&#8243; alignment=&#8220;center&#8220;][vc_column_text css=&#8220;.vc_custom_1720005279974{margin-top: -15px !important;}&#8220;]<strong>5. Gl\u00e4tten und Aush\u00e4rten des Betons <\/strong><\/p>\n<p>Verwenden Sie ein <a href=\"https:\/\/www.betonmoulds.com\/de\/product\/richtscheit-fuer-fertigbeton\/\"><strong>Beton-Richtscheit<\/strong><\/a>, um die Betonoberfl\u00e4che in der Gussform zu planieren Achten Sie darauf, dass die Oberfl\u00e4che glatt und gleichm\u00e4\u00dfig ist. Decken Sie die Gussform mit einem \u00dcberzug ab oder tragen Sie ein Verdunstungsschutz auf, um die Feuchtigkeitsverdunstung des Betons zu verlangsamen. Lassen Sie die Platten mindestens 24 \u2013 48 Stunden aush\u00e4rten. Die endg\u00fcltige Aush\u00e4rtezeit h\u00e4ngt von der Temperatur, der Luftfeuchtigkeit, dem Sauerstoffgehalt, der Verwendung von Mineralzus\u00e4tzen und der Art des verwendeten Zements ab. Die vorschriftsgem\u00e4\u00dfe Aush\u00e4rtung von Beton verbessert die Festigkeit, Abriebfestigkeit, Haltbarkeit und Wasserdichtigkeit.[\/vc_column_text][\/vc_column][vc_column width=&#8220;1\/4&#8243;][vc_single_image image=&#8220;8530&#8243; img_size=&#8220;500&#215;330&#8243; alignment=&#8220;center&#8220;][vc_column_text css=&#8220;.vc_custom_1720005326581{margin-top: -15px !important;}&#8220;]<strong>6. Entformen Sie die Platten<br \/>\n<\/strong><br \/>\nSobald der Beton vollst\u00e4ndig ausgeh\u00e4rtet ist, kann die Platte vorsichtig aus der Gussform herausgenommen werden. L\u00f6sen Sie zuerst die R\u00e4nder mit einem <a href=\"https:\/\/www.betonmoulds.com\/de\/product\/gussformoeffner\/\"><strong>Gussform\u00f6ffner <\/strong><\/a>und entfernen Sie dann behutsam die Gussform von der Platte. Wenn Sie die in der Anleitung beschriebenen Schritte ausf\u00fchren, erhalten Sie hochwertige Betonpflasterplatten, einsatzbereit f\u00fcr Ihr gew\u00fcnschtes Projekt.[\/vc_column_text][\/vc_column][vc_column width=&#8220;1\/4&#8243;][vc_single_image image=&#8220;4548&#8243; img_size=&#8220;500&#215;330&#8243; alignment=&#8220;center&#8220;][vc_column_text css=&#8220;.vc_custom_1720005408385{margin-top: -15px !important;}&#8220;]<strong>7. Wenden Sie die Platten um (optional)<\/strong><\/p>\n<p>Betonplatten werden nach dem Aush\u00e4rten oft umgewendet, da die Unterseite die glattere Oberfl\u00e4che aufweist und ein optimales \u00e4sthetisches Aussehen hat. Unsere <a href=\"https:\/\/www.betonmoulds.com\/de\/product\/hebe-und-drehmechanismus\/\"><strong>Hebe-Rotatorklemme f\u00fcr Platten<\/strong><\/a> ist ideal zum Umwenden und Versetzen von gro\u00dfen Betonplatten mit einer Breite von 200 cm, geeignet.[\/vc_column_text][\/vc_column][vc_column width=&#8220;1\/4&#8243;][vc_single_image image=&#8220;5702&#8243; img_size=&#8220;500&#215;330&#8243; alignment=&#8220;center&#8220;][vc_column_text css=&#8220;.vc_custom_1720005503156{margin-top: -15px !important;}&#8220;]<strong>8. Verlegung der Betonplatten<\/strong><\/p>\n<p>Die Betonplatten k\u00f6nnen nun an der gew\u00fcnschten Stelle verlegt werden. Stellen Sie vor dem Verlegen der Platten sicher, dass die Oberfl\u00e4che vorbereitet und nivelliert ist. Wir bieten auch Hebevorrichtungen an: eine <a href=\"https:\/\/www.betonmoulds.com\/de\/product\/zweistrang-hebekette-fuer-betonplatten\/\"><strong>Hebekette f\u00fcr Betonplatten<\/strong><\/a>, die mit Haken versehen ist, die in die Schlitze der in den Beton eingegossenen Profile passen. Diese Hebekette kann auch an der <a href=\"https:\/\/www.betonmoulds.com\/de\/product\/hebe-und-drehmechanismus\/\"><strong>Hebe-Rotatorklemme<\/strong><\/a> befestigt werden. Damit wird das Heben und Transportieren von Betonplatten eine leichte Aufgabe. Wenn Sie keine <a href=\"https:\/\/www.betonmoulds.com\/de\/produkt-kategorie\/betonplatten\/eingussprofile\/\"><strong>Eingussprofile<\/strong><\/a> verwendet haben, k\u00f6nnen die Betonplatten mit einem Vakuumhebeger\u00e4t verlegt werden.[\/vc_column_text][\/vc_column][\/vc_row][vc_row full_width=&#8220;stretch_row&#8220; css=&#8220;.vc_custom_1710231393944{margin-bottom: -40px !important;padding-top: 50px !important;padding-bottom: 30px !important;background-color: #f2f2f2 !important;}&#8220; conditional_render=&#8220;%5B%7B%22value_role%22%3A%22administrator%22%7D%5D&#8220;][vc_column][vc_video link=&#8220;https:\/\/www.youtube.com\/watch?v=3KDVWY1OtJI&#8220; align=&#8220;center&#8220;][\/vc_column][\/vc_row]<\/p>\n<\/div>","protected":false},"excerpt":{"rendered":"<p>[vc_row css=&#8220;.vc_custom_1676998865275{margin-top: 35px !important;}&#8220; conditional_render=&#8220;%5B%7B%22value_role%22%3A%22administrator%22%7D%5D&#8220;][vc_column][vc_column_text css=&#8220;&#8220;] WIE MAN BETONPFLASTERPLATTEN HERSTELLT [\/vc_column_text][\/vc_column][\/vc_row][vc_row css=&#8220;.vc_custom_1676998783970{margin-bottom: 15px !important;}&#8220; conditional_render=&#8220;%5B%7B%22value_role%22%3A%22administrator%22%7D%5D&#8220;][vc_column width=&#8220;1\/4&#8243;][vc_single_image image=&#8220;8524&#8243; img_size=&#8220;500&#215;330&#8243; alignment=&#8220;center&#8220;][vc_column_text css=&#8220;.vc_custom_1720005057087{margin-top: -15px !important;}&#8220;]1. Bereiten Sie die Arbeitsfl\u00e4che vor R\u00e4umen und reinigen Sie den Bereich, in dem Sie die Betonplatten gie\u00dfen werden. Legen Sie die Gussform auf eine Stahlplatte und achten Sie darauf, dass diese nivelliert und [&hellip;]<\/p>\n","protected":false},"author":1,"featured_media":0,"parent":5387,"menu_order":0,"comment_status":"closed","ping_status":"closed","template":"","meta":{"footnotes":""},"class_list":["post-9427","page","type-page","status-publish","hentry"],"yoast_head":"<!-- This site is optimized with the Yoast SEO plugin v27.4 - https:\/\/yoast.com\/product\/yoast-seo-wordpress\/ -->\n<title>Anleitung f\u00fcr die Herstellung von Betonpflasterplatten - BETONMOULDS<\/title>\n<meta name=\"robots\" content=\"index, follow, max-snippet:-1, max-image-preview:large, max-video-preview:-1\" \/>\n<link rel=\"canonical\" href=\"https:\/\/www.betonmoulds.com\/de\/tutorials\/wie-man-betonpflasterplatten-herstellt\/\" \/>\n<meta property=\"og:locale\" content=\"de_DE\" \/>\n<meta property=\"og:type\" content=\"article\" \/>\n<meta property=\"og:title\" content=\"Anleitung f\u00fcr die Herstellung von Betonpflasterplatten - BETONMOULDS\" \/>\n<meta property=\"og:description\" content=\"[vc_row css=&#8220;.vc_custom_1676998865275{margin-top: 35px !important;}&#8220; conditional_render=&#8220;%5B%7B%22value_role%22%3A%22administrator%22%7D%5D&#8220;][vc_column][vc_column_text css=&#8220;&#8220;] WIE MAN BETONPFLASTERPLATTEN HERSTELLT [\/vc_column_text][\/vc_column][\/vc_row][vc_row css=&#8220;.vc_custom_1676998783970{margin-bottom: 15px !important;}&#8220; conditional_render=&#8220;%5B%7B%22value_role%22%3A%22administrator%22%7D%5D&#8220;][vc_column width=&#8220;1\/4&#8243;][vc_single_image image=&#8220;8524&#8243; img_size=&#8220;500&#215;330&#8243; alignment=&#8220;center&#8220;][vc_column_text css=&#8220;.vc_custom_1720005057087{margin-top: -15px !important;}&#8220;]1. Bereiten Sie die Arbeitsfl\u00e4che vor R\u00e4umen und reinigen Sie den Bereich, in dem Sie die Betonplatten gie\u00dfen werden. Legen Sie die Gussform auf eine Stahlplatte und achten Sie darauf, dass diese nivelliert und [&hellip;]\" \/>\n<meta property=\"og:url\" content=\"https:\/\/www.betonmoulds.com\/de\/tutorials\/wie-man-betonpflasterplatten-herstellt\/\" \/>\n<meta property=\"og:site_name\" content=\"BETONMOULDS\" \/>\n<meta property=\"article:modified_time\" content=\"2026-02-09T08:47:49+00:00\" \/>\n<meta name=\"twitter:card\" content=\"summary_large_image\" \/>\n<meta name=\"twitter:label1\" content=\"Gesch\u00e4tzte Lesezeit\" \/>\n\t<meta name=\"twitter:data1\" content=\"5\u00a0Minuten\" \/>\n<script type=\"application\/ld+json\" class=\"yoast-schema-graph\">{\"@context\":\"https:\\\/\\\/schema.org\",\"@graph\":[{\"@type\":\"WebPage\",\"@id\":\"https:\\\/\\\/www.betonmoulds.com\\\/de\\\/tutorials\\\/wie-man-betonpflasterplatten-herstellt\\\/\",\"url\":\"https:\\\/\\\/www.betonmoulds.com\\\/de\\\/tutorials\\\/wie-man-betonpflasterplatten-herstellt\\\/\",\"name\":\"Anleitung f\u00fcr die Herstellung von Betonpflasterplatten - BETONMOULDS\",\"isPartOf\":{\"@id\":\"https:\\\/\\\/www.betonmoulds.com\\\/de\\\/#website\"},\"datePublished\":\"2022-03-04T14:52:54+00:00\",\"dateModified\":\"2026-02-09T08:47:49+00:00\",\"breadcrumb\":{\"@id\":\"https:\\\/\\\/www.betonmoulds.com\\\/de\\\/tutorials\\\/wie-man-betonpflasterplatten-herstellt\\\/#breadcrumb\"},\"inLanguage\":\"de\",\"potentialAction\":[{\"@type\":\"ReadAction\",\"target\":[\"https:\\\/\\\/www.betonmoulds.com\\\/de\\\/tutorials\\\/wie-man-betonpflasterplatten-herstellt\\\/\"]}]},{\"@type\":\"BreadcrumbList\",\"@id\":\"https:\\\/\\\/www.betonmoulds.com\\\/de\\\/tutorials\\\/wie-man-betonpflasterplatten-herstellt\\\/#breadcrumb\",\"itemListElement\":[{\"@type\":\"ListItem\",\"position\":1,\"name\":\"Home\",\"item\":\"https:\\\/\\\/www.betonmoulds.com\\\/de\\\/\"},{\"@type\":\"ListItem\",\"position\":2,\"name\":\"Tutorials\",\"item\":\"https:\\\/\\\/www.betonmoulds.com\\\/de\\\/tutorials\\\/\"},{\"@type\":\"ListItem\",\"position\":3,\"name\":\"Wie man Betonpflasterplatten herstellt\"}]},{\"@type\":\"WebSite\",\"@id\":\"https:\\\/\\\/www.betonmoulds.com\\\/de\\\/#website\",\"url\":\"https:\\\/\\\/www.betonmoulds.com\\\/de\\\/\",\"name\":\"BETONMOULDS\",\"description\":\"Upcycle leftover concrete\",\"potentialAction\":[{\"@type\":\"SearchAction\",\"target\":{\"@type\":\"EntryPoint\",\"urlTemplate\":\"https:\\\/\\\/www.betonmoulds.com\\\/de\\\/?s={search_term_string}\"},\"query-input\":{\"@type\":\"PropertyValueSpecification\",\"valueRequired\":true,\"valueName\":\"search_term_string\"}}],\"inLanguage\":\"de\"}]}<\/script>\n<!-- \/ Yoast SEO plugin. -->","yoast_head_json":{"title":"Anleitung f\u00fcr die Herstellung von Betonpflasterplatten - BETONMOULDS","robots":{"index":"index","follow":"follow","max-snippet":"max-snippet:-1","max-image-preview":"max-image-preview:large","max-video-preview":"max-video-preview:-1"},"canonical":"https:\/\/www.betonmoulds.com\/de\/tutorials\/wie-man-betonpflasterplatten-herstellt\/","og_locale":"de_DE","og_type":"article","og_title":"Anleitung f\u00fcr die Herstellung von Betonpflasterplatten - BETONMOULDS","og_description":"[vc_row css=&#8220;.vc_custom_1676998865275{margin-top: 35px !important;}&#8220; conditional_render=&#8220;%5B%7B%22value_role%22%3A%22administrator%22%7D%5D&#8220;][vc_column][vc_column_text css=&#8220;&#8220;] WIE MAN BETONPFLASTERPLATTEN HERSTELLT [\/vc_column_text][\/vc_column][\/vc_row][vc_row css=&#8220;.vc_custom_1676998783970{margin-bottom: 15px !important;}&#8220; conditional_render=&#8220;%5B%7B%22value_role%22%3A%22administrator%22%7D%5D&#8220;][vc_column width=&#8220;1\/4&#8243;][vc_single_image image=&#8220;8524&#8243; img_size=&#8220;500&#215;330&#8243; alignment=&#8220;center&#8220;][vc_column_text css=&#8220;.vc_custom_1720005057087{margin-top: -15px !important;}&#8220;]1. Bereiten Sie die Arbeitsfl\u00e4che vor R\u00e4umen und reinigen Sie den Bereich, in dem Sie die Betonplatten gie\u00dfen werden. Legen Sie die Gussform auf eine Stahlplatte und achten Sie darauf, dass diese nivelliert und [&hellip;]","og_url":"https:\/\/www.betonmoulds.com\/de\/tutorials\/wie-man-betonpflasterplatten-herstellt\/","og_site_name":"BETONMOULDS","article_modified_time":"2026-02-09T08:47:49+00:00","twitter_card":"summary_large_image","twitter_misc":{"Gesch\u00e4tzte Lesezeit":"5\u00a0Minuten"},"schema":{"@context":"https:\/\/schema.org","@graph":[{"@type":"WebPage","@id":"https:\/\/www.betonmoulds.com\/de\/tutorials\/wie-man-betonpflasterplatten-herstellt\/","url":"https:\/\/www.betonmoulds.com\/de\/tutorials\/wie-man-betonpflasterplatten-herstellt\/","name":"Anleitung f\u00fcr die Herstellung von Betonpflasterplatten - BETONMOULDS","isPartOf":{"@id":"https:\/\/www.betonmoulds.com\/de\/#website"},"datePublished":"2022-03-04T14:52:54+00:00","dateModified":"2026-02-09T08:47:49+00:00","breadcrumb":{"@id":"https:\/\/www.betonmoulds.com\/de\/tutorials\/wie-man-betonpflasterplatten-herstellt\/#breadcrumb"},"inLanguage":"de","potentialAction":[{"@type":"ReadAction","target":["https:\/\/www.betonmoulds.com\/de\/tutorials\/wie-man-betonpflasterplatten-herstellt\/"]}]},{"@type":"BreadcrumbList","@id":"https:\/\/www.betonmoulds.com\/de\/tutorials\/wie-man-betonpflasterplatten-herstellt\/#breadcrumb","itemListElement":[{"@type":"ListItem","position":1,"name":"Home","item":"https:\/\/www.betonmoulds.com\/de\/"},{"@type":"ListItem","position":2,"name":"Tutorials","item":"https:\/\/www.betonmoulds.com\/de\/tutorials\/"},{"@type":"ListItem","position":3,"name":"Wie man Betonpflasterplatten herstellt"}]},{"@type":"WebSite","@id":"https:\/\/www.betonmoulds.com\/de\/#website","url":"https:\/\/www.betonmoulds.com\/de\/","name":"BETONMOULDS","description":"Upcycle leftover concrete","potentialAction":[{"@type":"SearchAction","target":{"@type":"EntryPoint","urlTemplate":"https:\/\/www.betonmoulds.com\/de\/?s={search_term_string}"},"query-input":{"@type":"PropertyValueSpecification","valueRequired":true,"valueName":"search_term_string"}}],"inLanguage":"de"}]}},"_links":{"self":[{"href":"https:\/\/www.betonmoulds.com\/de\/wp-json\/wp\/v2\/pages\/9427","targetHints":{"allow":["GET"]}}],"collection":[{"href":"https:\/\/www.betonmoulds.com\/de\/wp-json\/wp\/v2\/pages"}],"about":[{"href":"https:\/\/www.betonmoulds.com\/de\/wp-json\/wp\/v2\/types\/page"}],"author":[{"embeddable":true,"href":"https:\/\/www.betonmoulds.com\/de\/wp-json\/wp\/v2\/users\/1"}],"replies":[{"embeddable":true,"href":"https:\/\/www.betonmoulds.com\/de\/wp-json\/wp\/v2\/comments?post=9427"}],"version-history":[{"count":5,"href":"https:\/\/www.betonmoulds.com\/de\/wp-json\/wp\/v2\/pages\/9427\/revisions"}],"predecessor-version":[{"id":12130,"href":"https:\/\/www.betonmoulds.com\/de\/wp-json\/wp\/v2\/pages\/9427\/revisions\/12130"}],"up":[{"embeddable":true,"href":"https:\/\/www.betonmoulds.com\/de\/wp-json\/wp\/v2\/pages\/5387"}],"wp:attachment":[{"href":"https:\/\/www.betonmoulds.com\/de\/wp-json\/wp\/v2\/media?parent=9427"}],"curies":[{"name":"wp","href":"https:\/\/api.w.org\/{rel}","templated":true}]}}