{"id":9423,"date":"2024-02-20T15:49:39","date_gmt":"2024-02-20T15:49:39","guid":{"rendered":"https:\/\/www.betonmoulds.com\/tutorials\/how-to-make-concrete-lego-blocks\/"},"modified":"2026-02-09T08:43:22","modified_gmt":"2026-02-09T08:43:22","slug":"wie-werden-beton-bloecke-hergestellt","status":"publish","type":"page","link":"https:\/\/www.betonmoulds.com\/de\/tutorials\/wie-werden-beton-bloecke-hergestellt\/","title":{"rendered":"Wie werden Betonbl\u00f6cke hergestellt"},"content":{"rendered":"<div class=\"wpb-content-wrapper\"><p>[vc_row css=&#8220;.vc_custom_1676998865275{margin-top: 35px !important;}&#8220; conditional_render=&#8220;%5B%7B%22value_role%22%3A%22administrator%22%7D%5D&#8220;][vc_column][vc_column_text css=&#8220;&#8220; css_params=&#8220;&#8220;]<\/p>\n<p style=\"text-align: center;\"><span style=\"font-size: 25px; color: #000000;\"><strong>WIE WERDEN STAPELBARE BETONBL\u00d6CKE HERGESTELLT<\/strong><\/span><\/p>\n<p>[\/vc_column_text][\/vc_column][\/vc_row][vc_row css=&#8220;.vc_custom_1676998783970{margin-bottom: 15px !important;}&#8220; conditional_render=&#8220;%5B%7B%22value_role%22%3A%22administrator%22%7D%5D&#8220;][vc_column width=&#8220;1\/4&#8243;][vc_single_image image=&#8220;8228&#8243; img_size=&#8220;500&#215;330&#8243; alignment=&#8220;center&#8220;][vc_column_text css=&#8220;.vc_custom_1720003951008{margin-top: -15px !important;}&#8220;]<strong>1. Bereiten Sie die Guss-Arbeitsfl\u00e4che vor <\/strong><\/p>\n<p>Bereiten Sie zuerst eine ebene Fl\u00e4che zum Gie\u00dfen vor. Legen Sie eine Sperrholzplatte oder (noch besser) eine Stahlplatte auf den Boden und stellen Sie die Gussform oben darauf. Zur Erzielung optimaler Ergebnisse empfehlen wir die Verwendung unseres <a href=\"https:\/\/www.betonmoulds.com\/de\/product\/ct-200-130\/\"><strong>Gie\u00dftisches<\/strong><\/a>, sodass eine vollst\u00e4ndig ebene Fl\u00e4che als Ausgangsbasis f\u00fcr die Platzierung der Gussform geschaffen wird. Falls noch nicht geschehen: Reinigen Sie die Gussform vor der Verwendung gr\u00fcndlich, um Betonreste von fr\u00fcheren G\u00fcssen zu entfernen.[\/vc_column_text][\/vc_column][vc_column width=&#8220;1\/4&#8243;][vc_single_image image=&#8220;7965&#8243; img_size=&#8220;500&#215;330&#8243; alignment=&#8220;center&#8220;][vc_column_text css=&#8220;.vc_custom_1770626596984{margin-top: -15px !important;}&#8220; css_params=&#8220;&#8220;]<strong>2. Gussform-Trennmittel anwenden<\/strong><\/p>\n<p>Spr\u00fchen Sie alle Innenw\u00e4nde der Gussform sowie die Bodenoberfl\u00e4che (Sperrholzplatte- oder Stahlplatte) mit <a href=\"https:\/\/www.betonmoulds.com\/de\/product\/schaloel-20l\/\"><strong>Beton-Trenn\u00f6l<\/strong><\/a>\u00a0 gleichm\u00e4\u00dfig mit einem <a href=\"https:\/\/www.betonmoulds.com\/de\/product\/professionelles-druckspruehgeraet\/\"><strong>professionellen Spr\u00fchger\u00e4t<\/strong><\/a> in. Dieser Schritt ist von entscheidender Bedeutung, um die Gussform leicht von dem ausgeh\u00e4rteten Betonblock entfernen zu k\u00f6nnen. Die Langlebigkeit der Gussform wird erh\u00f6ht, wenn die Gussform bei der ersten Verwendung von au\u00dfen bespr\u00fcht wird.[\/vc_column_text][\/vc_column][vc_column width=&#8220;1\/4&#8243;][vc_single_image image=&#8220;8222&#8243; img_size=&#8220;500&#215;330&#8243; alignment=&#8220;center&#8220;][vc_column_text css=&#8220;.vc_custom_1720004028925{margin-top: -15px !important;}&#8220;]<strong>3. Mischen und gie\u00dfen des Betons<\/strong><\/p>\n<p>Gie\u00dfen Sie den Beton in die Gussform und stellen Sie sicher, dass sie vollst\u00e4ndig gef\u00fcllt ist. Dosieren Sie den restlichen Beton vorsichtig zur Vermeidung von \u00dcberf\u00fcllung.[\/vc_column_text][\/vc_column][vc_column width=&#8220;1\/4&#8243;][vc_single_image image=&#8220;4776&#8243; img_size=&#8220;500&#215;330&#8243; alignment=&#8220;center&#8220;][vc_column_text css=&#8220;.vc_custom_1720004069270{margin-top: -15px !important;}&#8220;]<strong>4. R\u00fctteln des Betons<\/strong><\/p>\n<p>Verwenden Sie w\u00e4hrend des Gie\u00dfprozesses einen <a href=\"https:\/\/www.betonmoulds.com\/de\/product\/elektrischer-handgefuehrter-betonruettler\/\"><strong>Betonr\u00fcttler<\/strong><\/a>, um Luftblasen in der Mischung zu entfernen. Richtiges R\u00fctteln gew\u00e4hrleistet die strukturelle Integrit\u00e4t der Bl\u00f6cke. W\u00e4hrend des R\u00fcttelns werden Sie feststellen, dass allm\u00e4hlich kleine Luftblasen an die Oberfl\u00e4che steigen, was auf eine gute Verdichtung des Betons hinweist. Luftblasen schw\u00e4chen eine Betonstruktur erheblich.[\/vc_column_text][\/vc_column][\/vc_row][vc_row][vc_column width=&#8220;1\/4&#8243;][vc_single_image image=&#8220;5682&#8243; img_size=&#8220;500&#215;330&#8243; alignment=&#8220;center&#8220;][vc_column_text css=&#8220;.vc_custom_1720004118451{margin-top: -15px !important;}&#8220;]<strong>5. Gl\u00e4tten der Oberfl\u00e4che <\/strong><\/p>\n<p>Nach dem Vergie\u00dfen des Betons verwenden Sie einen <a href=\"https:\/\/www.betonmoulds.com\/de\/product\/richtscheit-fuer-fertigbeton\/\"><strong>Richtscheit <\/strong><\/a>zum Planieren der Betonoberfl\u00e4che. Erzielen Sie eine dichte und gleichm\u00e4\u00dfige Oberfl\u00e4che. Dabei ist die Aush\u00e4rtezeit der Betonmischung zu ber\u00fccksichtigen, die je nach Betonmischung und Umweltfaktoren wie z. B. \u00a0Temperatur und Feuchtigkeit unterschiedlich ist.[\/vc_column_text][\/vc_column][vc_column width=&#8220;1\/4&#8243;][vc_single_image image=&#8220;5656&#8243; img_size=&#8220;500&#215;330&#8243; alignment=&#8220;center&#8220;][vc_column_text css=&#8220;.vc_custom_1720004209782{margin-top: -15px !important;}&#8220;]<strong>6. \u00d6ffnung der Gussform<\/strong><\/p>\n<p>Nach gen\u00fcgender Aush\u00e4rtung des Betons die <a href=\"https:\/\/www.betonmoulds.com\/de\/product\/keile\/\"><strong>Keile <\/strong><\/a>mit einem Hammer aus den Eckst\u00fccken herausschlagen. Legen Sie diese in die daf\u00fcr vorgesehenen Schlitze in den Eckst\u00fccken hinein. Verwenden Sie das <a href=\"https:\/\/www.betonmoulds.com\/de\/product\/gussformoeffner\/\"><strong>Werkzeug zur Gussform\u00f6ffnung<\/strong><\/a>, um den Betonblock sicher und problemlos<br \/>\nvon der Stahlgussform zu l\u00f6sen.[\/vc_column_text][\/vc_column][vc_column width=&#8220;1\/4&#8243;][vc_single_image image=&#8220;4877&#8243; img_size=&#8220;500&#215;330&#8243; alignment=&#8220;center&#8220;][vc_column_text css=&#8220;.vc_custom_1720004300675{margin-top: -15px !important;}&#8220;]<strong>7. Der Betonblock ist einsatzbereit<\/strong><\/p>\n<p>Nach dem Entfernen der Gussform sind die ineinandergreifenden Betonbl\u00f6cke einsatzbereit. F\u00fcr komfortables Handling und Positionierung der Bl\u00f6cke bieten wir eine breite Palette an Zubeh\u00f6r, wie z. B. \u00a0<a href=\"https:\/\/www.betonmoulds.com\/de\/product\/mechanische-scherenklemme-800-400\/\"><strong>Blockgreifer<\/strong><\/a>, <strong><a href=\"https:\/\/www.betonmoulds.com\/de\/product\/blt\/\">Block-Hebe-Rotatorklemme<\/a>,<\/strong> oder <a href=\"https:\/\/www.betonmoulds.com\/de\/product\/traverse-fuer-gabelstapler-zweiseitige-ausrichtung\/\"><strong>Traverse<\/strong><\/a><strong>.<\/strong>[\/vc_column_text][\/vc_column][vc_column width=&#8220;1\/4&#8243;][\/vc_column][\/vc_row]<\/p>\n<\/div>","protected":false},"excerpt":{"rendered":"<p>[vc_row css=&#8220;.vc_custom_1676998865275{margin-top: 35px !important;}&#8220; conditional_render=&#8220;%5B%7B%22value_role%22%3A%22administrator%22%7D%5D&#8220;][vc_column][vc_column_text css=&#8220;&#8220; css_params=&#8220;&#8220;] WIE WERDEN STAPELBARE BETONBL\u00d6CKE HERGESTELLT [\/vc_column_text][\/vc_column][\/vc_row][vc_row css=&#8220;.vc_custom_1676998783970{margin-bottom: 15px !important;}&#8220; conditional_render=&#8220;%5B%7B%22value_role%22%3A%22administrator%22%7D%5D&#8220;][vc_column width=&#8220;1\/4&#8243;][vc_single_image image=&#8220;8228&#8243; img_size=&#8220;500&#215;330&#8243; alignment=&#8220;center&#8220;][vc_column_text css=&#8220;.vc_custom_1720003951008{margin-top: -15px !important;}&#8220;]1. Bereiten Sie die Guss-Arbeitsfl\u00e4che vor Bereiten Sie zuerst eine ebene Fl\u00e4che zum Gie\u00dfen vor. Legen Sie eine Sperrholzplatte oder (noch besser) eine Stahlplatte auf den Boden und stellen Sie die Gussform [&hellip;]<\/p>\n","protected":false},"author":3,"featured_media":0,"parent":5387,"menu_order":0,"comment_status":"closed","ping_status":"closed","template":"","meta":{"footnotes":""},"class_list":["post-9423","page","type-page","status-publish","hentry"],"yoast_head":"<!-- This site is optimized with the Yoast SEO plugin v27.4 - https:\/\/yoast.com\/product\/yoast-seo-wordpress\/ -->\n<title>Anleitung zur Herstellung von stapelbare Betonbl\u00f6cken - BETONMOULDS<\/title>\n<meta name=\"robots\" content=\"index, follow, max-snippet:-1, max-image-preview:large, max-video-preview:-1\" \/>\n<link rel=\"canonical\" href=\"https:\/\/www.betonmoulds.com\/de\/tutorials\/wie-werden-beton-bloecke-hergestellt\/\" \/>\n<meta property=\"og:locale\" content=\"de_DE\" \/>\n<meta property=\"og:type\" content=\"article\" \/>\n<meta property=\"og:title\" content=\"Anleitung zur Herstellung von stapelbare Betonbl\u00f6cken - BETONMOULDS\" \/>\n<meta property=\"og:description\" content=\"[vc_row css=&#8220;.vc_custom_1676998865275{margin-top: 35px !important;}&#8220; conditional_render=&#8220;%5B%7B%22value_role%22%3A%22administrator%22%7D%5D&#8220;][vc_column][vc_column_text css=&#8220;&#8220; css_params=&#8220;&#8220;] WIE WERDEN STAPELBARE BETONBL\u00d6CKE HERGESTELLT [\/vc_column_text][\/vc_column][\/vc_row][vc_row css=&#8220;.vc_custom_1676998783970{margin-bottom: 15px !important;}&#8220; conditional_render=&#8220;%5B%7B%22value_role%22%3A%22administrator%22%7D%5D&#8220;][vc_column width=&#8220;1\/4&#8243;][vc_single_image image=&#8220;8228&#8243; img_size=&#8220;500&#215;330&#8243; alignment=&#8220;center&#8220;][vc_column_text css=&#8220;.vc_custom_1720003951008{margin-top: -15px !important;}&#8220;]1. Bereiten Sie die Guss-Arbeitsfl\u00e4che vor Bereiten Sie zuerst eine ebene Fl\u00e4che zum Gie\u00dfen vor. Legen Sie eine Sperrholzplatte oder (noch besser) eine Stahlplatte auf den Boden und stellen Sie die Gussform [&hellip;]\" \/>\n<meta property=\"og:url\" content=\"https:\/\/www.betonmoulds.com\/de\/tutorials\/wie-werden-beton-bloecke-hergestellt\/\" \/>\n<meta property=\"og:site_name\" content=\"BETONMOULDS\" \/>\n<meta property=\"article:modified_time\" content=\"2026-02-09T08:43:22+00:00\" \/>\n<meta name=\"twitter:card\" content=\"summary_large_image\" \/>\n<meta name=\"twitter:label1\" content=\"Gesch\u00e4tzte Lesezeit\" \/>\n\t<meta name=\"twitter:data1\" content=\"4\u00a0Minuten\" \/>\n<script type=\"application\/ld+json\" class=\"yoast-schema-graph\">{\"@context\":\"https:\\\/\\\/schema.org\",\"@graph\":[{\"@type\":\"WebPage\",\"@id\":\"https:\\\/\\\/www.betonmoulds.com\\\/de\\\/tutorials\\\/wie-werden-beton-bloecke-hergestellt\\\/\",\"url\":\"https:\\\/\\\/www.betonmoulds.com\\\/de\\\/tutorials\\\/wie-werden-beton-bloecke-hergestellt\\\/\",\"name\":\"Anleitung zur Herstellung von stapelbare Betonbl\u00f6cken - BETONMOULDS\",\"isPartOf\":{\"@id\":\"https:\\\/\\\/www.betonmoulds.com\\\/de\\\/#website\"},\"datePublished\":\"2024-02-20T15:49:39+00:00\",\"dateModified\":\"2026-02-09T08:43:22+00:00\",\"breadcrumb\":{\"@id\":\"https:\\\/\\\/www.betonmoulds.com\\\/de\\\/tutorials\\\/wie-werden-beton-bloecke-hergestellt\\\/#breadcrumb\"},\"inLanguage\":\"de\",\"potentialAction\":[{\"@type\":\"ReadAction\",\"target\":[\"https:\\\/\\\/www.betonmoulds.com\\\/de\\\/tutorials\\\/wie-werden-beton-bloecke-hergestellt\\\/\"]}]},{\"@type\":\"BreadcrumbList\",\"@id\":\"https:\\\/\\\/www.betonmoulds.com\\\/de\\\/tutorials\\\/wie-werden-beton-bloecke-hergestellt\\\/#breadcrumb\",\"itemListElement\":[{\"@type\":\"ListItem\",\"position\":1,\"name\":\"Home\",\"item\":\"https:\\\/\\\/www.betonmoulds.com\\\/de\\\/\"},{\"@type\":\"ListItem\",\"position\":2,\"name\":\"Tutorials\",\"item\":\"https:\\\/\\\/www.betonmoulds.com\\\/de\\\/tutorials\\\/\"},{\"@type\":\"ListItem\",\"position\":3,\"name\":\"Wie werden Betonbl\u00f6cke hergestellt\"}]},{\"@type\":\"WebSite\",\"@id\":\"https:\\\/\\\/www.betonmoulds.com\\\/de\\\/#website\",\"url\":\"https:\\\/\\\/www.betonmoulds.com\\\/de\\\/\",\"name\":\"BETONMOULDS\",\"description\":\"Upcycle leftover concrete\",\"potentialAction\":[{\"@type\":\"SearchAction\",\"target\":{\"@type\":\"EntryPoint\",\"urlTemplate\":\"https:\\\/\\\/www.betonmoulds.com\\\/de\\\/?s={search_term_string}\"},\"query-input\":{\"@type\":\"PropertyValueSpecification\",\"valueRequired\":true,\"valueName\":\"search_term_string\"}}],\"inLanguage\":\"de\"}]}<\/script>\n<!-- \/ Yoast SEO plugin. -->","yoast_head_json":{"title":"Anleitung zur Herstellung von stapelbare Betonbl\u00f6cken - BETONMOULDS","robots":{"index":"index","follow":"follow","max-snippet":"max-snippet:-1","max-image-preview":"max-image-preview:large","max-video-preview":"max-video-preview:-1"},"canonical":"https:\/\/www.betonmoulds.com\/de\/tutorials\/wie-werden-beton-bloecke-hergestellt\/","og_locale":"de_DE","og_type":"article","og_title":"Anleitung zur Herstellung von stapelbare Betonbl\u00f6cken - BETONMOULDS","og_description":"[vc_row css=&#8220;.vc_custom_1676998865275{margin-top: 35px !important;}&#8220; conditional_render=&#8220;%5B%7B%22value_role%22%3A%22administrator%22%7D%5D&#8220;][vc_column][vc_column_text css=&#8220;&#8220; css_params=&#8220;&#8220;] WIE WERDEN STAPELBARE BETONBL\u00d6CKE HERGESTELLT [\/vc_column_text][\/vc_column][\/vc_row][vc_row css=&#8220;.vc_custom_1676998783970{margin-bottom: 15px !important;}&#8220; conditional_render=&#8220;%5B%7B%22value_role%22%3A%22administrator%22%7D%5D&#8220;][vc_column width=&#8220;1\/4&#8243;][vc_single_image image=&#8220;8228&#8243; img_size=&#8220;500&#215;330&#8243; alignment=&#8220;center&#8220;][vc_column_text css=&#8220;.vc_custom_1720003951008{margin-top: -15px !important;}&#8220;]1. Bereiten Sie die Guss-Arbeitsfl\u00e4che vor Bereiten Sie zuerst eine ebene Fl\u00e4che zum Gie\u00dfen vor. Legen Sie eine Sperrholzplatte oder (noch besser) eine Stahlplatte auf den Boden und stellen Sie die Gussform [&hellip;]","og_url":"https:\/\/www.betonmoulds.com\/de\/tutorials\/wie-werden-beton-bloecke-hergestellt\/","og_site_name":"BETONMOULDS","article_modified_time":"2026-02-09T08:43:22+00:00","twitter_card":"summary_large_image","twitter_misc":{"Gesch\u00e4tzte Lesezeit":"4\u00a0Minuten"},"schema":{"@context":"https:\/\/schema.org","@graph":[{"@type":"WebPage","@id":"https:\/\/www.betonmoulds.com\/de\/tutorials\/wie-werden-beton-bloecke-hergestellt\/","url":"https:\/\/www.betonmoulds.com\/de\/tutorials\/wie-werden-beton-bloecke-hergestellt\/","name":"Anleitung zur Herstellung von stapelbare Betonbl\u00f6cken - BETONMOULDS","isPartOf":{"@id":"https:\/\/www.betonmoulds.com\/de\/#website"},"datePublished":"2024-02-20T15:49:39+00:00","dateModified":"2026-02-09T08:43:22+00:00","breadcrumb":{"@id":"https:\/\/www.betonmoulds.com\/de\/tutorials\/wie-werden-beton-bloecke-hergestellt\/#breadcrumb"},"inLanguage":"de","potentialAction":[{"@type":"ReadAction","target":["https:\/\/www.betonmoulds.com\/de\/tutorials\/wie-werden-beton-bloecke-hergestellt\/"]}]},{"@type":"BreadcrumbList","@id":"https:\/\/www.betonmoulds.com\/de\/tutorials\/wie-werden-beton-bloecke-hergestellt\/#breadcrumb","itemListElement":[{"@type":"ListItem","position":1,"name":"Home","item":"https:\/\/www.betonmoulds.com\/de\/"},{"@type":"ListItem","position":2,"name":"Tutorials","item":"https:\/\/www.betonmoulds.com\/de\/tutorials\/"},{"@type":"ListItem","position":3,"name":"Wie werden Betonbl\u00f6cke hergestellt"}]},{"@type":"WebSite","@id":"https:\/\/www.betonmoulds.com\/de\/#website","url":"https:\/\/www.betonmoulds.com\/de\/","name":"BETONMOULDS","description":"Upcycle leftover concrete","potentialAction":[{"@type":"SearchAction","target":{"@type":"EntryPoint","urlTemplate":"https:\/\/www.betonmoulds.com\/de\/?s={search_term_string}"},"query-input":{"@type":"PropertyValueSpecification","valueRequired":true,"valueName":"search_term_string"}}],"inLanguage":"de"}]}},"_links":{"self":[{"href":"https:\/\/www.betonmoulds.com\/de\/wp-json\/wp\/v2\/pages\/9423","targetHints":{"allow":["GET"]}}],"collection":[{"href":"https:\/\/www.betonmoulds.com\/de\/wp-json\/wp\/v2\/pages"}],"about":[{"href":"https:\/\/www.betonmoulds.com\/de\/wp-json\/wp\/v2\/types\/page"}],"author":[{"embeddable":true,"href":"https:\/\/www.betonmoulds.com\/de\/wp-json\/wp\/v2\/users\/3"}],"replies":[{"embeddable":true,"href":"https:\/\/www.betonmoulds.com\/de\/wp-json\/wp\/v2\/comments?post=9423"}],"version-history":[{"count":7,"href":"https:\/\/www.betonmoulds.com\/de\/wp-json\/wp\/v2\/pages\/9423\/revisions"}],"predecessor-version":[{"id":12124,"href":"https:\/\/www.betonmoulds.com\/de\/wp-json\/wp\/v2\/pages\/9423\/revisions\/12124"}],"up":[{"embeddable":true,"href":"https:\/\/www.betonmoulds.com\/de\/wp-json\/wp\/v2\/pages\/5387"}],"wp:attachment":[{"href":"https:\/\/www.betonmoulds.com\/de\/wp-json\/wp\/v2\/media?parent=9423"}],"curies":[{"name":"wp","href":"https:\/\/api.w.org\/{rel}","templated":true}]}}