{"id":7199,"date":"2022-03-04T14:57:23","date_gmt":"2022-03-04T14:57:23","guid":{"rendered":"https:\/\/www.betonmoulds.com\/galerie\/video-gallery\/"},"modified":"2025-03-17T13:00:44","modified_gmt":"2025-03-17T13:00:44","slug":"videos","status":"publish","type":"page","link":"https:\/\/www.betonmoulds.com\/de\/galerie\/videos\/","title":{"rendered":"Videos"},"content":{"rendered":"<div class=\"wpb-content-wrapper\"><p>[vc_row css=&#8220;.vc_custom_1708594779312{margin-top: 30px !important;}&#8220; conditional_render=&#8220;%5B%7B%22value_role%22%3A%22administrator%22%7D%5D&#8220;][vc_column][vc_column_text css=&#8220;&#8220; css_params=&#8220;&#8220;]<\/p>\n<p style=\"text-align: center;\"><span style=\"font-size: 25px; color: #000000;\"><strong>VIDEOS<\/strong><\/span><\/p>\n<p style=\"text-align: center;\"><span lang=\"DE\">Herzlich willkommen zu unserer Auswahl an Videos, in denen unsere<a href=\"https:\/\/www.betonmoulds.com\/de\/produkt-kategorie\/betonblocke\/\"><strong> Betonblock-Gussformen<\/strong><\/a> und <a href=\"https:\/\/www.betonmoulds.com\/de\/produkt-kategorie\/betonplatten\/\"><strong>Pflasterplatten-Gussformen<\/strong><\/a> vorgestellt werden.<br \/>\nDie mit unseren Gussformen hergestellten, stapelbaren Betonbl\u00f6cke k\u00f6nnen als Bausystem f\u00fcr verschiedene Bauprojekte verwendet werden: als Lagerbuchten f\u00fcr Sch\u00fcttg\u00fcter, St\u00fctzw\u00e4nde, Sicherheitsbarrieren oder Umz\u00e4unungen im Recycling-, Industrie- und Agrarbereich. Dar\u00fcber hinaus bieten wir mit unseren Gussformen eine umweltfreundliche L\u00f6sung f\u00fcr effizientes Restbetonrecycling.<\/span><\/p>\n<p style=\"text-align: center;\"><span lang=\"DE\">Betonpflasterplatten eignen sich ideal f\u00fcr gro\u00dfe Fl\u00e4chen wie beispielsweise Industrie- und Baustellen, Lagerfl\u00e4chen, Werkst\u00e4tten, Lagerhallen sowie f\u00fcr Anlagen in der Landwirtschaft und des Recyclings. Sowohl Bl\u00f6cke als auch Platten bieten eine schnelle, dauerhafte, anpassungsf\u00e4hige und kosteneffiziente L\u00f6sung f\u00fcr tempor\u00e4re und dauerhafte Bau- oder Pflasterprojekte.<\/span><\/p>\n<p style=\"text-align: center;\"><span lang=\"DE\">Erg\u00e4nzend zu unseren Gussformen bieten wir spezialisiertes Hebe-Equipment, das f\u00fcr das optimale <a href=\"https:\/\/www.betonmoulds.com\/de\/produkt-kategorie\/transport-hebegeraeten\/transport-betonblocke\/\"><strong>Handling und den Transport von Betonbl\u00f6cken<\/strong><\/a> und <a href=\"https:\/\/www.betonmoulds.com\/de\/produkt-kategorie\/transport-hebegeraeten\/transport-betonplatten\/\"><strong>Betonplatten<\/strong><\/a> konzipiert wurde. Mit den erforderlichen Werkzeugen f\u00fcr die Betonfertigstellung stellen wir unseren Kunden alles zur Verf\u00fcgung, was sie zur Realisierung ihres idealen Bausystems ben\u00f6tigen.<\/span><\/p>\n<p style=\"text-align: center;\"><span lang=\"DE\">Sehen Sie sich unsere Videos an und erleben Sie unsere Produkte \u201elive\u201c.<\/span><\/p>\n<p>[\/vc_column_text][\/vc_column][\/vc_row][vc_row full_width=&#8220;stretch_row&#8220; css=&#8220;.vc_custom_1721905704380{padding-top: 35px !important;background-color: #efefef !important;}&#8220; conditional_render=&#8220;%5B%7B%22value_role%22%3A%22administrator%22%7D%5D&#8220;][vc_column width=&#8220;1\/2&#8243;][vc_column_text]<\/p>\n<p style=\"text-align: left;\"><span style=\"color: #000000;\"><strong><span style=\"font-size: 25px;\">BETONGUSSFORM 160x80x80<\/span><\/strong><\/span><\/p>\n<p>[\/vc_column_text][vc_raw_html css=&#8220;&#8220; css_params=&#8220;&#8220;]JTNDaWZyYW1lJTIwd2lkdGglM0QlMjIxMDAlMjUlMjIlMjBoZWlnaHQlM0QlMjIzMTUlMjIlMjBzcmMlM0QlMjJodHRwcyUzQSUyRiUyRnd3dy55b3V0dWJlLmNvbSUyRmVtYmVkJTJGUlBpM2M5TzZMdXclM0ZzaSUzREhURzBxOEZnbGw4aHpOQmQlMjIlMjB0aXRsZSUzRCUyMllvdVR1YmUlMjB2aWRlbyUyMHBsYXllciUyMiUyMGZyYW1lYm9yZGVyJTNEJTIyMCUyMiUyMGFsbG93JTNEJTIyYWNjZWxlcm9tZXRlciUzQiUyMGF1dG9wbGF5JTNCJTIwY2xpcGJvYXJkLXdyaXRlJTNCJTIwZW5jcnlwdGVkLW1lZGlhJTNCJTIwZ3lyb3Njb3BlJTNCJTIwcGljdHVyZS1pbi1waWN0dXJlJTNCJTIwd2ViLXNoYXJlJTIyJTIwcmVmZXJyZXJwb2xpY3klM0QlMjJzdHJpY3Qtb3JpZ2luLXdoZW4tY3Jvc3Mtb3JpZ2luJTIyJTIwYWxsb3dmdWxsc2NyZWVuJTNFJTNDJTJGaWZyYW1lJTNF[\/vc_raw_html][\/vc_column][vc_column width=&#8220;1\/2&#8243;][vc_column_text]<\/p>\n<p style=\"text-align: left;\"><span style=\"color: #000000;\"><strong><span style=\"font-size: 25px;\">JERSEY BARRIERE GUSSFORM<\/span><\/strong><\/span><\/p>\n<p>[\/vc_column_text][vc_raw_html css=&#8220;&#8220; css_params=&#8220;&#8220;]JTNDaWZyYW1lJTIwd2lkdGglM0QlMjIxMDAlMjUlMjIlMjBoZWlnaHQlM0QlMjIzMTUlMjIlMjBzcmMlM0QlMjJodHRwcyUzQSUyRiUyRnd3dy55b3V0dWJlLmNvbSUyRmVtYmVkJTJGLW5YWjktTWNaSTQlM0ZzaSUzRG1iclVpUnVISW9Fa0RWZXIlMjIlMjB0aXRsZSUzRCUyMllvdVR1YmUlMjB2aWRlbyUyMHBsYXllciUyMiUyMGZyYW1lYm9yZGVyJTNEJTIyMCUyMiUyMGFsbG93JTNEJTIyYWNjZWxlcm9tZXRlciUzQiUyMGF1dG9wbGF5JTNCJTIwY2xpcGJvYXJkLXdyaXRlJTNCJTIwZW5jcnlwdGVkLW1lZGlhJTNCJTIwZ3lyb3Njb3BlJTNCJTIwcGljdHVyZS1pbi1waWN0dXJlJTNCJTIwd2ViLXNoYXJlJTIyJTIwcmVmZXJyZXJwb2xpY3klM0QlMjJzdHJpY3Qtb3JpZ2luLXdoZW4tY3Jvc3Mtb3JpZ2luJTIyJTIwYWxsb3dmdWxsc2NyZWVuJTNFJTNDJTJGaWZyYW1lJTNF[\/vc_raw_html][\/vc_column][\/vc_row][vc_row full_width=&#8220;stretch_row&#8220; css=&#8220;.vc_custom_1721903414285{margin-top: -20px !important;background-color: #efefef !important;}&#8220; conditional_render=&#8220;%5B%7B%22value_role%22%3A%22administrator%22%7D%5D&#8220;][vc_column width=&#8220;1\/2&#8243;][vc_column_text css=&#8220;&#8220;]<\/p>\n<p style=\"text-align: left;\"><span style=\"color: #000000;\"><strong><span style=\"font-size: 25px;\">FORM F\u00dcR BETONSOFA<\/span><\/strong><\/span><\/p>\n<p>[\/vc_column_text][vc_raw_html css=&#8220;&#8220; css_params=&#8220;&#8220;]JTNDaWZyYW1lJTIwd2lkdGglM0QlMjIxMDAlMjUlMjIlMjBoZWlnaHQlM0QlMjIzMTUlMjIlMjBzcmMlM0QlMjJodHRwcyUzQSUyRiUyRnd3dy55b3V0dWJlLmNvbSUyRmVtYmVkJTJGeERRbVBGR3dnVDQlM0ZzaSUzRHBySS10SFJScTZvUXF5Z08lMjIlMjB0aXRsZSUzRCUyMllvdVR1YmUlMjB2aWRlbyUyMHBsYXllciUyMiUyMGZyYW1lYm9yZGVyJTNEJTIyMCUyMiUyMGFsbG93JTNEJTIyYWNjZWxlcm9tZXRlciUzQiUyMGF1dG9wbGF5JTNCJTIwY2xpcGJvYXJkLXdyaXRlJTNCJTIwZW5jcnlwdGVkLW1lZGlhJTNCJTIwZ3lyb3Njb3BlJTNCJTIwcGljdHVyZS1pbi1waWN0dXJlJTNCJTIwd2ViLXNoYXJlJTIyJTIwcmVmZXJyZXJwb2xpY3klM0QlMjJzdHJpY3Qtb3JpZ2luLXdoZW4tY3Jvc3Mtb3JpZ2luJTIyJTIwYWxsb3dmdWxsc2NyZWVuJTNFJTNDJTJGaWZyYW1lJTNF[\/vc_raw_html][\/vc_column][vc_column width=&#8220;1\/2&#8243;][vc_column_text css=&#8220;&#8220;]<\/p>\n<p style=\"text-align: left;\"><span style=\"color: #000000;\"><strong><span style=\"font-size: 25px;\">BETONPLATTEN-GUSSFORM<\/span><\/strong><\/span><\/p>\n<p>[\/vc_column_text][vc_raw_html css=&#8220;&#8220; css_params=&#8220;&#8220;]JTNDaWZyYW1lJTIwd2lkdGglM0QlMjIxMDAlMjUlMjIlMjBoZWlnaHQlM0QlMjIzMTUlMjIlMjBzcmMlM0QlMjJodHRwcyUzQSUyRiUyRnd3dy55b3V0dWJlLmNvbSUyRmVtYmVkJTJGM0tEVldZMU90SkklM0ZzaSUzRGhMSHhJRjNZQlMtemxCNHQlMjIlMjB0aXRsZSUzRCUyMllvdVR1YmUlMjB2aWRlbyUyMHBsYXllciUyMiUyMGZyYW1lYm9yZGVyJTNEJTIyMCUyMiUyMGFsbG93JTNEJTIyYWNjZWxlcm9tZXRlciUzQiUyMGF1dG9wbGF5JTNCJTIwY2xpcGJvYXJkLXdyaXRlJTNCJTIwZW5jcnlwdGVkLW1lZGlhJTNCJTIwZ3lyb3Njb3BlJTNCJTIwcGljdHVyZS1pbi1waWN0dXJlJTNCJTIwd2ViLXNoYXJlJTIyJTIwcmVmZXJyZXJwb2xpY3klM0QlMjJzdHJpY3Qtb3JpZ2luLXdoZW4tY3Jvc3Mtb3JpZ2luJTIyJTIwYWxsb3dmdWxsc2NyZWVuJTNFJTNDJTJGaWZyYW1lJTNF[\/vc_raw_html][\/vc_column][\/vc_row][vc_row full_width=&#8220;stretch_row&#8220; css=&#8220;.vc_custom_1721905516083{margin-top: -20px !important;background-color: #efefef !important;}&#8220; conditional_render=&#8220;%5B%7B%22value_role%22%3A%22administrator%22%7D%5D&#8220;][vc_column width=&#8220;1\/2&#8243;][vc_column_text]<\/p>\n<p style=\"text-align: left;\"><span style=\"color: #000000;\"><strong><span style=\"font-size: 25px;\">MECHANISCHE SCHERENKLEMME 800-400<\/span><\/strong><\/span><\/p>\n<p>[\/vc_column_text][vc_raw_html css=&#8220;&#8220; css_params=&#8220;&#8220;]JTNDaWZyYW1lJTIwd2lkdGglM0QlMjIxMDAlMjUlMjIlMjBoZWlnaHQlM0QlMjIzMTUlMjIlMjBzcmMlM0QlMjJodHRwcyUzQSUyRiUyRnd3dy55b3V0dWJlLmNvbSUyRmVtYmVkJTJGZ3M2eHRCTy1WeDQlM0ZzaSUzREZxSUFlSWdJdm9lQjVWWjklMjIlMjB0aXRsZSUzRCUyMllvdVR1YmUlMjB2aWRlbyUyMHBsYXllciUyMiUyMGZyYW1lYm9yZGVyJTNEJTIyMCUyMiUyMGFsbG93JTNEJTIyYWNjZWxlcm9tZXRlciUzQiUyMGF1dG9wbGF5JTNCJTIwY2xpcGJvYXJkLXdyaXRlJTNCJTIwZW5jcnlwdGVkLW1lZGlhJTNCJTIwZ3lyb3Njb3BlJTNCJTIwcGljdHVyZS1pbi1waWN0dXJlJTNCJTIwd2ViLXNoYXJlJTIyJTIwcmVmZXJyZXJwb2xpY3klM0QlMjJzdHJpY3Qtb3JpZ2luLXdoZW4tY3Jvc3Mtb3JpZ2luJTIyJTIwYWxsb3dmdWxsc2NyZWVuJTNFJTNDJTJGaWZyYW1lJTNF[\/vc_raw_html][\/vc_column][vc_column width=&#8220;1\/2&#8243;][vc_column_text]<\/p>\n<p style=\"text-align: left;\"><span style=\"color: #000000;\"><strong><span style=\"font-size: 25px;\">MECHANISCHE SCHERENKLEMME 400-150<\/span><\/strong><\/span><\/p>\n<p>[\/vc_column_text][vc_raw_html css=&#8220;&#8220; css_params=&#8220;&#8220;]JTNDaWZyYW1lJTIwd2lkdGglM0QlMjIxMDAlMjUlMjIlMjBoZWlnaHQlM0QlMjIzMTUlMjIlMjBzcmMlM0QlMjJodHRwcyUzQSUyRiUyRnd3dy55b3V0dWJlLmNvbSUyRmVtYmVkJTJGaFRua3JGSUw5a1UlM0ZzaSUzRGpNTDlOZWZxWk5TWnV3bGMlMjIlMjB0aXRsZSUzRCUyMllvdVR1YmUlMjB2aWRlbyUyMHBsYXllciUyMiUyMGZyYW1lYm9yZGVyJTNEJTIyMCUyMiUyMGFsbG93JTNEJTIyYWNjZWxlcm9tZXRlciUzQiUyMGF1dG9wbGF5JTNCJTIwY2xpcGJvYXJkLXdyaXRlJTNCJTIwZW5jcnlwdGVkLW1lZGlhJTNCJTIwZ3lyb3Njb3BlJTNCJTIwcGljdHVyZS1pbi1waWN0dXJlJTNCJTIwd2ViLXNoYXJlJTIyJTIwcmVmZXJyZXJwb2xpY3klM0QlMjJzdHJpY3Qtb3JpZ2luLXdoZW4tY3Jvc3Mtb3JpZ2luJTIyJTIwYWxsb3dmdWxsc2NyZWVuJTNFJTNDJTJGaWZyYW1lJTNF[\/vc_raw_html][\/vc_column][\/vc_row][vc_row full_width=&#8220;stretch_row&#8220; css=&#8220;.vc_custom_1721905548604{margin-top: -20px !important;margin-bottom: -40px !important;padding-bottom: 30px !important;background-color: #efefef !important;}&#8220; conditional_render=&#8220;%5B%7B%22value_role%22%3A%22administrator%22%7D%5D&#8220;][vc_column width=&#8220;1\/2&#8243;][vc_column_text]<\/p>\n<p style=\"text-align: left;\"><span style=\"color: #000000;\"><strong><span style=\"font-size: 25px;\">TRAVERSE F\u00dcR GABELSTAPLER<\/span><\/strong><\/span><\/p>\n<p>[\/vc_column_text][vc_raw_html css=&#8220;&#8220; css_params=&#8220;&#8220;]JTNDaWZyYW1lJTIwd2lkdGglM0QlMjIxMDAlMjUlMjIlMjBoZWlnaHQlM0QlMjIzMTUlMjIlMjBzcmMlM0QlMjJodHRwcyUzQSUyRiUyRnd3dy55b3V0dWJlLmNvbSUyRmVtYmVkJTJGbWZObTFKd25xa3MlM0ZzaSUzREh3bWozZFRidWlJNE1DREQlMjIlMjB0aXRsZSUzRCUyMllvdVR1YmUlMjB2aWRlbyUyMHBsYXllciUyMiUyMGZyYW1lYm9yZGVyJTNEJTIyMCUyMiUyMGFsbG93JTNEJTIyYWNjZWxlcm9tZXRlciUzQiUyMGF1dG9wbGF5JTNCJTIwY2xpcGJvYXJkLXdyaXRlJTNCJTIwZW5jcnlwdGVkLW1lZGlhJTNCJTIwZ3lyb3Njb3BlJTNCJTIwcGljdHVyZS1pbi1waWN0dXJlJTNCJTIwd2ViLXNoYXJlJTIyJTIwcmVmZXJyZXJwb2xpY3klM0QlMjJzdHJpY3Qtb3JpZ2luLXdoZW4tY3Jvc3Mtb3JpZ2luJTIyJTIwYWxsb3dmdWxsc2NyZWVuJTNFJTNDJTJGaWZyYW1lJTNF[\/vc_raw_html][\/vc_column][vc_column width=&#8220;1\/2&#8243;][vc_column_text]<\/p>\n<p style=\"text-align: left;\"><span style=\"color: #000000;\"><strong><span style=\"font-size: 25px;\">BETONMOULDS\u00a0EINLEITUNG<\/span><\/strong><\/span><\/p>\n<p>[\/vc_column_text][vc_raw_html css=&#8220;&#8220; css_params=&#8220;&#8220;]JTNDaWZyYW1lJTIwd2lkdGglM0QlMjIxMDAlMjUlMjIlMjBoZWlnaHQlM0QlMjIzMTUlMjIlMjBzcmMlM0QlMjJodHRwcyUzQSUyRiUyRnd3dy55b3V0dWJlLmNvbSUyRmVtYmVkJTJGSEhOc3N4VGVKbG8lM0ZzaSUzRGRNeEdIUHYzQXR1ekI0VjklMjIlMjB0aXRsZSUzRCUyMllvdVR1YmUlMjB2aWRlbyUyMHBsYXllciUyMiUyMGZyYW1lYm9yZGVyJTNEJTIyMCUyMiUyMGFsbG93JTNEJTIyYWNjZWxlcm9tZXRlciUzQiUyMGF1dG9wbGF5JTNCJTIwY2xpcGJvYXJkLXdyaXRlJTNCJTIwZW5jcnlwdGVkLW1lZGlhJTNCJTIwZ3lyb3Njb3BlJTNCJTIwcGljdHVyZS1pbi1waWN0dXJlJTNCJTIwd2ViLXNoYXJlJTIyJTIwcmVmZXJyZXJwb2xpY3klM0QlMjJzdHJpY3Qtb3JpZ2luLXdoZW4tY3Jvc3Mtb3JpZ2luJTIyJTIwYWxsb3dmdWxsc2NyZWVuJTNFJTNDJTJGaWZyYW1lJTNF[\/vc_raw_html][\/vc_column][\/vc_row]<\/p>\n<\/div>","protected":false},"excerpt":{"rendered":"<p>[vc_row css=&#8220;.vc_custom_1708594779312{margin-top: 30px !important;}&#8220; conditional_render=&#8220;%5B%7B%22value_role%22%3A%22administrator%22%7D%5D&#8220;][vc_column][vc_column_text css=&#8220;&#8220; css_params=&#8220;&#8220;] VIDEOS Herzlich willkommen zu unserer Auswahl an Videos, in denen unsere Betonblock-Gussformen und Pflasterplatten-Gussformen vorgestellt werden. Die mit unseren Gussformen hergestellten, stapelbaren Betonbl\u00f6cke k\u00f6nnen als Bausystem f\u00fcr verschiedene Bauprojekte verwendet werden: als Lagerbuchten f\u00fcr Sch\u00fcttg\u00fcter, St\u00fctzw\u00e4nde, Sicherheitsbarrieren oder Umz\u00e4unungen im Recycling-, Industrie- und Agrarbereich. Dar\u00fcber hinaus bieten wir [&hellip;]<\/p>\n","protected":false},"author":1,"featured_media":0,"parent":5376,"menu_order":0,"comment_status":"closed","ping_status":"closed","template":"","meta":{"footnotes":""},"class_list":["post-7199","page","type-page","status-publish","hentry"],"yoast_head":"<!-- This site is optimized with the Yoast SEO plugin v27.4 - https:\/\/yoast.com\/product\/yoast-seo-wordpress\/ -->\n<title>Video: Formen f\u00fcr Betonsteine, Plattenformen, Hebeger\u00e4te - BETONMOULDS<\/title>\n<meta name=\"robots\" content=\"index, follow, max-snippet:-1, max-image-preview:large, max-video-preview:-1\" \/>\n<link rel=\"canonical\" href=\"https:\/\/www.betonmoulds.com\/de\/galerie\/videos\/\" \/>\n<meta property=\"og:locale\" content=\"de_DE\" \/>\n<meta property=\"og:type\" content=\"article\" \/>\n<meta property=\"og:title\" content=\"Video: Formen f\u00fcr Betonsteine, Plattenformen, Hebeger\u00e4te - BETONMOULDS\" \/>\n<meta property=\"og:description\" content=\"[vc_row css=&#8220;.vc_custom_1708594779312{margin-top: 30px !important;}&#8220; conditional_render=&#8220;%5B%7B%22value_role%22%3A%22administrator%22%7D%5D&#8220;][vc_column][vc_column_text css=&#8220;&#8220; css_params=&#8220;&#8220;] VIDEOS Herzlich willkommen zu unserer Auswahl an Videos, in denen unsere Betonblock-Gussformen und Pflasterplatten-Gussformen vorgestellt werden. Die mit unseren Gussformen hergestellten, stapelbaren Betonbl\u00f6cke k\u00f6nnen als Bausystem f\u00fcr verschiedene Bauprojekte verwendet werden: als Lagerbuchten f\u00fcr Sch\u00fcttg\u00fcter, St\u00fctzw\u00e4nde, Sicherheitsbarrieren oder Umz\u00e4unungen im Recycling-, Industrie- und Agrarbereich. Dar\u00fcber hinaus bieten wir [&hellip;]\" \/>\n<meta property=\"og:url\" content=\"https:\/\/www.betonmoulds.com\/de\/galerie\/videos\/\" \/>\n<meta property=\"og:site_name\" content=\"BETONMOULDS\" \/>\n<meta property=\"article:modified_time\" content=\"2025-03-17T13:00:44+00:00\" \/>\n<meta name=\"twitter:card\" content=\"summary_large_image\" \/>\n<meta name=\"twitter:label1\" content=\"Gesch\u00e4tzte Lesezeit\" \/>\n\t<meta name=\"twitter:data1\" content=\"2\u00a0Minuten\" \/>\n<script type=\"application\/ld+json\" class=\"yoast-schema-graph\">{\"@context\":\"https:\\\/\\\/schema.org\",\"@graph\":[{\"@type\":\"WebPage\",\"@id\":\"https:\\\/\\\/www.betonmoulds.com\\\/de\\\/galerie\\\/videos\\\/\",\"url\":\"https:\\\/\\\/www.betonmoulds.com\\\/de\\\/galerie\\\/videos\\\/\",\"name\":\"Video: Formen f\u00fcr Betonsteine, Plattenformen, Hebeger\u00e4te - BETONMOULDS\",\"isPartOf\":{\"@id\":\"https:\\\/\\\/www.betonmoulds.com\\\/de\\\/#website\"},\"datePublished\":\"2022-03-04T14:57:23+00:00\",\"dateModified\":\"2025-03-17T13:00:44+00:00\",\"breadcrumb\":{\"@id\":\"https:\\\/\\\/www.betonmoulds.com\\\/de\\\/galerie\\\/videos\\\/#breadcrumb\"},\"inLanguage\":\"de\",\"potentialAction\":[{\"@type\":\"ReadAction\",\"target\":[\"https:\\\/\\\/www.betonmoulds.com\\\/de\\\/galerie\\\/videos\\\/\"]}]},{\"@type\":\"BreadcrumbList\",\"@id\":\"https:\\\/\\\/www.betonmoulds.com\\\/de\\\/galerie\\\/videos\\\/#breadcrumb\",\"itemListElement\":[{\"@type\":\"ListItem\",\"position\":1,\"name\":\"Home\",\"item\":\"https:\\\/\\\/www.betonmoulds.com\\\/de\\\/\"},{\"@type\":\"ListItem\",\"position\":2,\"name\":\"Galerie\",\"item\":\"https:\\\/\\\/www.betonmoulds.com\\\/de\\\/galerie\\\/\"},{\"@type\":\"ListItem\",\"position\":3,\"name\":\"Videos\"}]},{\"@type\":\"WebSite\",\"@id\":\"https:\\\/\\\/www.betonmoulds.com\\\/de\\\/#website\",\"url\":\"https:\\\/\\\/www.betonmoulds.com\\\/de\\\/\",\"name\":\"BETONMOULDS\",\"description\":\"Upcycle leftover concrete\",\"potentialAction\":[{\"@type\":\"SearchAction\",\"target\":{\"@type\":\"EntryPoint\",\"urlTemplate\":\"https:\\\/\\\/www.betonmoulds.com\\\/de\\\/?s={search_term_string}\"},\"query-input\":{\"@type\":\"PropertyValueSpecification\",\"valueRequired\":true,\"valueName\":\"search_term_string\"}}],\"inLanguage\":\"de\"}]}<\/script>\n<!-- \/ Yoast SEO plugin. -->","yoast_head_json":{"title":"Video: Formen f\u00fcr Betonsteine, Plattenformen, Hebeger\u00e4te - BETONMOULDS","robots":{"index":"index","follow":"follow","max-snippet":"max-snippet:-1","max-image-preview":"max-image-preview:large","max-video-preview":"max-video-preview:-1"},"canonical":"https:\/\/www.betonmoulds.com\/de\/galerie\/videos\/","og_locale":"de_DE","og_type":"article","og_title":"Video: Formen f\u00fcr Betonsteine, Plattenformen, Hebeger\u00e4te - BETONMOULDS","og_description":"[vc_row css=&#8220;.vc_custom_1708594779312{margin-top: 30px !important;}&#8220; conditional_render=&#8220;%5B%7B%22value_role%22%3A%22administrator%22%7D%5D&#8220;][vc_column][vc_column_text css=&#8220;&#8220; css_params=&#8220;&#8220;] VIDEOS Herzlich willkommen zu unserer Auswahl an Videos, in denen unsere Betonblock-Gussformen und Pflasterplatten-Gussformen vorgestellt werden. Die mit unseren Gussformen hergestellten, stapelbaren Betonbl\u00f6cke k\u00f6nnen als Bausystem f\u00fcr verschiedene Bauprojekte verwendet werden: als Lagerbuchten f\u00fcr Sch\u00fcttg\u00fcter, St\u00fctzw\u00e4nde, Sicherheitsbarrieren oder Umz\u00e4unungen im Recycling-, Industrie- und Agrarbereich. Dar\u00fcber hinaus bieten wir [&hellip;]","og_url":"https:\/\/www.betonmoulds.com\/de\/galerie\/videos\/","og_site_name":"BETONMOULDS","article_modified_time":"2025-03-17T13:00:44+00:00","twitter_card":"summary_large_image","twitter_misc":{"Gesch\u00e4tzte Lesezeit":"2\u00a0Minuten"},"schema":{"@context":"https:\/\/schema.org","@graph":[{"@type":"WebPage","@id":"https:\/\/www.betonmoulds.com\/de\/galerie\/videos\/","url":"https:\/\/www.betonmoulds.com\/de\/galerie\/videos\/","name":"Video: Formen f\u00fcr Betonsteine, Plattenformen, Hebeger\u00e4te - BETONMOULDS","isPartOf":{"@id":"https:\/\/www.betonmoulds.com\/de\/#website"},"datePublished":"2022-03-04T14:57:23+00:00","dateModified":"2025-03-17T13:00:44+00:00","breadcrumb":{"@id":"https:\/\/www.betonmoulds.com\/de\/galerie\/videos\/#breadcrumb"},"inLanguage":"de","potentialAction":[{"@type":"ReadAction","target":["https:\/\/www.betonmoulds.com\/de\/galerie\/videos\/"]}]},{"@type":"BreadcrumbList","@id":"https:\/\/www.betonmoulds.com\/de\/galerie\/videos\/#breadcrumb","itemListElement":[{"@type":"ListItem","position":1,"name":"Home","item":"https:\/\/www.betonmoulds.com\/de\/"},{"@type":"ListItem","position":2,"name":"Galerie","item":"https:\/\/www.betonmoulds.com\/de\/galerie\/"},{"@type":"ListItem","position":3,"name":"Videos"}]},{"@type":"WebSite","@id":"https:\/\/www.betonmoulds.com\/de\/#website","url":"https:\/\/www.betonmoulds.com\/de\/","name":"BETONMOULDS","description":"Upcycle leftover concrete","potentialAction":[{"@type":"SearchAction","target":{"@type":"EntryPoint","urlTemplate":"https:\/\/www.betonmoulds.com\/de\/?s={search_term_string}"},"query-input":{"@type":"PropertyValueSpecification","valueRequired":true,"valueName":"search_term_string"}}],"inLanguage":"de"}]}},"_links":{"self":[{"href":"https:\/\/www.betonmoulds.com\/de\/wp-json\/wp\/v2\/pages\/7199","targetHints":{"allow":["GET"]}}],"collection":[{"href":"https:\/\/www.betonmoulds.com\/de\/wp-json\/wp\/v2\/pages"}],"about":[{"href":"https:\/\/www.betonmoulds.com\/de\/wp-json\/wp\/v2\/types\/page"}],"author":[{"embeddable":true,"href":"https:\/\/www.betonmoulds.com\/de\/wp-json\/wp\/v2\/users\/1"}],"replies":[{"embeddable":true,"href":"https:\/\/www.betonmoulds.com\/de\/wp-json\/wp\/v2\/comments?post=7199"}],"version-history":[{"count":11,"href":"https:\/\/www.betonmoulds.com\/de\/wp-json\/wp\/v2\/pages\/7199\/revisions"}],"predecessor-version":[{"id":10736,"href":"https:\/\/www.betonmoulds.com\/de\/wp-json\/wp\/v2\/pages\/7199\/revisions\/10736"}],"up":[{"embeddable":true,"href":"https:\/\/www.betonmoulds.com\/de\/wp-json\/wp\/v2\/pages\/5376"}],"wp:attachment":[{"href":"https:\/\/www.betonmoulds.com\/de\/wp-json\/wp\/v2\/media?parent=7199"}],"curies":[{"name":"wp","href":"https:\/\/api.w.org\/{rel}","templated":true}]}}