{"id":5418,"date":"2023-08-04T13:22:43","date_gmt":"2023-08-04T13:22:43","guid":{"rendered":"https:\/\/www.betonmoulds.com\/general-terms-and-conditions-of-sale-and-delivery\/"},"modified":"2023-08-05T20:00:09","modified_gmt":"2023-08-05T20:00:09","slug":"allgemeine-geschaeftsbedingungen","status":"publish","type":"page","link":"https:\/\/www.betonmoulds.com\/de\/allgemeine-geschaeftsbedingungen\/","title":{"rendered":"Allgemeine Gesch\u00e4ftsbedingungen"},"content":{"rendered":"<div class=\"wpb-content-wrapper\"><p>[vc_row css=&#8220;.vc_custom_1691262922953{margin-top: 30px !important;}&#8220; conditional_render=&#8220;%5B%7B%22value_role%22%3A%22administrator%22%7D%5D&#8220;][vc_column][vc_column_text]<\/p>\n<p style=\"text-align: center\"><span style=\"font-size: 25px;color: #000000\"><strong>ALLGEMEINE GESCH\u00c4FTSBEDINGUNGEN<\/strong><\/span><\/p>\n<p>von BM International Solutions B.V., nachfolgend genannt \u201eBM\u201c<\/p>\n<p><strong>Geltungsbereich<\/strong><\/p>\n<ol>\n<li>Diese allgemeinen Gesch\u00e4ftsbedingungen gelten f\u00fcr alle, auch die \u00fcber den Onlineshop <u>betonmoulds.com<\/u> vorgelegten, Angebote von BM und zudem f\u00fcr alle, auch die \u00fcber den Onlineshop geschlossenen, Vertr\u00e4ge zwischen BM und einem Vertragspartner, nachfolgend \u201eVertragspartner\u201c genannt.<\/li>\n<li>Durch Erteilung eines Auftrags erkl\u00e4rt der Vertragspartner sich mit der Anwendbarkeit der vorliegenden allgemeinen Gesch\u00e4ftsbedingungen einverstanden. Die allgemeinen Gesch\u00e4ftsbedingungen des Vertragspartners kommen daher nicht zur Anwendung, sofern nicht schriftlich etwas anderes vereinbart wurde.<\/li>\n<\/ol>\n<p><strong>Vertrag<\/strong><\/p>\n<ol start=\"3\">\n<li>Vertr\u00e4ge kommen durch schriftliche oder elektronische Annahme durch BM zustande.<\/li>\n<li>Alle Transaktionen zwischen BM und dem Vertragspartner werden als B2B-Transaktionen betrachtet.<\/li>\n<li>BM ist befugt, Dritte zu beauftragen, sofern BM dies f\u00fcr die Vertragserf\u00fcllung als notwendig erachtet. Die entstehenden Kosten werden dem Vertragspartner in Rechnung gestellt.<\/li>\n<li>BM ist berechtigt, zu jedem beliebigen Zeitpunkt (ohne Angabe von Gr\u00fcnden) vom Vertrag (Ihre Einkaufsm\u00f6glichkeit in unserem Onlineshop und Ihr Zugriff darauf) zur\u00fcckzutreten. Ein R\u00fccktritt vom Vertrag wird dem Vertragspartner von BM mitgeteilt. BM kann im Fall eines R\u00fccktritts nicht haftbar gemacht werden und \u00fcbernimmt auch keine Haftung f\u00fcr m\u00f6gliche Folgen jeglicher Art.<\/li>\n<\/ol>\n<p><strong>Angebote und Preislisten<\/strong><\/p>\n<ol start=\"7\">\n<li>Sofern nicht schriftlich ausdr\u00fccklich anders vereinbart, sind alle Angebote und Preislisten von BM Angebote von BM behalten ihre G\u00fcltigkeit f\u00fcr 30 Tage ab Angebotsdatum, sofern nicht schriftlich ausdr\u00fccklich etwas anderes vereinbart wurde.<\/li>\n<li>Alle Preisangaben verstehen sich vorbehaltlich Preis\u00e4nderungen. BM beh\u00e4lt sich das Recht vor, die in Angeboten und Preislisten angegebenen Preise, jederzeit \u2013 bis zum Zeitpunkt der Zahlung \u2013 zu \u00e4ndern, zum Beispiel, jedoch nicht ausschlie\u00dflich infolge von Wechselkurs\u00e4nderungen. Eine solche Preis\u00e4nderung r\u00e4umt dem Vertragspartner nicht das Recht ein, vom Vertrag zur\u00fcckzutreten, es sei denn, bei der Preis\u00e4nderung handelt es sich um eine Erh\u00f6hung von mehr als 15 %.<\/li>\n<li>Von BM dem Vertragspartner \u00fcbermittelte Preislisten, Angebote, Erl\u00e4uterungen und Best\u00e4tigungen sind vertraulich und d\u00fcrfen daher Dritten nicht (zur Einsichtnahme) \u00fcberlassen werden. Alle Sch\u00e4den, die BM entstehen, weil der Vertragspartner gegen diese Bestimmung verst\u00f6\u00dft, m\u00fcssen zur G\u00e4nze vom Vertragspartner ersetzt werden.<\/li>\n<\/ol>\n<p><strong>Lieferung und Gefahr<\/strong><\/p>\n<ol start=\"10\">\n<li>Angegebene \u00dcbergabe-\/Lieferfristen sind unverbindlich, sofern nicht schriftlich ausdr\u00fccklich etwas anderes vereinbart wurde.<\/li>\n<li>Die Lieferung von Waren durch BM und der Gefahr\u00fcbergang erfolgen ab Lager\/Unternehmen von BM. Sobald die Waren das Lager\/Unternehmen von BM verlassen haben, geht die Gefahr f\u00fcr die Waren auf den Vertragspartner \u00fcber. Wir liefern unter Incoterms EXW, DAP oder CFR.<\/li>\n<li>Transporte erfolgen stets auf Rechnung und Gefahr des Vertragspartners, auch wenn der Vertragspartner BM den Auftrag erteilt, den Transport durchzuf\u00fchren. Dies gilt auch, wenn der Spediteur angibt, dass Transportsch\u00e4den auf Rechnung und Gefahr des Absenders (BM) gehen.<\/li>\n<li>Wann die Lieferung von Waren inkomplett Var, liegt die Verantwortung bei des Vertragspartner. Das Vertragspartner muss BM berichten innerhalb von 2 Wochen (14 Tagen) \u00fcber den inkomplette Lieferung. Nach diesem 14 Tagen die Verantwortung f\u00fcr die inkomplette Lieferung ist nicht mehr f\u00fcr BM.<\/li>\n<\/ol>\n<p><strong>\u00a0<\/strong><strong>Letter of credit<\/strong><\/p>\n<ol start=\"14\">\n<li>Letter of Credit (LC) Vereinbarungen sind nur anwendbar, wenn sie von BM vollst\u00e4ndig akzeptiert werden. Wird ein LC vollst\u00e4ndig von BM akzeptiert und von der BM-Verwaltung an die er\u00f6ffnende Bank best\u00e4tigt, d\u00fcrfen unter keinen Umst\u00e4nden \u00c4nderungen irgendwelcher Art an der von BM best\u00e4tigten LC vorgenommen werden oder werden akzeptiert.<br \/>\nEs ist nach eigenem Ermessen zu entscheiden, ob ein LC-Zahlungssystem anwendbar ist oder nicht. Alle Bankkosten des LC m\u00fcssen vom Kunden bezahlt werden, der das LC anfordert, und werden separat in Rechnung gestellt, wenn sie nicht im anh\u00e4ngigen LC hinzugef\u00fcgt werden k\u00f6nnen.<\/li>\n<\/ol>\n<p><strong>Sanktionierte L\u00e4nder EU &#8211; OFAC als Teil unserer Lieferbedingungen<\/strong><\/p>\n<ol start=\"15\">\n<li>BM BV h\u00e4lt sich an die europ\u00e4ischen Rechtsvorschriften, die vom EU und OFAC in Bezug auf sanktionierte L\u00e4nder erlassen wurden. Gem\u00e4\u00df diesen Vorschriften f\u00fchrt BM BV keine oder nur begrenzte Transaktionen mit L\u00e4ndern durch, die auf der Sanktionsliste stehen.<\/li>\n<li>Dem Abnehmer ist es aufgrund der Weiterverkaufsklausel\u00a0<a href=\"https:\/\/eeas.europa.eu\/headquarters\/headquarters-homepage\/8442\/consolidated-list-sanctions_en\">der EU<\/a> und\u00a0<a href=\"https:\/\/www.treasury.gov\/resource-center\/sanctions\/SDN-List\/Pages\/default.aspx\">der OFAC<\/a>verboten, die gelieferten Waren nachtr\u00e4glich in sanktionierte L\u00e4nder, die auf der Website der OFAC stehen, zu verkaufen.<\/li>\n<li>BM BV \u00fcbernimmt keine Verantwortung, wenn der Abnehmer gelieferte Waren an ein sanktioniertes Land weiterverkauft.<\/li>\n<li>BM hat das Recht, ein Angebot zur\u00fcckzuziehen, wenn die Vermutung besteht, dass die Rechtsvorschriften in Bezug auf sanktionierte L\u00e4nder nicht befolgt werden.<\/li>\n<\/ol>\n<p><strong>Zahlung<\/strong><\/p>\n<ol start=\"19\">\n<li>Sofern nicht schriftlich ausdr\u00fccklich anders vereinbart, muss die Zahlung vom Vertragspartner vor der Lieferung per Bank\u00fcberweisung oder bei der Lieferung in bar erfolgen.<\/li>\n<li>Sollte der Vertragspartner die Zahlung nicht rechtzeitig t\u00e4tigen, ist er sofort in Verzug, ohne dass eine Mahnung von BM erforderlich ist. Der Vertragspartner hat in diesem Fall neben den gesetzlichen Handelszinsen auch die au\u00dfergerichtlichen (Inkasso-)Kosten zu zahlen, die in Abweichung von Art.6:96, Absatz 4 des \u201eBurgerlijk Wetboek\u201c (niederl\u00e4ndisches BGB) sowie in Abweichung vom \u201eBesluit vergoeding buitengerechtelijke kosten\u201c (niederl\u00e4ndischer Erlass \u00fcber die Verg\u00fctung au\u00dfergerichtlicher Inkassokosten) 15 % der Gesamtsumme bzw. zumindest 100,00 \u20ac f\u00fcr jede teilweise oder g\u00e4nzlich offene Rechnung betragen.<\/li>\n<li>Zahlungen erfolgen immer ohne Recht auf Aufschub oder Aufrechnung, es sei denn, die Gegenforderung, mit der der Vertragspartner aufrechnen will, wurde schriftlich von BM anerkannt.<\/li>\n<li>Vom Vertragspartner get\u00e4tigte (Teil-)Zahlungen dienen, ungeachtet der vom Vertragspartner angegebenen Zuordnung, zuerst zur Begleichung der am l\u00e4ngsten f\u00e4lligen Rechnung.<\/li>\n<li>Zahlungen m\u00fcssen unter Ihren Kosten erfolgen (code OUR)<\/li>\n<li>Wenn aufgrund von Finanzkennzahlen, die von Kreditbewertungsparteien wie beispielsweise Creditsafe herausgegeben werden, ein Grund besteht, eine mit einem Kunden vereinbarte bestehende Kreditfazilit\u00e4t zu k\u00fcndigen, ist BM jederzeit berechtigt, dies sofort und einseitig, auf eigene Initiative und gem\u00e4\u00df eigener Beurteilung zu tun. BM haftet in keiner Weise f\u00fcr Folgesch\u00e4den.<\/li>\n<\/ol>\n<p><strong>Garantie,\u00a0M\u00e4ngel und Beschwerdepflicht<\/strong><\/p>\n<ol start=\"25\">\n<li>BM garantiert, dass die von BM gelieferten Waren sowie erbrachten Arbeiten oder Dienstleistungen f\u00fcr die von BM beabsichtigten Anwendungen, die aus der mitgelieferten Gebrauchsanweisung hervorgehen, geeignet sind. Weiter reichende Garantien werden von BM nur dann erteilt, wenn dies explizit schriftlich vereinbart wurde.<\/li>\n<li>Sofern eine Werksgarantie und\/oder eine Produkthaftung vorliegen, ist einzig der Hersteller haftbar.<\/li>\n<li>Wenn ein Vertrag BM zur Lieferung von Waren verpflichtet, muss der Vertragspartner sichtbare M\u00e4ngel sofort bei Erhalt auf dem (digitalen) Lieferschein vermerken. Dies kann u. a., aber nicht ausschlie\u00dflich das Transportdokument oder der Packzettel sein. Zudem m\u00fcssen die M\u00e4ngel BM schriftlich (per E-Mail) gemeldet werden.<\/li>\n<li>\u00dcbrige (versteckte) M\u00e4ngel muss der Vertragspartner BM innerhalb von 24 Stunden, nachdem ein solcher Mangel entdeckt wurde oder nach billigem Ermessen entdeckt h\u00e4tte werden m\u00fcssen, schriftlich (per E-Mail) melden. BM handhabt eine kurze Beschwerdefrist, weil eine nicht rechtzeitige Beschwerde gro\u00dfe Folgesch\u00e4den mit sich bringen kann, was nur mit dieser kurzen Beschwerdefrist vermieden werden kann.<\/li>\n<li>Meldungen \u00fcber M\u00e4ngel, die nicht von der Originalkaufrechnung begleitet sind, werden von BM nicht bearbeitet.<\/li>\n<li>Der Vertragspartner hat keinen Anspruch auf die Behebung von M\u00e4ngeln, wenn diese Systeme und Ger\u00e4te betreffen, die im Rahmen eines Projekts geliefert wurden, das bereits abgenommen wurde und f\u00fcr das ein Annahmeformular bei der Abnahme unterzeichnet wurde.<\/li>\n<li>Wenn der Vertragspartner eine Beschwerde eingereicht hat und die Waren tats\u00e4chlich nicht den garantierten Anforderungen entsprechen oder M\u00e4ngel aufweisen, ist BM verpflichtet, nach eigener Wahl die Waren entweder auf eigene Rechnung zu reparieren oder auszutauschen. Alle Logistikkosten, die mit der Reparatur, dem Tausch oder einer Instandsetzung einhergehen, gehen auf Rechnung und Gefahr des Vertragspartners.<\/li>\n<li>Die Geltendmachung des Reklamationsrechts hebt die Zahlungspflicht des Vertragspartners nicht auf.<\/li>\n<li>BM akzeptiert ausdr\u00fccklich keine R\u00fccksendungen. Die von Ihnen bestellten Produkte werden nach Zahlungseingang geliefert. Sie k\u00f6nnen nur solche Bestellungen stornieren, die noch nicht bezahlt sind. Sie k\u00f6nnen Ihre Produkte also nicht zur\u00fcckschicken, auch wenn die Verpackungen unge\u00f6ffnet oder unbesch\u00e4digt sind.<\/li>\n<\/ol>\n<p><strong>H\u00f6here Gewalt<\/strong><\/p>\n<ol start=\"34\">\n<li>Bei h\u00f6herer Gewalt ist BM berechtigt, seine Pflichten f\u00fcr die Dauer der h\u00f6heren Gewalt auszusetzen. Unter h\u00f6herer Gewalt werden unter anderem alle Situationen verstanden, die zum Zeitpunkt des Vertragsabschlusses nach billigem Ermessen nicht zu erwarten waren und au\u00dferhalb des Einflussbereichs von BM liegen. Im Fall von h\u00f6herer Gewalt hat der Vertragspartner keinen Anspruch auf Schadensersatz.<\/li>\n<\/ol>\n<p><strong>Haftung<\/strong><\/p>\n<ol start=\"35\">\n<li>Weder BM noch Dritte, die f\u00fcr die Vertragserf\u00fcllung beauftragt wurden, haften gegen\u00fcber dem Vertragspartner f\u00fcr den Ersatz irgendwelcher direkten oder indirekten Sch\u00e4den, aus welchem Grund auch immer sie entstanden sein m\u00f6gen. Ausgenommen davon sind Sch\u00e4den, die durch Vorsatz oder grobe Fahrl\u00e4ssigkeit von BM verursacht wurden.<\/li>\n<li>Die Haftung von BM ist auf den Rechnungsbetrag des jeweiligen Auftrags beschr\u00e4nkt. Indirekte Sch\u00e4den, darunter unter anderem Folgesch\u00e4den, entgangener Gewinn und Sch\u00e4den durch Betriebsunterbrechung, kommen niemals f\u00fcr einen Ersatz in Betracht.<\/li>\n<li>In Abweichung von Obigem gilt, dass die Haftung von BM bei bestehender Versicherung gegen den betreffenden Schaden auf den aufgrund dieser Versicherung von der Versicherungsgesellschaft ausgezahlten Betrag beschr\u00e4nkt ist. Eine Kopie des Versicherungsscheins sowie der Bedingungen liegt zur Einsichtnahme f\u00fcr den Vertragspartner im B\u00fcro von BM auf.<\/li>\n<\/ol>\n<p><strong>Eigentumsvorbehalt und Zur\u00fcckbehaltungsrecht<\/strong><\/p>\n<ol start=\"38\">\n<li>BM beh\u00e4lt sich gem\u00e4\u00df Artikel 3:92 des \u201eBurgerlijk Wetboek\u201c (niederl\u00e4ndisches BGB) das Eigentum an allen von BM gelieferten Waren zur Sicherung der Forderungen in Bezug auf die Gegenleistung f\u00fcr die von BM aufgrund eines Vertrages dem Vertragspartner gelieferten Waren oder aufgrund eines Vertrages f\u00fcr den Vertragspartner verrichteten oder zu verrichtenden Arbeiten sowie f\u00fcr Forderungen wegen mangelhafter Erf\u00fcllung solcher Vertr\u00e4ge vor. Sofern zwischen BM und dem Vertragspartner aufeinanderfolgend oder regelm\u00e4\u00dfig Transaktionen zustande kommen, erlischt der Eigentumsvorbehalt erst, wenn der Vertragspartner alle Forderungen von BM beglichen hat. Der Vertragspartner ist verpflichtet, auf jegliche Handlung zu verzichten, die den genannten Eigentumsvorbehalt beeintr\u00e4chtigt, darunter Begr\u00fcndung eines Pfandrechts, \u00dcbertragung auf einen Dritten, Verkauf oder Montage.<\/li>\n<li>BM hat ein Zur\u00fcckbehaltungsrecht auf die BM zur Bearbeitung, Reparatur oder Lagerung \u00fcberlassenen Sachen. Falls BM dieses Recht geltend macht, erlischt dieses Recht nicht durch das Leisten von Sicherheiten durch den Vertragspartner.<\/li>\n<\/ol>\n<p><strong>Rechtswahl\u00a0<\/strong><\/p>\n<ol start=\"40\">\n<li>F\u00fcr alle Vertr\u00e4ge gilt ausschlie\u00dflich niederl\u00e4ndisches Recht unter Ausschluss des \u00dcbereinkommens \u00fcber Vertr\u00e4ge \u00fcber den internationalen Warenkauf (UN-Kaufrecht). Bei Streitigkeiten zwischen BM und dem Vertragspartner ist ausschlie\u00dflich das Gericht Noord-Holland, Standort Alkmaar (Niederlande) zust\u00e4ndig, unbeschadet des Rechts von BM, ein anderes Gericht, n\u00f6tigenfalls in einem anderen Land, zu w\u00e4hlen.<\/li>\n<\/ol>\n<p>[\/vc_column_text][\/vc_column][\/vc_row]<\/p>\n<\/div>","protected":false},"excerpt":{"rendered":"<p>[vc_row css=&#8220;.vc_custom_1691262922953{margin-top: 30px !important;}&#8220; conditional_render=&#8220;%5B%7B%22value_role%22%3A%22administrator%22%7D%5D&#8220;][vc_column][vc_column_text] ALLGEMEINE GESCH\u00c4FTSBEDINGUNGEN von BM International Solutions B.V., nachfolgend genannt \u201eBM\u201c Geltungsbereich Diese allgemeinen Gesch\u00e4ftsbedingungen gelten f\u00fcr alle, auch die \u00fcber den Onlineshop betonmoulds.com vorgelegten, Angebote von BM und zudem f\u00fcr alle, auch die \u00fcber den Onlineshop geschlossenen, Vertr\u00e4ge zwischen BM und einem Vertragspartner, nachfolgend \u201eVertragspartner\u201c genannt. Durch Erteilung eines Auftrags [&hellip;]<\/p>\n","protected":false},"author":3,"featured_media":0,"parent":0,"menu_order":0,"comment_status":"closed","ping_status":"closed","template":"","meta":{"footnotes":""},"class_list":["post-5418","page","type-page","status-publish","hentry"],"yoast_head":"<!-- This site is optimized with the Yoast SEO plugin v27.4 - https:\/\/yoast.com\/product\/yoast-seo-wordpress\/ -->\n<title>Allgemeine Gesch\u00e4ftsbedingungen - BETONMOULDS<\/title>\n<meta name=\"robots\" content=\"index, follow, max-snippet:-1, max-image-preview:large, max-video-preview:-1\" \/>\n<link rel=\"canonical\" href=\"https:\/\/www.betonmoulds.com\/de\/allgemeine-geschaeftsbedingungen\/\" \/>\n<meta property=\"og:locale\" content=\"de_DE\" \/>\n<meta property=\"og:type\" content=\"article\" \/>\n<meta property=\"og:title\" content=\"Allgemeine Gesch\u00e4ftsbedingungen - BETONMOULDS\" \/>\n<meta property=\"og:description\" content=\"[vc_row css=&#8220;.vc_custom_1691262922953{margin-top: 30px !important;}&#8220; conditional_render=&#8220;%5B%7B%22value_role%22%3A%22administrator%22%7D%5D&#8220;][vc_column][vc_column_text] ALLGEMEINE GESCH\u00c4FTSBEDINGUNGEN von BM International Solutions B.V., nachfolgend genannt \u201eBM\u201c Geltungsbereich Diese allgemeinen Gesch\u00e4ftsbedingungen gelten f\u00fcr alle, auch die \u00fcber den Onlineshop betonmoulds.com vorgelegten, Angebote von BM und zudem f\u00fcr alle, auch die \u00fcber den Onlineshop geschlossenen, Vertr\u00e4ge zwischen BM und einem Vertragspartner, nachfolgend \u201eVertragspartner\u201c genannt. Durch Erteilung eines Auftrags [&hellip;]\" \/>\n<meta property=\"og:url\" content=\"https:\/\/www.betonmoulds.com\/de\/allgemeine-geschaeftsbedingungen\/\" \/>\n<meta property=\"og:site_name\" content=\"BETONMOULDS\" \/>\n<meta property=\"article:modified_time\" content=\"2023-08-05T20:00:09+00:00\" \/>\n<meta name=\"twitter:card\" content=\"summary_large_image\" \/>\n<meta name=\"twitter:label1\" content=\"Gesch\u00e4tzte Lesezeit\" \/>\n\t<meta name=\"twitter:data1\" content=\"7\u00a0Minuten\" \/>\n<script type=\"application\/ld+json\" class=\"yoast-schema-graph\">{\"@context\":\"https:\\\/\\\/schema.org\",\"@graph\":[{\"@type\":\"WebPage\",\"@id\":\"https:\\\/\\\/www.betonmoulds.com\\\/de\\\/allgemeine-geschaeftsbedingungen\\\/\",\"url\":\"https:\\\/\\\/www.betonmoulds.com\\\/de\\\/allgemeine-geschaeftsbedingungen\\\/\",\"name\":\"Allgemeine Gesch\u00e4ftsbedingungen - BETONMOULDS\",\"isPartOf\":{\"@id\":\"https:\\\/\\\/www.betonmoulds.com\\\/de\\\/#website\"},\"datePublished\":\"2023-08-04T13:22:43+00:00\",\"dateModified\":\"2023-08-05T20:00:09+00:00\",\"breadcrumb\":{\"@id\":\"https:\\\/\\\/www.betonmoulds.com\\\/de\\\/allgemeine-geschaeftsbedingungen\\\/#breadcrumb\"},\"inLanguage\":\"de\",\"potentialAction\":[{\"@type\":\"ReadAction\",\"target\":[\"https:\\\/\\\/www.betonmoulds.com\\\/de\\\/allgemeine-geschaeftsbedingungen\\\/\"]}]},{\"@type\":\"BreadcrumbList\",\"@id\":\"https:\\\/\\\/www.betonmoulds.com\\\/de\\\/allgemeine-geschaeftsbedingungen\\\/#breadcrumb\",\"itemListElement\":[{\"@type\":\"ListItem\",\"position\":1,\"name\":\"Home\",\"item\":\"https:\\\/\\\/www.betonmoulds.com\\\/de\\\/\"},{\"@type\":\"ListItem\",\"position\":2,\"name\":\"Allgemeine Gesch\u00e4ftsbedingungen\"}]},{\"@type\":\"WebSite\",\"@id\":\"https:\\\/\\\/www.betonmoulds.com\\\/de\\\/#website\",\"url\":\"https:\\\/\\\/www.betonmoulds.com\\\/de\\\/\",\"name\":\"BETONMOULDS\",\"description\":\"Upcycle leftover concrete\",\"potentialAction\":[{\"@type\":\"SearchAction\",\"target\":{\"@type\":\"EntryPoint\",\"urlTemplate\":\"https:\\\/\\\/www.betonmoulds.com\\\/de\\\/?s={search_term_string}\"},\"query-input\":{\"@type\":\"PropertyValueSpecification\",\"valueRequired\":true,\"valueName\":\"search_term_string\"}}],\"inLanguage\":\"de\"}]}<\/script>\n<!-- \/ Yoast SEO plugin. -->","yoast_head_json":{"title":"Allgemeine Gesch\u00e4ftsbedingungen - BETONMOULDS","robots":{"index":"index","follow":"follow","max-snippet":"max-snippet:-1","max-image-preview":"max-image-preview:large","max-video-preview":"max-video-preview:-1"},"canonical":"https:\/\/www.betonmoulds.com\/de\/allgemeine-geschaeftsbedingungen\/","og_locale":"de_DE","og_type":"article","og_title":"Allgemeine Gesch\u00e4ftsbedingungen - BETONMOULDS","og_description":"[vc_row css=&#8220;.vc_custom_1691262922953{margin-top: 30px !important;}&#8220; conditional_render=&#8220;%5B%7B%22value_role%22%3A%22administrator%22%7D%5D&#8220;][vc_column][vc_column_text] ALLGEMEINE GESCH\u00c4FTSBEDINGUNGEN von BM International Solutions B.V., nachfolgend genannt \u201eBM\u201c Geltungsbereich Diese allgemeinen Gesch\u00e4ftsbedingungen gelten f\u00fcr alle, auch die \u00fcber den Onlineshop betonmoulds.com vorgelegten, Angebote von BM und zudem f\u00fcr alle, auch die \u00fcber den Onlineshop geschlossenen, Vertr\u00e4ge zwischen BM und einem Vertragspartner, nachfolgend \u201eVertragspartner\u201c genannt. Durch Erteilung eines Auftrags [&hellip;]","og_url":"https:\/\/www.betonmoulds.com\/de\/allgemeine-geschaeftsbedingungen\/","og_site_name":"BETONMOULDS","article_modified_time":"2023-08-05T20:00:09+00:00","twitter_card":"summary_large_image","twitter_misc":{"Gesch\u00e4tzte Lesezeit":"7\u00a0Minuten"},"schema":{"@context":"https:\/\/schema.org","@graph":[{"@type":"WebPage","@id":"https:\/\/www.betonmoulds.com\/de\/allgemeine-geschaeftsbedingungen\/","url":"https:\/\/www.betonmoulds.com\/de\/allgemeine-geschaeftsbedingungen\/","name":"Allgemeine Gesch\u00e4ftsbedingungen - BETONMOULDS","isPartOf":{"@id":"https:\/\/www.betonmoulds.com\/de\/#website"},"datePublished":"2023-08-04T13:22:43+00:00","dateModified":"2023-08-05T20:00:09+00:00","breadcrumb":{"@id":"https:\/\/www.betonmoulds.com\/de\/allgemeine-geschaeftsbedingungen\/#breadcrumb"},"inLanguage":"de","potentialAction":[{"@type":"ReadAction","target":["https:\/\/www.betonmoulds.com\/de\/allgemeine-geschaeftsbedingungen\/"]}]},{"@type":"BreadcrumbList","@id":"https:\/\/www.betonmoulds.com\/de\/allgemeine-geschaeftsbedingungen\/#breadcrumb","itemListElement":[{"@type":"ListItem","position":1,"name":"Home","item":"https:\/\/www.betonmoulds.com\/de\/"},{"@type":"ListItem","position":2,"name":"Allgemeine Gesch\u00e4ftsbedingungen"}]},{"@type":"WebSite","@id":"https:\/\/www.betonmoulds.com\/de\/#website","url":"https:\/\/www.betonmoulds.com\/de\/","name":"BETONMOULDS","description":"Upcycle leftover concrete","potentialAction":[{"@type":"SearchAction","target":{"@type":"EntryPoint","urlTemplate":"https:\/\/www.betonmoulds.com\/de\/?s={search_term_string}"},"query-input":{"@type":"PropertyValueSpecification","valueRequired":true,"valueName":"search_term_string"}}],"inLanguage":"de"}]}},"_links":{"self":[{"href":"https:\/\/www.betonmoulds.com\/de\/wp-json\/wp\/v2\/pages\/5418","targetHints":{"allow":["GET"]}}],"collection":[{"href":"https:\/\/www.betonmoulds.com\/de\/wp-json\/wp\/v2\/pages"}],"about":[{"href":"https:\/\/www.betonmoulds.com\/de\/wp-json\/wp\/v2\/types\/page"}],"author":[{"embeddable":true,"href":"https:\/\/www.betonmoulds.com\/de\/wp-json\/wp\/v2\/users\/3"}],"replies":[{"embeddable":true,"href":"https:\/\/www.betonmoulds.com\/de\/wp-json\/wp\/v2\/comments?post=5418"}],"version-history":[{"count":3,"href":"https:\/\/www.betonmoulds.com\/de\/wp-json\/wp\/v2\/pages\/5418\/revisions"}],"predecessor-version":[{"id":5421,"href":"https:\/\/www.betonmoulds.com\/de\/wp-json\/wp\/v2\/pages\/5418\/revisions\/5421"}],"wp:attachment":[{"href":"https:\/\/www.betonmoulds.com\/de\/wp-json\/wp\/v2\/media?parent=5418"}],"curies":[{"name":"wp","href":"https:\/\/api.w.org\/{rel}","templated":true}]}}