{"id":5379,"date":"2022-03-04T15:11:17","date_gmt":"2022-03-04T15:11:17","guid":{"rendered":"https:\/\/www.betonmoulds.com\/galerie\/photo-gallery\/"},"modified":"2025-03-03T09:45:23","modified_gmt":"2025-03-03T09:45:23","slug":"fotos","status":"publish","type":"page","link":"https:\/\/www.betonmoulds.com\/de\/galerie\/fotos\/","title":{"rendered":"Fotos"},"content":{"rendered":"<div class=\"wpb-content-wrapper\"><p>[vc_row full_width=&#8220;stretch_row&#8220; css=&#8220;.vc_custom_1709241206784{margin-top: 30px !important;}&#8220; conditional_render=&#8220;%5B%7B%22value_role%22%3A%22administrator%22%7D%5D&#8220;][vc_column][vc_column_text]<\/p>\n<p style=\"text-align: center;\"><a href=\"https:\/\/www.betonmoulds.com\/de\/produkt-kategorie\/betonblocke\/\"><span style=\"font-size: 25px; color: #000000;\"><strong>GUSSFORM F\u00dcR STAPELBAREN BETONBL\u00d6CKEN<\/strong><\/span><\/a><\/p>\n<p>[\/vc_column_text][vc_masonry_media_grid element_width=&#8220;3&#8243; gap=&#8220;10&#8243; initial_loading_animation=&#8220;none&#8220; grid_id=&#8220;vc_gid:1740994900374-5776420f-5f1b-0&#8243; include=&#8220;4877,4776,4882,4887&#8243;][vc_column_text css=&#8220;.vc_custom_1709286952826{margin-top: -15px !important;}&#8220;]<\/p>\n<p style=\"text-align: center;\">Die Basisblock-Gussform bietet vielf\u00e4ltige M\u00f6glichkeiten zur Herstellung von Betonbl\u00f6cken. Die Basis-Gussform ist in verschiedenen Gr\u00f6\u00dfen erh\u00e4ltlich. Wir bieten verschiedene Eins\u00e4tze f\u00fcr diese Beton-Gussform an, um verschiedene Blockformen herstellen zu k\u00f6nnen.<\/p>\n<p>[\/vc_column_text][\/vc_column][\/vc_row][vc_row full_width=&#8220;stretch_row&#8220; content_placement=&#8220;middle&#8220; css=&#8220;.vc_custom_1709241296348{padding-top: 40px !important;background-color: #1c1c1c !important;}&#8220; conditional_render=&#8220;%5B%7B%22value_role%22%3A%22administrator%22%7D%5D&#8220;][vc_column][vc_column_text]<\/p>\n<p style=\"text-align: center;\"><a href=\"https:\/\/www.betonmoulds.com\/de\/produkt-kategorie\/jersey-barrier\/\"><span style=\"font-size: 25px; color: #ffffff;\"><strong>JERSEY BARRIERE GUSSFORM<\/strong><\/span><\/a><\/p>\n<p>[\/vc_column_text][vc_masonry_media_grid element_width=&#8220;3&#8243; gap=&#8220;10&#8243; initial_loading_animation=&#8220;none&#8220; grid_id=&#8220;vc_gid:1740994900383-593094f5-5dd5-10&#8243; include=&#8220;7320,4944,4939,4964&#8243;][vc_column_text css=&#8220;.vc_custom_1709287022837{margin-top: -15px !important;}&#8220;]<\/p>\n<p style=\"text-align: center;\"><span style=\"color: #f5f5f5;\">Der einzigartige, patentierte Einsatz zur Produktion von Jersey Beton-Barrieren. Keine kostenintensiven separaten Gussformen erforderlich. Dieser ist in Kombination mit unserer Basisgussform, zur Herstellung verschiedener Betonbl\u00f6cke, zu verwenden.<\/span><\/p>\n<p>[\/vc_column_text][\/vc_column][\/vc_row][vc_row full_width=&#8220;stretch_row&#8220; content_placement=&#8220;middle&#8220; css=&#8220;.vc_custom_1709241199480{padding-top: 10px !important;background-color: #f2f2f2 !important;}&#8220; conditional_render=&#8220;%5B%7B%22value_role%22%3A%22administrator%22%7D%5D&#8220;][vc_column][vc_column_text]<\/p>\n<p style=\"text-align: center;\"><a href=\"https:\/\/www.betonmoulds.com\/de\/produkt-kategorie\/stutzwand\/\"><span style=\"font-size: 25px; color: #000000;\"><strong>ST\u00dcTZWANDFORM<\/strong><\/span><\/a><\/p>\n<p>[\/vc_column_text][vc_masonry_media_grid element_width=&#8220;3&#8243; gap=&#8220;10&#8243; initial_loading_animation=&#8220;none&#8220; grid_id=&#8220;vc_gid:1740994900391-fcd0a641-2acd-0&#8243; include=&#8220;4989,4984,4979&#8243;][vc_column_text css=&#8220;.vc_custom_1709287450799{margin-top: -15px !important;}&#8220;]<\/p>\n<p style=\"text-align: center;\">Dieses Einsatzst\u00fcck ist ein einzigartiges patentiertes Produkt zur Herstellung von\u00a0\u00a0 \u00a0L-f\u00f6rmigen St\u00fctzmauer-Betonbl\u00f6cken. Keine kostenintensiven separaten Gussformen erforderlich. Es ist in Kombination mit unserer Basisgussform, zur Herstellung verschiedener Betonbl\u00f6cke, zu verwenden.<\/p>\n<p>[\/vc_column_text][\/vc_column][\/vc_row][vc_row full_width=&#8220;stretch_row&#8220; conditional_render=&#8220;%5B%7B%22value_role%22%3A%22administrator%22%7D%5D&#8220;][vc_column][vc_column_text]<\/p>\n<p style=\"text-align: center;\"><a href=\"https:\/\/www.betonmoulds.com\/de\/produkt-kategorie\/betonplatten\/\"><span style=\"font-size: 25px; color: #000000;\"><strong>BETONPLATTEFORM<\/strong><\/span><\/a><\/p>\n<p>[\/vc_column_text][vc_masonry_media_grid element_width=&#8220;3&#8243; gap=&#8220;10&#8243; initial_loading_animation=&#8220;none&#8220; grid_id=&#8220;vc_gid:1740994900396-80dc2921-015f-7&#8243; include=&#8220;4626,4621,4636,4616&#8243;][vc_column_text css=&#8220;.vc_custom_1709287515017{margin-top: -15px !important;}&#8220;]<\/p>\n<p style=\"text-align: center;\">Mit dieser robusten Betonplatten-Gussform k\u00f6nnen Sie m\u00fchelos Betonplatten herstellen. Betonplatten eignen sich perfekt f\u00fcr dauerhafte oder vor\u00fcbergehende Pflasterung. Sie k\u00f6nnen der Belastung durch schwerere Fahrzeuge standhalten.<\/p>\n<p>[\/vc_column_text][\/vc_column][\/vc_row][vc_row full_width=&#8220;stretch_row&#8220; content_placement=&#8220;middle&#8220; css=&#8220;.vc_custom_1709241485944{padding-top: 40px !important;background-color: #1c1c1c !important;}&#8220; conditional_render=&#8220;%5B%7B%22value_role%22%3A%22administrator%22%7D%5D&#8220;][vc_column][vc_column_text]<\/p>\n<p style=\"text-align: center;\"><a href=\"https:\/\/www.betonmoulds.com\/de\/produkt-kategorie\/transport-hebegeraeten\/transport-betonblocke\/\"><span style=\"font-size: 25px; color: #ffffff;\"><strong>GREIFZANGE F\u00dcR BETONBL\u00d6CKE<\/strong><\/span><\/a><\/p>\n<p>[\/vc_column_text][vc_masonry_media_grid element_width=&#8220;3&#8243; gap=&#8220;10&#8243; css=&#8220;&#8220; initial_loading_animation=&#8220;none&#8220; grid_id=&#8220;vc_gid:1740994900403-a1a650ea-39d9-1&#8243; include=&#8220;7277,6770,4964,10666&#8243; css_params=&#8220;&#8220;][vc_column_text css=&#8220;.vc_custom_1709287573490{margin-top: -15px !important;}&#8220;]<\/p>\n<p style=\"text-align: center;\"><span style=\"color: #f5f5f5;\">Eine mechanische Betonblock-Klemme ist ein Scherengreifer, der vollautomatisch von einem Kran, einem Ladekran (HIAB) oder einem Gabelstapler aus bedient werden kann, ohne dass der Fahrer die Sicherheit seine Fahrerkabine verlassen muss. Die mechanische Hebeklemme minimiert die Pendelbewegungen des Betonblocks w\u00e4hrend des Hebens und macht eine pr\u00e4zise Positionierung m\u00f6glich.<\/span><\/p>\n<p>[\/vc_column_text][\/vc_column][\/vc_row][vc_row full_width=&#8220;stretch_row&#8220; gap=&#8220;30&#8243; content_placement=&#8220;top&#8220; css=&#8220;.vc_custom_1709242111897{background-color: #f2f2f2 !important;}&#8220; conditional_render=&#8220;%5B%7B%22value_role%22%3A%22administrator%22%7D%5D&#8220;][vc_column][vc_column_text]<\/p>\n<p style=\"text-align: center;\"><a href=\"https:\/\/www.betonmoulds.com\/de\/product\/traverse-fuer-gabelstapler-zweiseitige-ausrichtung\/\"><span style=\"font-size: 25px; color: #000000;\"><strong>STAPLERTRAVERSEN <\/strong><\/span><\/a><\/p>\n<p>[\/vc_column_text][vc_masonry_media_grid element_width=&#8220;3&#8243; gap=&#8220;10&#8243; initial_loading_animation=&#8220;none&#8220; grid_id=&#8220;vc_gid:1740994900406-541e2b3c-d50c-2&#8243; include=&#8220;6770,7277,5702,4994&#8243;][vc_column_text css=&#8220;.vc_custom_1740568007648{margin-top: -15px !important;}&#8220; css_params=&#8220;&#8220;]<\/p>\n<p style=\"text-align: center;\">Diese Hebevorrichtung ist ein Vorsatzger\u00e4t f\u00fcr Gabelstapler, das zum Heben und Transportieren von Megabetonbl\u00f6cke verwendet wird. Die Gabelstaplerzinken k\u00f6nnen in die Schlitze eingesteckt werden. Das Anschlagpunkt befindet sich in der Mitte dieser Hebevorrichtung. Mit diesem Ger\u00e4t kann der Betonblock sowohl in Quer- als auch in L\u00e4ngsrichtung angehoben werden.<\/p>\n<p>[\/vc_column_text][\/vc_column][\/vc_row][vc_row conditional_render=&#8220;%5B%7B%22value_role%22%3A%22administrator%22%7D%5D&#8220;][vc_column][vc_column_text]<\/p>\n<p style=\"text-align: center;\"><a href=\"https:\/\/www.betonmoulds.com\/de\/product\/hebe-und-drehmechanismus\/\"><span style=\"font-size: 25px; color: #000000;\"><strong>BETONPLATTE HEBE- UND DREHMECHANISMUS<\/strong><\/span><\/a><\/p>\n<p>[\/vc_column_text][vc_masonry_media_grid element_width=&#8220;3&#8243; gap=&#8220;10&#8243; initial_loading_animation=&#8220;none&#8220; grid_id=&#8220;vc_gid:1740994900412-59997824-ceaa-7&#8243; include=&#8220;4548,4538&#8243;][vc_column_text css=&#8220;.vc_custom_1709287799881{margin-top: -15px !important;}&#8220;]<\/p>\n<p style=\"text-align: center;\">Als Gabelstapleraufsatz ist dieser Hebe- und Drehmechanismus f\u00fcr die Verlagerung von Betonplatten hervorragend geeignet. Der Hebeb\u00fcgel wird an den Gabelzinken eines Gabelstaplers montiert und erleichtert das Wenden der gegossenen Betonplatten. Betonplatten werden oft nach dem Aush\u00e4rten gewendet, da die Unterseite das glatteste Ergebnis aufweist.<\/p>\n<p>[\/vc_column_text][\/vc_column][\/vc_row]<\/p>\n<\/div>","protected":false},"excerpt":{"rendered":"<p>[vc_row full_width=&#8220;stretch_row&#8220; css=&#8220;.vc_custom_1709241206784{margin-top: 30px !important;}&#8220; conditional_render=&#8220;%5B%7B%22value_role%22%3A%22administrator%22%7D%5D&#8220;][vc_column][vc_column_text] GUSSFORM F\u00dcR STAPELBAREN BETONBL\u00d6CKEN [\/vc_column_text][vc_masonry_media_grid element_width=&#8220;3&#8243; gap=&#8220;10&#8243; initial_loading_animation=&#8220;none&#8220; grid_id=&#8220;vc_gid:1740994900374-5776420f-5f1b-0&#8243; include=&#8220;4877,4776,4882,4887&#8243;][vc_column_text css=&#8220;.vc_custom_1709286952826{margin-top: -15px !important;}&#8220;] Die Basisblock-Gussform bietet vielf\u00e4ltige M\u00f6glichkeiten zur Herstellung von Betonbl\u00f6cken. Die Basis-Gussform ist in verschiedenen Gr\u00f6\u00dfen erh\u00e4ltlich. Wir bieten verschiedene Eins\u00e4tze f\u00fcr diese Beton-Gussform an, um verschiedene Blockformen herstellen zu k\u00f6nnen. [\/vc_column_text][\/vc_column][\/vc_row][vc_row full_width=&#8220;stretch_row&#8220; content_placement=&#8220;middle&#8220; css=&#8220;.vc_custom_1709241296348{padding-top: 40px !important;background-color: [&hellip;]<\/p>\n","protected":false},"author":1,"featured_media":6764,"parent":5376,"menu_order":0,"comment_status":"closed","ping_status":"closed","template":"","meta":{"footnotes":""},"class_list":["post-5379","page","type-page","status-publish","has-post-thumbnail","hentry"],"yoast_head":"<!-- This site is optimized with the Yoast SEO plugin v27.4 - https:\/\/yoast.com\/product\/yoast-seo-wordpress\/ -->\n<title>Fotos: Betonformen f\u00fcr Betonsteine, Plattenformen, Hebeger\u00e4te- BETONMOULDS<\/title>\n<meta name=\"robots\" content=\"index, follow, max-snippet:-1, max-image-preview:large, max-video-preview:-1\" \/>\n<link rel=\"canonical\" href=\"https:\/\/www.betonmoulds.com\/de\/galerie\/fotos\/\" \/>\n<meta property=\"og:locale\" content=\"de_DE\" \/>\n<meta property=\"og:type\" content=\"article\" \/>\n<meta property=\"og:title\" content=\"Fotos: Betonformen f\u00fcr Betonsteine, Plattenformen, Hebeger\u00e4te- BETONMOULDS\" \/>\n<meta property=\"og:description\" content=\"[vc_row full_width=&#8220;stretch_row&#8220; css=&#8220;.vc_custom_1709241206784{margin-top: 30px !important;}&#8220; conditional_render=&#8220;%5B%7B%22value_role%22%3A%22administrator%22%7D%5D&#8220;][vc_column][vc_column_text] GUSSFORM F\u00dcR STAPELBAREN BETONBL\u00d6CKEN [\/vc_column_text][vc_masonry_media_grid element_width=&#8220;3&#8243; gap=&#8220;10&#8243; initial_loading_animation=&#8220;none&#8220; grid_id=&#8220;vc_gid:1740994900374-5776420f-5f1b-0&#8243; include=&#8220;4877,4776,4882,4887&#8243;][vc_column_text css=&#8220;.vc_custom_1709286952826{margin-top: -15px !important;}&#8220;] Die Basisblock-Gussform bietet vielf\u00e4ltige M\u00f6glichkeiten zur Herstellung von Betonbl\u00f6cken. Die Basis-Gussform ist in verschiedenen Gr\u00f6\u00dfen erh\u00e4ltlich. Wir bieten verschiedene Eins\u00e4tze f\u00fcr diese Beton-Gussform an, um verschiedene Blockformen herstellen zu k\u00f6nnen. [\/vc_column_text][\/vc_column][\/vc_row][vc_row full_width=&#8220;stretch_row&#8220; content_placement=&#8220;middle&#8220; css=&#8220;.vc_custom_1709241296348{padding-top: 40px !important;background-color: [&hellip;]\" \/>\n<meta property=\"og:url\" content=\"https:\/\/www.betonmoulds.com\/de\/galerie\/fotos\/\" \/>\n<meta property=\"og:site_name\" content=\"BETONMOULDS\" \/>\n<meta property=\"article:modified_time\" content=\"2025-03-03T09:45:23+00:00\" \/>\n<meta property=\"og:image\" content=\"https:\/\/www.betonmoulds.com\/wp-content\/uploads\/2023\/10\/mould-betonmoulds-shop.jpg\" \/>\n\t<meta property=\"og:image:width\" content=\"866\" \/>\n\t<meta property=\"og:image:height\" content=\"558\" \/>\n\t<meta property=\"og:image:type\" content=\"image\/jpeg\" \/>\n<meta name=\"twitter:card\" content=\"summary_large_image\" \/>\n<meta name=\"twitter:label1\" content=\"Gesch\u00e4tzte Lesezeit\" \/>\n\t<meta name=\"twitter:data1\" content=\"2\u00a0Minuten\" \/>\n<script type=\"application\/ld+json\" class=\"yoast-schema-graph\">{\"@context\":\"https:\\\/\\\/schema.org\",\"@graph\":[{\"@type\":\"WebPage\",\"@id\":\"https:\\\/\\\/www.betonmoulds.com\\\/de\\\/galerie\\\/fotos\\\/\",\"url\":\"https:\\\/\\\/www.betonmoulds.com\\\/de\\\/galerie\\\/fotos\\\/\",\"name\":\"Fotos: Betonformen f\u00fcr Betonsteine, Plattenformen, Hebeger\u00e4te- BETONMOULDS\",\"isPartOf\":{\"@id\":\"https:\\\/\\\/www.betonmoulds.com\\\/de\\\/#website\"},\"primaryImageOfPage\":{\"@id\":\"https:\\\/\\\/www.betonmoulds.com\\\/de\\\/galerie\\\/fotos\\\/#primaryimage\"},\"image\":{\"@id\":\"https:\\\/\\\/www.betonmoulds.com\\\/de\\\/galerie\\\/fotos\\\/#primaryimage\"},\"thumbnailUrl\":\"https:\\\/\\\/www.betonmoulds.com\\\/wp-content\\\/uploads\\\/2023\\\/10\\\/mould-betonmoulds-shop.jpg\",\"datePublished\":\"2022-03-04T15:11:17+00:00\",\"dateModified\":\"2025-03-03T09:45:23+00:00\",\"breadcrumb\":{\"@id\":\"https:\\\/\\\/www.betonmoulds.com\\\/de\\\/galerie\\\/fotos\\\/#breadcrumb\"},\"inLanguage\":\"de\",\"potentialAction\":[{\"@type\":\"ReadAction\",\"target\":[\"https:\\\/\\\/www.betonmoulds.com\\\/de\\\/galerie\\\/fotos\\\/\"]}]},{\"@type\":\"ImageObject\",\"inLanguage\":\"de\",\"@id\":\"https:\\\/\\\/www.betonmoulds.com\\\/de\\\/galerie\\\/fotos\\\/#primaryimage\",\"url\":\"https:\\\/\\\/www.betonmoulds.com\\\/wp-content\\\/uploads\\\/2023\\\/10\\\/mould-betonmoulds-shop.jpg\",\"contentUrl\":\"https:\\\/\\\/www.betonmoulds.com\\\/wp-content\\\/uploads\\\/2023\\\/10\\\/mould-betonmoulds-shop.jpg\",\"width\":866,\"height\":558,\"caption\":\"Formen f\u00fcr Beton-Legosteine\"},{\"@type\":\"BreadcrumbList\",\"@id\":\"https:\\\/\\\/www.betonmoulds.com\\\/de\\\/galerie\\\/fotos\\\/#breadcrumb\",\"itemListElement\":[{\"@type\":\"ListItem\",\"position\":1,\"name\":\"Home\",\"item\":\"https:\\\/\\\/www.betonmoulds.com\\\/de\\\/\"},{\"@type\":\"ListItem\",\"position\":2,\"name\":\"Galerie\",\"item\":\"https:\\\/\\\/www.betonmoulds.com\\\/de\\\/galerie\\\/\"},{\"@type\":\"ListItem\",\"position\":3,\"name\":\"Fotos\"}]},{\"@type\":\"WebSite\",\"@id\":\"https:\\\/\\\/www.betonmoulds.com\\\/de\\\/#website\",\"url\":\"https:\\\/\\\/www.betonmoulds.com\\\/de\\\/\",\"name\":\"BETONMOULDS\",\"description\":\"Upcycle leftover concrete\",\"potentialAction\":[{\"@type\":\"SearchAction\",\"target\":{\"@type\":\"EntryPoint\",\"urlTemplate\":\"https:\\\/\\\/www.betonmoulds.com\\\/de\\\/?s={search_term_string}\"},\"query-input\":{\"@type\":\"PropertyValueSpecification\",\"valueRequired\":true,\"valueName\":\"search_term_string\"}}],\"inLanguage\":\"de\"}]}<\/script>\n<!-- \/ Yoast SEO plugin. -->","yoast_head_json":{"title":"Fotos: Betonformen f\u00fcr Betonsteine, Plattenformen, Hebeger\u00e4te- BETONMOULDS","robots":{"index":"index","follow":"follow","max-snippet":"max-snippet:-1","max-image-preview":"max-image-preview:large","max-video-preview":"max-video-preview:-1"},"canonical":"https:\/\/www.betonmoulds.com\/de\/galerie\/fotos\/","og_locale":"de_DE","og_type":"article","og_title":"Fotos: Betonformen f\u00fcr Betonsteine, Plattenformen, Hebeger\u00e4te- BETONMOULDS","og_description":"[vc_row full_width=&#8220;stretch_row&#8220; css=&#8220;.vc_custom_1709241206784{margin-top: 30px !important;}&#8220; conditional_render=&#8220;%5B%7B%22value_role%22%3A%22administrator%22%7D%5D&#8220;][vc_column][vc_column_text] GUSSFORM F\u00dcR STAPELBAREN BETONBL\u00d6CKEN [\/vc_column_text][vc_masonry_media_grid element_width=&#8220;3&#8243; gap=&#8220;10&#8243; initial_loading_animation=&#8220;none&#8220; grid_id=&#8220;vc_gid:1740994900374-5776420f-5f1b-0&#8243; include=&#8220;4877,4776,4882,4887&#8243;][vc_column_text css=&#8220;.vc_custom_1709286952826{margin-top: -15px !important;}&#8220;] Die Basisblock-Gussform bietet vielf\u00e4ltige M\u00f6glichkeiten zur Herstellung von Betonbl\u00f6cken. Die Basis-Gussform ist in verschiedenen Gr\u00f6\u00dfen erh\u00e4ltlich. Wir bieten verschiedene Eins\u00e4tze f\u00fcr diese Beton-Gussform an, um verschiedene Blockformen herstellen zu k\u00f6nnen. [\/vc_column_text][\/vc_column][\/vc_row][vc_row full_width=&#8220;stretch_row&#8220; content_placement=&#8220;middle&#8220; css=&#8220;.vc_custom_1709241296348{padding-top: 40px !important;background-color: [&hellip;]","og_url":"https:\/\/www.betonmoulds.com\/de\/galerie\/fotos\/","og_site_name":"BETONMOULDS","article_modified_time":"2025-03-03T09:45:23+00:00","og_image":[{"width":866,"height":558,"url":"https:\/\/www.betonmoulds.com\/wp-content\/uploads\/2023\/10\/mould-betonmoulds-shop.jpg","type":"image\/jpeg"}],"twitter_card":"summary_large_image","twitter_misc":{"Gesch\u00e4tzte Lesezeit":"2\u00a0Minuten"},"schema":{"@context":"https:\/\/schema.org","@graph":[{"@type":"WebPage","@id":"https:\/\/www.betonmoulds.com\/de\/galerie\/fotos\/","url":"https:\/\/www.betonmoulds.com\/de\/galerie\/fotos\/","name":"Fotos: Betonformen f\u00fcr Betonsteine, Plattenformen, Hebeger\u00e4te- BETONMOULDS","isPartOf":{"@id":"https:\/\/www.betonmoulds.com\/de\/#website"},"primaryImageOfPage":{"@id":"https:\/\/www.betonmoulds.com\/de\/galerie\/fotos\/#primaryimage"},"image":{"@id":"https:\/\/www.betonmoulds.com\/de\/galerie\/fotos\/#primaryimage"},"thumbnailUrl":"https:\/\/www.betonmoulds.com\/wp-content\/uploads\/2023\/10\/mould-betonmoulds-shop.jpg","datePublished":"2022-03-04T15:11:17+00:00","dateModified":"2025-03-03T09:45:23+00:00","breadcrumb":{"@id":"https:\/\/www.betonmoulds.com\/de\/galerie\/fotos\/#breadcrumb"},"inLanguage":"de","potentialAction":[{"@type":"ReadAction","target":["https:\/\/www.betonmoulds.com\/de\/galerie\/fotos\/"]}]},{"@type":"ImageObject","inLanguage":"de","@id":"https:\/\/www.betonmoulds.com\/de\/galerie\/fotos\/#primaryimage","url":"https:\/\/www.betonmoulds.com\/wp-content\/uploads\/2023\/10\/mould-betonmoulds-shop.jpg","contentUrl":"https:\/\/www.betonmoulds.com\/wp-content\/uploads\/2023\/10\/mould-betonmoulds-shop.jpg","width":866,"height":558,"caption":"Formen f\u00fcr Beton-Legosteine"},{"@type":"BreadcrumbList","@id":"https:\/\/www.betonmoulds.com\/de\/galerie\/fotos\/#breadcrumb","itemListElement":[{"@type":"ListItem","position":1,"name":"Home","item":"https:\/\/www.betonmoulds.com\/de\/"},{"@type":"ListItem","position":2,"name":"Galerie","item":"https:\/\/www.betonmoulds.com\/de\/galerie\/"},{"@type":"ListItem","position":3,"name":"Fotos"}]},{"@type":"WebSite","@id":"https:\/\/www.betonmoulds.com\/de\/#website","url":"https:\/\/www.betonmoulds.com\/de\/","name":"BETONMOULDS","description":"Upcycle leftover concrete","potentialAction":[{"@type":"SearchAction","target":{"@type":"EntryPoint","urlTemplate":"https:\/\/www.betonmoulds.com\/de\/?s={search_term_string}"},"query-input":{"@type":"PropertyValueSpecification","valueRequired":true,"valueName":"search_term_string"}}],"inLanguage":"de"}]}},"_links":{"self":[{"href":"https:\/\/www.betonmoulds.com\/de\/wp-json\/wp\/v2\/pages\/5379","targetHints":{"allow":["GET"]}}],"collection":[{"href":"https:\/\/www.betonmoulds.com\/de\/wp-json\/wp\/v2\/pages"}],"about":[{"href":"https:\/\/www.betonmoulds.com\/de\/wp-json\/wp\/v2\/types\/page"}],"author":[{"embeddable":true,"href":"https:\/\/www.betonmoulds.com\/de\/wp-json\/wp\/v2\/users\/1"}],"replies":[{"embeddable":true,"href":"https:\/\/www.betonmoulds.com\/de\/wp-json\/wp\/v2\/comments?post=5379"}],"version-history":[{"count":12,"href":"https:\/\/www.betonmoulds.com\/de\/wp-json\/wp\/v2\/pages\/5379\/revisions"}],"predecessor-version":[{"id":10689,"href":"https:\/\/www.betonmoulds.com\/de\/wp-json\/wp\/v2\/pages\/5379\/revisions\/10689"}],"up":[{"embeddable":true,"href":"https:\/\/www.betonmoulds.com\/de\/wp-json\/wp\/v2\/pages\/5376"}],"wp:featuredmedia":[{"embeddable":true,"href":"https:\/\/www.betonmoulds.com\/de\/wp-json\/wp\/v2\/media\/6764"}],"wp:attachment":[{"href":"https:\/\/www.betonmoulds.com\/de\/wp-json\/wp\/v2\/media?parent=5379"}],"curies":[{"name":"wp","href":"https:\/\/api.w.org\/{rel}","templated":true}]}}