{"id":5110,"date":"2022-03-04T14:58:23","date_gmt":"2022-03-04T14:58:23","guid":{"rendered":"https:\/\/www.betonmoulds.com\/area-of-use\/"},"modified":"2025-02-26T09:20:15","modified_gmt":"2025-02-26T09:20:15","slug":"einsatzbereiche","status":"publish","type":"page","link":"https:\/\/www.betonmoulds.com\/de\/einsatzbereiche\/","title":{"rendered":"Einsatzbereiche"},"content":{"rendered":"<div class=\"wpb-content-wrapper\"><p>[vc_row css=&#8220;.vc_custom_1712064621798{margin-top: 30px !important;}&#8220; conditional_render=&#8220;%5B%7B%22value_role%22%3A%22administrator%22%7D%5D&#8220;][vc_column][vc_column_text css=&#8220;&#8220;]<\/p>\n<p style=\"text-align: center;\"><span style=\"font-size: 25px; color: #000000;\"><strong>ABSATZM\u00c4RKTE<\/strong><\/span><\/p>\n<p style=\"text-align: center;\">In einer zunehmend auf die Verantwortung f\u00fcr die Umwelt ausgerichteten Welt, sind unsere professionellen <a href=\"https:\/\/www.betonmoulds.com\/de\/produkt-kategorie\/betonblocke\/\"><strong>Gussformen f\u00fcr Betonbl\u00f6cke<\/strong><\/a>, <a href=\"https:\/\/www.betonmoulds.com\/de\/produkt-kategorie\/jersey-barrier\/\"><strong>Jersey-Barrieren<\/strong><\/a> und <a href=\"https:\/\/www.betonmoulds.com\/de\/produkt-kategorie\/betonplatten\/\"><strong>Pflasterplatten<\/strong><\/a> eine umweltbewusste L\u00f6sung, um Restbeton wiederzuverwenden, Abfall zu reduzieren und unseren<br \/>\nC02-Fu\u00dfabdruck zu verkleinern. Das Upcycling von Betonresten zu wertvollen Baustoffen erm\u00f6glicht unseren Kunden nicht nur die Minimierung von Entsorgungskosten, sondern auch die Erschlie\u00dfung neuer Einnahmequellen. Angefangen bei Baustellen, an denen man sich daf\u00fcr einsetzt, die Umweltverschmutzung durch Abf\u00e4lle zu stoppen, bis hin zu Abfallsammlung und Recyclinganlagen, die nach zirkulierenden Systemen streben &#8211; unsere Gussformen erm\u00f6glichen es Unternehmen, \u00f6kologische Herausforderungen in gewinnbringende Chancen umzuwandeln. Entdecken Sie, wie unsere innovativen Gussformen eine sofortige Abfall-zu-Produkt-L\u00f6sung und wertvolle modulare Baumaterialien f\u00fcr eine Vielzahl von Anwendungen bieten.<\/p>\n<p>[\/vc_column_text][\/vc_column][\/vc_row][vc_row full_width=&#8220;stretch_row&#8220; gap=&#8220;30&#8243; conditional_render=&#8220;%5B%7B%22value_role%22%3A%22administrator%22%7D%5D&#8220;][vc_column width=&#8220;1\/3&#8243;][vc_single_image image=&#8220;4382&#8243; img_size=&#8220;500&#215;330&#8243; alignment=&#8220;center&#8220; onclick=&#8220;custom_link&#8220; animation_type=&#8220;fadeInUp&#8220; link=&#8220;https:\/\/www.betonmoulds.com\/de\/einsatzbereiche\/baustellen\/&#8220;][vc_column_text css=&#8220;.vc_custom_1690907751893{margin-top: -10px !important;}&#8220;]<\/p>\n<p style=\"text-align: center;\"><a href=\"https:\/\/www.betonmoulds.com\/de\/einsatzbereiche\/baustellen\/\"><span style=\"color: #000000;\"><span style=\"font-size: 18px;\"><b>BAUSTELLEN<\/b><\/span><\/span><\/a><\/p>\n<p>[\/vc_column_text][\/vc_column][vc_column width=&#8220;1\/3&#8243;][vc_single_image image=&#8220;4459&#8243; img_size=&#8220;500&#215;330&#8243; alignment=&#8220;center&#8220; onclick=&#8220;custom_link&#8220; animation_type=&#8220;fadeInUp&#8220; link=&#8220;https:\/\/www.betonmoulds.com\/de\/einsatzbereiche\/abfallsammlung-und-recycling\/&#8220;][vc_column_text css=&#8220;.vc_custom_1690907797331{margin-top: -10px !important;}&#8220;]<\/p>\n<p style=\"text-align: center;\"><a href=\"https:\/\/www.betonmoulds.com\/de\/einsatzbereiche\/abfallsammlung-und-recycling\/\"><span style=\"color: #000000;\"><span style=\"font-size: 18px;\"><b>ABFALLSAMMLUNG UND RECYCLING<\/b><\/span><\/span><\/a><\/p>\n<p>[\/vc_column_text][\/vc_column][vc_column width=&#8220;1\/3&#8243;][vc_single_image image=&#8220;4420&#8243; img_size=&#8220;500&#215;330&#8243; alignment=&#8220;center&#8220; onclick=&#8220;custom_link&#8220; animation_type=&#8220;fadeInUp&#8220; link=&#8220;https:\/\/www.betonmoulds.com\/de\/einsatzbereiche\/fertigbetonmischanlage\/&#8220;][vc_column_text css=&#8220;.vc_custom_1690907851821{margin-top: -10px !important;}&#8220;]<\/p>\n<p style=\"text-align: center;\"><a href=\"https:\/\/www.betonmoulds.com\/de\/einsatzbereiche\/fertigbetonmischanlage\/\"><span style=\"color: #000000;\"><span style=\"font-size: 18px;\"><b>FERTIGBETONMISCHANLAGE<\/b><\/span><\/span><\/a><\/p>\n<p>[\/vc_column_text][\/vc_column][\/vc_row][vc_row full_width=&#8220;stretch_row&#8220; gap=&#8220;30&#8243; conditional_render=&#8220;%5B%7B%22value_role%22%3A%22administrator%22%7D%5D&#8220; css=&#8220;.vc_custom_1676994772540{margin-top: -10px !important;}&#8220;][vc_column width=&#8220;1\/3&#8243;][vc_single_image image=&#8220;4398&#8243; img_size=&#8220;500&#215;330&#8243; alignment=&#8220;center&#8220; onclick=&#8220;custom_link&#8220; animation_type=&#8220;fadeInUp&#8220; link=&#8220;https:\/\/www.betonmoulds.com\/de\/einsatzbereiche\/betonfertigteilproduktion\/&#8220;][vc_column_text css=&#8220;.vc_custom_1690907897533{margin-top: -10px !important;}&#8220;]<\/p>\n<p style=\"text-align: center;\"><a href=\"https:\/\/www.betonmoulds.com\/de\/einsatzbereiche\/betonfertigteilproduktion\/\"><span style=\"color: #000000;\"><span style=\"font-size: 18px;\"><b>BETONFERTIGTEILPRODUKTION<\/b><\/span><\/span><\/a><\/p>\n<p>[\/vc_column_text][\/vc_column][vc_column width=&#8220;1\/3&#8243;][vc_single_image image=&#8220;4432&#8243; img_size=&#8220;500&#215;330&#8243; alignment=&#8220;center&#8220; onclick=&#8220;custom_link&#8220; animation_type=&#8220;fadeInUp&#8220; link=&#8220;https:\/\/www.betonmoulds.com\/de\/einsatzbereiche\/sand-kies-zuschlagstoffhandel\/&#8220;][vc_column_text css=&#8220;.vc_custom_1690907942252{margin-top: -10px !important;}&#8220;]<\/p>\n<p style=\"text-align: center;\"><a href=\"https:\/\/www.betonmoulds.com\/de\/einsatzbereiche\/sand-kies-zuschlagstoffhandel\/\"><span style=\"color: #000000;\"><span style=\"font-size: 18px;\"><b>SAND-, KIES- &amp; ZUSCHLAGSTOFFHANDEL<\/b><\/span><\/span><\/a><\/p>\n<p>[\/vc_column_text][\/vc_column][vc_column width=&#8220;1\/3&#8243;][vc_single_image image=&#8220;4443&#8243; img_size=&#8220;500&#215;330&#8243; alignment=&#8220;center&#8220; onclick=&#8220;custom_link&#8220; animation_type=&#8220;fadeInUp&#8220; link=&#8220;https:\/\/www.betonmoulds.com\/de\/einsatzbereiche\/zusatznutzen-der-verarbeitung-von-restbeton\/&#8220;][vc_column_text css=&#8220;.vc_custom_1690908012044{margin-top: -10px !important;}&#8220;]<\/p>\n<p style=\"text-align: center;\"><a href=\"https:\/\/www.betonmoulds.com\/de\/einsatzbereiche\/zusatznutzen-der-verarbeitung-von-restbeton\/\"><span style=\"color: #000000;\"><span style=\"font-size: 18px;\"><b>ZUSATZNUTZEN DER VERARBEITUNG VON RESTBETON<\/b><\/span><\/span><\/a><\/p>\n<p>[\/vc_column_text][\/vc_column][\/vc_row][vc_row full_width=&#8220;stretch_row&#8220; gap=&#8220;30&#8243; conditional_render=&#8220;%5B%7B%22value_role%22%3A%22administrator%22%7D%5D&#8220; css=&#8220;.vc_custom_1676915310688{margin-top: -10px !important;}&#8220;][vc_column width=&#8220;1\/3&#8243;][vc_single_image image=&#8220;4361&#8243; img_size=&#8220;500&#215;330&#8243; alignment=&#8220;center&#8220; onclick=&#8220;custom_link&#8220; animation_type=&#8220;fadeInUp&#8220; link=&#8220;https:\/\/www.betonmoulds.com\/de\/einsatzbereiche\/beton-fuer-die-agrarwirtschaft-tierhaltung\/&#8220;][vc_column_text css=&#8220;.vc_custom_1690908054124{margin-top: -10px !important;}&#8220;]<\/p>\n<p style=\"text-align: center;\"><a href=\"https:\/\/www.betonmoulds.com\/de\/einsatzbereiche\/beton-fuer-die-agrarwirtschaft-tierhaltung\/\"><span style=\"color: #000000;\"><span style=\"font-size: 18px;\"><b>BETON F\u00dcR DIE AGRARWIRTSCHAFT &amp; TIERHALTUNG<\/b><\/span><\/span><\/a><\/p>\n<p>[\/vc_column_text][\/vc_column][vc_column width=&#8220;1\/3&#8243;][\/vc_column][vc_column width=&#8220;1\/3&#8243;][\/vc_column][\/vc_row]<\/p>\n<\/div>","protected":false},"excerpt":{"rendered":"<p>[vc_row css=&#8220;.vc_custom_1712064621798{margin-top: 30px !important;}&#8220; conditional_render=&#8220;%5B%7B%22value_role%22%3A%22administrator%22%7D%5D&#8220;][vc_column][vc_column_text css=&#8220;&#8220;] ABSATZM\u00c4RKTE In einer zunehmend auf die Verantwortung f\u00fcr die Umwelt ausgerichteten Welt, sind unsere professionellen Gussformen f\u00fcr Betonbl\u00f6cke, Jersey-Barrieren und Pflasterplatten eine umweltbewusste L\u00f6sung, um Restbeton wiederzuverwenden, Abfall zu reduzieren und unseren C02-Fu\u00dfabdruck zu verkleinern. Das Upcycling von Betonresten zu wertvollen Baustoffen erm\u00f6glicht unseren Kunden nicht nur die Minimierung [&hellip;]<\/p>\n","protected":false},"author":1,"featured_media":6764,"parent":0,"menu_order":0,"comment_status":"closed","ping_status":"closed","template":"","meta":{"footnotes":""},"class_list":["post-5110","page","type-page","status-publish","has-post-thumbnail","hentry"],"yoast_head":"<!-- This site is optimized with the Yoast SEO plugin v27.4 - https:\/\/yoast.com\/product\/yoast-seo-wordpress\/ -->\n<title>Wo man Betonformen verwenden kann - BETONMOULDS<\/title>\n<meta name=\"description\" content=\"Entdecken Sie, wie unsere innovativen Formen eine sofortige Abfall-zu-Produkt-L\u00f6sung und wertvolle modulare Baumaterialien f\u00fcr vielf\u00e4ltige Anwendungen bieten.\" \/>\n<meta name=\"robots\" content=\"index, follow, max-snippet:-1, max-image-preview:large, max-video-preview:-1\" \/>\n<link rel=\"canonical\" href=\"https:\/\/www.betonmoulds.com\/de\/einsatzbereiche\/\" \/>\n<meta property=\"og:locale\" content=\"de_DE\" \/>\n<meta property=\"og:type\" content=\"article\" \/>\n<meta property=\"og:title\" content=\"Wo man Betonformen verwenden kann - BETONMOULDS\" \/>\n<meta property=\"og:description\" content=\"Entdecken Sie, wie unsere innovativen Formen eine sofortige Abfall-zu-Produkt-L\u00f6sung und wertvolle modulare Baumaterialien f\u00fcr vielf\u00e4ltige Anwendungen bieten.\" \/>\n<meta property=\"og:url\" content=\"https:\/\/www.betonmoulds.com\/de\/einsatzbereiche\/\" \/>\n<meta property=\"og:site_name\" content=\"BETONMOULDS\" \/>\n<meta property=\"article:modified_time\" content=\"2025-02-26T09:20:15+00:00\" \/>\n<meta property=\"og:image\" content=\"https:\/\/www.betonmoulds.com\/wp-content\/uploads\/2023\/10\/mould-betonmoulds-shop.jpg\" \/>\n\t<meta property=\"og:image:width\" content=\"866\" \/>\n\t<meta property=\"og:image:height\" content=\"558\" \/>\n\t<meta property=\"og:image:type\" content=\"image\/jpeg\" \/>\n<meta name=\"twitter:card\" content=\"summary_large_image\" \/>\n<meta name=\"twitter:label1\" content=\"Gesch\u00e4tzte Lesezeit\" \/>\n\t<meta name=\"twitter:data1\" content=\"2\u00a0Minuten\" \/>\n<script type=\"application\/ld+json\" class=\"yoast-schema-graph\">{\"@context\":\"https:\\\/\\\/schema.org\",\"@graph\":[{\"@type\":\"WebPage\",\"@id\":\"https:\\\/\\\/www.betonmoulds.com\\\/de\\\/einsatzbereiche\\\/\",\"url\":\"https:\\\/\\\/www.betonmoulds.com\\\/de\\\/einsatzbereiche\\\/\",\"name\":\"Wo man Betonformen verwenden kann - BETONMOULDS\",\"isPartOf\":{\"@id\":\"https:\\\/\\\/www.betonmoulds.com\\\/de\\\/#website\"},\"primaryImageOfPage\":{\"@id\":\"https:\\\/\\\/www.betonmoulds.com\\\/de\\\/einsatzbereiche\\\/#primaryimage\"},\"image\":{\"@id\":\"https:\\\/\\\/www.betonmoulds.com\\\/de\\\/einsatzbereiche\\\/#primaryimage\"},\"thumbnailUrl\":\"https:\\\/\\\/www.betonmoulds.com\\\/wp-content\\\/uploads\\\/2023\\\/10\\\/mould-betonmoulds-shop.jpg\",\"datePublished\":\"2022-03-04T14:58:23+00:00\",\"dateModified\":\"2025-02-26T09:20:15+00:00\",\"description\":\"Entdecken Sie, wie unsere innovativen Formen eine sofortige Abfall-zu-Produkt-L\u00f6sung und wertvolle modulare Baumaterialien f\u00fcr vielf\u00e4ltige Anwendungen bieten.\",\"breadcrumb\":{\"@id\":\"https:\\\/\\\/www.betonmoulds.com\\\/de\\\/einsatzbereiche\\\/#breadcrumb\"},\"inLanguage\":\"de\",\"potentialAction\":[{\"@type\":\"ReadAction\",\"target\":[\"https:\\\/\\\/www.betonmoulds.com\\\/de\\\/einsatzbereiche\\\/\"]}]},{\"@type\":\"ImageObject\",\"inLanguage\":\"de\",\"@id\":\"https:\\\/\\\/www.betonmoulds.com\\\/de\\\/einsatzbereiche\\\/#primaryimage\",\"url\":\"https:\\\/\\\/www.betonmoulds.com\\\/wp-content\\\/uploads\\\/2023\\\/10\\\/mould-betonmoulds-shop.jpg\",\"contentUrl\":\"https:\\\/\\\/www.betonmoulds.com\\\/wp-content\\\/uploads\\\/2023\\\/10\\\/mould-betonmoulds-shop.jpg\",\"width\":866,\"height\":558,\"caption\":\"Formen f\u00fcr Beton-Legosteine\"},{\"@type\":\"BreadcrumbList\",\"@id\":\"https:\\\/\\\/www.betonmoulds.com\\\/de\\\/einsatzbereiche\\\/#breadcrumb\",\"itemListElement\":[{\"@type\":\"ListItem\",\"position\":1,\"name\":\"Home\",\"item\":\"https:\\\/\\\/www.betonmoulds.com\\\/de\\\/\"},{\"@type\":\"ListItem\",\"position\":2,\"name\":\"Einsatzbereiche\"}]},{\"@type\":\"WebSite\",\"@id\":\"https:\\\/\\\/www.betonmoulds.com\\\/de\\\/#website\",\"url\":\"https:\\\/\\\/www.betonmoulds.com\\\/de\\\/\",\"name\":\"BETONMOULDS\",\"description\":\"Upcycle leftover concrete\",\"potentialAction\":[{\"@type\":\"SearchAction\",\"target\":{\"@type\":\"EntryPoint\",\"urlTemplate\":\"https:\\\/\\\/www.betonmoulds.com\\\/de\\\/?s={search_term_string}\"},\"query-input\":{\"@type\":\"PropertyValueSpecification\",\"valueRequired\":true,\"valueName\":\"search_term_string\"}}],\"inLanguage\":\"de\"}]}<\/script>\n<!-- \/ Yoast SEO plugin. -->","yoast_head_json":{"title":"Wo man Betonformen verwenden kann - BETONMOULDS","description":"Entdecken Sie, wie unsere innovativen Formen eine sofortige Abfall-zu-Produkt-L\u00f6sung und wertvolle modulare Baumaterialien f\u00fcr vielf\u00e4ltige Anwendungen bieten.","robots":{"index":"index","follow":"follow","max-snippet":"max-snippet:-1","max-image-preview":"max-image-preview:large","max-video-preview":"max-video-preview:-1"},"canonical":"https:\/\/www.betonmoulds.com\/de\/einsatzbereiche\/","og_locale":"de_DE","og_type":"article","og_title":"Wo man Betonformen verwenden kann - BETONMOULDS","og_description":"Entdecken Sie, wie unsere innovativen Formen eine sofortige Abfall-zu-Produkt-L\u00f6sung und wertvolle modulare Baumaterialien f\u00fcr vielf\u00e4ltige Anwendungen bieten.","og_url":"https:\/\/www.betonmoulds.com\/de\/einsatzbereiche\/","og_site_name":"BETONMOULDS","article_modified_time":"2025-02-26T09:20:15+00:00","og_image":[{"width":866,"height":558,"url":"https:\/\/www.betonmoulds.com\/wp-content\/uploads\/2023\/10\/mould-betonmoulds-shop.jpg","type":"image\/jpeg"}],"twitter_card":"summary_large_image","twitter_misc":{"Gesch\u00e4tzte Lesezeit":"2\u00a0Minuten"},"schema":{"@context":"https:\/\/schema.org","@graph":[{"@type":"WebPage","@id":"https:\/\/www.betonmoulds.com\/de\/einsatzbereiche\/","url":"https:\/\/www.betonmoulds.com\/de\/einsatzbereiche\/","name":"Wo man Betonformen verwenden kann - BETONMOULDS","isPartOf":{"@id":"https:\/\/www.betonmoulds.com\/de\/#website"},"primaryImageOfPage":{"@id":"https:\/\/www.betonmoulds.com\/de\/einsatzbereiche\/#primaryimage"},"image":{"@id":"https:\/\/www.betonmoulds.com\/de\/einsatzbereiche\/#primaryimage"},"thumbnailUrl":"https:\/\/www.betonmoulds.com\/wp-content\/uploads\/2023\/10\/mould-betonmoulds-shop.jpg","datePublished":"2022-03-04T14:58:23+00:00","dateModified":"2025-02-26T09:20:15+00:00","description":"Entdecken Sie, wie unsere innovativen Formen eine sofortige Abfall-zu-Produkt-L\u00f6sung und wertvolle modulare Baumaterialien f\u00fcr vielf\u00e4ltige Anwendungen bieten.","breadcrumb":{"@id":"https:\/\/www.betonmoulds.com\/de\/einsatzbereiche\/#breadcrumb"},"inLanguage":"de","potentialAction":[{"@type":"ReadAction","target":["https:\/\/www.betonmoulds.com\/de\/einsatzbereiche\/"]}]},{"@type":"ImageObject","inLanguage":"de","@id":"https:\/\/www.betonmoulds.com\/de\/einsatzbereiche\/#primaryimage","url":"https:\/\/www.betonmoulds.com\/wp-content\/uploads\/2023\/10\/mould-betonmoulds-shop.jpg","contentUrl":"https:\/\/www.betonmoulds.com\/wp-content\/uploads\/2023\/10\/mould-betonmoulds-shop.jpg","width":866,"height":558,"caption":"Formen f\u00fcr Beton-Legosteine"},{"@type":"BreadcrumbList","@id":"https:\/\/www.betonmoulds.com\/de\/einsatzbereiche\/#breadcrumb","itemListElement":[{"@type":"ListItem","position":1,"name":"Home","item":"https:\/\/www.betonmoulds.com\/de\/"},{"@type":"ListItem","position":2,"name":"Einsatzbereiche"}]},{"@type":"WebSite","@id":"https:\/\/www.betonmoulds.com\/de\/#website","url":"https:\/\/www.betonmoulds.com\/de\/","name":"BETONMOULDS","description":"Upcycle leftover concrete","potentialAction":[{"@type":"SearchAction","target":{"@type":"EntryPoint","urlTemplate":"https:\/\/www.betonmoulds.com\/de\/?s={search_term_string}"},"query-input":{"@type":"PropertyValueSpecification","valueRequired":true,"valueName":"search_term_string"}}],"inLanguage":"de"}]}},"_links":{"self":[{"href":"https:\/\/www.betonmoulds.com\/de\/wp-json\/wp\/v2\/pages\/5110","targetHints":{"allow":["GET"]}}],"collection":[{"href":"https:\/\/www.betonmoulds.com\/de\/wp-json\/wp\/v2\/pages"}],"about":[{"href":"https:\/\/www.betonmoulds.com\/de\/wp-json\/wp\/v2\/types\/page"}],"author":[{"embeddable":true,"href":"https:\/\/www.betonmoulds.com\/de\/wp-json\/wp\/v2\/users\/1"}],"replies":[{"embeddable":true,"href":"https:\/\/www.betonmoulds.com\/de\/wp-json\/wp\/v2\/comments?post=5110"}],"version-history":[{"count":8,"href":"https:\/\/www.betonmoulds.com\/de\/wp-json\/wp\/v2\/pages\/5110\/revisions"}],"predecessor-version":[{"id":10503,"href":"https:\/\/www.betonmoulds.com\/de\/wp-json\/wp\/v2\/pages\/5110\/revisions\/10503"}],"wp:featuredmedia":[{"embeddable":true,"href":"https:\/\/www.betonmoulds.com\/de\/wp-json\/wp\/v2\/media\/6764"}],"wp:attachment":[{"href":"https:\/\/www.betonmoulds.com\/de\/wp-json\/wp\/v2\/media?parent=5110"}],"curies":[{"name":"wp","href":"https:\/\/api.w.org\/{rel}","templated":true}]}}