{"id":5081,"date":"2023-02-21T15:57:41","date_gmt":"2023-02-21T15:57:41","guid":{"rendered":"https:\/\/www.betonmoulds.com\/value-added-processing-of-leftover-concrete\/"},"modified":"2023-07-24T19:29:53","modified_gmt":"2023-07-24T19:29:53","slug":"zusatznutzen-der-verarbeitung-von-restbeton","status":"publish","type":"page","link":"https:\/\/www.betonmoulds.com\/de\/einsatzbereiche\/zusatznutzen-der-verarbeitung-von-restbeton\/","title":{"rendered":"Zusatznutzen der Verarbeitung von Restbeton"},"content":{"rendered":"<div class=\"wpb-content-wrapper\"><p>[vc_row css=&#8220;.vc_custom_1677604438329{margin-top: 30px !important;}&#8220; conditional_render=&#8220;%5B%7B%22value_role%22%3A%22administrator%22%7D%5D&#8220;][vc_column][vc_column_text]<\/p>\n<p style=\"text-align: center\"><span style=\"font-size: 25px;color: #000000\"><strong>ZUSATZNUTZEN DER VERARBEITUNG VON RESTBETON <\/strong><\/span><\/p>\n<p style=\"text-align: center\">Abgesehen von Wasser, ist Beton der am h\u00e4ufigsten verwendete Stoff der Welt. Beton ist tonangebend und von grundlegender Bedeutung beim Planentwurf und Bau von Infrastrukturen &#8211; Stra\u00dfen, Wasserwegen, H\u00e4usern, B\u00fcros und felsenfesten Fundamenten. Dies ist auf die Materialst\u00e4rke, die beispiellose Langlebigkeit und seine erschwinglichen Preise zur\u00fcckzuf\u00fchren. Beton ist heute das am h\u00e4ufigsten verwendete Baumaterial der Welt, hat aber auch enorme Auswirkungen auf die Umwelt.<\/p>\n<p style=\"text-align: center\">Beton wird aus Wasser, Zement und Zuschlagstoffen wie z. B. Sand, Kies und\/oder Schotter hergestellt. Zement ist der Mischungsbestandteil, der Beton zu einem so n\u00fctzlichen Baumaterial macht. Der Bestandteil Zement hat einen immensen Kohlendioxid-Fu\u00dfabdruck: Er verursacht etwa 8 % des weltweiten Kohlendioxids (CO2).<\/p>\n<p style=\"text-align: center\">Die Umweltbelastung infolge der enormen CO2-Mengen, die bei der Zementherstellung freigesetzt werden, ist nicht die einzige negative Auswirkung. Die Verwendung von Beton in gro\u00dfem Umfang ersch\u00f6pft auch die vorhandenen Reserven an nutzbarem Sand. W\u00fcstensand ist in riesigen Mengen \u00a0vorhanden, ist jedoch zur Verwendung in Beton zu weich und rund.<\/p>\n<p style=\"text-align: center\">Die Betonherstellung verbraucht au\u00dferdem fast 10 % der weltweiten industriellen Wasserressourcen. Die Umweltauswirkungen werden unbestreitbar, wenn man den Transport der Rohmaterialien vom Schotterwerk zur Zementm\u00fchle hinzurechnet.<\/p>\n<p>[\/vc_column_text][\/vc_column][\/vc_row][vc_row full_width=&#8220;stretch_row&#8220; disable_element=&#8220;yes&#8220; conditional_render=&#8220;%5B%7B%22value_role%22%3A%22administrator%22%7D%5D&#8220; css=&#8220;.vc_custom_1686666781729{padding-bottom: 20px !important;}&#8220;][vc_column][vc_single_image image=&#8220;3612&#8243; img_size=&#8220;1800&#215;390&#8243; alignment=&#8220;center&#8220;][\/vc_column][\/vc_row][vc_row full_width=&#8220;stretch_row&#8220; gap=&#8220;30&#8243; content_placement=&#8220;top&#8220; css=&#8220;.vc_custom_1686666894901{padding-bottom: 10px !important;}&#8220; conditional_render=&#8220;%5B%7B%22value_role%22%3A%22administrator%22%7D%5D&#8220;][vc_column width=&#8220;1\/2&#8243;][vc_single_image image=&#8220;4448&#8243; img_size=&#8220;800&#215;500&#8243; alignment=&#8220;center&#8220;][\/vc_column][vc_column width=&#8220;1\/2&#8243;][vc_single_image image=&#8220;4453&#8243; img_size=&#8220;800&#215;500&#8243; alignment=&#8220;center&#8220;][\/vc_column][\/vc_row][vc_row full_width=&#8220;stretch_row&#8220; gap=&#8220;30&#8243; content_placement=&#8220;top&#8220; css=&#8220;.vc_custom_1677943057077{padding-top: 40px !important;padding-bottom: 10px !important;background-color: #efefef !important;}&#8220; conditional_render=&#8220;%5B%7B%22value_role%22%3A%22administrator%22%7D%5D&#8220;][vc_column width=&#8220;1\/2&#8243;][vc_column_text]Dennoch werden mehr als 3-5 % der Betonm\u00f6rtel-Lieferungen zur\u00fcckgewiesen oder bleiben ungenutzt. Nichteinhaltung von Spezifikationen und ein Beton-\u00dcberschuss belaufen sich auf einen hohen Prozentsatz an verschwendetem Material. Eine Entt\u00e4uschung f\u00fcr das nachhaltige und zirkul\u00e4re Denken, das wir gerne in gr\u00f6\u00dferem Umfang sehen w\u00fcrden. Die Auswirkungen des Klimawandels werden in zunehmenden Ma\u00dfe sp\u00fcrbar, wobei die f\u00fchrenden Weltpolitiker erkennen, dass wir weit hinter den Zielen de CO2-Reduzierung zur\u00fcckbleiben. Der Treibhauseffekt macht sich t\u00e4glich bei weltweiten Ereignissen, wie beispielsweise Hitzesommern, \u00dcberschwemmungen mit massiven Auswirkungen, orkanartigen St\u00fcrmen und dem weltweiten Schmelzen des Meereises, noch schneller als erwartet, bemerkbar. Die Zeit zum Handeln ist jetzt!<\/p>\n<p>Eine Reduzierung der Abfallstr\u00f6me (Restbeton) bei der Herstellung von Betonm\u00f6rtel h\u00e4tte eine erhebliche positive Wirkung. Letztendlich w\u00fcrden die oben beschriebenen negativen Folgen vermieden werden. \u00dcberdenken Sie noch einmal die CO2-Emissionen, die bei der Zementherstellung entstehen, die verbrauchte Wassermenge und die Menge an nutzbarem Sand.[\/vc_column_text][\/vc_column][vc_column width=&#8220;1\/2&#8243;][vc_column_text]Die direkte Umwandlung von \u00fcbersch\u00fcssigem Betonm\u00f6rtel in ein qualitativ hochwertiges Produkt, das Bestandteil eines nachhaltigen Modulbausystems wird, schafft eine doppelt nachhaltige L\u00f6sung. Vor allem, wenn das Modulbausystem ein Bestandteil der standardisierten Bauweise ist, die von der Bauindustrie akzeptiert wird und viele Anwendungsm\u00f6glichkeiten hat. Ein Konstruktionssystem, das einfach zu installieren, zu modifizieren und zu entfernen ist. Die bereits oben erw\u00e4hnten Eigenschaften bieten ausschlie\u00dflich Vorteile im Hinblick auf eine zirkul\u00e4re und nachhaltige Zukunft, die wir alle anstreben.<\/p>\n<p>Auf diese Weise wird der Betonm\u00f6rtel maximiert und nachhaltig eingesetzt. Restbeton wird direkt zur Herstellung hochwertiger Produkte wiederverwendet. Eine Ma\u00dfnahme zur Kostenreduzierung, die zu einer Umsatzsteigerung beitr\u00e4gt, die Umwelt erheblich entlastet und verhindert, dass Beton auf einer M\u00fclldeponie entsorgt wird.[\/vc_column_text][\/vc_column][\/vc_row][vc_row full_width=&#8220;stretch_row&#8220; css=&#8220;.vc_custom_1677005271631{padding-top: 30px !important;padding-bottom: 30px !important;background-color: #1c1c1c !important;}&#8220; conditional_render=&#8220;%5B%7B%22value_role%22%3A%22administrator%22%7D%5D&#8220;][vc_column][vc_single_image image=&#8220;4300&#8243; img_size=&#8220;70&#215;70&#8243; alignment=&#8220;center&#8220;][vc_column_text]<\/p>\n<p style=\"text-align: center\"><span style=\"color: #f2f2f2\"><strong><span style=\"font-size: 20px\">DAS STANDARDISIERTE MODULARE BAUSYSTEM \u2013 VON DER BAUINDUSTRIE ANERKANNT <\/span><\/strong><\/span><\/p>\n<p style=\"text-align: center\"><span style=\"color: #f2f2f2\">Dieses standardisierte Bausystem besteht aus Betonbl\u00f6cken und Betonplatten, die vielf\u00e4ltig einsetzbar sind.<br \/>\nMittels automatisierter Produktionstechniken erfolgt die Herstellung der Bl\u00f6cke durch die Nutzung formstabiler Gussformen, die aus qualitativ hochwertigem Stahl gefertigt sind. Aus den professionellen wiederverwendbaren Gussformen entstehen n\u00fctzliche Bauelemente mit Abmessungen, die den Industrienormen entsprechen.<br \/>\n<\/span><\/p>\n<p style=\"text-align: center\"><span style=\"color: #f2f2f2\">Betonbl\u00f6cke und Betonplatten k\u00f6nnen in verschiedenen Gr\u00f6\u00dfen und Formen hergestellt werden. W\u00e4hlen Sie Ihre Blockgr\u00f6\u00dfe und die gew\u00fcnschten Eins\u00e4tze aus. Aufgrund des modularen Aufbaus der Gussformen k\u00f6nnen die unterschiedlichsten Produkte mit m\u00f6glichst wenigen Bauteilen hergestellt werden.<br \/>\n<\/span><\/p>\n<p style=\"text-align: center\"><span style=\"color: #f2f2f2\">Durch Anbringen einer Zwischenplatte k\u00f6nnen Betonbl\u00f6cke in Viertel-, Halb- oder Dreiviertelgr\u00f6\u00dfen hergestellt werden. Diese M\u00f6glichkeit besteht auch bei Treppenbl\u00f6cken. Die Eins\u00e4tze lassen sich schnell und einfach ein- und ausbauen.<br \/>\n<\/span><\/p>\n<p style=\"text-align: center\"><span style=\"color: #f2f2f2\">Die Einzelteile der Gussform, die am schnellsten verschlei\u00dfen, wie z. B. der Verriegelungs-mechanismus und der Gussform\u00f6ffner, sind feuerverzinkt zur Gew\u00e4hrleistung h\u00f6chster Widerstandsf\u00e4higkeit gegen mechanische Besch\u00e4digungen.<br \/>\n<\/span><\/p>\n<p>&nbsp;[\/vc_column_text][\/vc_column][\/vc_row][vc_row full_width=&#8220;stretch_row&#8220; gap=&#8220;30&#8243; content_placement=&#8220;top&#8220; css=&#8220;.vc_custom_1686666968651{margin-bottom: -30px !important;padding-top: 10px !important;padding-bottom: 40px !important;}&#8220; conditional_render=&#8220;%5B%7B%22value_role%22%3A%22administrator%22%7D%5D&#8220;][vc_column width=&#8220;1\/2&#8243;][vc_single_image image=&#8220;4443&#8243; img_size=&#8220;800&#215;500&#8243; alignment=&#8220;center&#8220;][\/vc_column][vc_column width=&#8220;1\/2&#8243;][vc_single_image image=&#8220;4438&#8243; img_size=&#8220;800&#215;500&#8243; alignment=&#8220;center&#8220;][\/vc_column][\/vc_row][vc_row full_width=&#8220;stretch_row&#8220; gap=&#8220;30&#8243; content_placement=&#8220;top&#8220; css=&#8220;.vc_custom_1686666921919{margin-bottom: -40px !important;padding-top: 30px !important;padding-bottom: 20px !important;background-color: #efefef !important;}&#8220; conditional_render=&#8220;%5B%7B%22value_role%22%3A%22administrator%22%7D%5D&#8220;][vc_column][vc_column_text]<\/p>\n<p style=\"text-align: center\">Die Formen sind robust und lassen sich einfach zu den Baustellen und wieder zur\u00fcck transportieren. Sie sind eine willkommene Erg\u00e4nzung der Standardausstattung auf der Baustelle um die Verschwendung von Betonm\u00f6rtel zu vermeiden.<\/p>\n<p style=\"text-align: center\">Modulare Betonelemente sind ideal f\u00fcr den Bau von St\u00fctzmauern f\u00fcr Trocken-Sch\u00fcttgut-Lagerpl\u00e4tze, D\u00fcnger- oder Silogruben, Bauz\u00e4une oder Leitplanken.<\/p>\n<p style=\"text-align: center\">F\u00fcr das sichere Verlegen und Versetzen stehen geeignete Hebewerkzeuge zur Verf\u00fcgung. Eine Betonblockklemme, ein Hebeb\u00fcgel ausgestattet mit Hebeketten und ein Betonblockwender machen die Handhabung und den Transport der schweren Betonelemente zum Kinderspiel.<\/p>\n<p style=\"text-align: center\">Mithilfe der Werkzeuge zur Bearbeitung des Betonm\u00f6rtels in den Gussformen sind die Baustellen komplett ausgestattet. Sie verf\u00fcgen \u00fcber alle Mittel f\u00fcr den nachhaltigen Bau modularer standardisierten Betonkonstruktionen. Perfekt f\u00fcr permanente und tempor\u00e4re Konstruktionen geeignet.<\/p>\n<p>[\/vc_column_text][\/vc_column][\/vc_row]<\/p>\n<\/div>","protected":false},"excerpt":{"rendered":"<p>[vc_row css=&#8220;.vc_custom_1677604438329{margin-top: 30px !important;}&#8220; conditional_render=&#8220;%5B%7B%22value_role%22%3A%22administrator%22%7D%5D&#8220;][vc_column][vc_column_text] ZUSATZNUTZEN DER VERARBEITUNG VON RESTBETON Abgesehen von Wasser, ist Beton der am h\u00e4ufigsten verwendete Stoff der Welt. Beton ist tonangebend und von grundlegender Bedeutung beim Planentwurf und Bau von Infrastrukturen &#8211; Stra\u00dfen, Wasserwegen, H\u00e4usern, B\u00fcros und felsenfesten Fundamenten. Dies ist auf die Materialst\u00e4rke, die beispiellose Langlebigkeit und seine erschwinglichen Preise [&hellip;]<\/p>\n","protected":false},"author":3,"featured_media":0,"parent":5110,"menu_order":0,"comment_status":"closed","ping_status":"closed","template":"","meta":{"footnotes":""},"class_list":["post-5081","page","type-page","status-publish","hentry"],"yoast_head":"<!-- This site is optimized with the Yoast SEO plugin v27.4 - https:\/\/yoast.com\/product\/yoast-seo-wordpress\/ -->\n<title>Zirkul\u00e4re Restbetonverarbeitung anhand von Betonblockformen - BETONMOULDS<\/title>\n<meta name=\"description\" content=\"Verarbeiten Sie Restbeton auf effiziente und zirkul\u00e4re Weise. Stellen Sie mit den Betonblock-Gussformen von BETONMOULDS n\u00fctzliche Betonbl\u00f6cke aus Restbeton her.\" \/>\n<meta name=\"robots\" content=\"index, follow, max-snippet:-1, max-image-preview:large, max-video-preview:-1\" \/>\n<link rel=\"canonical\" href=\"https:\/\/www.betonmoulds.com\/de\/einsatzbereiche\/zusatznutzen-der-verarbeitung-von-restbeton\/\" \/>\n<meta property=\"og:locale\" content=\"de_DE\" \/>\n<meta property=\"og:type\" content=\"article\" \/>\n<meta property=\"og:title\" content=\"Zirkul\u00e4re Restbetonverarbeitung anhand von Betonblockformen - BETONMOULDS\" \/>\n<meta property=\"og:description\" content=\"Verarbeiten Sie Restbeton auf effiziente und zirkul\u00e4re Weise. Stellen Sie mit den Betonblock-Gussformen von BETONMOULDS n\u00fctzliche Betonbl\u00f6cke aus Restbeton her.\" \/>\n<meta property=\"og:url\" content=\"https:\/\/www.betonmoulds.com\/de\/einsatzbereiche\/zusatznutzen-der-verarbeitung-von-restbeton\/\" \/>\n<meta property=\"og:site_name\" content=\"BETONMOULDS\" \/>\n<meta property=\"article:modified_time\" content=\"2023-07-24T19:29:53+00:00\" \/>\n<meta name=\"twitter:card\" content=\"summary_large_image\" \/>\n<meta name=\"twitter:label1\" content=\"Gesch\u00e4tzte Lesezeit\" \/>\n\t<meta name=\"twitter:data1\" content=\"4\u00a0Minuten\" \/>\n<script type=\"application\/ld+json\" class=\"yoast-schema-graph\">{\"@context\":\"https:\\\/\\\/schema.org\",\"@graph\":[{\"@type\":\"WebPage\",\"@id\":\"https:\\\/\\\/www.betonmoulds.com\\\/de\\\/einsatzbereiche\\\/zusatznutzen-der-verarbeitung-von-restbeton\\\/\",\"url\":\"https:\\\/\\\/www.betonmoulds.com\\\/de\\\/einsatzbereiche\\\/zusatznutzen-der-verarbeitung-von-restbeton\\\/\",\"name\":\"Zirkul\u00e4re Restbetonverarbeitung anhand von Betonblockformen - BETONMOULDS\",\"isPartOf\":{\"@id\":\"https:\\\/\\\/www.betonmoulds.com\\\/de\\\/#website\"},\"datePublished\":\"2023-02-21T15:57:41+00:00\",\"dateModified\":\"2023-07-24T19:29:53+00:00\",\"description\":\"Verarbeiten Sie Restbeton auf effiziente und zirkul\u00e4re Weise. Stellen Sie mit den Betonblock-Gussformen von BETONMOULDS n\u00fctzliche Betonbl\u00f6cke aus Restbeton her.\",\"breadcrumb\":{\"@id\":\"https:\\\/\\\/www.betonmoulds.com\\\/de\\\/einsatzbereiche\\\/zusatznutzen-der-verarbeitung-von-restbeton\\\/#breadcrumb\"},\"inLanguage\":\"de\",\"potentialAction\":[{\"@type\":\"ReadAction\",\"target\":[\"https:\\\/\\\/www.betonmoulds.com\\\/de\\\/einsatzbereiche\\\/zusatznutzen-der-verarbeitung-von-restbeton\\\/\"]}]},{\"@type\":\"BreadcrumbList\",\"@id\":\"https:\\\/\\\/www.betonmoulds.com\\\/de\\\/einsatzbereiche\\\/zusatznutzen-der-verarbeitung-von-restbeton\\\/#breadcrumb\",\"itemListElement\":[{\"@type\":\"ListItem\",\"position\":1,\"name\":\"Home\",\"item\":\"https:\\\/\\\/www.betonmoulds.com\\\/de\\\/\"},{\"@type\":\"ListItem\",\"position\":2,\"name\":\"Zusatznutzen der Verarbeitung von Restbeton\"}]},{\"@type\":\"WebSite\",\"@id\":\"https:\\\/\\\/www.betonmoulds.com\\\/de\\\/#website\",\"url\":\"https:\\\/\\\/www.betonmoulds.com\\\/de\\\/\",\"name\":\"BETONMOULDS\",\"description\":\"Upcycle leftover concrete\",\"potentialAction\":[{\"@type\":\"SearchAction\",\"target\":{\"@type\":\"EntryPoint\",\"urlTemplate\":\"https:\\\/\\\/www.betonmoulds.com\\\/de\\\/?s={search_term_string}\"},\"query-input\":{\"@type\":\"PropertyValueSpecification\",\"valueRequired\":true,\"valueName\":\"search_term_string\"}}],\"inLanguage\":\"de\"}]}<\/script>\n<!-- \/ Yoast SEO plugin. -->","yoast_head_json":{"title":"Zirkul\u00e4re Restbetonverarbeitung anhand von Betonblockformen - BETONMOULDS","description":"Verarbeiten Sie Restbeton auf effiziente und zirkul\u00e4re Weise. Stellen Sie mit den Betonblock-Gussformen von BETONMOULDS n\u00fctzliche Betonbl\u00f6cke aus Restbeton her.","robots":{"index":"index","follow":"follow","max-snippet":"max-snippet:-1","max-image-preview":"max-image-preview:large","max-video-preview":"max-video-preview:-1"},"canonical":"https:\/\/www.betonmoulds.com\/de\/einsatzbereiche\/zusatznutzen-der-verarbeitung-von-restbeton\/","og_locale":"de_DE","og_type":"article","og_title":"Zirkul\u00e4re Restbetonverarbeitung anhand von Betonblockformen - BETONMOULDS","og_description":"Verarbeiten Sie Restbeton auf effiziente und zirkul\u00e4re Weise. Stellen Sie mit den Betonblock-Gussformen von BETONMOULDS n\u00fctzliche Betonbl\u00f6cke aus Restbeton her.","og_url":"https:\/\/www.betonmoulds.com\/de\/einsatzbereiche\/zusatznutzen-der-verarbeitung-von-restbeton\/","og_site_name":"BETONMOULDS","article_modified_time":"2023-07-24T19:29:53+00:00","twitter_card":"summary_large_image","twitter_misc":{"Gesch\u00e4tzte Lesezeit":"4\u00a0Minuten"},"schema":{"@context":"https:\/\/schema.org","@graph":[{"@type":"WebPage","@id":"https:\/\/www.betonmoulds.com\/de\/einsatzbereiche\/zusatznutzen-der-verarbeitung-von-restbeton\/","url":"https:\/\/www.betonmoulds.com\/de\/einsatzbereiche\/zusatznutzen-der-verarbeitung-von-restbeton\/","name":"Zirkul\u00e4re Restbetonverarbeitung anhand von Betonblockformen - BETONMOULDS","isPartOf":{"@id":"https:\/\/www.betonmoulds.com\/de\/#website"},"datePublished":"2023-02-21T15:57:41+00:00","dateModified":"2023-07-24T19:29:53+00:00","description":"Verarbeiten Sie Restbeton auf effiziente und zirkul\u00e4re Weise. Stellen Sie mit den Betonblock-Gussformen von BETONMOULDS n\u00fctzliche Betonbl\u00f6cke aus Restbeton her.","breadcrumb":{"@id":"https:\/\/www.betonmoulds.com\/de\/einsatzbereiche\/zusatznutzen-der-verarbeitung-von-restbeton\/#breadcrumb"},"inLanguage":"de","potentialAction":[{"@type":"ReadAction","target":["https:\/\/www.betonmoulds.com\/de\/einsatzbereiche\/zusatznutzen-der-verarbeitung-von-restbeton\/"]}]},{"@type":"BreadcrumbList","@id":"https:\/\/www.betonmoulds.com\/de\/einsatzbereiche\/zusatznutzen-der-verarbeitung-von-restbeton\/#breadcrumb","itemListElement":[{"@type":"ListItem","position":1,"name":"Home","item":"https:\/\/www.betonmoulds.com\/de\/"},{"@type":"ListItem","position":2,"name":"Zusatznutzen der Verarbeitung von Restbeton"}]},{"@type":"WebSite","@id":"https:\/\/www.betonmoulds.com\/de\/#website","url":"https:\/\/www.betonmoulds.com\/de\/","name":"BETONMOULDS","description":"Upcycle leftover concrete","potentialAction":[{"@type":"SearchAction","target":{"@type":"EntryPoint","urlTemplate":"https:\/\/www.betonmoulds.com\/de\/?s={search_term_string}"},"query-input":{"@type":"PropertyValueSpecification","valueRequired":true,"valueName":"search_term_string"}}],"inLanguage":"de"}]}},"_links":{"self":[{"href":"https:\/\/www.betonmoulds.com\/de\/wp-json\/wp\/v2\/pages\/5081","targetHints":{"allow":["GET"]}}],"collection":[{"href":"https:\/\/www.betonmoulds.com\/de\/wp-json\/wp\/v2\/pages"}],"about":[{"href":"https:\/\/www.betonmoulds.com\/de\/wp-json\/wp\/v2\/types\/page"}],"author":[{"embeddable":true,"href":"https:\/\/www.betonmoulds.com\/de\/wp-json\/wp\/v2\/users\/3"}],"replies":[{"embeddable":true,"href":"https:\/\/www.betonmoulds.com\/de\/wp-json\/wp\/v2\/comments?post=5081"}],"version-history":[{"count":3,"href":"https:\/\/www.betonmoulds.com\/de\/wp-json\/wp\/v2\/pages\/5081\/revisions"}],"predecessor-version":[{"id":5083,"href":"https:\/\/www.betonmoulds.com\/de\/wp-json\/wp\/v2\/pages\/5081\/revisions\/5083"}],"up":[{"embeddable":true,"href":"https:\/\/www.betonmoulds.com\/de\/wp-json\/wp\/v2\/pages\/5110"}],"wp:attachment":[{"href":"https:\/\/www.betonmoulds.com\/de\/wp-json\/wp\/v2\/media?parent=5081"}],"curies":[{"name":"wp","href":"https:\/\/api.w.org\/{rel}","templated":true}]}}