{"id":5073,"date":"2022-03-04T15:00:33","date_gmt":"2022-03-04T15:00:33","guid":{"rendered":"https:\/\/www.betonmoulds.com\/precast-concrete-production\/"},"modified":"2025-02-26T09:44:08","modified_gmt":"2025-02-26T09:44:08","slug":"betonfertigteilproduktion","status":"publish","type":"page","link":"https:\/\/www.betonmoulds.com\/de\/einsatzbereiche\/betonfertigteilproduktion\/","title":{"rendered":"Betonfertigteilproduktion"},"content":{"rendered":"<div class=\"wpb-content-wrapper\"><p>[vc_row css=&#8220;.vc_custom_1677604423630{margin-top: 30px !important;}&#8220; conditional_render=&#8220;%5B%7B%22value_role%22%3A%22administrator%22%7D%5D&#8220;][vc_column][vc_column_text]<\/p>\n<p style=\"text-align: center\"><span style=\"font-size: 25px;color: #000000\"><strong>BETONFERTIGTEILPRODUKTION<\/strong><\/span><\/p>\n<p style=\"text-align: center\">Produzenten von Betonfertigteilen verwenden Gro\u00dfmengen an Beton. Der CO2-Fu\u00dfabdruck stellt den wirkungsvollsten Parameter der Industriebranche dar. Beton ist ein Baumaterial, das aus Zement, Wasser und den Zuschlagstoffen Sand, Kies und\/oder Schotter besteht.<\/p>\n<p style=\"text-align: center\">Den Wissenschaftlern zufolge werden bei der Zementherstellung immense Mengen an CO2 emittiert: etwa 8 Prozent der weltweiten CO2-Emissionen. Wenn Beton nicht effektiv genutzt wird, bedeutet dies nicht nur eine Verschwendung des Materials und die damit verbundenen Kosten, sondern dies verursacht \u00a0auch unn\u00f6tige Umweltsch\u00e4den. Aus diesem Grund ist es von gro\u00dfer Bedeutung, Restbeton bei der Herstellung von Betonfertigteilen zu vermeiden.<\/p>\n<p>[\/vc_column_text][\/vc_column][\/vc_row][vc_row full_width=&#8220;stretch_row&#8220; gap=&#8220;30&#8243; content_placement=&#8220;middle&#8220; css=&#8220;.vc_custom_1677605257406{padding-top: 40px !important;padding-bottom: 20px !important;background-color: #efefef !important;}&#8220; conditional_render=&#8220;%5B%7B%22value_role%22%3A%22administrator%22%7D%5D&#8220;][vc_column width=&#8220;1\/2&#8243;][vc_column_text]Restbeton f\u00e4llt w\u00e4hrend der Herstellung von breiten (Boden-)Platten, Betontr\u00e4gern, Betons\u00e4ulen und Betonw\u00e4nden an. Bei Qualit\u00e4ts\u00fcberpr\u00fcfungen des hergestellten Betons kann sich beispielsweise herausstellen, dass eine Betonmischung letztendlich nicht zur Produktion von Betonelementen geeignet ist. Es k\u00f6nnte ein Produktionsfehler vorliegen. Bei den R\u00fcckst\u00e4nden kann es sich aber auch nur um \u00fcbriggebliebenen Beton handeln, der in den zu produzierenden Elementen nicht verwendet werden kann.<\/p>\n<p>Die Entsorgung von Restbeton ist nicht nur unverantwortlich, sondern auch unn\u00f6tig. In der N\u00e4he von Fabriken ist es h\u00e4ufig gestattet, Restbeton in einer Deponie auszuh\u00e4rten. Anschlie\u00dfend wird der ausgeh\u00e4rtete Beton in einer Zerkleinerungsanlage gebrochen und gesiebt, wonach die daraus resultierende Zuschlagstoffe zur Herstellung neuer Betonprodukte verwendet werden.<\/p>\n<p>Die Zuschlagstoffe k\u00f6nnen auch f\u00fcr andere Anwendungsbereiche genutzt werden. Der Zerkleinerungs- und Siebprozess von Restbeton erfordert einen hohen Energieverbrauch. Das Recycling von geh\u00e4rtetem Beton zu Betonschutt-Zuschlagstoffen ist unn\u00f6tig.[\/vc_column_text][\/vc_column][vc_column width=&#8220;1\/2&#8243;][vc_single_image image=&#8220;4398&#8243; img_size=&#8220;800&#215;500&#8243; alignment=&#8220;right&#8220;][\/vc_column][\/vc_row][vc_row full_width=&#8220;stretch_row&#8220; gap=&#8220;35&#8243; css=&#8220;.vc_custom_1677605238741{padding-bottom: 20px !important;background-color: #1c1c1c !important;}&#8220; conditional_render=&#8220;%5B%7B%22value_role%22%3A%22administrator%22%7D%5D&#8220;][vc_column][vc_single_image image=&#8220;4210&#8243; img_size=&#8220;70&#215;70&#8243; alignment=&#8220;center&#8220;][vc_column_text css=&#8220;&#8220; css_params=&#8220;&#8220;]<\/p>\n<p style=\"text-align: center;\"><strong><span style=\"font-size: 24px; color: #f2f2f2;\"><span style=\"font-size: 20px;\">EINE AUSGEKL\u00dcGELTE UND ZIRKUL\u00c4RE VERARBEITUNG VON RESTBETON \u00a0<\/span><\/span><\/strong><\/p>\n<p style=\"text-align: center;\"><span style=\"color: #f2f2f2;\">Eine tats\u00e4chlich zirkul\u00e4re und intelligente L\u00f6sung ist die Verwendung von Restbeton f\u00fcr ein Endprodukt, das hergestellt werden kann, wenn der Betonm\u00f6rtel noch eine gute Viskosit\u00e4t aufweist und der Aush\u00e4rtungsprozess noch nicht eingesetzt hat. Die Verwendung von qualitativ hochwertigem Betonm\u00f6rtel f\u00fcr Betonzuschlagstoffe ist unzweckm\u00e4\u00dfig und ist auch bekannt als Downcycling.<\/span><\/p>\n<p style=\"text-align: center;\"><span style=\"color: #f2f2f2;\">Das Recycling von frischem Ortbeton durch Auswaschen, so dass Zuschlagsstoffe und Schlammwasser wiederverwendet werden k\u00f6nnen, erfordert einen hohen Energieverbrauch und ist ein kostenintensives Recyclingverfahren. Der Wasserverbrauch des Produktions- und Recyclingprozesses ist immens.<\/span><\/p>\n<p style=\"text-align: center;\"><span style=\"color: #f2f2f2;\">Die Herstellung stapelbarer Betonbl\u00f6cke ist die perfekte L\u00f6sung um frischen, nicht ausgeh\u00e4rteten Beton sofort verantwortungsbewusst zu entsorgen. Die stapelbaren Betonbl\u00f6cke sind vergleichbar mit Bausteinen im Industrieformat: standardisierte blockf\u00f6rmige Bauelemente, die in einer Betonanlage hergestellt werden. Ein Bausystem mit formstabilen Betonbl\u00f6cken, das kein F\u00fcllmaterial oder andere Befestigungselemente ben\u00f6tigt.<br \/>\n<\/span><\/p>\n<p>[\/vc_column_text][\/vc_column][\/vc_row][vc_row gap=&#8220;30&#8243; content_placement=&#8220;top&#8220; conditional_render=&#8220;%5B%7B%22value_role%22%3A%22administrator%22%7D%5D&#8220;][vc_column width=&#8220;1\/2&#8243;][vc_column_text css=&#8220;&#8220; css_params=&#8220;&#8220;]Wer hat fr\u00fcher nicht mit Bausteinen gespielt und dabei zahlreiche kreative Konstruktionen gebaut? Die gro\u00dfen Betonbl\u00f6cke sind wie riesengro\u00dfe Bausteine f\u00fcr Erwachsene. Die Betonbl\u00f6cke k\u00f6nnen f\u00fcr zahlreiche Anwendungen verwendet werden, z. B. f\u00fcr St\u00fctzmauern, G\u00fcllesilos, Lagerbunker, Gel\u00e4ndeeinz\u00e4unungen, Leitplanken und Industriegeb\u00e4ude.<\/p>\n<p>Durch die Verwendung <span style=\"color: #5c5c5c;\"><a style=\"color: #5c5c5c;\" href=\"https:\/\/www.betonmoulds.com\/de\/shop\/\"><strong>professioneller Gussformen<\/strong><\/a><\/span>\u00a0k\u00f6nnen Sie perfekt geformte gro\u00dfe modulare Betonkonstruktionen herstellen. Der feuchte Restbeton wird in die Gussformen gegossen, so dass ein modulares und leicht zu verarbeitendes Bausystem entsteht. Die Gussformen sind ebenfalls modular aufgebaut, was die Herstellung von Bl\u00f6cken mit unterschiedlichen Formen und Gr\u00f6\u00dfen erleichtert. Modulare Formen zum Erstellen eines modularen Konstruktionssystems.[\/vc_column_text][\/vc_column][vc_column width=&#8220;1\/2&#8243;][vc_column_text]Bei gr\u00f6\u00dferen St\u00fcckzahlen k\u00f6nnen die stapelbaren Betonbl\u00f6cke zu kompletten Betonkonstruktionen \u00a0zusammengef\u00fcgt werden. Dieses Bausystem hat einen wesentlichen Vorteil: Die Konstruktion kann einfach platziert, ver\u00e4ndert oder wieder demontiert werden. Dabei geht es darum, die Konstruktion zu platzieren, sie gegebenenfalls anzupassen und sie schlie\u00dflich zu entfernen und wiederzuverwenden.<\/p>\n<p>Auf diese Weise kann der bei der Produktion von Betonfertigteilen anfallende Restbeton f\u00fcr eine optimale zirkul\u00e4re Betonl\u00f6sung verwendet werden. Wir nennen dies auch Upcycling von Restbeton. Die best\u00e4ndigen Materialien, die langlebig sind, k\u00f6nnen einfach wiederverwendet werden, ohne dass ein energieverschwendender Recyclingprozess zur Herstellung von neuem Beton erforderlich ist.[\/vc_column_text][\/vc_column][\/vc_row][vc_row full_width=&#8220;stretch_row&#8220; conditional_render=&#8220;%5B%7B%22value_role%22%3A%22administrator%22%7D%5D&#8220; css=&#8220;.vc_custom_1677606103398{margin-top: 10px !important;margin-bottom: 20px !important;}&#8220;][vc_column][vc_single_image image=&#8220;4408&#8243; img_size=&#8220;1800&#215;700&#8243; alignment=&#8220;center&#8220;][\/vc_column][\/vc_row][vc_row full_width=&#8220;stretch_row&#8220; gap=&#8220;30&#8243; css=&#8220;.vc_custom_1686665749706{margin-bottom: -40px !important;padding-top: 30px !important;padding-bottom: 30px !important;background-color: #efefef !important;}&#8220; conditional_render=&#8220;%5B%7B%22value_role%22%3A%22administrator%22%7D%5D&#8220;][vc_column][vc_column_text]Betonplatten verschiedener St\u00e4rken k\u00f6nnen zur Pflasterung einer Baustelle verwendet werden. Eine \u00a0ideale Weise um landwirtschaftliche oder industrielle Fl\u00e4chen zu pflastern. Die Oberfl\u00e4che der Standortpflasterung kann einfach angepasst werden, indem Betonplatten m\u00fchelos herausgenommen oder hinzugef\u00fcgt werden.<\/p>\n<p>Durch die Nutzung formstabiler Gussformen zeigen Betreiber von Betonanlagen, dass sie sich f\u00fcr die Nachhaltigkeit und die Zirkularit\u00e4t einsetzen. Sie produzieren Materialien mit geringeren Auswirkungen auf die Umwelt und reduzieren die bei der Betonherstellung anfallenden Abfallstr\u00f6me:<\/p>\n<ol>\n<li>Der gesamte in der Betonanlage vorhandene Betonm\u00f6rtel wird sofort nutzbringend verwendet;<\/li>\n<li>Es minimiert die Umweltauswirkungen von Restbeton und Recyclingprozessen;<\/li>\n<li>Es werden Produkte entwickelt, die \u00fcber einen langen Nutzungszyklus verf\u00fcgen;<\/li>\n<li>Es entstehen zirkul\u00e4re Produkte, die immer wieder verwendet werden k\u00f6nnen, ohne Qualit\u00e4tsverluste.<\/li>\n<li>Es wird somit die M\u00f6glichkeit geschaffen, Produkte f\u00fcr verschiedene Anwendungen zu verwenden.<\/li>\n<\/ol>\n<p>[\/vc_column_text][\/vc_column][\/vc_row]<\/p>\n<\/div>","protected":false},"excerpt":{"rendered":"<p>[vc_row css=&#8220;.vc_custom_1677604423630{margin-top: 30px !important;}&#8220; conditional_render=&#8220;%5B%7B%22value_role%22%3A%22administrator%22%7D%5D&#8220;][vc_column][vc_column_text] BETONFERTIGTEILPRODUKTION Produzenten von Betonfertigteilen verwenden Gro\u00dfmengen an Beton. Der CO2-Fu\u00dfabdruck stellt den wirkungsvollsten Parameter der Industriebranche dar. Beton ist ein Baumaterial, das aus Zement, Wasser und den Zuschlagstoffen Sand, Kies und\/oder Schotter besteht. Den Wissenschaftlern zufolge werden bei der Zementherstellung immense Mengen an CO2 emittiert: etwa 8 Prozent der weltweiten [&hellip;]<\/p>\n","protected":false},"author":1,"featured_media":0,"parent":5110,"menu_order":0,"comment_status":"closed","ping_status":"closed","template":"","meta":{"footnotes":""},"class_list":["post-5073","page","type-page","status-publish","hentry"],"yoast_head":"<!-- This site is optimized with the Yoast SEO plugin v27.4 - https:\/\/yoast.com\/product\/yoast-seo-wordpress\/ -->\n<title>Eine ausgekl\u00fcgelte und zirkul\u00e4re Verarbeitung von Restbeton - BETONMOULDS<\/title>\n<meta name=\"description\" content=\"Entdecken Sie die Vorteile der Betonblock-Gussformen mit denen Sie Restbeton zu perfekt geformten, stapelbaren Betonbl\u00f6cken verarbeiten k\u00f6nnen.\" \/>\n<meta name=\"robots\" content=\"index, follow, max-snippet:-1, max-image-preview:large, max-video-preview:-1\" \/>\n<link rel=\"canonical\" href=\"https:\/\/www.betonmoulds.com\/de\/einsatzbereiche\/betonfertigteilproduktion\/\" \/>\n<meta property=\"og:locale\" content=\"de_DE\" \/>\n<meta property=\"og:type\" content=\"article\" \/>\n<meta property=\"og:title\" content=\"Eine ausgekl\u00fcgelte und zirkul\u00e4re Verarbeitung von Restbeton - BETONMOULDS\" \/>\n<meta property=\"og:description\" content=\"Entdecken Sie die Vorteile der Betonblock-Gussformen mit denen Sie Restbeton zu perfekt geformten, stapelbaren Betonbl\u00f6cken verarbeiten k\u00f6nnen.\" \/>\n<meta property=\"og:url\" content=\"https:\/\/www.betonmoulds.com\/de\/einsatzbereiche\/betonfertigteilproduktion\/\" \/>\n<meta property=\"og:site_name\" content=\"BETONMOULDS\" \/>\n<meta property=\"article:modified_time\" content=\"2025-02-26T09:44:08+00:00\" \/>\n<meta name=\"twitter:card\" content=\"summary_large_image\" \/>\n<meta name=\"twitter:label1\" content=\"Gesch\u00e4tzte Lesezeit\" \/>\n\t<meta name=\"twitter:data1\" content=\"4\u00a0Minuten\" \/>\n<script type=\"application\/ld+json\" class=\"yoast-schema-graph\">{\"@context\":\"https:\\\/\\\/schema.org\",\"@graph\":[{\"@type\":\"WebPage\",\"@id\":\"https:\\\/\\\/www.betonmoulds.com\\\/de\\\/einsatzbereiche\\\/betonfertigteilproduktion\\\/\",\"url\":\"https:\\\/\\\/www.betonmoulds.com\\\/de\\\/einsatzbereiche\\\/betonfertigteilproduktion\\\/\",\"name\":\"Eine ausgekl\u00fcgelte und zirkul\u00e4re Verarbeitung von Restbeton - BETONMOULDS\",\"isPartOf\":{\"@id\":\"https:\\\/\\\/www.betonmoulds.com\\\/de\\\/#website\"},\"datePublished\":\"2022-03-04T15:00:33+00:00\",\"dateModified\":\"2025-02-26T09:44:08+00:00\",\"description\":\"Entdecken Sie die Vorteile der Betonblock-Gussformen mit denen Sie Restbeton zu perfekt geformten, stapelbaren Betonbl\u00f6cken verarbeiten k\u00f6nnen.\",\"breadcrumb\":{\"@id\":\"https:\\\/\\\/www.betonmoulds.com\\\/de\\\/einsatzbereiche\\\/betonfertigteilproduktion\\\/#breadcrumb\"},\"inLanguage\":\"de\",\"potentialAction\":[{\"@type\":\"ReadAction\",\"target\":[\"https:\\\/\\\/www.betonmoulds.com\\\/de\\\/einsatzbereiche\\\/betonfertigteilproduktion\\\/\"]}]},{\"@type\":\"BreadcrumbList\",\"@id\":\"https:\\\/\\\/www.betonmoulds.com\\\/de\\\/einsatzbereiche\\\/betonfertigteilproduktion\\\/#breadcrumb\",\"itemListElement\":[{\"@type\":\"ListItem\",\"position\":1,\"name\":\"Home\",\"item\":\"https:\\\/\\\/www.betonmoulds.com\\\/de\\\/\"},{\"@type\":\"ListItem\",\"position\":2,\"name\":\"Einsatzbereiche\",\"item\":\"https:\\\/\\\/www.betonmoulds.com\\\/de\\\/domaines-dutilisation\\\/\"},{\"@type\":\"ListItem\",\"position\":3,\"name\":\"Betonfertigteilproduktion\"}]},{\"@type\":\"WebSite\",\"@id\":\"https:\\\/\\\/www.betonmoulds.com\\\/de\\\/#website\",\"url\":\"https:\\\/\\\/www.betonmoulds.com\\\/de\\\/\",\"name\":\"BETONMOULDS\",\"description\":\"Upcycle leftover concrete\",\"potentialAction\":[{\"@type\":\"SearchAction\",\"target\":{\"@type\":\"EntryPoint\",\"urlTemplate\":\"https:\\\/\\\/www.betonmoulds.com\\\/de\\\/?s={search_term_string}\"},\"query-input\":{\"@type\":\"PropertyValueSpecification\",\"valueRequired\":true,\"valueName\":\"search_term_string\"}}],\"inLanguage\":\"de\"}]}<\/script>\n<!-- \/ Yoast SEO plugin. -->","yoast_head_json":{"title":"Eine ausgekl\u00fcgelte und zirkul\u00e4re Verarbeitung von Restbeton - BETONMOULDS","description":"Entdecken Sie die Vorteile der Betonblock-Gussformen mit denen Sie Restbeton zu perfekt geformten, stapelbaren Betonbl\u00f6cken verarbeiten k\u00f6nnen.","robots":{"index":"index","follow":"follow","max-snippet":"max-snippet:-1","max-image-preview":"max-image-preview:large","max-video-preview":"max-video-preview:-1"},"canonical":"https:\/\/www.betonmoulds.com\/de\/einsatzbereiche\/betonfertigteilproduktion\/","og_locale":"de_DE","og_type":"article","og_title":"Eine ausgekl\u00fcgelte und zirkul\u00e4re Verarbeitung von Restbeton - BETONMOULDS","og_description":"Entdecken Sie die Vorteile der Betonblock-Gussformen mit denen Sie Restbeton zu perfekt geformten, stapelbaren Betonbl\u00f6cken verarbeiten k\u00f6nnen.","og_url":"https:\/\/www.betonmoulds.com\/de\/einsatzbereiche\/betonfertigteilproduktion\/","og_site_name":"BETONMOULDS","article_modified_time":"2025-02-26T09:44:08+00:00","twitter_card":"summary_large_image","twitter_misc":{"Gesch\u00e4tzte Lesezeit":"4\u00a0Minuten"},"schema":{"@context":"https:\/\/schema.org","@graph":[{"@type":"WebPage","@id":"https:\/\/www.betonmoulds.com\/de\/einsatzbereiche\/betonfertigteilproduktion\/","url":"https:\/\/www.betonmoulds.com\/de\/einsatzbereiche\/betonfertigteilproduktion\/","name":"Eine ausgekl\u00fcgelte und zirkul\u00e4re Verarbeitung von Restbeton - BETONMOULDS","isPartOf":{"@id":"https:\/\/www.betonmoulds.com\/de\/#website"},"datePublished":"2022-03-04T15:00:33+00:00","dateModified":"2025-02-26T09:44:08+00:00","description":"Entdecken Sie die Vorteile der Betonblock-Gussformen mit denen Sie Restbeton zu perfekt geformten, stapelbaren Betonbl\u00f6cken verarbeiten k\u00f6nnen.","breadcrumb":{"@id":"https:\/\/www.betonmoulds.com\/de\/einsatzbereiche\/betonfertigteilproduktion\/#breadcrumb"},"inLanguage":"de","potentialAction":[{"@type":"ReadAction","target":["https:\/\/www.betonmoulds.com\/de\/einsatzbereiche\/betonfertigteilproduktion\/"]}]},{"@type":"BreadcrumbList","@id":"https:\/\/www.betonmoulds.com\/de\/einsatzbereiche\/betonfertigteilproduktion\/#breadcrumb","itemListElement":[{"@type":"ListItem","position":1,"name":"Home","item":"https:\/\/www.betonmoulds.com\/de\/"},{"@type":"ListItem","position":2,"name":"Einsatzbereiche","item":"https:\/\/www.betonmoulds.com\/de\/domaines-dutilisation\/"},{"@type":"ListItem","position":3,"name":"Betonfertigteilproduktion"}]},{"@type":"WebSite","@id":"https:\/\/www.betonmoulds.com\/de\/#website","url":"https:\/\/www.betonmoulds.com\/de\/","name":"BETONMOULDS","description":"Upcycle leftover concrete","potentialAction":[{"@type":"SearchAction","target":{"@type":"EntryPoint","urlTemplate":"https:\/\/www.betonmoulds.com\/de\/?s={search_term_string}"},"query-input":{"@type":"PropertyValueSpecification","valueRequired":true,"valueName":"search_term_string"}}],"inLanguage":"de"}]}},"_links":{"self":[{"href":"https:\/\/www.betonmoulds.com\/de\/wp-json\/wp\/v2\/pages\/5073","targetHints":{"allow":["GET"]}}],"collection":[{"href":"https:\/\/www.betonmoulds.com\/de\/wp-json\/wp\/v2\/pages"}],"about":[{"href":"https:\/\/www.betonmoulds.com\/de\/wp-json\/wp\/v2\/types\/page"}],"author":[{"embeddable":true,"href":"https:\/\/www.betonmoulds.com\/de\/wp-json\/wp\/v2\/users\/1"}],"replies":[{"embeddable":true,"href":"https:\/\/www.betonmoulds.com\/de\/wp-json\/wp\/v2\/comments?post=5073"}],"version-history":[{"count":5,"href":"https:\/\/www.betonmoulds.com\/de\/wp-json\/wp\/v2\/pages\/5073\/revisions"}],"predecessor-version":[{"id":10511,"href":"https:\/\/www.betonmoulds.com\/de\/wp-json\/wp\/v2\/pages\/5073\/revisions\/10511"}],"up":[{"embeddable":true,"href":"https:\/\/www.betonmoulds.com\/de\/wp-json\/wp\/v2\/pages\/5110"}],"wp:attachment":[{"href":"https:\/\/www.betonmoulds.com\/de\/wp-json\/wp\/v2\/media?parent=5073"}],"curies":[{"name":"wp","href":"https:\/\/api.w.org\/{rel}","templated":true}]}}