{"id":10811,"date":"2025-04-08T09:11:11","date_gmt":"2025-04-08T09:11:11","guid":{"rendered":"https:\/\/www.betonmoulds.com\/shipping-information\/"},"modified":"2025-04-08T10:57:46","modified_gmt":"2025-04-08T10:57:46","slug":"versandinformationen","status":"publish","type":"page","link":"https:\/\/www.betonmoulds.com\/de\/versandinformationen\/","title":{"rendered":"Versandinformationen"},"content":{"rendered":"<div class=\"wpb-content-wrapper\"><p>[vc_row][vc_column][vc_column_text css=&#8220;&#8220; css_params=&#8220;&#8220;]<\/p>\n<h2 style=\"text-align: center;\">VERSANDINFORMATIONEN<\/h2>\n<p>&nbsp;<\/p>\n<p><strong>1. Wie schnell werden Bestellungen versendet?<\/strong><\/p>\n<p>Die meisten Produkte sind auf Lager und werden nach Zahlungseingang versendet.<\/p>\n<p><strong>2. Versenden Sie international?<\/strong><\/p>\n<p>Ja, wir versenden weltweit mit zuverl\u00e4ssigen Spediteuren und bieten schnellen und kosteng\u00fcnstigen Service.<\/p>\n<p><strong>3. Wie werden Versandkosten und Lieferzeiten berechnet?<\/strong><\/p>\n<p>Die Kosten und Zeiten h\u00e4ngen vom Zielort und der Bestellmenge ab und werden im Angebot angegeben.<\/p>\n<p><strong>4. Wie sind die gesch\u00e4tzten Lieferzeiten?<\/strong><\/p>\n<p>Europa: 3\u20137 Werktage<\/p>\n<p>Andere Ziele: W\u00f6chentliche internationale Sendungen<\/p>\n<p><strong>5. Kann ich meine Bestellung abholen?<\/strong><\/p>\n<p>Ja, Sie k\u00f6nnen Ihre Bestellung in unserem Lager in Avenhorn, Niederlande abholen. Bitte geben Sie dies bei Ihrer Anfrage an.<\/p>\n<p><strong>6. Kann ich meine Bestellung verfolgen?<\/strong><\/p>\n<p>Sobald Ihre Bestellung versendet wurde, erhalten Sie regelm\u00e4\u00dfige Updates. F\u00fcr Lieferungen innerhalb der EU k\u00f6nnen wir eine Sendungsverfolgungsnummer bereitstellen.<\/p>\n<p><strong>7. Ben\u00f6tigen Sie weitere Hilfe?<\/strong><\/p>\n<p>Kontaktieren Sie uns unter <a href=\"mailto:info@betonmoulds.com\"><strong>info@betonmoulds.com<\/strong><\/a>. Wir helfen Ihnen gerne weiter.[\/vc_column_text][\/vc_column][\/vc_row]<\/p>\n<\/div>","protected":false},"excerpt":{"rendered":"<p>[vc_row][vc_column][vc_column_text css=&#8220;&#8220; css_params=&#8220;&#8220;] VERSANDINFORMATIONEN &nbsp; 1. Wie schnell werden Bestellungen versendet? Die meisten Produkte sind auf Lager und werden nach Zahlungseingang versendet. 2. Versenden Sie international? Ja, wir versenden weltweit mit zuverl\u00e4ssigen Spediteuren und bieten schnellen und kosteng\u00fcnstigen Service. 3. Wie werden Versandkosten und Lieferzeiten berechnet? Die Kosten und Zeiten h\u00e4ngen vom Zielort und der [&hellip;]<\/p>\n","protected":false},"author":3,"featured_media":0,"parent":0,"menu_order":0,"comment_status":"closed","ping_status":"closed","template":"","meta":{"footnotes":""},"class_list":["post-10811","page","type-page","status-publish","hentry"],"yoast_head":"<!-- This site is optimized with the Yoast SEO plugin v27.4 - https:\/\/yoast.com\/product\/yoast-seo-wordpress\/ -->\n<title>Versandinformationen - BETONMOULDS<\/title>\n<meta name=\"robots\" content=\"index, follow, max-snippet:-1, max-image-preview:large, max-video-preview:-1\" \/>\n<link rel=\"canonical\" href=\"https:\/\/www.betonmoulds.com\/de\/versandinformationen\/\" \/>\n<meta property=\"og:locale\" content=\"de_DE\" \/>\n<meta property=\"og:type\" content=\"article\" \/>\n<meta property=\"og:title\" content=\"Versandinformationen - BETONMOULDS\" \/>\n<meta property=\"og:description\" content=\"[vc_row][vc_column][vc_column_text css=&#8220;&#8220; css_params=&#8220;&#8220;] VERSANDINFORMATIONEN &nbsp; 1. Wie schnell werden Bestellungen versendet? Die meisten Produkte sind auf Lager und werden nach Zahlungseingang versendet. 2. Versenden Sie international? Ja, wir versenden weltweit mit zuverl\u00e4ssigen Spediteuren und bieten schnellen und kosteng\u00fcnstigen Service. 3. Wie werden Versandkosten und Lieferzeiten berechnet? Die Kosten und Zeiten h\u00e4ngen vom Zielort und der [&hellip;]\" \/>\n<meta property=\"og:url\" content=\"https:\/\/www.betonmoulds.com\/de\/versandinformationen\/\" \/>\n<meta property=\"og:site_name\" content=\"BETONMOULDS\" \/>\n<meta property=\"article:modified_time\" content=\"2025-04-08T10:57:46+00:00\" \/>\n<meta name=\"twitter:card\" content=\"summary_large_image\" \/>\n<meta name=\"twitter:label1\" content=\"Gesch\u00e4tzte Lesezeit\" \/>\n\t<meta name=\"twitter:data1\" content=\"1\u00a0Minute\" \/>\n<script type=\"application\/ld+json\" class=\"yoast-schema-graph\">{\"@context\":\"https:\\\/\\\/schema.org\",\"@graph\":[{\"@type\":\"WebPage\",\"@id\":\"https:\\\/\\\/www.betonmoulds.com\\\/de\\\/versandinformationen\\\/\",\"url\":\"https:\\\/\\\/www.betonmoulds.com\\\/de\\\/versandinformationen\\\/\",\"name\":\"Versandinformationen - BETONMOULDS\",\"isPartOf\":{\"@id\":\"https:\\\/\\\/www.betonmoulds.com\\\/de\\\/#website\"},\"datePublished\":\"2025-04-08T09:11:11+00:00\",\"dateModified\":\"2025-04-08T10:57:46+00:00\",\"breadcrumb\":{\"@id\":\"https:\\\/\\\/www.betonmoulds.com\\\/de\\\/versandinformationen\\\/#breadcrumb\"},\"inLanguage\":\"de\",\"potentialAction\":[{\"@type\":\"ReadAction\",\"target\":[\"https:\\\/\\\/www.betonmoulds.com\\\/de\\\/versandinformationen\\\/\"]}]},{\"@type\":\"BreadcrumbList\",\"@id\":\"https:\\\/\\\/www.betonmoulds.com\\\/de\\\/versandinformationen\\\/#breadcrumb\",\"itemListElement\":[{\"@type\":\"ListItem\",\"position\":1,\"name\":\"Home\",\"item\":\"https:\\\/\\\/www.betonmoulds.com\\\/de\\\/\"},{\"@type\":\"ListItem\",\"position\":2,\"name\":\"Versandinformationen\"}]},{\"@type\":\"WebSite\",\"@id\":\"https:\\\/\\\/www.betonmoulds.com\\\/de\\\/#website\",\"url\":\"https:\\\/\\\/www.betonmoulds.com\\\/de\\\/\",\"name\":\"BETONMOULDS\",\"description\":\"Upcycle leftover concrete\",\"potentialAction\":[{\"@type\":\"SearchAction\",\"target\":{\"@type\":\"EntryPoint\",\"urlTemplate\":\"https:\\\/\\\/www.betonmoulds.com\\\/de\\\/?s={search_term_string}\"},\"query-input\":{\"@type\":\"PropertyValueSpecification\",\"valueRequired\":true,\"valueName\":\"search_term_string\"}}],\"inLanguage\":\"de\"}]}<\/script>\n<!-- \/ Yoast SEO plugin. -->","yoast_head_json":{"title":"Versandinformationen - BETONMOULDS","robots":{"index":"index","follow":"follow","max-snippet":"max-snippet:-1","max-image-preview":"max-image-preview:large","max-video-preview":"max-video-preview:-1"},"canonical":"https:\/\/www.betonmoulds.com\/de\/versandinformationen\/","og_locale":"de_DE","og_type":"article","og_title":"Versandinformationen - BETONMOULDS","og_description":"[vc_row][vc_column][vc_column_text css=&#8220;&#8220; css_params=&#8220;&#8220;] VERSANDINFORMATIONEN &nbsp; 1. Wie schnell werden Bestellungen versendet? Die meisten Produkte sind auf Lager und werden nach Zahlungseingang versendet. 2. Versenden Sie international? Ja, wir versenden weltweit mit zuverl\u00e4ssigen Spediteuren und bieten schnellen und kosteng\u00fcnstigen Service. 3. Wie werden Versandkosten und Lieferzeiten berechnet? Die Kosten und Zeiten h\u00e4ngen vom Zielort und der [&hellip;]","og_url":"https:\/\/www.betonmoulds.com\/de\/versandinformationen\/","og_site_name":"BETONMOULDS","article_modified_time":"2025-04-08T10:57:46+00:00","twitter_card":"summary_large_image","twitter_misc":{"Gesch\u00e4tzte Lesezeit":"1\u00a0Minute"},"schema":{"@context":"https:\/\/schema.org","@graph":[{"@type":"WebPage","@id":"https:\/\/www.betonmoulds.com\/de\/versandinformationen\/","url":"https:\/\/www.betonmoulds.com\/de\/versandinformationen\/","name":"Versandinformationen - BETONMOULDS","isPartOf":{"@id":"https:\/\/www.betonmoulds.com\/de\/#website"},"datePublished":"2025-04-08T09:11:11+00:00","dateModified":"2025-04-08T10:57:46+00:00","breadcrumb":{"@id":"https:\/\/www.betonmoulds.com\/de\/versandinformationen\/#breadcrumb"},"inLanguage":"de","potentialAction":[{"@type":"ReadAction","target":["https:\/\/www.betonmoulds.com\/de\/versandinformationen\/"]}]},{"@type":"BreadcrumbList","@id":"https:\/\/www.betonmoulds.com\/de\/versandinformationen\/#breadcrumb","itemListElement":[{"@type":"ListItem","position":1,"name":"Home","item":"https:\/\/www.betonmoulds.com\/de\/"},{"@type":"ListItem","position":2,"name":"Versandinformationen"}]},{"@type":"WebSite","@id":"https:\/\/www.betonmoulds.com\/de\/#website","url":"https:\/\/www.betonmoulds.com\/de\/","name":"BETONMOULDS","description":"Upcycle leftover concrete","potentialAction":[{"@type":"SearchAction","target":{"@type":"EntryPoint","urlTemplate":"https:\/\/www.betonmoulds.com\/de\/?s={search_term_string}"},"query-input":{"@type":"PropertyValueSpecification","valueRequired":true,"valueName":"search_term_string"}}],"inLanguage":"de"}]}},"_links":{"self":[{"href":"https:\/\/www.betonmoulds.com\/de\/wp-json\/wp\/v2\/pages\/10811","targetHints":{"allow":["GET"]}}],"collection":[{"href":"https:\/\/www.betonmoulds.com\/de\/wp-json\/wp\/v2\/pages"}],"about":[{"href":"https:\/\/www.betonmoulds.com\/de\/wp-json\/wp\/v2\/types\/page"}],"author":[{"embeddable":true,"href":"https:\/\/www.betonmoulds.com\/de\/wp-json\/wp\/v2\/users\/3"}],"replies":[{"embeddable":true,"href":"https:\/\/www.betonmoulds.com\/de\/wp-json\/wp\/v2\/comments?post=10811"}],"version-history":[{"count":2,"href":"https:\/\/www.betonmoulds.com\/de\/wp-json\/wp\/v2\/pages\/10811\/revisions"}],"predecessor-version":[{"id":10821,"href":"https:\/\/www.betonmoulds.com\/de\/wp-json\/wp\/v2\/pages\/10811\/revisions\/10821"}],"wp:attachment":[{"href":"https:\/\/www.betonmoulds.com\/de\/wp-json\/wp\/v2\/media?parent=10811"}],"curies":[{"name":"wp","href":"https:\/\/api.w.org\/{rel}","templated":true}]}}