{"id":10806,"date":"2025-04-08T09:06:35","date_gmt":"2025-04-08T09:06:35","guid":{"rendered":"https:\/\/www.betonmoulds.com\/buying-process\/"},"modified":"2025-04-08T10:55:05","modified_gmt":"2025-04-08T10:55:05","slug":"kaufprozess","status":"publish","type":"page","link":"https:\/\/www.betonmoulds.com\/de\/kaufprozess\/","title":{"rendered":"Kaufprozess"},"content":{"rendered":"<div class=\"wpb-content-wrapper\"><p>[vc_row][vc_column][vc_column_text css=&#8220;&#8220; css_params=&#8220;&#8220;]<\/p>\n<h2 style=\"text-align: center;\">KAUFPROZESS<\/h2>\n<p>&nbsp;<\/p>\n<p><strong>1. Wie kann ich ein Angebot anfordern?<\/strong><\/p>\n<p>Sie k\u00f6nnen ganz einfach \u00fcber unseren Online-Shop ein Angebot anfordern, indem Sie die gew\u00fcnschten Produkte ausw\u00e4hlen. Alternativ k\u00f6nnen Sie uns auch eine E-Mail mit den Details senden, insbesondere wenn Sie ma\u00dfgeschneiderte Formen ben\u00f6tigen.<\/p>\n<p><strong>2. Ist die Angebotsanfrage verbindlich?<\/strong><\/p>\n<p>Nein, die Angebotsanfrage ist v\u00f6llig unverbindlich. Sie sind nicht verpflichtet, nach dem Erhalt des Angebots zu bestellen.<\/p>\n<p><strong>3. Wie lange dauert es, bis ich ein Angebot erhalte?<\/strong><\/p>\n<p>Wir bem\u00fchen uns, Ihnen innerhalb von 2 Werktagen ein detailliertes Angebot einschlie\u00dflich Versandkosten und Lieferzeit zuzusenden.<\/p>\n<p><strong>4. Welche Zahlungsmethoden akzeptieren Sie?<\/strong><\/p>\n<p>Derzeit akzeptieren wir nur Zahlungen per Bank\u00fcberweisung. Zahlungen per PayPal oder Kreditkarte sind derzeit nicht m\u00f6glich.<\/p>\n<p><strong>5. Sind alle Produkte auf Lager?<\/strong><\/p>\n<p>Die meisten unserer Produkte sind in gro\u00dfen Mengen vorr\u00e4tig. Falls ein Produkt nicht auf Lager ist, geben wir im Angebot eine voraussichtliche Lieferzeit an.<\/p>\n<p><strong>6. Wann wird meine Bestellung versendet?<\/strong><\/p>\n<p>Bestellungen werden verpackt und versendet, sobald die Zahlung eingegangen ist. Sie erhalten eine Versandbest\u00e4tigung mit Tracking-Informationen.<\/p>\n<p><strong>7. Sind die Versandkosten im Produktpreis enthalten?<\/strong><\/p>\n<p>Nein, die Versandkosten werden separat berechnet und im Angebot aufgef\u00fchrt. Wir bieten wettbewerbsf\u00e4hige Versandpreise ohne Aufschlag.<\/p>\n<p><strong>8. Kann ich meine Anfrage oder Bestellung stornieren?<\/strong><\/p>\n<p>Die Angebotsanfrage ist unverbindlich und kann jederzeit vor der Best\u00e4tigung und Zahlung storniert werden. Nach Ihrer Best\u00e4tigung des Angebots sind Sie zur Zahlung verpflichtet.<\/p>\n<p><strong>9.Ben\u00f6tigen Sie weitere Hilfe?<\/strong><\/p>\n<p>Wenn Sie Fragen haben oder Unterst\u00fctzung ben\u00f6tigen, k\u00f6nnen Sie uns gerne per <a href=\"mailto:info@betonmoulds.com\"><strong>E-Mail<\/strong><\/a> kontaktieren. Unser Team hilft Ihnen gerne weiter.[\/vc_column_text][\/vc_column][\/vc_row]<\/p>\n<\/div>","protected":false},"excerpt":{"rendered":"<p>[vc_row][vc_column][vc_column_text css=&#8220;&#8220; css_params=&#8220;&#8220;] KAUFPROZESS &nbsp; 1. Wie kann ich ein Angebot anfordern? Sie k\u00f6nnen ganz einfach \u00fcber unseren Online-Shop ein Angebot anfordern, indem Sie die gew\u00fcnschten Produkte ausw\u00e4hlen. Alternativ k\u00f6nnen Sie uns auch eine E-Mail mit den Details senden, insbesondere wenn Sie ma\u00dfgeschneiderte Formen ben\u00f6tigen. 2. Ist die Angebotsanfrage verbindlich? Nein, die Angebotsanfrage ist v\u00f6llig [&hellip;]<\/p>\n","protected":false},"author":3,"featured_media":0,"parent":0,"menu_order":0,"comment_status":"closed","ping_status":"closed","template":"","meta":{"footnotes":""},"class_list":["post-10806","page","type-page","status-publish","hentry"],"yoast_head":"<!-- This site is optimized with the Yoast SEO plugin v27.4 - https:\/\/yoast.com\/product\/yoast-seo-wordpress\/ -->\n<title>Kaufprozess - BETONMOULDS<\/title>\n<meta name=\"robots\" content=\"index, follow, max-snippet:-1, max-image-preview:large, max-video-preview:-1\" \/>\n<link rel=\"canonical\" href=\"https:\/\/www.betonmoulds.com\/de\/kaufprozess\/\" \/>\n<meta property=\"og:locale\" content=\"de_DE\" \/>\n<meta property=\"og:type\" content=\"article\" \/>\n<meta property=\"og:title\" content=\"Kaufprozess - BETONMOULDS\" \/>\n<meta property=\"og:description\" content=\"[vc_row][vc_column][vc_column_text css=&#8220;&#8220; css_params=&#8220;&#8220;] KAUFPROZESS &nbsp; 1. Wie kann ich ein Angebot anfordern? Sie k\u00f6nnen ganz einfach \u00fcber unseren Online-Shop ein Angebot anfordern, indem Sie die gew\u00fcnschten Produkte ausw\u00e4hlen. Alternativ k\u00f6nnen Sie uns auch eine E-Mail mit den Details senden, insbesondere wenn Sie ma\u00dfgeschneiderte Formen ben\u00f6tigen. 2. Ist die Angebotsanfrage verbindlich? Nein, die Angebotsanfrage ist v\u00f6llig [&hellip;]\" \/>\n<meta property=\"og:url\" content=\"https:\/\/www.betonmoulds.com\/de\/kaufprozess\/\" \/>\n<meta property=\"og:site_name\" content=\"BETONMOULDS\" \/>\n<meta property=\"article:modified_time\" content=\"2025-04-08T10:55:05+00:00\" \/>\n<meta name=\"twitter:card\" content=\"summary_large_image\" \/>\n<meta name=\"twitter:label1\" content=\"Gesch\u00e4tzte Lesezeit\" \/>\n\t<meta name=\"twitter:data1\" content=\"2\u00a0Minuten\" \/>\n<script type=\"application\/ld+json\" class=\"yoast-schema-graph\">{\"@context\":\"https:\\\/\\\/schema.org\",\"@graph\":[{\"@type\":\"WebPage\",\"@id\":\"https:\\\/\\\/www.betonmoulds.com\\\/de\\\/kaufprozess\\\/\",\"url\":\"https:\\\/\\\/www.betonmoulds.com\\\/de\\\/kaufprozess\\\/\",\"name\":\"Kaufprozess - BETONMOULDS\",\"isPartOf\":{\"@id\":\"https:\\\/\\\/www.betonmoulds.com\\\/de\\\/#website\"},\"datePublished\":\"2025-04-08T09:06:35+00:00\",\"dateModified\":\"2025-04-08T10:55:05+00:00\",\"breadcrumb\":{\"@id\":\"https:\\\/\\\/www.betonmoulds.com\\\/de\\\/kaufprozess\\\/#breadcrumb\"},\"inLanguage\":\"de\",\"potentialAction\":[{\"@type\":\"ReadAction\",\"target\":[\"https:\\\/\\\/www.betonmoulds.com\\\/de\\\/kaufprozess\\\/\"]}]},{\"@type\":\"BreadcrumbList\",\"@id\":\"https:\\\/\\\/www.betonmoulds.com\\\/de\\\/kaufprozess\\\/#breadcrumb\",\"itemListElement\":[{\"@type\":\"ListItem\",\"position\":1,\"name\":\"Home\",\"item\":\"https:\\\/\\\/www.betonmoulds.com\\\/de\\\/\"},{\"@type\":\"ListItem\",\"position\":2,\"name\":\"Kaufprozess\"}]},{\"@type\":\"WebSite\",\"@id\":\"https:\\\/\\\/www.betonmoulds.com\\\/de\\\/#website\",\"url\":\"https:\\\/\\\/www.betonmoulds.com\\\/de\\\/\",\"name\":\"BETONMOULDS\",\"description\":\"Upcycle leftover concrete\",\"potentialAction\":[{\"@type\":\"SearchAction\",\"target\":{\"@type\":\"EntryPoint\",\"urlTemplate\":\"https:\\\/\\\/www.betonmoulds.com\\\/de\\\/?s={search_term_string}\"},\"query-input\":{\"@type\":\"PropertyValueSpecification\",\"valueRequired\":true,\"valueName\":\"search_term_string\"}}],\"inLanguage\":\"de\"}]}<\/script>\n<!-- \/ Yoast SEO plugin. -->","yoast_head_json":{"title":"Kaufprozess - BETONMOULDS","robots":{"index":"index","follow":"follow","max-snippet":"max-snippet:-1","max-image-preview":"max-image-preview:large","max-video-preview":"max-video-preview:-1"},"canonical":"https:\/\/www.betonmoulds.com\/de\/kaufprozess\/","og_locale":"de_DE","og_type":"article","og_title":"Kaufprozess - BETONMOULDS","og_description":"[vc_row][vc_column][vc_column_text css=&#8220;&#8220; css_params=&#8220;&#8220;] KAUFPROZESS &nbsp; 1. Wie kann ich ein Angebot anfordern? Sie k\u00f6nnen ganz einfach \u00fcber unseren Online-Shop ein Angebot anfordern, indem Sie die gew\u00fcnschten Produkte ausw\u00e4hlen. Alternativ k\u00f6nnen Sie uns auch eine E-Mail mit den Details senden, insbesondere wenn Sie ma\u00dfgeschneiderte Formen ben\u00f6tigen. 2. Ist die Angebotsanfrage verbindlich? Nein, die Angebotsanfrage ist v\u00f6llig [&hellip;]","og_url":"https:\/\/www.betonmoulds.com\/de\/kaufprozess\/","og_site_name":"BETONMOULDS","article_modified_time":"2025-04-08T10:55:05+00:00","twitter_card":"summary_large_image","twitter_misc":{"Gesch\u00e4tzte Lesezeit":"2\u00a0Minuten"},"schema":{"@context":"https:\/\/schema.org","@graph":[{"@type":"WebPage","@id":"https:\/\/www.betonmoulds.com\/de\/kaufprozess\/","url":"https:\/\/www.betonmoulds.com\/de\/kaufprozess\/","name":"Kaufprozess - BETONMOULDS","isPartOf":{"@id":"https:\/\/www.betonmoulds.com\/de\/#website"},"datePublished":"2025-04-08T09:06:35+00:00","dateModified":"2025-04-08T10:55:05+00:00","breadcrumb":{"@id":"https:\/\/www.betonmoulds.com\/de\/kaufprozess\/#breadcrumb"},"inLanguage":"de","potentialAction":[{"@type":"ReadAction","target":["https:\/\/www.betonmoulds.com\/de\/kaufprozess\/"]}]},{"@type":"BreadcrumbList","@id":"https:\/\/www.betonmoulds.com\/de\/kaufprozess\/#breadcrumb","itemListElement":[{"@type":"ListItem","position":1,"name":"Home","item":"https:\/\/www.betonmoulds.com\/de\/"},{"@type":"ListItem","position":2,"name":"Kaufprozess"}]},{"@type":"WebSite","@id":"https:\/\/www.betonmoulds.com\/de\/#website","url":"https:\/\/www.betonmoulds.com\/de\/","name":"BETONMOULDS","description":"Upcycle leftover concrete","potentialAction":[{"@type":"SearchAction","target":{"@type":"EntryPoint","urlTemplate":"https:\/\/www.betonmoulds.com\/de\/?s={search_term_string}"},"query-input":{"@type":"PropertyValueSpecification","valueRequired":true,"valueName":"search_term_string"}}],"inLanguage":"de"}]}},"_links":{"self":[{"href":"https:\/\/www.betonmoulds.com\/de\/wp-json\/wp\/v2\/pages\/10806","targetHints":{"allow":["GET"]}}],"collection":[{"href":"https:\/\/www.betonmoulds.com\/de\/wp-json\/wp\/v2\/pages"}],"about":[{"href":"https:\/\/www.betonmoulds.com\/de\/wp-json\/wp\/v2\/types\/page"}],"author":[{"embeddable":true,"href":"https:\/\/www.betonmoulds.com\/de\/wp-json\/wp\/v2\/users\/3"}],"replies":[{"embeddable":true,"href":"https:\/\/www.betonmoulds.com\/de\/wp-json\/wp\/v2\/comments?post=10806"}],"version-history":[{"count":2,"href":"https:\/\/www.betonmoulds.com\/de\/wp-json\/wp\/v2\/pages\/10806\/revisions"}],"predecessor-version":[{"id":10819,"href":"https:\/\/www.betonmoulds.com\/de\/wp-json\/wp\/v2\/pages\/10806\/revisions\/10819"}],"wp:attachment":[{"href":"https:\/\/www.betonmoulds.com\/de\/wp-json\/wp\/v2\/media?parent=10806"}],"curies":[{"name":"wp","href":"https:\/\/api.w.org\/{rel}","templated":true}]}}